{"id":29886,"date":"2025-09-23T08:36:52","date_gmt":"2025-09-23T08:36:52","guid":{"rendered":"https:\/\/exclusives.fastapp.ro\/?page_id=29886"},"modified":"2025-09-23T08:41:26","modified_gmt":"2025-09-23T08:41:26","slug":"informatii-livrare","status":"publish","type":"page","link":"https:\/\/exclusives.ro\/en\/informatii-livrare\/","title":{"rendered":"Informatii livrare"},"content":{"rendered":"<p><strong>&nbsp;<\/strong><strong>I.&nbsp;&nbsp;&nbsp;&nbsp;&nbsp;&nbsp;&nbsp;&nbsp;<\/strong><strong>PLATA PRE\u021aULUI DE V\u00c2NZARE<\/strong><\/p>\n\n\n\n<p>1.&nbsp;&nbsp;&nbsp;&nbsp;&nbsp;&nbsp;&nbsp;&nbsp;<\/p>\n\n\n\n<p>1.1.&nbsp;&nbsp;&nbsp;&nbsp;Plata pre\u021bului de v\u00e2nzare se poate face astfel:<\/p>\n\n\n\n<p>1.1.1.&nbsp;ramburs &#8211; plata la curier, \u00een momentul primirii coletului;<\/p>\n\n\n\n<p>1.1.2.&nbsp;plata cu carduri de plat\u0103 prin intermediul serviciilor autorizate, implementate \u00een cadrul Magazinului Online.<\/p>\n\n\n\n<p><strong>II.&nbsp;&nbsp;&nbsp;&nbsp;&nbsp;<\/strong><strong>TERMENUL DE REALIZARE A PRODUSELOR<\/strong><\/p>\n\n\n\n<p><strong>2.&nbsp;&nbsp;&nbsp;&nbsp;&nbsp;&nbsp;<\/strong><strong>&nbsp;<\/strong><\/p>\n\n\n\n<p>2.1.&nbsp;&nbsp;&nbsp;&nbsp;Produsele, comercializate de c\u0103tre Magazinul Online, sunt manufacturate \u00een Rom\u00e2nia, sub brand propriu, modele fiind create de c\u0103tre V\u00e2nz\u0103tor, pentru a \u021binti spre un public modern, deschis c\u0103tre neconven\u021bional.<\/p>\n\n\n\n<p>2.2.&nbsp;&nbsp;&nbsp;&nbsp;Fiecare produs are men\u021bionat expres termenul de comand\u0103. Prin exprimarea solicit\u0103rii de achizi\u021bie a unui produs, Clientul \u00ee\u0219i asum\u0103 acest termen, neav\u00e2nd posibilitatea de a anula comanda sau de a renun\u021ba la aceasta, \u00een termenul de realizare a comenzii, renun\u021barea la contractul de v\u00e2nzare fiind posibil doar dup\u0103 livrarea produsului\/produselor.<\/p>\n\n\n\n<p>2.3.&nbsp;&nbsp;&nbsp;&nbsp;Astfel cum este men\u021bionat \u00een cadrul capitolului defini\u021bii, \u00een cazul situa\u021biilor \u00een care exist\u0103 riscul ca termenul de realizare a produselor s\u0103 fie dep\u0103\u0219it, Clientul va fi \u00een\u0219tiin\u021bat de \u00eendat\u0103.<\/p>\n\n\n\n<p>2.4.&nbsp;&nbsp;&nbsp;&nbsp;Produsele sunt realizate raport\u00e2ndu-se la dimensiunile standard ale pie\u021bei, Clientul put\u00e2nd opta pentru realizarea unor detalii personalizate(de exemplu: lungime baret\u0103, dimensiune talp\u0103, etc). \u00cen acest caz, V\u00e2nz\u0103torul va comunica dac\u0103 raportat la modific\u0103rile solicitate, pre\u021bul produsului poate suferi modific\u0103ri fa\u021b\u0103 de pre\u021bul prezentat pe site.<strong><\/strong><\/p>\n\n\n\n<p><strong>III.&nbsp;&nbsp;&nbsp;<\/strong><strong>LIVRAREA PRODUSELOR<\/strong><\/p>\n\n\n\n<p>3.&nbsp;&nbsp;&nbsp;&nbsp;&nbsp;&nbsp;&nbsp;&nbsp;<\/p>\n\n\n\n<p>3.1.&nbsp;&nbsp;&nbsp;&nbsp;Livrarea produselor achizi\u021bionate se realizeaz\u0103 pe teritoriul Rom\u00e2niei, prin reprezentantul companiei de curierat, \u00een maxim 7 zile lucr\u0103toare de la momentul ridic\u0103rii comenzii de la sediul\/punctul de lucru al V\u00e2nz\u0103torului, dup\u0103 expirarea termenului de realizare a comenzii, sau de la momentul \u00een care statusul comenzii este schimbat.<\/p>\n\n\n\n<p>3.2.&nbsp;&nbsp;&nbsp;&nbsp;Costurile de livrare a produselor sunt orientative, acestea put\u00e2nd suferi modific\u0103ri, \u00een func\u021bie de furnizorul de servicii, V\u00e2nz\u0103torul neput\u00e2nd fi tras la r\u0103spundere sau neput\u00e2nd fi obligat s\u0103 suporte diferen\u021bele de valori, fa\u021b\u0103 de cele comunicate prin prezenta politic\u0103. La momentul implement\u0103rii prezentei politici, costurile de livrare sunt urm\u0103toarele:<\/p>\n\n\n\n<p>3.2.1.&nbsp;Livrarea pentru Bucure\u0219ti: 21RON,<\/p>\n\n\n\n<p>3.2.2.&nbsp;2.Livrarea \u00een \u021bara: 21 RON sau 85RON pentru localitate care au km exteriori,<\/p>\n\n\n\n<p>3.2.3.&nbsp;3. Pentru comenzile interna\u021bionale: 189RON, iar firma de curierat doar \u00een cazul acestor comenzi este DHL Express.<\/p>\n\n\n\n<p>\u00cen cazul comenzilor livrate \u00een Regatul Unit al Marii Britanii \u0219i Irlandei de Nord, exist\u0103 posibilitatea de a fi calculate taxe\/costuri suplimentare, cheltuieli care vor fi suportate de c\u0103tre Client.<\/p>\n\n\n\n<p>3.3.&nbsp;&nbsp;&nbsp;&nbsp;Valoarea pre\u021bului de v\u00e2nzare se calculeaz\u0103 \u00een final \u00een momentul complet\u0103rii formularului de comand\u0103. Costurile suplimentare &#8211; dac\u0103 este cazul &#8211; sunt calculate de autorit\u0103\u021bile locale dup\u0103 ce Produsele achizi\u021bionate \u00een baza contractului de v\u00e2nzare ajung \u00een \u021bara de destina\u021bie.<\/p>\n\n\n\n<p>3.4.&nbsp;&nbsp;&nbsp;&nbsp;V\u00e2nz\u0103torul, prin intermediul firmelor de curierat, va livra produsele achizi\u021bionate \u00een baza Contractului de v\u00e2nzare la adresa de livrare men\u021bionat\u0103 de Cump\u0103r\u0103tor. \u00cempreun\u0103 cu produsele V\u00e2nz\u0103torul va transmite acestuia toate documentele, inclusiv factura fiscal\u0103, certificatul de garan\u021bie \u0219i manualul\/instruc\u021biuni de utilizare \u00een limba rom\u00e2n\u0103, dac\u0103 este cazul. \u00cen cazul \u00een care Cump\u0103r\u0103torul constat\u0103 la recep\u021bia produselor deteriorarea acestora sau diferen\u021be cantitative, acesta este obligat s\u0103 informeze V\u00e2nz\u0103torul \u00een termen de maxim 24 ore de la recep\u021bia produselor. \u00cen cazul comenzilor care cuprind mai multe produse, V\u00e2nz\u0103torul va ambala ini\u021bial fiecare produs individual, urm\u00e2nd ca toate ambalajele s\u0103 formeze un tot unitar, fiind securizate cu band\u0103 adeziv\u0103 personalizat\u0103. Fiecare produs va avea generat un num\u0103r de AWB.<\/p>\n\n\n\n<p>3.5.&nbsp;&nbsp;&nbsp;&nbsp;La momentul recep\u021biei coletului, Clientul va verifica integritatea produselor, iar orice neregularitate sau neconformitate cu privire la integritatea ambalajului trebuie semnalat\u0103 firmei de curierat \u0219i ulterior V\u00e2nz\u0103torului, av\u00e2nd posibilitatea de a refuza livrarea. De asemenea, Clientul trebuie s\u0103 observe dac\u0103 dimensiunile coletului livrat sunt \u00een conformitate cu volumul comenzii plasate, neexist\u00e2nd situa\u021bii \u00een care dou\u0103 produse s\u0103 fie ambalate la un loc. \u00cen cazul \u00een care are dubii cu privire la num\u0103rul de produse, Clientul poart\u0103 r\u0103spunderea pentru num\u0103rul produselor primite, \u00een cazul \u00een care accept\u0103 livrarea de la firma de curierat.<\/p>\n\n\n\n<p>3.6.&nbsp;&nbsp;&nbsp;&nbsp;Livr\u0103rile produselor se fac numai \u00een zilele lucr\u0103toare \u00eentre orele 8 -18.<\/p>\n\n\n\n<p>3.7.&nbsp;&nbsp;&nbsp;&nbsp;\u00cen cazul \u00een care Clientul modific\u0103, ulterior plas\u0103rii comenzii, adresa de livrare, acesta va suporta costurile suplimentare, precum \u0219i orice alte costuri imputate de c\u0103tre firma de curierat, generate de imposibilitatea de a lua leg\u0103tura cu destinatarul, \u00een vederea stabilirii livr\u0103rii.<\/p>","protected":false},"excerpt":{"rendered":"<p>&nbsp;I.&nbsp;&nbsp;&nbsp;&nbsp;&nbsp;&nbsp;&nbsp;&nbsp;PLATA PRE\u021aULUI DE V\u00c2NZARE 1.&nbsp;&nbsp;&nbsp;&nbsp;&nbsp;&nbsp;&nbsp;&nbsp; 1.1.&nbsp;&nbsp;&nbsp;&nbsp;Plata pre\u021bului de v\u00e2nzare se poate face astfel: 1.1.1.&nbsp;ramburs &#8211; plata la curier, \u00een momentul<\/p>","protected":false},"author":1,"featured_media":0,"parent":0,"menu_order":0,"comment_status":"closed","ping_status":"closed","template":"","meta":{"footnotes":""},"class_list":["post-29886","page","type-page","status-publish","hentry"],"yoast_head":"<!-- This site is optimized with the Yoast SEO plugin v27.4 - https:\/\/yoast.com\/product\/yoast-seo-wordpress\/ -->\n<title>Informatii livrare - Exclusives<\/title>\n<meta name=\"description\" content=\"&nbsp;I.&nbsp;&nbsp;&nbsp;&nbsp;&nbsp;&nbsp;&nbsp;&nbsp;PLATA PRE\u021aULUI DE V\u00c2NZARE 1.&nbsp;&nbsp;&nbsp;&nbsp;&nbsp;&nbsp;&nbsp;&nbsp;\" \/>\n<meta name=\"robots\" content=\"noindex, follow, max-snippet:-1, max-image-preview:large, max-video-preview:-1\" \/>\n<meta property=\"og:locale\" content=\"en_US\" \/>\n<meta property=\"og:type\" content=\"article\" \/>\n<meta property=\"og:title\" content=\"Informatii livrare - Exclusives\" \/>\n<meta property=\"og:description\" content=\"&nbsp;I.&nbsp;&nbsp;&nbsp;&nbsp;&nbsp;&nbsp;&nbsp;&nbsp;PLATA PRE\u021aULUI DE V\u00c2NZARE 1.&nbsp;&nbsp;&nbsp;&nbsp;&nbsp;&nbsp;&nbsp;&nbsp;\" \/>\n<meta property=\"og:url\" content=\"https:\/\/exclusives.ro\/en\/informatii-livrare\/\" \/>\n<meta property=\"og:site_name\" content=\"Exclusives\" \/>\n<meta property=\"article:modified_time\" content=\"2025-09-23T08:41:26+00:00\" \/>\n<meta name=\"twitter:card\" content=\"summary_large_image\" \/>\n<meta name=\"twitter:label1\" content=\"Est. reading time\" \/>\n\t<meta name=\"twitter:data1\" content=\"4 minutes\" \/>\n<script type=\"application\/ld+json\" class=\"yoast-schema-graph\">{\"@context\":\"https:\\\/\\\/schema.org\",\"@graph\":[{\"@type\":\"WebPage\",\"@id\":\"https:\\\/\\\/exclusives.ro\\\/informatii-livrare\\\/\",\"url\":\"https:\\\/\\\/exclusives.ro\\\/informatii-livrare\\\/\",\"name\":\"Informatii livrare - Exclusives\",\"isPartOf\":{\"@id\":\"https:\\\/\\\/exclusives.ro\\\/#website\"},\"datePublished\":\"2025-09-23T08:36:52+00:00\",\"dateModified\":\"2025-09-23T08:41:26+00:00\",\"description\":\"&nbsp;I.&nbsp;&nbsp;&nbsp;&nbsp;&nbsp;&nbsp;&nbsp;&nbsp;PLATA PRE\u021aULUI DE V\u00c2NZARE 1.&nbsp;&nbsp;&nbsp;&nbsp;&nbsp;&nbsp;&nbsp;&nbsp;\",\"breadcrumb\":{\"@id\":\"https:\\\/\\\/exclusives.ro\\\/informatii-livrare\\\/#breadcrumb\"},\"inLanguage\":\"en-US\",\"potentialAction\":[{\"@type\":\"ReadAction\",\"target\":[\"https:\\\/\\\/exclusives.ro\\\/informatii-livrare\\\/\"]}]},{\"@type\":\"BreadcrumbList\",\"@id\":\"https:\\\/\\\/exclusives.ro\\\/informatii-livrare\\\/#breadcrumb\",\"itemListElement\":[{\"@type\":\"ListItem\",\"position\":1,\"name\":\"Home\",\"item\":\"https:\\\/\\\/exclusives.ro\\\/\"},{\"@type\":\"ListItem\",\"position\":2,\"name\":\"Informatii livrare\"}]},{\"@type\":\"WebSite\",\"@id\":\"https:\\\/\\\/exclusives.ro\\\/#website\",\"url\":\"https:\\\/\\\/exclusives.ro\\\/\",\"name\":\"Exclusives\",\"description\":\"\",\"potentialAction\":[{\"@type\":\"SearchAction\",\"target\":{\"@type\":\"EntryPoint\",\"urlTemplate\":\"https:\\\/\\\/exclusives.ro\\\/?s={search_term_string}\"},\"query-input\":{\"@type\":\"PropertyValueSpecification\",\"valueRequired\":true,\"valueName\":\"search_term_string\"}}],\"inLanguage\":\"en-US\"}]}<\/script>\n<!-- \/ Yoast SEO plugin. -->","yoast_head_json":{"title":"Informatii livrare - Exclusives","description":"&nbsp;I.&nbsp;&nbsp;&nbsp;&nbsp;&nbsp;&nbsp;&nbsp;&nbsp;PLATA PRE\u021aULUI DE V\u00c2NZARE 1.&nbsp;&nbsp;&nbsp;&nbsp;&nbsp;&nbsp;&nbsp;&nbsp;","robots":{"index":"noindex","follow":"follow","max-snippet":"max-snippet:-1","max-image-preview":"max-image-preview:large","max-video-preview":"max-video-preview:-1"},"og_locale":"en_US","og_type":"article","og_title":"Informatii livrare - Exclusives","og_description":"&nbsp;I.&nbsp;&nbsp;&nbsp;&nbsp;&nbsp;&nbsp;&nbsp;&nbsp;PLATA PRE\u021aULUI DE V\u00c2NZARE 1.&nbsp;&nbsp;&nbsp;&nbsp;&nbsp;&nbsp;&nbsp;&nbsp;","og_url":"https:\/\/exclusives.ro\/en\/informatii-livrare\/","og_site_name":"Exclusives","article_modified_time":"2025-09-23T08:41:26+00:00","twitter_card":"summary_large_image","twitter_misc":{"Est. reading time":"4 minutes"},"schema":{"@context":"https:\/\/schema.org","@graph":[{"@type":"WebPage","@id":"https:\/\/exclusives.ro\/informatii-livrare\/","url":"https:\/\/exclusives.ro\/informatii-livrare\/","name":"Informatii livrare - Exclusives","isPartOf":{"@id":"https:\/\/exclusives.ro\/#website"},"datePublished":"2025-09-23T08:36:52+00:00","dateModified":"2025-09-23T08:41:26+00:00","description":"&nbsp;I.&nbsp;&nbsp;&nbsp;&nbsp;&nbsp;&nbsp;&nbsp;&nbsp;PLATA PRE\u021aULUI DE V\u00c2NZARE 1.&nbsp;&nbsp;&nbsp;&nbsp;&nbsp;&nbsp;&nbsp;&nbsp;","breadcrumb":{"@id":"https:\/\/exclusives.ro\/informatii-livrare\/#breadcrumb"},"inLanguage":"en-US","potentialAction":[{"@type":"ReadAction","target":["https:\/\/exclusives.ro\/informatii-livrare\/"]}]},{"@type":"BreadcrumbList","@id":"https:\/\/exclusives.ro\/informatii-livrare\/#breadcrumb","itemListElement":[{"@type":"ListItem","position":1,"name":"Home","item":"https:\/\/exclusives.ro\/"},{"@type":"ListItem","position":2,"name":"Informatii livrare"}]},{"@type":"WebSite","@id":"https:\/\/exclusives.ro\/#website","url":"https:\/\/exclusives.ro\/","name":"Exclusives","description":"","potentialAction":[{"@type":"SearchAction","target":{"@type":"EntryPoint","urlTemplate":"https:\/\/exclusives.ro\/?s={search_term_string}"},"query-input":{"@type":"PropertyValueSpecification","valueRequired":true,"valueName":"search_term_string"}}],"inLanguage":"en-US"}]}},"jetpack_sharing_enabled":true,"_links":{"self":[{"href":"https:\/\/exclusives.ro\/en\/wp-json\/wp\/v2\/pages\/29886","targetHints":{"allow":["GET"]}}],"collection":[{"href":"https:\/\/exclusives.ro\/en\/wp-json\/wp\/v2\/pages"}],"about":[{"href":"https:\/\/exclusives.ro\/en\/wp-json\/wp\/v2\/types\/page"}],"author":[{"embeddable":true,"href":"https:\/\/exclusives.ro\/en\/wp-json\/wp\/v2\/users\/1"}],"replies":[{"embeddable":true,"href":"https:\/\/exclusives.ro\/en\/wp-json\/wp\/v2\/comments?post=29886"}],"version-history":[{"count":0,"href":"https:\/\/exclusives.ro\/en\/wp-json\/wp\/v2\/pages\/29886\/revisions"}],"wp:attachment":[{"href":"https:\/\/exclusives.ro\/en\/wp-json\/wp\/v2\/media?parent=29886"}],"curies":[{"name":"wp","href":"https:\/\/api.w.org\/{rel}","templated":true}]}}