{"id":616959,"date":"2026-04-02T09:17:23","date_gmt":"2026-04-02T09:17:23","guid":{"rendered":"https:\/\/exclusives.ro\/?page_id=616959"},"modified":"2026-04-02T09:54:03","modified_gmt":"2026-04-02T09:54:03","slug":"gdpr-tools","status":"publish","type":"page","link":"https:\/\/exclusives.ro\/en\/gdpr-tools\/","title":{"rendered":"GDPR Tools"},"content":{"rendered":"<div data-elementor-type=\"wp-page\" data-elementor-id=\"616959\" class=\"elementor elementor-616959\">\n\t\t\t\t<div class=\"wd-negative-gap elementor-element elementor-element-59369a9 e-flex e-con-boxed e-con e-parent\" data-id=\"59369a9\" data-element_type=\"container\">\n\t\t\t\t\t<div class=\"e-con-inner\">\n\t\t\t\t<div class=\"elementor-element elementor-element-6b53ebc color-scheme-inherit text-left elementor-widget elementor-widget-text-editor\" data-id=\"6b53ebc\" data-element_type=\"widget\" data-widget_type=\"text-editor.default\">\n\t\t\t\t\t\t\t\t\t<h3>Rectificarea datelor<\/h3><p>Folose\u0219te linkurile de mai jos pentru a actualiza datele contului t\u0103u dac\u0103 nu sunt corecte.<\/p><ul><li><a href=\"https:\/\/exclusives.ro\/en\/contul-meu\/edit-account\/\">Modific\u0103 informa\u021biile contului<\/a><\/li><li><a href=\"https:\/\/exclusives.ro\/en\/contul-meu\/edit-account\/\">Schimb\u0103 parola<\/a><\/li><li><a href=\"https:\/\/exclusives.ro\/en\/contul-meu\/edit-address\/\">Adrese<\/a><\/li><li><a href=\"https:\/\/exclusives.ro\/en\/contul-meu\/\">Abonare \/ dezabonare newsletter<\/a><\/li><\/ul><h3>Portabilitatea datelor<\/h3><p>Folose\u0219te linkurile de mai jos pentru a desc\u0103rca toate datele pe care le stoc\u0103m.<\/p><ul><li><a href=\"https:\/\/exclusives.ro\/en\/contul-meu\/edit-account\/\">Informa\u021bii personale<\/a><\/li><li><a href=\"https:\/\/exclusives.ro\/en\/contul-meu\/edit-address\/\">Adrese salvate<\/a><\/li><li><a href=\"https:\/\/exclusives.ro\/en\/contul-meu\/orders\/\">Comenzi<\/a><\/li><\/ul><h3>Acces la date personale<\/h3><p>Folose\u0219te linkul de mai jos pentru a solicita un raport cu toate datele personale stocate.<\/p><ul><li><a href=\"https:\/\/exclusives.ro\/en\/contul-meu\/edit-account\/\">Solicit\u0103 un raport<\/a><\/li><\/ul><h3>Dreptul de a fi uitat<\/h3><p>Folose\u0219te aceast\u0103 op\u021biune dac\u0103 dore\u0219ti s\u0103 \u00ee\u021bi \u0219tergi datele personale din magazinul nostru. <strong>Acest proces va \u0219terge contul t\u0103u \u0219i nu vei mai putea accesa comenzile anterioare.<\/strong><\/p><ul><li><a href=\"https:\/\/exclusives.ro\/en\/contul-meu\/edit-account\/\">Solicit\u0103 \u0219tergerea datelor personale<\/a><\/li><\/ul>\t\t\t\t\t\t\t\t<\/div>\n\t\t\t\t\t<\/div>\n\t\t\t\t<\/div>\n\t\t\t\t<\/div>","protected":false},"excerpt":{"rendered":"<p>Rectificarea datelor Folose\u0219te linkurile de mai jos pentru a actualiza datele contului t\u0103u dac\u0103 nu sunt corecte. Modific\u0103 informa\u021biile contului<\/p>","protected":false},"author":10,"featured_media":0,"parent":0,"menu_order":0,"comment_status":"closed","ping_status":"closed","template":"","meta":{"footnotes":""},"class_list":["post-616959","page","type-page","status-publish","hentry"],"yoast_head":"<!-- This site is optimized with the Yoast SEO plugin v27.4 - https:\/\/yoast.com\/product\/yoast-seo-wordpress\/ -->\n<title>GDPR Tools - Exclusives<\/title>\n<meta name=\"description\" content=\"Rectificarea datelorFolose\u0219te linkurile de mai jos pentru a actualiza datele contului t\u0103u dac\u0103 nu sunt corecte.Modific\u0103 informa\u021biile contuluiSchimb\u0103\" \/>\n<meta name=\"robots\" content=\"noindex, follow, max-snippet:-1, max-image-preview:large, max-video-preview:-1\" \/>\n<meta property=\"og:locale\" content=\"en_US\" \/>\n<meta property=\"og:type\" content=\"article\" \/>\n<meta property=\"og:title\" content=\"GDPR Tools - Exclusives\" \/>\n<meta property=\"og:description\" content=\"Rectificarea datelorFolose\u0219te linkurile de mai jos pentru a actualiza datele contului t\u0103u dac\u0103 nu sunt corecte.Modific\u0103 informa\u021biile contuluiSchimb\u0103\" \/>\n<meta property=\"og:url\" content=\"https:\/\/exclusives.ro\/en\/gdpr-tools\/\" \/>\n<meta property=\"og:site_name\" content=\"Exclusives\" \/>\n<meta property=\"article:modified_time\" content=\"2026-04-02T09:54:03+00:00\" \/>\n<meta name=\"twitter:card\" content=\"summary_large_image\" \/>\n<meta name=\"twitter:label1\" content=\"Est. reading time\" \/>\n\t<meta name=\"twitter:data1\" content=\"1 minute\" \/>\n<script type=\"application\/ld+json\" class=\"yoast-schema-graph\">{\"@context\":\"https:\\\/\\\/schema.org\",\"@graph\":[{\"@type\":\"WebPage\",\"@id\":\"https:\\\/\\\/exclusives.ro\\\/gdpr-tools\\\/\",\"url\":\"https:\\\/\\\/exclusives.ro\\\/gdpr-tools\\\/\",\"name\":\"GDPR Tools - Exclusives\",\"isPartOf\":{\"@id\":\"https:\\\/\\\/exclusives.ro\\\/#website\"},\"datePublished\":\"2026-04-02T09:17:23+00:00\",\"dateModified\":\"2026-04-02T09:54:03+00:00\",\"description\":\"Rectificarea datelorFolose\u0219te linkurile de mai jos pentru a actualiza datele contului t\u0103u dac\u0103 nu sunt corecte.Modific\u0103 informa\u021biile contuluiSchimb\u0103\",\"breadcrumb\":{\"@id\":\"https:\\\/\\\/exclusives.ro\\\/gdpr-tools\\\/#breadcrumb\"},\"inLanguage\":\"en-US\",\"potentialAction\":[{\"@type\":\"ReadAction\",\"target\":[\"https:\\\/\\\/exclusives.ro\\\/gdpr-tools\\\/\"]}]},{\"@type\":\"BreadcrumbList\",\"@id\":\"https:\\\/\\\/exclusives.ro\\\/gdpr-tools\\\/#breadcrumb\",\"itemListElement\":[{\"@type\":\"ListItem\",\"position\":1,\"name\":\"Home\",\"item\":\"https:\\\/\\\/exclusives.ro\\\/\"},{\"@type\":\"ListItem\",\"position\":2,\"name\":\"GDPR Tools\"}]},{\"@type\":\"WebSite\",\"@id\":\"https:\\\/\\\/exclusives.ro\\\/#website\",\"url\":\"https:\\\/\\\/exclusives.ro\\\/\",\"name\":\"Exclusives\",\"description\":\"\",\"potentialAction\":[{\"@type\":\"SearchAction\",\"target\":{\"@type\":\"EntryPoint\",\"urlTemplate\":\"https:\\\/\\\/exclusives.ro\\\/?s={search_term_string}\"},\"query-input\":{\"@type\":\"PropertyValueSpecification\",\"valueRequired\":true,\"valueName\":\"search_term_string\"}}],\"inLanguage\":\"en-US\"}]}<\/script>\n<!-- \/ Yoast SEO plugin. -->","yoast_head_json":{"title":"GDPR Tools - Exclusives","description":"Rectificarea datelorFolose\u0219te linkurile de mai jos pentru a actualiza datele contului t\u0103u dac\u0103 nu sunt corecte.Modific\u0103 informa\u021biile contuluiSchimb\u0103","robots":{"index":"noindex","follow":"follow","max-snippet":"max-snippet:-1","max-image-preview":"max-image-preview:large","max-video-preview":"max-video-preview:-1"},"og_locale":"en_US","og_type":"article","og_title":"GDPR Tools - Exclusives","og_description":"Rectificarea datelorFolose\u0219te linkurile de mai jos pentru a actualiza datele contului t\u0103u dac\u0103 nu sunt corecte.Modific\u0103 informa\u021biile contuluiSchimb\u0103","og_url":"https:\/\/exclusives.ro\/en\/gdpr-tools\/","og_site_name":"Exclusives","article_modified_time":"2026-04-02T09:54:03+00:00","twitter_card":"summary_large_image","twitter_misc":{"Est. reading time":"1 minute"},"schema":{"@context":"https:\/\/schema.org","@graph":[{"@type":"WebPage","@id":"https:\/\/exclusives.ro\/gdpr-tools\/","url":"https:\/\/exclusives.ro\/gdpr-tools\/","name":"GDPR Tools - Exclusives","isPartOf":{"@id":"https:\/\/exclusives.ro\/#website"},"datePublished":"2026-04-02T09:17:23+00:00","dateModified":"2026-04-02T09:54:03+00:00","description":"Rectificarea datelorFolose\u0219te linkurile de mai jos pentru a actualiza datele contului t\u0103u dac\u0103 nu sunt corecte.Modific\u0103 informa\u021biile contuluiSchimb\u0103","breadcrumb":{"@id":"https:\/\/exclusives.ro\/gdpr-tools\/#breadcrumb"},"inLanguage":"en-US","potentialAction":[{"@type":"ReadAction","target":["https:\/\/exclusives.ro\/gdpr-tools\/"]}]},{"@type":"BreadcrumbList","@id":"https:\/\/exclusives.ro\/gdpr-tools\/#breadcrumb","itemListElement":[{"@type":"ListItem","position":1,"name":"Home","item":"https:\/\/exclusives.ro\/"},{"@type":"ListItem","position":2,"name":"GDPR Tools"}]},{"@type":"WebSite","@id":"https:\/\/exclusives.ro\/#website","url":"https:\/\/exclusives.ro\/","name":"Exclusives","description":"","potentialAction":[{"@type":"SearchAction","target":{"@type":"EntryPoint","urlTemplate":"https:\/\/exclusives.ro\/?s={search_term_string}"},"query-input":{"@type":"PropertyValueSpecification","valueRequired":true,"valueName":"search_term_string"}}],"inLanguage":"en-US"}]}},"jetpack_sharing_enabled":true,"_links":{"self":[{"href":"https:\/\/exclusives.ro\/en\/wp-json\/wp\/v2\/pages\/616959","targetHints":{"allow":["GET"]}}],"collection":[{"href":"https:\/\/exclusives.ro\/en\/wp-json\/wp\/v2\/pages"}],"about":[{"href":"https:\/\/exclusives.ro\/en\/wp-json\/wp\/v2\/types\/page"}],"author":[{"embeddable":true,"href":"https:\/\/exclusives.ro\/en\/wp-json\/wp\/v2\/users\/10"}],"replies":[{"embeddable":true,"href":"https:\/\/exclusives.ro\/en\/wp-json\/wp\/v2\/comments?post=616959"}],"version-history":[{"count":7,"href":"https:\/\/exclusives.ro\/en\/wp-json\/wp\/v2\/pages\/616959\/revisions"}],"predecessor-version":[{"id":616968,"href":"https:\/\/exclusives.ro\/en\/wp-json\/wp\/v2\/pages\/616959\/revisions\/616968"}],"wp:attachment":[{"href":"https:\/\/exclusives.ro\/en\/wp-json\/wp\/v2\/media?parent=616959"}],"curies":[{"name":"wp","href":"https:\/\/api.w.org\/{rel}","templated":true}]}}