{"id":174178,"date":"2025-12-13T15:08:39","date_gmt":"2025-12-13T15:08:39","guid":{"rendered":"https:\/\/exclusives.fastapp.ro\/?post_type=product&#038;p=174178"},"modified":"2026-04-16T09:40:55","modified_gmt":"2026-04-16T09:40:55","slug":"ciocate-soho","status":"publish","type":"product","link":"https:\/\/exclusives.ro\/en\/product\/ciocate-soho\/","title":{"rendered":"Ciocate &#8211; Soho"},"content":{"rendered":"<div><strong data-start=\"251\" data-end=\"286\">Descriere produs \u2013 Ciocate Soho<\/strong><\/div>\n<div>Elegan\u021b\u0103 pur\u0103 \u00eentr-o form\u0103 contemporan\u0103. Ciocatele\u00a0<strong data-start=\"340\" data-end=\"348\">Soho<\/strong>\u00a0sunt expresia perfect\u0103 a rafinamentului modern \u2014 o reinterpretare a stilului clasic \u00een note minimaliste \u0219i sofisticate.<\/div>\n<p>&nbsp;<\/p>\n<p>Realizate manual din piele natural\u0103 fin\u0103, aceste botine se remarc\u0103 prin linia curat\u0103 a designului, detaliul subtil de \u0219iret lateral \u0219i v\u00e2rful ascu\u021bit decorat cu inser\u021bie metalic\u0103, ce adaug\u0103 o not\u0103 distinct\u0103 de elegan\u021b\u0103 urban\u0103.<\/p>\n<p>Tocul bloc, stabil \u0219i modern, ofer\u0103 confort pe durata \u00eentregii zile, iar interiorul c\u0103ptu\u0219it integral cu piele moale completeaz\u0103 perfect experien\u021ba purt\u0103rii.<\/p>\n<p>&nbsp;<\/p>\n<p>Versatile \u0219i impecabile, ciocatele Soho pot fi purtate at\u00e2t cu piese rafinate de zi, c\u00e2t \u0219i \u00een combina\u021bii statement pentru sear\u0103 \u2014 un model ce eman\u0103 feminitate \u0219i atitudine.<\/p>\n<p>&nbsp;<\/p>\n<p><u><em><strong>PRODUS FABRICAT IN ROMANIA!<\/strong><\/em><\/u><\/p>\n<p><strong><i>Timp de realizare 7-12 zile lucratoare!<\/i><\/strong><\/p>\n<p>Marimi disponibile:\u00a0 36 , 37 , 38 , 39, 40<\/p>\n<p>Inaltime toc: 7cm.<\/p>","protected":false},"excerpt":{"rendered":"<p>Descriere produs \u2013 Ciocate Soho Elegan\u021b\u0103 pur\u0103 \u00eentr-o form\u0103 contemporan\u0103. Ciocatele\u00a0Soho\u00a0sunt expresia perfect\u0103 a rafinamentului modern \u2014 o reinterpretare a<\/p>","protected":false},"featured_media":615865,"comment_status":"open","ping_status":"closed","template":"","meta":[],"product_brand":[252],"product_cat":[89],"product_tag":[],"class_list":{"0":"post-174178","1":"product","2":"type-product","3":"status-publish","4":"has-post-thumbnail","6":"product_brand-exclusives","7":"product_cat-ciocate","9":"first","10":"instock","11":"sale","12":"shipping-taxable","13":"purchasable","14":"product-type-variable","15":"has-default-attributes"},"yoast_head":"<!-- This site is optimized with the Yoast SEO plugin v27.4 - https:\/\/yoast.com\/product\/yoast-seo-wordpress\/ -->\n<title>Ciocate - Soho - Exclusives<\/title>\n<meta name=\"description\" content=\"Descriere produs \u2013 Ciocate Soho Elegan\u021b\u0103 pur\u0103 \u00eentr-o form\u0103 contemporan\u0103. Ciocatele\u00a0Soho\u00a0sunt expresia perfect\u0103 a rafinamentului modern \u2014 o reinterpretare\" \/>\n<meta name=\"robots\" content=\"noindex, follow, max-snippet:-1, max-image-preview:large, max-video-preview:-1\" \/>\n<meta property=\"og:locale\" content=\"en_US\" \/>\n<meta property=\"og:type\" content=\"article\" \/>\n<meta property=\"og:title\" content=\"Ciocate - Soho - Exclusives\" \/>\n<meta property=\"og:description\" content=\"Descriere produs \u2013 Ciocate Soho Elegan\u021b\u0103 pur\u0103 \u00eentr-o form\u0103 contemporan\u0103. Ciocatele\u00a0Soho\u00a0sunt expresia perfect\u0103 a rafinamentului modern \u2014 o reinterpretare\" \/>\n<meta property=\"og:url\" content=\"https:\/\/exclusives.ro\/en\/product\/ciocate-soho\/\" \/>\n<meta property=\"og:site_name\" content=\"Exclusives\" \/>\n<meta property=\"article:modified_time\" content=\"2026-04-16T09:40:55+00:00\" \/>\n<meta property=\"og:image\" content=\"https:\/\/exclusives.ro\/wp-content\/uploads\/2025\/12\/hidexe0084.jpg\" \/>\n\t<meta property=\"og:image:width\" content=\"1365\" \/>\n\t<meta property=\"og:image:height\" content=\"2048\" \/>\n\t<meta property=\"og:image:type\" content=\"image\/jpeg\" \/>\n<meta name=\"twitter:card\" content=\"summary_large_image\" \/>\n<meta name=\"twitter:label1\" content=\"Est. reading time\" \/>\n\t<meta name=\"twitter:data1\" content=\"1 minute\" \/>\n<script type=\"application\/ld+json\" class=\"yoast-schema-graph\">{\"@context\":\"https:\\\/\\\/schema.org\",\"@graph\":[{\"@type\":\"WebPage\",\"@id\":\"https:\\\/\\\/exclusives.ro\\\/produs\\\/ciocate-soho\\\/\",\"url\":\"https:\\\/\\\/exclusives.ro\\\/produs\\\/ciocate-soho\\\/\",\"name\":\"Ciocate - Soho - Exclusives\",\"isPartOf\":{\"@id\":\"https:\\\/\\\/exclusives.ro\\\/#website\"},\"primaryImageOfPage\":{\"@id\":\"https:\\\/\\\/exclusives.ro\\\/produs\\\/ciocate-soho\\\/#primaryimage\"},\"image\":{\"@id\":\"https:\\\/\\\/exclusives.ro\\\/produs\\\/ciocate-soho\\\/#primaryimage\"},\"thumbnailUrl\":\"https:\\\/\\\/exclusives.ro\\\/wp-content\\\/uploads\\\/2025\\\/12\\\/hidexe0084.jpg\",\"datePublished\":\"2025-12-13T15:08:39+00:00\",\"dateModified\":\"2026-04-16T09:40:55+00:00\",\"description\":\"Descriere produs \u2013 Ciocate Soho Elegan\u021b\u0103 pur\u0103 \u00eentr-o form\u0103 contemporan\u0103. Ciocatele\u00a0Soho\u00a0sunt expresia perfect\u0103 a rafinamentului modern \u2014 o reinterpretare\",\"breadcrumb\":{\"@id\":\"https:\\\/\\\/exclusives.ro\\\/produs\\\/ciocate-soho\\\/#breadcrumb\"},\"inLanguage\":\"en-US\",\"potentialAction\":[{\"@type\":\"ReadAction\",\"target\":[\"https:\\\/\\\/exclusives.ro\\\/produs\\\/ciocate-soho\\\/\"]}]},{\"@type\":\"ImageObject\",\"inLanguage\":\"en-US\",\"@id\":\"https:\\\/\\\/exclusives.ro\\\/produs\\\/ciocate-soho\\\/#primaryimage\",\"url\":\"https:\\\/\\\/exclusives.ro\\\/wp-content\\\/uploads\\\/2025\\\/12\\\/hidexe0084.jpg\",\"contentUrl\":\"https:\\\/\\\/exclusives.ro\\\/wp-content\\\/uploads\\\/2025\\\/12\\\/hidexe0084.jpg\",\"width\":1365,\"height\":2048},{\"@type\":\"BreadcrumbList\",\"@id\":\"https:\\\/\\\/exclusives.ro\\\/produs\\\/ciocate-soho\\\/#breadcrumb\",\"itemListElement\":[{\"@type\":\"ListItem\",\"position\":1,\"name\":\"Home\",\"item\":\"https:\\\/\\\/exclusives.ro\\\/\"},{\"@type\":\"ListItem\",\"position\":2,\"name\":\"Pantofi\",\"item\":\"https:\\\/\\\/exclusives.ro\\\/shop\\\/\"},{\"@type\":\"ListItem\",\"position\":3,\"name\":\"Ciocate &#8211; Soho\"}]},{\"@type\":\"WebSite\",\"@id\":\"https:\\\/\\\/exclusives.ro\\\/#website\",\"url\":\"https:\\\/\\\/exclusives.ro\\\/\",\"name\":\"Exclusives\",\"description\":\"\",\"potentialAction\":[{\"@type\":\"SearchAction\",\"target\":{\"@type\":\"EntryPoint\",\"urlTemplate\":\"https:\\\/\\\/exclusives.ro\\\/?s={search_term_string}\"},\"query-input\":{\"@type\":\"PropertyValueSpecification\",\"valueRequired\":true,\"valueName\":\"search_term_string\"}}],\"inLanguage\":\"en-US\"}]}<\/script>\n<!-- \/ Yoast SEO plugin. -->","yoast_head_json":{"title":"Ciocate - Soho - Exclusives","description":"Descriere produs \u2013 Ciocate Soho Elegan\u021b\u0103 pur\u0103 \u00eentr-o form\u0103 contemporan\u0103. Ciocatele\u00a0Soho\u00a0sunt expresia perfect\u0103 a rafinamentului modern \u2014 o reinterpretare","robots":{"index":"noindex","follow":"follow","max-snippet":"max-snippet:-1","max-image-preview":"max-image-preview:large","max-video-preview":"max-video-preview:-1"},"og_locale":"en_US","og_type":"article","og_title":"Ciocate - Soho - Exclusives","og_description":"Descriere produs \u2013 Ciocate Soho Elegan\u021b\u0103 pur\u0103 \u00eentr-o form\u0103 contemporan\u0103. Ciocatele\u00a0Soho\u00a0sunt expresia perfect\u0103 a rafinamentului modern \u2014 o reinterpretare","og_url":"https:\/\/exclusives.ro\/en\/product\/ciocate-soho\/","og_site_name":"Exclusives","article_modified_time":"2026-04-16T09:40:55+00:00","og_image":[{"width":1365,"height":2048,"url":"https:\/\/exclusives.ro\/wp-content\/uploads\/2025\/12\/hidexe0084.jpg","type":"image\/jpeg"}],"twitter_card":"summary_large_image","twitter_misc":{"Est. reading time":"1 minute"},"schema":{"@context":"https:\/\/schema.org","@graph":[{"@type":"WebPage","@id":"https:\/\/exclusives.ro\/produs\/ciocate-soho\/","url":"https:\/\/exclusives.ro\/produs\/ciocate-soho\/","name":"Ciocate - Soho - Exclusives","isPartOf":{"@id":"https:\/\/exclusives.ro\/#website"},"primaryImageOfPage":{"@id":"https:\/\/exclusives.ro\/produs\/ciocate-soho\/#primaryimage"},"image":{"@id":"https:\/\/exclusives.ro\/produs\/ciocate-soho\/#primaryimage"},"thumbnailUrl":"https:\/\/exclusives.ro\/wp-content\/uploads\/2025\/12\/hidexe0084.jpg","datePublished":"2025-12-13T15:08:39+00:00","dateModified":"2026-04-16T09:40:55+00:00","description":"Descriere produs \u2013 Ciocate Soho Elegan\u021b\u0103 pur\u0103 \u00eentr-o form\u0103 contemporan\u0103. Ciocatele\u00a0Soho\u00a0sunt expresia perfect\u0103 a rafinamentului modern \u2014 o reinterpretare","breadcrumb":{"@id":"https:\/\/exclusives.ro\/produs\/ciocate-soho\/#breadcrumb"},"inLanguage":"en-US","potentialAction":[{"@type":"ReadAction","target":["https:\/\/exclusives.ro\/produs\/ciocate-soho\/"]}]},{"@type":"ImageObject","inLanguage":"en-US","@id":"https:\/\/exclusives.ro\/produs\/ciocate-soho\/#primaryimage","url":"https:\/\/exclusives.ro\/wp-content\/uploads\/2025\/12\/hidexe0084.jpg","contentUrl":"https:\/\/exclusives.ro\/wp-content\/uploads\/2025\/12\/hidexe0084.jpg","width":1365,"height":2048},{"@type":"BreadcrumbList","@id":"https:\/\/exclusives.ro\/produs\/ciocate-soho\/#breadcrumb","itemListElement":[{"@type":"ListItem","position":1,"name":"Home","item":"https:\/\/exclusives.ro\/"},{"@type":"ListItem","position":2,"name":"Pantofi","item":"https:\/\/exclusives.ro\/shop\/"},{"@type":"ListItem","position":3,"name":"Ciocate &#8211; Soho"}]},{"@type":"WebSite","@id":"https:\/\/exclusives.ro\/#website","url":"https:\/\/exclusives.ro\/","name":"Exclusives","description":"","potentialAction":[{"@type":"SearchAction","target":{"@type":"EntryPoint","urlTemplate":"https:\/\/exclusives.ro\/?s={search_term_string}"},"query-input":{"@type":"PropertyValueSpecification","valueRequired":true,"valueName":"search_term_string"}}],"inLanguage":"en-US"}]}},"jetpack_sharing_enabled":true,"_links":{"self":[{"href":"https:\/\/exclusives.ro\/en\/wp-json\/wp\/v2\/product\/174178","targetHints":{"allow":["GET"]}}],"collection":[{"href":"https:\/\/exclusives.ro\/en\/wp-json\/wp\/v2\/product"}],"about":[{"href":"https:\/\/exclusives.ro\/en\/wp-json\/wp\/v2\/types\/product"}],"replies":[{"embeddable":true,"href":"https:\/\/exclusives.ro\/en\/wp-json\/wp\/v2\/comments?post=174178"}],"version-history":[{"count":1,"href":"https:\/\/exclusives.ro\/en\/wp-json\/wp\/v2\/product\/174178\/revisions"}],"predecessor-version":[{"id":615869,"href":"https:\/\/exclusives.ro\/en\/wp-json\/wp\/v2\/product\/174178\/revisions\/615869"}],"wp:featuredmedia":[{"embeddable":true,"href":"https:\/\/exclusives.ro\/en\/wp-json\/wp\/v2\/media\/615865"}],"wp:attachment":[{"href":"https:\/\/exclusives.ro\/en\/wp-json\/wp\/v2\/media?parent=174178"}],"wp:term":[{"taxonomy":"product_brand","embeddable":true,"href":"https:\/\/exclusives.ro\/en\/wp-json\/wp\/v2\/product_brand?post=174178"},{"taxonomy":"product_cat","embeddable":true,"href":"https:\/\/exclusives.ro\/en\/wp-json\/wp\/v2\/product_cat?post=174178"},{"taxonomy":"product_tag","embeddable":true,"href":"https:\/\/exclusives.ro\/en\/wp-json\/wp\/v2\/product_tag?post=174178"}],"curies":[{"name":"wp","href":"https:\/\/api.w.org\/{rel}","templated":true}]}}