{"id":174213,"date":"2025-12-13T15:17:54","date_gmt":"2025-12-13T15:17:54","guid":{"rendered":"https:\/\/exclusives.fastapp.ro\/?post_type=product&#038;p=174213"},"modified":"2026-04-16T09:43:39","modified_gmt":"2026-04-16T09:43:39","slug":"ciocate-arlene","status":"publish","type":"product","link":"https:\/\/exclusives.ro\/en\/product\/ciocate-arlene\/","title":{"rendered":"Ciocate &#8211; Arlene"},"content":{"rendered":"<p data-start=\"226\" data-end=\"565\">Redefine\u0219te elegan\u021ba urban\u0103 cu aceast\u0103 pereche de ciocate rafinate, create pentru femeia care apreciaz\u0103 detaliile fine \u0219i stilul contemporan. Silueta supl\u0103, din piele naturala premium, se distinge prin liniile curate \u0219i v\u00e2rful ascu\u021bit accentuat de inser\u021bia metalic\u0103, ce adaug\u0103 o not\u0103 subtil\u0103 de rafinament modern.<\/p>\n<p data-start=\"567\" data-end=\"735\">Tocul stabil, cu un design arhitectural, ofer\u0103 echilibrul perfect \u00eentre confort \u0219i stil, iar interiorul c\u0103ptu\u0219it integral cu piele asigur\u0103 o purtare pl\u0103cut\u0103 zi de zi.<\/p>\n<p data-start=\"737\" data-end=\"910\">Versatile \u0219i atemporale, aceste ciocate se integreaz\u0103 cu u\u0219urin\u021b\u0103 at\u00e2t \u00een \u021binutele de zi, c\u00e2t \u0219i \u00een cele de sear\u0103 \u2014 o pies\u0103 esen\u021bial\u0103 \u00een garderoba oric\u0103rei femei elegante.<\/p>\n<p>&nbsp;<\/p>\n<p>&nbsp;<\/p>\n<p><u><em><strong>PRODUS FABRICAT IN ROMANIA!<\/strong><\/em><\/u><\/p>\n<p><strong><i>Timp de realizare 7-12 zile lucratoare!<\/i><\/strong><\/p>\n<p>Marimi disponibile:\u00a0 36 , 37 , 38 , 39, 40<\/p>\n<p>Inaltime toc: 7cm.<\/p>","protected":false},"excerpt":{"rendered":"<p>Redefine\u0219te elegan\u021ba urban\u0103 cu aceast\u0103 pereche de ciocate rafinate, create pentru femeia care apreciaz\u0103 detaliile fine \u0219i stilul contemporan. Silueta<\/p>","protected":false},"featured_media":174214,"comment_status":"open","ping_status":"closed","template":"","meta":[],"product_brand":[],"product_cat":[89],"product_tag":[],"class_list":{"0":"post-174213","1":"product","2":"type-product","3":"status-publish","4":"has-post-thumbnail","6":"product_cat-ciocate","8":"first","9":"instock","10":"sale","11":"shipping-taxable","12":"purchasable","13":"product-type-variable","14":"has-default-attributes"},"yoast_head":"<!-- This site is optimized with the Yoast SEO plugin v27.4 - https:\/\/yoast.com\/product\/yoast-seo-wordpress\/ -->\n<title>Ciocate - Arlene - Exclusives<\/title>\n<meta name=\"description\" content=\"Redefine\u0219te elegan\u021ba urban\u0103 cu aceast\u0103 pereche de ciocate rafinate, create pentru femeia care apreciaz\u0103 detaliile fine \u0219i stilul contemporan. Silueta\" \/>\n<meta name=\"robots\" content=\"noindex, follow, max-snippet:-1, max-image-preview:large, max-video-preview:-1\" \/>\n<meta property=\"og:locale\" content=\"en_US\" \/>\n<meta property=\"og:type\" content=\"article\" \/>\n<meta property=\"og:title\" content=\"Ciocate - Arlene - Exclusives\" \/>\n<meta property=\"og:description\" content=\"Redefine\u0219te elegan\u021ba urban\u0103 cu aceast\u0103 pereche de ciocate rafinate, create pentru femeia care apreciaz\u0103 detaliile fine \u0219i stilul contemporan. Silueta\" \/>\n<meta property=\"og:url\" content=\"https:\/\/exclusives.ro\/en\/product\/ciocate-arlene\/\" \/>\n<meta property=\"og:site_name\" content=\"Exclusives\" \/>\n<meta property=\"article:modified_time\" content=\"2026-04-16T09:43:39+00:00\" \/>\n<meta property=\"og:image\" content=\"https:\/\/exclusives.ro\/wp-content\/uploads\/2025\/12\/arlene-black1.jpg\" \/>\n\t<meta property=\"og:image:width\" content=\"885\" \/>\n\t<meta property=\"og:image:height\" content=\"885\" \/>\n\t<meta property=\"og:image:type\" content=\"image\/jpeg\" \/>\n<meta name=\"twitter:card\" content=\"summary_large_image\" \/>\n<meta name=\"twitter:label1\" content=\"Est. reading time\" \/>\n\t<meta name=\"twitter:data1\" content=\"1 minute\" \/>\n<script type=\"application\/ld+json\" class=\"yoast-schema-graph\">{\"@context\":\"https:\\\/\\\/schema.org\",\"@graph\":[{\"@type\":\"WebPage\",\"@id\":\"https:\\\/\\\/exclusives.ro\\\/produs\\\/ciocate-arlene\\\/\",\"url\":\"https:\\\/\\\/exclusives.ro\\\/produs\\\/ciocate-arlene\\\/\",\"name\":\"Ciocate - Arlene - Exclusives\",\"isPartOf\":{\"@id\":\"https:\\\/\\\/exclusives.ro\\\/#website\"},\"primaryImageOfPage\":{\"@id\":\"https:\\\/\\\/exclusives.ro\\\/produs\\\/ciocate-arlene\\\/#primaryimage\"},\"image\":{\"@id\":\"https:\\\/\\\/exclusives.ro\\\/produs\\\/ciocate-arlene\\\/#primaryimage\"},\"thumbnailUrl\":\"https:\\\/\\\/exclusives.ro\\\/wp-content\\\/uploads\\\/2025\\\/12\\\/arlene-black1.jpg\",\"datePublished\":\"2025-12-13T15:17:54+00:00\",\"dateModified\":\"2026-04-16T09:43:39+00:00\",\"description\":\"Redefine\u0219te elegan\u021ba urban\u0103 cu aceast\u0103 pereche de ciocate rafinate, create pentru femeia care apreciaz\u0103 detaliile fine \u0219i stilul contemporan. Silueta\",\"breadcrumb\":{\"@id\":\"https:\\\/\\\/exclusives.ro\\\/produs\\\/ciocate-arlene\\\/#breadcrumb\"},\"inLanguage\":\"en-US\",\"potentialAction\":[{\"@type\":\"ReadAction\",\"target\":[\"https:\\\/\\\/exclusives.ro\\\/produs\\\/ciocate-arlene\\\/\"]}]},{\"@type\":\"ImageObject\",\"inLanguage\":\"en-US\",\"@id\":\"https:\\\/\\\/exclusives.ro\\\/produs\\\/ciocate-arlene\\\/#primaryimage\",\"url\":\"https:\\\/\\\/exclusives.ro\\\/wp-content\\\/uploads\\\/2025\\\/12\\\/arlene-black1.jpg\",\"contentUrl\":\"https:\\\/\\\/exclusives.ro\\\/wp-content\\\/uploads\\\/2025\\\/12\\\/arlene-black1.jpg\",\"width\":885,\"height\":885},{\"@type\":\"BreadcrumbList\",\"@id\":\"https:\\\/\\\/exclusives.ro\\\/produs\\\/ciocate-arlene\\\/#breadcrumb\",\"itemListElement\":[{\"@type\":\"ListItem\",\"position\":1,\"name\":\"Home\",\"item\":\"https:\\\/\\\/exclusives.ro\\\/\"},{\"@type\":\"ListItem\",\"position\":2,\"name\":\"Pantofi\",\"item\":\"https:\\\/\\\/exclusives.ro\\\/shop\\\/\"},{\"@type\":\"ListItem\",\"position\":3,\"name\":\"Ciocate &#8211; Arlene\"}]},{\"@type\":\"WebSite\",\"@id\":\"https:\\\/\\\/exclusives.ro\\\/#website\",\"url\":\"https:\\\/\\\/exclusives.ro\\\/\",\"name\":\"Exclusives\",\"description\":\"\",\"potentialAction\":[{\"@type\":\"SearchAction\",\"target\":{\"@type\":\"EntryPoint\",\"urlTemplate\":\"https:\\\/\\\/exclusives.ro\\\/?s={search_term_string}\"},\"query-input\":{\"@type\":\"PropertyValueSpecification\",\"valueRequired\":true,\"valueName\":\"search_term_string\"}}],\"inLanguage\":\"en-US\"}]}<\/script>\n<!-- \/ Yoast SEO plugin. -->","yoast_head_json":{"title":"Ciocate - Arlene - Exclusives","description":"Redefine\u0219te elegan\u021ba urban\u0103 cu aceast\u0103 pereche de ciocate rafinate, create pentru femeia care apreciaz\u0103 detaliile fine \u0219i stilul contemporan. Silueta","robots":{"index":"noindex","follow":"follow","max-snippet":"max-snippet:-1","max-image-preview":"max-image-preview:large","max-video-preview":"max-video-preview:-1"},"og_locale":"en_US","og_type":"article","og_title":"Ciocate - Arlene - Exclusives","og_description":"Redefine\u0219te elegan\u021ba urban\u0103 cu aceast\u0103 pereche de ciocate rafinate, create pentru femeia care apreciaz\u0103 detaliile fine \u0219i stilul contemporan. Silueta","og_url":"https:\/\/exclusives.ro\/en\/product\/ciocate-arlene\/","og_site_name":"Exclusives","article_modified_time":"2026-04-16T09:43:39+00:00","og_image":[{"width":885,"height":885,"url":"https:\/\/exclusives.ro\/wp-content\/uploads\/2025\/12\/arlene-black1.jpg","type":"image\/jpeg"}],"twitter_card":"summary_large_image","twitter_misc":{"Est. reading time":"1 minute"},"schema":{"@context":"https:\/\/schema.org","@graph":[{"@type":"WebPage","@id":"https:\/\/exclusives.ro\/produs\/ciocate-arlene\/","url":"https:\/\/exclusives.ro\/produs\/ciocate-arlene\/","name":"Ciocate - Arlene - Exclusives","isPartOf":{"@id":"https:\/\/exclusives.ro\/#website"},"primaryImageOfPage":{"@id":"https:\/\/exclusives.ro\/produs\/ciocate-arlene\/#primaryimage"},"image":{"@id":"https:\/\/exclusives.ro\/produs\/ciocate-arlene\/#primaryimage"},"thumbnailUrl":"https:\/\/exclusives.ro\/wp-content\/uploads\/2025\/12\/arlene-black1.jpg","datePublished":"2025-12-13T15:17:54+00:00","dateModified":"2026-04-16T09:43:39+00:00","description":"Redefine\u0219te elegan\u021ba urban\u0103 cu aceast\u0103 pereche de ciocate rafinate, create pentru femeia care apreciaz\u0103 detaliile fine \u0219i stilul contemporan. Silueta","breadcrumb":{"@id":"https:\/\/exclusives.ro\/produs\/ciocate-arlene\/#breadcrumb"},"inLanguage":"en-US","potentialAction":[{"@type":"ReadAction","target":["https:\/\/exclusives.ro\/produs\/ciocate-arlene\/"]}]},{"@type":"ImageObject","inLanguage":"en-US","@id":"https:\/\/exclusives.ro\/produs\/ciocate-arlene\/#primaryimage","url":"https:\/\/exclusives.ro\/wp-content\/uploads\/2025\/12\/arlene-black1.jpg","contentUrl":"https:\/\/exclusives.ro\/wp-content\/uploads\/2025\/12\/arlene-black1.jpg","width":885,"height":885},{"@type":"BreadcrumbList","@id":"https:\/\/exclusives.ro\/produs\/ciocate-arlene\/#breadcrumb","itemListElement":[{"@type":"ListItem","position":1,"name":"Home","item":"https:\/\/exclusives.ro\/"},{"@type":"ListItem","position":2,"name":"Pantofi","item":"https:\/\/exclusives.ro\/shop\/"},{"@type":"ListItem","position":3,"name":"Ciocate &#8211; Arlene"}]},{"@type":"WebSite","@id":"https:\/\/exclusives.ro\/#website","url":"https:\/\/exclusives.ro\/","name":"Exclusives","description":"","potentialAction":[{"@type":"SearchAction","target":{"@type":"EntryPoint","urlTemplate":"https:\/\/exclusives.ro\/?s={search_term_string}"},"query-input":{"@type":"PropertyValueSpecification","valueRequired":true,"valueName":"search_term_string"}}],"inLanguage":"en-US"}]}},"jetpack_sharing_enabled":true,"_links":{"self":[{"href":"https:\/\/exclusives.ro\/en\/wp-json\/wp\/v2\/product\/174213","targetHints":{"allow":["GET"]}}],"collection":[{"href":"https:\/\/exclusives.ro\/en\/wp-json\/wp\/v2\/product"}],"about":[{"href":"https:\/\/exclusives.ro\/en\/wp-json\/wp\/v2\/types\/product"}],"replies":[{"embeddable":true,"href":"https:\/\/exclusives.ro\/en\/wp-json\/wp\/v2\/comments?post=174213"}],"version-history":[{"count":1,"href":"https:\/\/exclusives.ro\/en\/wp-json\/wp\/v2\/product\/174213\/revisions"}],"predecessor-version":[{"id":390408,"href":"https:\/\/exclusives.ro\/en\/wp-json\/wp\/v2\/product\/174213\/revisions\/390408"}],"wp:featuredmedia":[{"embeddable":true,"href":"https:\/\/exclusives.ro\/en\/wp-json\/wp\/v2\/media\/174214"}],"wp:attachment":[{"href":"https:\/\/exclusives.ro\/en\/wp-json\/wp\/v2\/media?parent=174213"}],"wp:term":[{"taxonomy":"product_brand","embeddable":true,"href":"https:\/\/exclusives.ro\/en\/wp-json\/wp\/v2\/product_brand?post=174213"},{"taxonomy":"product_cat","embeddable":true,"href":"https:\/\/exclusives.ro\/en\/wp-json\/wp\/v2\/product_cat?post=174213"},{"taxonomy":"product_tag","embeddable":true,"href":"https:\/\/exclusives.ro\/en\/wp-json\/wp\/v2\/product_tag?post=174213"}],"curies":[{"name":"wp","href":"https:\/\/api.w.org\/{rel}","templated":true}]}}