{"id":174248,"date":"2025-12-13T16:13:19","date_gmt":"2025-12-13T16:13:19","guid":{"rendered":"https:\/\/exclusives.fastapp.ro\/?post_type=product&#038;p=174248"},"modified":"2026-03-23T13:16:29","modified_gmt":"2026-03-23T13:16:29","slug":"ghete-uddy","status":"publish","type":"product","link":"https:\/\/exclusives.ro\/en\/product\/ghete-uddy\/","title":{"rendered":"Ghete &#8211; Uddy"},"content":{"rendered":"<p class=\"\" data-start=\"149\" data-end=\"424\">Design avangardist, confort excep\u021bional \u0219i materiale premium \u2013 toate se reg\u0103sesc \u00een aceste ghete unice, lucrate manual \u00een Rom\u00e2nia. Combina\u021bia inedit\u0103 dintre piele natural\u0103, neopren flexibil \u0219i benzi elastice decorative adaug\u0103 personalitate \u0219i un plus de stil oric\u0103rei \u021binute.<\/p>\n<p>&nbsp;<\/p>\n<div>100% piele natural\u0103, neopren \u0219i benzi elastice de calitate superioar\u0103<\/div>\n<div>\u00a0Lucrate manual cu aten\u021bie la fiecare detaliu<\/div>\n<div>\u00a0Talp\u0103 groas\u0103 pentru sus\u021binere \u0219i confort zilnic<\/div>\n<div>\u00a0Design modern, cu accente fashion-tech<\/div>\n<div>\u00a0Fabricate \u00een Rom\u00e2nia<\/div>\n<p>&nbsp;<\/p>\n<p>&nbsp;<\/p>\n<p class=\"\" data-start=\"670\" data-end=\"935\">Aceste ghete sunt ideale pentru cei care iubesc stilul urban, nonconformist \u0219i apreciaz\u0103 produsele realizate local, cu grij\u0103 \u0219i pasiune. Fie c\u0103 le por\u021bi \u00een \u021binute all black sau le la\u0219i s\u0103 fie piesa central\u0103 a outfitului t\u0103u, vor atrage cu siguran\u021b\u0103 toate privirile.<\/p>\n<p><b>Inaltimea talpii: 4cm in fata si 6cm in spate.<\/b><\/p>\n<p><u><em><strong>PRODUS FABRICAT IN ROMANIA!<\/strong><\/em><\/u><\/p>\n<p>Marimi disponibile:\u00a0 35, 36 , 37 , 38 , 39, 40<\/p>\n<p><strong><i>TERMEN (estimativ) DE REALIZARE\u00a012-14 ZILE LUCRATOARE<\/i><\/strong><\/p>","protected":false},"excerpt":{"rendered":"<p>Design avangardist, confort excep\u021bional \u0219i materiale premium \u2013 toate se reg\u0103sesc \u00een aceste ghete unice, lucrate manual \u00een Rom\u00e2nia. Combina\u021bia<\/p>","protected":false},"featured_media":174412,"comment_status":"open","ping_status":"closed","template":"","meta":[],"product_brand":[252],"product_cat":[20],"product_tag":[],"class_list":{"0":"post-174248","1":"product","2":"type-product","3":"status-publish","4":"has-post-thumbnail","6":"product_brand-exclusives","7":"product_cat-bocanci-ghete","9":"first","10":"instock","11":"shipping-taxable","12":"purchasable","13":"product-type-variable","14":"has-default-attributes"},"yoast_head":"<!-- This site is optimized with the Yoast SEO plugin v27.4 - https:\/\/yoast.com\/product\/yoast-seo-wordpress\/ -->\n<title>Ghete - Uddy - Exclusives<\/title>\n<meta name=\"description\" content=\"Design avangardist, confort excep\u021bional \u0219i materiale premium \u2013 toate se reg\u0103sesc \u00een aceste ghete unice, lucrate manual \u00een Rom\u00e2nia. Combina\u021bia inedit\u0103\" \/>\n<meta name=\"robots\" content=\"noindex, follow, max-snippet:-1, max-image-preview:large, max-video-preview:-1\" \/>\n<meta property=\"og:locale\" content=\"en_US\" \/>\n<meta property=\"og:type\" content=\"article\" \/>\n<meta property=\"og:title\" content=\"Ghete - Uddy - Exclusives\" \/>\n<meta property=\"og:description\" content=\"Design avangardist, confort excep\u021bional \u0219i materiale premium \u2013 toate se reg\u0103sesc \u00een aceste ghete unice, lucrate manual \u00een Rom\u00e2nia. Combina\u021bia inedit\u0103\" \/>\n<meta property=\"og:url\" content=\"https:\/\/exclusives.ro\/en\/product\/ghete-uddy\/\" \/>\n<meta property=\"og:site_name\" content=\"Exclusives\" \/>\n<meta property=\"article:modified_time\" content=\"2026-03-23T13:16:29+00:00\" \/>\n<meta property=\"og:image\" content=\"https:\/\/exclusives.ro\/wp-content\/uploads\/2025\/12\/hidexe00-69.jpg\" \/>\n\t<meta property=\"og:image:width\" content=\"1365\" \/>\n\t<meta property=\"og:image:height\" content=\"2048\" \/>\n\t<meta property=\"og:image:type\" content=\"image\/jpeg\" \/>\n<meta name=\"twitter:card\" content=\"summary_large_image\" \/>\n<meta name=\"twitter:label1\" content=\"Est. reading time\" \/>\n\t<meta name=\"twitter:data1\" content=\"1 minute\" \/>\n<script type=\"application\/ld+json\" class=\"yoast-schema-graph\">{\"@context\":\"https:\\\/\\\/schema.org\",\"@graph\":[{\"@type\":\"WebPage\",\"@id\":\"https:\\\/\\\/exclusives.ro\\\/produs\\\/ghete-uddy\\\/\",\"url\":\"https:\\\/\\\/exclusives.ro\\\/produs\\\/ghete-uddy\\\/\",\"name\":\"Ghete - Uddy - Exclusives\",\"isPartOf\":{\"@id\":\"https:\\\/\\\/exclusives.ro\\\/#website\"},\"primaryImageOfPage\":{\"@id\":\"https:\\\/\\\/exclusives.ro\\\/produs\\\/ghete-uddy\\\/#primaryimage\"},\"image\":{\"@id\":\"https:\\\/\\\/exclusives.ro\\\/produs\\\/ghete-uddy\\\/#primaryimage\"},\"thumbnailUrl\":\"https:\\\/\\\/exclusives.ro\\\/wp-content\\\/uploads\\\/2025\\\/12\\\/hidexe00-69.jpg\",\"datePublished\":\"2025-12-13T16:13:19+00:00\",\"dateModified\":\"2026-03-23T13:16:29+00:00\",\"description\":\"Design avangardist, confort excep\u021bional \u0219i materiale premium \u2013 toate se reg\u0103sesc \u00een aceste ghete unice, lucrate manual \u00een Rom\u00e2nia. Combina\u021bia inedit\u0103\",\"breadcrumb\":{\"@id\":\"https:\\\/\\\/exclusives.ro\\\/produs\\\/ghete-uddy\\\/#breadcrumb\"},\"inLanguage\":\"en-US\",\"potentialAction\":[{\"@type\":\"ReadAction\",\"target\":[\"https:\\\/\\\/exclusives.ro\\\/produs\\\/ghete-uddy\\\/\"]}]},{\"@type\":\"ImageObject\",\"inLanguage\":\"en-US\",\"@id\":\"https:\\\/\\\/exclusives.ro\\\/produs\\\/ghete-uddy\\\/#primaryimage\",\"url\":\"https:\\\/\\\/exclusives.ro\\\/wp-content\\\/uploads\\\/2025\\\/12\\\/hidexe00-69.jpg\",\"contentUrl\":\"https:\\\/\\\/exclusives.ro\\\/wp-content\\\/uploads\\\/2025\\\/12\\\/hidexe00-69.jpg\",\"width\":1365,\"height\":2048},{\"@type\":\"BreadcrumbList\",\"@id\":\"https:\\\/\\\/exclusives.ro\\\/produs\\\/ghete-uddy\\\/#breadcrumb\",\"itemListElement\":[{\"@type\":\"ListItem\",\"position\":1,\"name\":\"Home\",\"item\":\"https:\\\/\\\/exclusives.ro\\\/\"},{\"@type\":\"ListItem\",\"position\":2,\"name\":\"Pantofi\",\"item\":\"https:\\\/\\\/exclusives.ro\\\/shop\\\/\"},{\"@type\":\"ListItem\",\"position\":3,\"name\":\"Ghete &#8211; Uddy\"}]},{\"@type\":\"WebSite\",\"@id\":\"https:\\\/\\\/exclusives.ro\\\/#website\",\"url\":\"https:\\\/\\\/exclusives.ro\\\/\",\"name\":\"Exclusives\",\"description\":\"\",\"potentialAction\":[{\"@type\":\"SearchAction\",\"target\":{\"@type\":\"EntryPoint\",\"urlTemplate\":\"https:\\\/\\\/exclusives.ro\\\/?s={search_term_string}\"},\"query-input\":{\"@type\":\"PropertyValueSpecification\",\"valueRequired\":true,\"valueName\":\"search_term_string\"}}],\"inLanguage\":\"en-US\"}]}<\/script>\n<!-- \/ Yoast SEO plugin. -->","yoast_head_json":{"title":"Ghete - Uddy - Exclusives","description":"Design avangardist, confort excep\u021bional \u0219i materiale premium \u2013 toate se reg\u0103sesc \u00een aceste ghete unice, lucrate manual \u00een Rom\u00e2nia. Combina\u021bia inedit\u0103","robots":{"index":"noindex","follow":"follow","max-snippet":"max-snippet:-1","max-image-preview":"max-image-preview:large","max-video-preview":"max-video-preview:-1"},"og_locale":"en_US","og_type":"article","og_title":"Ghete - Uddy - Exclusives","og_description":"Design avangardist, confort excep\u021bional \u0219i materiale premium \u2013 toate se reg\u0103sesc \u00een aceste ghete unice, lucrate manual \u00een Rom\u00e2nia. Combina\u021bia inedit\u0103","og_url":"https:\/\/exclusives.ro\/en\/product\/ghete-uddy\/","og_site_name":"Exclusives","article_modified_time":"2026-03-23T13:16:29+00:00","og_image":[{"width":1365,"height":2048,"url":"https:\/\/exclusives.ro\/wp-content\/uploads\/2025\/12\/hidexe00-69.jpg","type":"image\/jpeg"}],"twitter_card":"summary_large_image","twitter_misc":{"Est. reading time":"1 minute"},"schema":{"@context":"https:\/\/schema.org","@graph":[{"@type":"WebPage","@id":"https:\/\/exclusives.ro\/produs\/ghete-uddy\/","url":"https:\/\/exclusives.ro\/produs\/ghete-uddy\/","name":"Ghete - Uddy - Exclusives","isPartOf":{"@id":"https:\/\/exclusives.ro\/#website"},"primaryImageOfPage":{"@id":"https:\/\/exclusives.ro\/produs\/ghete-uddy\/#primaryimage"},"image":{"@id":"https:\/\/exclusives.ro\/produs\/ghete-uddy\/#primaryimage"},"thumbnailUrl":"https:\/\/exclusives.ro\/wp-content\/uploads\/2025\/12\/hidexe00-69.jpg","datePublished":"2025-12-13T16:13:19+00:00","dateModified":"2026-03-23T13:16:29+00:00","description":"Design avangardist, confort excep\u021bional \u0219i materiale premium \u2013 toate se reg\u0103sesc \u00een aceste ghete unice, lucrate manual \u00een Rom\u00e2nia. Combina\u021bia inedit\u0103","breadcrumb":{"@id":"https:\/\/exclusives.ro\/produs\/ghete-uddy\/#breadcrumb"},"inLanguage":"en-US","potentialAction":[{"@type":"ReadAction","target":["https:\/\/exclusives.ro\/produs\/ghete-uddy\/"]}]},{"@type":"ImageObject","inLanguage":"en-US","@id":"https:\/\/exclusives.ro\/produs\/ghete-uddy\/#primaryimage","url":"https:\/\/exclusives.ro\/wp-content\/uploads\/2025\/12\/hidexe00-69.jpg","contentUrl":"https:\/\/exclusives.ro\/wp-content\/uploads\/2025\/12\/hidexe00-69.jpg","width":1365,"height":2048},{"@type":"BreadcrumbList","@id":"https:\/\/exclusives.ro\/produs\/ghete-uddy\/#breadcrumb","itemListElement":[{"@type":"ListItem","position":1,"name":"Home","item":"https:\/\/exclusives.ro\/"},{"@type":"ListItem","position":2,"name":"Pantofi","item":"https:\/\/exclusives.ro\/shop\/"},{"@type":"ListItem","position":3,"name":"Ghete &#8211; Uddy"}]},{"@type":"WebSite","@id":"https:\/\/exclusives.ro\/#website","url":"https:\/\/exclusives.ro\/","name":"Exclusives","description":"","potentialAction":[{"@type":"SearchAction","target":{"@type":"EntryPoint","urlTemplate":"https:\/\/exclusives.ro\/?s={search_term_string}"},"query-input":{"@type":"PropertyValueSpecification","valueRequired":true,"valueName":"search_term_string"}}],"inLanguage":"en-US"}]}},"jetpack_sharing_enabled":true,"_links":{"self":[{"href":"https:\/\/exclusives.ro\/en\/wp-json\/wp\/v2\/product\/174248","targetHints":{"allow":["GET"]}}],"collection":[{"href":"https:\/\/exclusives.ro\/en\/wp-json\/wp\/v2\/product"}],"about":[{"href":"https:\/\/exclusives.ro\/en\/wp-json\/wp\/v2\/types\/product"}],"replies":[{"embeddable":true,"href":"https:\/\/exclusives.ro\/en\/wp-json\/wp\/v2\/comments?post=174248"}],"version-history":[{"count":1,"href":"https:\/\/exclusives.ro\/en\/wp-json\/wp\/v2\/product\/174248\/revisions"}],"predecessor-version":[{"id":390312,"href":"https:\/\/exclusives.ro\/en\/wp-json\/wp\/v2\/product\/174248\/revisions\/390312"}],"wp:featuredmedia":[{"embeddable":true,"href":"https:\/\/exclusives.ro\/en\/wp-json\/wp\/v2\/media\/174412"}],"wp:attachment":[{"href":"https:\/\/exclusives.ro\/en\/wp-json\/wp\/v2\/media?parent=174248"}],"wp:term":[{"taxonomy":"product_brand","embeddable":true,"href":"https:\/\/exclusives.ro\/en\/wp-json\/wp\/v2\/product_brand?post=174248"},{"taxonomy":"product_cat","embeddable":true,"href":"https:\/\/exclusives.ro\/en\/wp-json\/wp\/v2\/product_cat?post=174248"},{"taxonomy":"product_tag","embeddable":true,"href":"https:\/\/exclusives.ro\/en\/wp-json\/wp\/v2\/product_tag?post=174248"}],"curies":[{"name":"wp","href":"https:\/\/api.w.org\/{rel}","templated":true}]}}