{"id":174312,"date":"2025-12-13T17:29:00","date_gmt":"2025-12-13T17:29:00","guid":{"rendered":"https:\/\/exclusives.fastapp.ro\/?post_type=product&#038;p=174312"},"modified":"2026-04-14T07:40:55","modified_gmt":"2026-04-14T07:40:55","slug":"ghete-loro-2","status":"publish","type":"product","link":"https:\/\/exclusives.ro\/en\/product\/ghete-loro-2\/","title":{"rendered":"Pantofi &#8211; .Loro"},"content":{"rendered":"<p data-start=\"138\" data-end=\"382\">Elegan\u021b\u0103 discret\u0103 \u0219i rafinament urban \u2013 pantofii sunt realizati manual din piele natural\u0103, de cea mai bun\u0103 calitate. Designul minimalist le transform\u0103 \u00eentr-o pies\u0103 esen\u021bial\u0103 \u00een garderoba ta, u\u0219or de integrat \u00een orice sezon.<\/p>\n<ul data-start=\"384\" data-end=\"658\">\n<li data-start=\"384\" data-end=\"432\">\n<p data-start=\"386\" data-end=\"432\">100% piele natural\u0103 premium,<\/p>\n<\/li>\n<li data-start=\"433\" data-end=\"495\">\n<p data-start=\"435\" data-end=\"495\">Realizate manual \u00een Rom\u00e2nia, cu aten\u021bie la fiecare detaliu<\/p>\n<\/li>\n<li data-start=\"496\" data-end=\"532\">\n<p data-start=\"498\" data-end=\"532\">Talp\u0103 comod\u0103, u\u0219oar\u0103 \u0219i durabil\u0103<\/p>\n<\/li>\n<li data-start=\"533\" data-end=\"593\">\n<p data-start=\"535\" data-end=\"593\">Design versatil, potrivit pentru \u021binute casual sau smart<\/p>\n<\/li>\n<li data-start=\"594\" data-end=\"658\">\n<p data-start=\"596\" data-end=\"658\">\u00cenchidere cu \u0219ireturi, pentru stabilitate \u0219i un plus de stil<\/p>\n<\/li>\n<\/ul>\n<p data-start=\"660\" data-end=\"791\">Ghete care \u00eembin\u0103 calitatea artizanal\u0103 rom\u00e2neasc\u0103 cu func\u021bionalitatea modern\u0103 \u2013 create pentru confort, siguran\u021b\u0103 \u0219i stil, zi de zi.<\/p>\n<p>Inaltimea talpii: 2.5cm in fata si 3.5cm in spate.<\/p>\n<p>&nbsp;<\/p>\n<p>&nbsp;<\/p>\n<p><u><em><strong>PRODUS FABRICAT IN ROMANIA!<\/strong><\/em><\/u><\/p>\n<p>Marimi disponibile:\u00a0 35, 36 , 37 , 38 , 39, 40<\/p>\n<p><strong><i>TERMEN DE REALIZARE\u00a08-14 ZILE LUCRATOARE<\/i><\/strong><\/p>\n<p>&nbsp;<\/p>","protected":false},"excerpt":{"rendered":"<p>Elegan\u021b\u0103 discret\u0103 \u0219i rafinament urban \u2013 pantofii sunt realizati manual din piele natural\u0103, de cea mai bun\u0103 calitate. Designul minimalist<\/p>","protected":false},"featured_media":617052,"comment_status":"open","ping_status":"closed","template":"","meta":[],"product_brand":[252],"product_cat":[27],"product_tag":[],"class_list":{"0":"post-174312","1":"product","2":"type-product","3":"status-publish","4":"has-post-thumbnail","6":"product_brand-exclusives","7":"product_cat-pantofi-casual","9":"first","10":"instock","11":"sale","12":"shipping-taxable","13":"purchasable","14":"product-type-variable","15":"has-default-attributes"},"yoast_head":"<!-- This site is optimized with the Yoast SEO plugin v27.4 - https:\/\/yoast.com\/product\/yoast-seo-wordpress\/ -->\n<title>Pantofi - .Loro - Exclusives<\/title>\n<meta name=\"description\" content=\"Elegan\u021b\u0103 discret\u0103 \u0219i rafinament urban \u2013 pantofii sunt realizati manual din piele natural\u0103, de cea mai bun\u0103 calitate. Designul minimalist le transform\u0103\" \/>\n<meta name=\"robots\" content=\"noindex, follow, max-snippet:-1, max-image-preview:large, max-video-preview:-1\" \/>\n<meta property=\"og:locale\" content=\"en_US\" \/>\n<meta property=\"og:type\" content=\"article\" \/>\n<meta property=\"og:title\" content=\"Pantofi - .Loro - Exclusives\" \/>\n<meta property=\"og:description\" content=\"Elegan\u021b\u0103 discret\u0103 \u0219i rafinament urban \u2013 pantofii sunt realizati manual din piele natural\u0103, de cea mai bun\u0103 calitate. Designul minimalist le transform\u0103\" \/>\n<meta property=\"og:url\" content=\"https:\/\/exclusives.ro\/en\/product\/ghete-loro-2\/\" \/>\n<meta property=\"og:site_name\" content=\"Exclusives\" \/>\n<meta property=\"article:modified_time\" content=\"2026-04-14T07:40:55+00:00\" \/>\n<meta property=\"og:image\" content=\"https:\/\/exclusives.ro\/wp-content\/uploads\/2025\/12\/Exclusives-5-1.jpg\" \/>\n\t<meta property=\"og:image:width\" content=\"1365\" \/>\n\t<meta property=\"og:image:height\" content=\"2048\" \/>\n\t<meta property=\"og:image:type\" content=\"image\/jpeg\" \/>\n<meta name=\"twitter:card\" content=\"summary_large_image\" \/>\n<meta name=\"twitter:label1\" content=\"Est. reading time\" \/>\n\t<meta name=\"twitter:data1\" content=\"1 minute\" \/>\n<script type=\"application\/ld+json\" class=\"yoast-schema-graph\">{\"@context\":\"https:\\\/\\\/schema.org\",\"@graph\":[{\"@type\":\"WebPage\",\"@id\":\"https:\\\/\\\/exclusives.ro\\\/produs\\\/ghete-loro-2\\\/\",\"url\":\"https:\\\/\\\/exclusives.ro\\\/produs\\\/ghete-loro-2\\\/\",\"name\":\"Pantofi - .Loro - Exclusives\",\"isPartOf\":{\"@id\":\"https:\\\/\\\/exclusives.ro\\\/#website\"},\"primaryImageOfPage\":{\"@id\":\"https:\\\/\\\/exclusives.ro\\\/produs\\\/ghete-loro-2\\\/#primaryimage\"},\"image\":{\"@id\":\"https:\\\/\\\/exclusives.ro\\\/produs\\\/ghete-loro-2\\\/#primaryimage\"},\"thumbnailUrl\":\"https:\\\/\\\/exclusives.ro\\\/wp-content\\\/uploads\\\/2025\\\/12\\\/Exclusives-5-1.jpg\",\"datePublished\":\"2025-12-13T17:29:00+00:00\",\"dateModified\":\"2026-04-14T07:40:55+00:00\",\"description\":\"Elegan\u021b\u0103 discret\u0103 \u0219i rafinament urban \u2013 pantofii sunt realizati manual din piele natural\u0103, de cea mai bun\u0103 calitate. Designul minimalist le transform\u0103\",\"breadcrumb\":{\"@id\":\"https:\\\/\\\/exclusives.ro\\\/produs\\\/ghete-loro-2\\\/#breadcrumb\"},\"inLanguage\":\"en-US\",\"potentialAction\":[{\"@type\":\"ReadAction\",\"target\":[\"https:\\\/\\\/exclusives.ro\\\/produs\\\/ghete-loro-2\\\/\"]}]},{\"@type\":\"ImageObject\",\"inLanguage\":\"en-US\",\"@id\":\"https:\\\/\\\/exclusives.ro\\\/produs\\\/ghete-loro-2\\\/#primaryimage\",\"url\":\"https:\\\/\\\/exclusives.ro\\\/wp-content\\\/uploads\\\/2025\\\/12\\\/Exclusives-5-1.jpg\",\"contentUrl\":\"https:\\\/\\\/exclusives.ro\\\/wp-content\\\/uploads\\\/2025\\\/12\\\/Exclusives-5-1.jpg\",\"width\":1365,\"height\":2048},{\"@type\":\"BreadcrumbList\",\"@id\":\"https:\\\/\\\/exclusives.ro\\\/produs\\\/ghete-loro-2\\\/#breadcrumb\",\"itemListElement\":[{\"@type\":\"ListItem\",\"position\":1,\"name\":\"Home\",\"item\":\"https:\\\/\\\/exclusives.ro\\\/\"},{\"@type\":\"ListItem\",\"position\":2,\"name\":\"Pantofi\",\"item\":\"https:\\\/\\\/exclusives.ro\\\/shop\\\/\"},{\"@type\":\"ListItem\",\"position\":3,\"name\":\"Pantofi &#8211; .Loro\"}]},{\"@type\":\"WebSite\",\"@id\":\"https:\\\/\\\/exclusives.ro\\\/#website\",\"url\":\"https:\\\/\\\/exclusives.ro\\\/\",\"name\":\"Exclusives\",\"description\":\"\",\"potentialAction\":[{\"@type\":\"SearchAction\",\"target\":{\"@type\":\"EntryPoint\",\"urlTemplate\":\"https:\\\/\\\/exclusives.ro\\\/?s={search_term_string}\"},\"query-input\":{\"@type\":\"PropertyValueSpecification\",\"valueRequired\":true,\"valueName\":\"search_term_string\"}}],\"inLanguage\":\"en-US\"}]}<\/script>\n<!-- \/ Yoast SEO plugin. -->","yoast_head_json":{"title":"Pantofi - .Loro - Exclusives","description":"Elegan\u021b\u0103 discret\u0103 \u0219i rafinament urban \u2013 pantofii sunt realizati manual din piele natural\u0103, de cea mai bun\u0103 calitate. Designul minimalist le transform\u0103","robots":{"index":"noindex","follow":"follow","max-snippet":"max-snippet:-1","max-image-preview":"max-image-preview:large","max-video-preview":"max-video-preview:-1"},"og_locale":"en_US","og_type":"article","og_title":"Pantofi - .Loro - Exclusives","og_description":"Elegan\u021b\u0103 discret\u0103 \u0219i rafinament urban \u2013 pantofii sunt realizati manual din piele natural\u0103, de cea mai bun\u0103 calitate. Designul minimalist le transform\u0103","og_url":"https:\/\/exclusives.ro\/en\/product\/ghete-loro-2\/","og_site_name":"Exclusives","article_modified_time":"2026-04-14T07:40:55+00:00","og_image":[{"width":1365,"height":2048,"url":"https:\/\/exclusives.ro\/wp-content\/uploads\/2025\/12\/Exclusives-5-1.jpg","type":"image\/jpeg"}],"twitter_card":"summary_large_image","twitter_misc":{"Est. reading time":"1 minute"},"schema":{"@context":"https:\/\/schema.org","@graph":[{"@type":"WebPage","@id":"https:\/\/exclusives.ro\/produs\/ghete-loro-2\/","url":"https:\/\/exclusives.ro\/produs\/ghete-loro-2\/","name":"Pantofi - .Loro - Exclusives","isPartOf":{"@id":"https:\/\/exclusives.ro\/#website"},"primaryImageOfPage":{"@id":"https:\/\/exclusives.ro\/produs\/ghete-loro-2\/#primaryimage"},"image":{"@id":"https:\/\/exclusives.ro\/produs\/ghete-loro-2\/#primaryimage"},"thumbnailUrl":"https:\/\/exclusives.ro\/wp-content\/uploads\/2025\/12\/Exclusives-5-1.jpg","datePublished":"2025-12-13T17:29:00+00:00","dateModified":"2026-04-14T07:40:55+00:00","description":"Elegan\u021b\u0103 discret\u0103 \u0219i rafinament urban \u2013 pantofii sunt realizati manual din piele natural\u0103, de cea mai bun\u0103 calitate. Designul minimalist le transform\u0103","breadcrumb":{"@id":"https:\/\/exclusives.ro\/produs\/ghete-loro-2\/#breadcrumb"},"inLanguage":"en-US","potentialAction":[{"@type":"ReadAction","target":["https:\/\/exclusives.ro\/produs\/ghete-loro-2\/"]}]},{"@type":"ImageObject","inLanguage":"en-US","@id":"https:\/\/exclusives.ro\/produs\/ghete-loro-2\/#primaryimage","url":"https:\/\/exclusives.ro\/wp-content\/uploads\/2025\/12\/Exclusives-5-1.jpg","contentUrl":"https:\/\/exclusives.ro\/wp-content\/uploads\/2025\/12\/Exclusives-5-1.jpg","width":1365,"height":2048},{"@type":"BreadcrumbList","@id":"https:\/\/exclusives.ro\/produs\/ghete-loro-2\/#breadcrumb","itemListElement":[{"@type":"ListItem","position":1,"name":"Home","item":"https:\/\/exclusives.ro\/"},{"@type":"ListItem","position":2,"name":"Pantofi","item":"https:\/\/exclusives.ro\/shop\/"},{"@type":"ListItem","position":3,"name":"Pantofi &#8211; .Loro"}]},{"@type":"WebSite","@id":"https:\/\/exclusives.ro\/#website","url":"https:\/\/exclusives.ro\/","name":"Exclusives","description":"","potentialAction":[{"@type":"SearchAction","target":{"@type":"EntryPoint","urlTemplate":"https:\/\/exclusives.ro\/?s={search_term_string}"},"query-input":{"@type":"PropertyValueSpecification","valueRequired":true,"valueName":"search_term_string"}}],"inLanguage":"en-US"}]}},"jetpack_sharing_enabled":true,"_links":{"self":[{"href":"https:\/\/exclusives.ro\/en\/wp-json\/wp\/v2\/product\/174312","targetHints":{"allow":["GET"]}}],"collection":[{"href":"https:\/\/exclusives.ro\/en\/wp-json\/wp\/v2\/product"}],"about":[{"href":"https:\/\/exclusives.ro\/en\/wp-json\/wp\/v2\/types\/product"}],"replies":[{"embeddable":true,"href":"https:\/\/exclusives.ro\/en\/wp-json\/wp\/v2\/comments?post=174312"}],"version-history":[{"count":3,"href":"https:\/\/exclusives.ro\/en\/wp-json\/wp\/v2\/product\/174312\/revisions"}],"predecessor-version":[{"id":615165,"href":"https:\/\/exclusives.ro\/en\/wp-json\/wp\/v2\/product\/174312\/revisions\/615165"}],"wp:featuredmedia":[{"embeddable":true,"href":"https:\/\/exclusives.ro\/en\/wp-json\/wp\/v2\/media\/617052"}],"wp:attachment":[{"href":"https:\/\/exclusives.ro\/en\/wp-json\/wp\/v2\/media?parent=174312"}],"wp:term":[{"taxonomy":"product_brand","embeddable":true,"href":"https:\/\/exclusives.ro\/en\/wp-json\/wp\/v2\/product_brand?post=174312"},{"taxonomy":"product_cat","embeddable":true,"href":"https:\/\/exclusives.ro\/en\/wp-json\/wp\/v2\/product_cat?post=174312"},{"taxonomy":"product_tag","embeddable":true,"href":"https:\/\/exclusives.ro\/en\/wp-json\/wp\/v2\/product_tag?post=174312"}],"curies":[{"name":"wp","href":"https:\/\/api.w.org\/{rel}","templated":true}]}}