{"id":29390,"date":"2025-09-03T13:44:03","date_gmt":"2025-09-03T13:44:03","guid":{"rendered":"https:\/\/exclusives.fastapp.ro\/?post_type=product&#038;p=29390"},"modified":"2026-04-16T06:27:42","modified_gmt":"2026-04-16T06:27:42","slug":"sandale-baby","status":"publish","type":"product","link":"https:\/\/exclusives.ro\/en\/product\/sandale-baby\/","title":{"rendered":"Sandale &#8211; Baby"},"content":{"rendered":"<div class=\"flex max-w-full flex-col grow\">\n<div class=\"min-h-8 text-message relative flex w-full flex-col items-end gap-2 text-start break-words whitespace-normal [.text-message+&amp;]:mt-5\" dir=\"auto\" data-message-author-role=\"assistant\" data-message-id=\"f20c9960-3b5b-4378-a871-c3a27bf7bfaf\" data-message-model-slug=\"gpt-5-thinking\">\n<div class=\"flex w-full flex-col gap-1 empty:hidden first:pt-[3px]\">\n<div class=\"markdown prose dark:prose-invert w-full break-words dark markdown-new-styling\">\n<p class=\"\" data-start=\"224\" data-end=\"470\">Creeaz\u0103-\u021bi outfitul perfect de festival cu aceste sandale statement, realizate 100% handmade din piele natural\u0103 premium. Inspirate din streetwear-ul contemporan \u0219i vibe-ul liber al evenimentelor muzicale, sunt alegerea ideal\u0103 pentru vara aceasta.<\/p>\n<p class=\"\" data-start=\"472\" data-end=\"731\">Cu platform\u0103 chunky, barete late \u0219i prindere pe glezn\u0103, ofer\u0103 at\u00e2t confort, c\u00e2t \u0219i un look cool, perfect pentru dans p\u00e2n\u0103 diminea\u021ba sau plimb\u0103ri \u00een ora\u0219. Se potrivesc perfect cu rochii vaporoase, denim scurt, fuste boho sau orice styling eclectic de festival.<\/p>\n<p data-start=\"429\" data-end=\"450\"><strong data-start=\"429\" data-end=\"450\">Detalii esen\u021biale<\/strong><\/p>\n<ul data-start=\"451\" data-end=\"669\">\n<li data-start=\"451\" data-end=\"477\">\n<p data-start=\"453\" data-end=\"477\">Piele natural\u0103 premium<\/p>\n<\/li>\n<li data-start=\"478\" data-end=\"513\">\n<p data-start=\"480\" data-end=\"513\">Confec\u021bionate manual \u00een Rom\u00e2nia<\/p>\n<\/li>\n<li data-start=\"514\" data-end=\"545\">\n<p data-start=\"516\" data-end=\"545\">Platform\u0103 u\u0219oar\u0103 \u0219i stabil\u0103<\/p>\n<\/li>\n<li data-start=\"546\" data-end=\"592\">\n<p data-start=\"548\" data-end=\"592\">Barete late, \u00eenchidere reglabil\u0103 la glezn\u0103<\/p>\n<\/li>\n<li data-start=\"593\" data-end=\"669\">\n<p data-start=\"595\" data-end=\"669\">Design bold &amp; comfy pentru festivaluri, streetstyle \u0219i evenimente muzicale<\/p>\n<\/li>\n<\/ul>\n<p data-start=\"671\" data-end=\"902\" data-is-last-node=\"\" data-is-only-node=\"\"><strong data-start=\"671\" data-end=\"696\">\u00cengrijire &amp; materiale<\/strong><br data-start=\"696\" data-end=\"699\" \/>Exterior: 100% piele natural\u0103.<br data-start=\"729\" data-end=\"732\" \/>Aten\u021bie: varianta \u201ezebra\u201d are imprimeu pe suport de piele \u00eentoars\u0103\u2014evita\u021bi contactul cu ap\u0103, detergen\u021bi sau \u0219erve\u021bele umede. Cur\u0103\u021ba\u021bi delicat, la uscat, cu o perie moale.<\/p>\n<\/div>\n<p>&nbsp;<\/p>\n<p><u><em><strong>PRODUS FABRICAT IN ROMANIA!<\/strong><\/em><\/u><\/p>\n<p><strong><i>Timp de realizare 10-12 zile lucratoare!<\/i><\/strong><\/p>\n<p>Marimi disponibile:\u00a0 35, 36 , 37 , 38 , 39, 40, 41<\/p>\n<p>Inaltime talpa: 4cm in fata, 6cm in spate.<\/p>\n<\/div>\n<\/div>\n<\/div>\n<div class=\"flex min-h-[46px] justify-start\"><\/div>\n<div class=\"mt-3 w-full empty:hidden\">\n<div class=\"text-center\">\n<div>\n<div class=\"inline-flex border border-gray-100 dark:border-gray-700 rounded-xl\">\n<div class=\"text-token-text-secondary flex items-center justify-center gap-4 px-4 py-2.5 text-sm whitespace-nowrap\"><\/div>\n<\/div>\n<\/div>\n<\/div>\n<\/div>","protected":false},"excerpt":{"rendered":"<p>Creeaz\u0103-\u021bi outfitul perfect de festival cu aceste sandale statement, realizate 100% handmade din piele natural\u0103 premium. Inspirate din streetwear-ul contemporan<\/p>","protected":false},"featured_media":616532,"comment_status":"open","ping_status":"closed","template":"","meta":[],"product_brand":[252],"product_cat":[30],"product_tag":[],"class_list":{"0":"post-29390","1":"product","2":"type-product","3":"status-publish","4":"has-post-thumbnail","6":"product_brand-exclusives","7":"product_cat-sandale","9":"first","10":"instock","11":"shipping-taxable","12":"purchasable","13":"product-type-variable","14":"has-default-attributes"},"yoast_head":"<!-- This site is optimized with the Yoast SEO plugin v27.4 - https:\/\/yoast.com\/product\/yoast-seo-wordpress\/ -->\n<title>Sandale - Baby - Exclusives<\/title>\n<meta name=\"description\" content=\"Creeaz\u0103-\u021bi outfitul perfect de festival cu aceste sandale statement, realizate 100% handmade din piele natural\u0103 premium. Inspirate din streetwear-ul\" \/>\n<meta name=\"robots\" content=\"noindex, follow, max-snippet:-1, max-image-preview:large, max-video-preview:-1\" \/>\n<meta property=\"og:locale\" content=\"en_US\" \/>\n<meta property=\"og:type\" content=\"article\" \/>\n<meta property=\"og:title\" content=\"Sandale - Baby - Exclusives\" \/>\n<meta property=\"og:description\" content=\"Creeaz\u0103-\u021bi outfitul perfect de festival cu aceste sandale statement, realizate 100% handmade din piele natural\u0103 premium. Inspirate din streetwear-ul\" \/>\n<meta property=\"og:url\" content=\"https:\/\/exclusives.ro\/en\/product\/sandale-baby\/\" \/>\n<meta property=\"og:site_name\" content=\"Exclusives\" \/>\n<meta property=\"article:modified_time\" content=\"2026-04-16T06:27:42+00:00\" \/>\n<meta property=\"og:image\" content=\"https:\/\/exclusives.ro\/wp-content\/uploads\/2025\/09\/ChatGPT-Image-Mar-26-2026-09_01_54-PM.png\" \/>\n\t<meta property=\"og:image:width\" content=\"1024\" \/>\n\t<meta property=\"og:image:height\" content=\"1536\" \/>\n\t<meta property=\"og:image:type\" content=\"image\/png\" \/>\n<meta name=\"twitter:card\" content=\"summary_large_image\" \/>\n<meta name=\"twitter:label1\" content=\"Est. reading time\" \/>\n\t<meta name=\"twitter:data1\" content=\"1 minute\" \/>\n<script type=\"application\/ld+json\" class=\"yoast-schema-graph\">{\"@context\":\"https:\\\/\\\/schema.org\",\"@graph\":[{\"@type\":\"WebPage\",\"@id\":\"https:\\\/\\\/exclusives.ro\\\/produs\\\/sandale-baby\\\/\",\"url\":\"https:\\\/\\\/exclusives.ro\\\/produs\\\/sandale-baby\\\/\",\"name\":\"Sandale - Baby - Exclusives\",\"isPartOf\":{\"@id\":\"https:\\\/\\\/exclusives.ro\\\/#website\"},\"primaryImageOfPage\":{\"@id\":\"https:\\\/\\\/exclusives.ro\\\/produs\\\/sandale-baby\\\/#primaryimage\"},\"image\":{\"@id\":\"https:\\\/\\\/exclusives.ro\\\/produs\\\/sandale-baby\\\/#primaryimage\"},\"thumbnailUrl\":\"https:\\\/\\\/exclusives.ro\\\/wp-content\\\/uploads\\\/2025\\\/09\\\/ChatGPT-Image-Mar-26-2026-09_01_54-PM.png\",\"datePublished\":\"2025-09-03T13:44:03+00:00\",\"dateModified\":\"2026-04-16T06:27:42+00:00\",\"description\":\"Creeaz\u0103-\u021bi outfitul perfect de festival cu aceste sandale statement, realizate 100% handmade din piele natural\u0103 premium. Inspirate din streetwear-ul\",\"breadcrumb\":{\"@id\":\"https:\\\/\\\/exclusives.ro\\\/produs\\\/sandale-baby\\\/#breadcrumb\"},\"inLanguage\":\"en-US\",\"potentialAction\":[{\"@type\":\"ReadAction\",\"target\":[\"https:\\\/\\\/exclusives.ro\\\/produs\\\/sandale-baby\\\/\"]}]},{\"@type\":\"ImageObject\",\"inLanguage\":\"en-US\",\"@id\":\"https:\\\/\\\/exclusives.ro\\\/produs\\\/sandale-baby\\\/#primaryimage\",\"url\":\"https:\\\/\\\/exclusives.ro\\\/wp-content\\\/uploads\\\/2025\\\/09\\\/ChatGPT-Image-Mar-26-2026-09_01_54-PM.png\",\"contentUrl\":\"https:\\\/\\\/exclusives.ro\\\/wp-content\\\/uploads\\\/2025\\\/09\\\/ChatGPT-Image-Mar-26-2026-09_01_54-PM.png\",\"width\":1024,\"height\":1536},{\"@type\":\"BreadcrumbList\",\"@id\":\"https:\\\/\\\/exclusives.ro\\\/produs\\\/sandale-baby\\\/#breadcrumb\",\"itemListElement\":[{\"@type\":\"ListItem\",\"position\":1,\"name\":\"Home\",\"item\":\"https:\\\/\\\/exclusives.ro\\\/\"},{\"@type\":\"ListItem\",\"position\":2,\"name\":\"Pantofi\",\"item\":\"https:\\\/\\\/exclusives.ro\\\/shop\\\/\"},{\"@type\":\"ListItem\",\"position\":3,\"name\":\"Sandale &#8211; Baby\"}]},{\"@type\":\"WebSite\",\"@id\":\"https:\\\/\\\/exclusives.ro\\\/#website\",\"url\":\"https:\\\/\\\/exclusives.ro\\\/\",\"name\":\"Exclusives\",\"description\":\"\",\"potentialAction\":[{\"@type\":\"SearchAction\",\"target\":{\"@type\":\"EntryPoint\",\"urlTemplate\":\"https:\\\/\\\/exclusives.ro\\\/?s={search_term_string}\"},\"query-input\":{\"@type\":\"PropertyValueSpecification\",\"valueRequired\":true,\"valueName\":\"search_term_string\"}}],\"inLanguage\":\"en-US\"}]}<\/script>\n<!-- \/ Yoast SEO plugin. -->","yoast_head_json":{"title":"Sandale - Baby - Exclusives","description":"Creeaz\u0103-\u021bi outfitul perfect de festival cu aceste sandale statement, realizate 100% handmade din piele natural\u0103 premium. Inspirate din streetwear-ul","robots":{"index":"noindex","follow":"follow","max-snippet":"max-snippet:-1","max-image-preview":"max-image-preview:large","max-video-preview":"max-video-preview:-1"},"og_locale":"en_US","og_type":"article","og_title":"Sandale - Baby - Exclusives","og_description":"Creeaz\u0103-\u021bi outfitul perfect de festival cu aceste sandale statement, realizate 100% handmade din piele natural\u0103 premium. Inspirate din streetwear-ul","og_url":"https:\/\/exclusives.ro\/en\/product\/sandale-baby\/","og_site_name":"Exclusives","article_modified_time":"2026-04-16T06:27:42+00:00","og_image":[{"width":1024,"height":1536,"url":"https:\/\/exclusives.ro\/wp-content\/uploads\/2025\/09\/ChatGPT-Image-Mar-26-2026-09_01_54-PM.png","type":"image\/png"}],"twitter_card":"summary_large_image","twitter_misc":{"Est. reading time":"1 minute"},"schema":{"@context":"https:\/\/schema.org","@graph":[{"@type":"WebPage","@id":"https:\/\/exclusives.ro\/produs\/sandale-baby\/","url":"https:\/\/exclusives.ro\/produs\/sandale-baby\/","name":"Sandale - Baby - Exclusives","isPartOf":{"@id":"https:\/\/exclusives.ro\/#website"},"primaryImageOfPage":{"@id":"https:\/\/exclusives.ro\/produs\/sandale-baby\/#primaryimage"},"image":{"@id":"https:\/\/exclusives.ro\/produs\/sandale-baby\/#primaryimage"},"thumbnailUrl":"https:\/\/exclusives.ro\/wp-content\/uploads\/2025\/09\/ChatGPT-Image-Mar-26-2026-09_01_54-PM.png","datePublished":"2025-09-03T13:44:03+00:00","dateModified":"2026-04-16T06:27:42+00:00","description":"Creeaz\u0103-\u021bi outfitul perfect de festival cu aceste sandale statement, realizate 100% handmade din piele natural\u0103 premium. Inspirate din streetwear-ul","breadcrumb":{"@id":"https:\/\/exclusives.ro\/produs\/sandale-baby\/#breadcrumb"},"inLanguage":"en-US","potentialAction":[{"@type":"ReadAction","target":["https:\/\/exclusives.ro\/produs\/sandale-baby\/"]}]},{"@type":"ImageObject","inLanguage":"en-US","@id":"https:\/\/exclusives.ro\/produs\/sandale-baby\/#primaryimage","url":"https:\/\/exclusives.ro\/wp-content\/uploads\/2025\/09\/ChatGPT-Image-Mar-26-2026-09_01_54-PM.png","contentUrl":"https:\/\/exclusives.ro\/wp-content\/uploads\/2025\/09\/ChatGPT-Image-Mar-26-2026-09_01_54-PM.png","width":1024,"height":1536},{"@type":"BreadcrumbList","@id":"https:\/\/exclusives.ro\/produs\/sandale-baby\/#breadcrumb","itemListElement":[{"@type":"ListItem","position":1,"name":"Home","item":"https:\/\/exclusives.ro\/"},{"@type":"ListItem","position":2,"name":"Pantofi","item":"https:\/\/exclusives.ro\/shop\/"},{"@type":"ListItem","position":3,"name":"Sandale &#8211; Baby"}]},{"@type":"WebSite","@id":"https:\/\/exclusives.ro\/#website","url":"https:\/\/exclusives.ro\/","name":"Exclusives","description":"","potentialAction":[{"@type":"SearchAction","target":{"@type":"EntryPoint","urlTemplate":"https:\/\/exclusives.ro\/?s={search_term_string}"},"query-input":{"@type":"PropertyValueSpecification","valueRequired":true,"valueName":"search_term_string"}}],"inLanguage":"en-US"}]}},"jetpack_sharing_enabled":true,"_links":{"self":[{"href":"https:\/\/exclusives.ro\/en\/wp-json\/wp\/v2\/product\/29390","targetHints":{"allow":["GET"]}}],"collection":[{"href":"https:\/\/exclusives.ro\/en\/wp-json\/wp\/v2\/product"}],"about":[{"href":"https:\/\/exclusives.ro\/en\/wp-json\/wp\/v2\/types\/product"}],"replies":[{"embeddable":true,"href":"https:\/\/exclusives.ro\/en\/wp-json\/wp\/v2\/comments?post=29390"}],"version-history":[{"count":3,"href":"https:\/\/exclusives.ro\/en\/wp-json\/wp\/v2\/product\/29390\/revisions"}],"predecessor-version":[{"id":616581,"href":"https:\/\/exclusives.ro\/en\/wp-json\/wp\/v2\/product\/29390\/revisions\/616581"}],"wp:featuredmedia":[{"embeddable":true,"href":"https:\/\/exclusives.ro\/en\/wp-json\/wp\/v2\/media\/616532"}],"wp:attachment":[{"href":"https:\/\/exclusives.ro\/en\/wp-json\/wp\/v2\/media?parent=29390"}],"wp:term":[{"taxonomy":"product_brand","embeddable":true,"href":"https:\/\/exclusives.ro\/en\/wp-json\/wp\/v2\/product_brand?post=29390"},{"taxonomy":"product_cat","embeddable":true,"href":"https:\/\/exclusives.ro\/en\/wp-json\/wp\/v2\/product_cat?post=29390"},{"taxonomy":"product_tag","embeddable":true,"href":"https:\/\/exclusives.ro\/en\/wp-json\/wp\/v2\/product_tag?post=29390"}],"curies":[{"name":"wp","href":"https:\/\/api.w.org\/{rel}","templated":true}]}}