{"id":29913,"date":"2025-10-09T13:06:41","date_gmt":"2025-10-09T13:06:41","guid":{"rendered":"https:\/\/exclusives.fastapp.ro\/?post_type=product&#038;p=29913"},"modified":"2026-01-30T14:16:03","modified_gmt":"2026-01-30T14:16:03","slug":"ghete-slouchy-long","status":"publish","type":"product","link":"https:\/\/exclusives.ro\/en\/product\/ghete-slouchy-long\/","title":{"rendered":"Ghete &#8211; Slouchy Long"},"content":{"rendered":"<p data-start=\"245\" data-end=\"482\">Transform\u0103 orice apari\u021bie \u00eentr-un statement de stil cu aceste cizme din piele natural\u0103 neagr\u0103, cu design lejer \u0219i talp\u0103 chunky. Silueta ampl\u0103 \u0219i textura premium creeaz\u0103 un contrast spectaculos \u00eentre elegan\u021ba clasic\u0103 \u0219i atitudinea urban\u0103.<\/p>\n<p data-start=\"484\" data-end=\"662\">Create manual \u00een Rom\u00e2nia, sunt perfecte pentru zilele \u00een care vrei s\u0103 atragi aten\u021bia printr-o prezen\u021b\u0103 puternic\u0103 \u0219i sofisticat\u0103 \u2013 f\u0103r\u0103 compromisuri \u00een ceea ce prive\u0219te confortul.<\/p>\n<div>\u00a0Piele natural\u0103 moale, cu finisaj satinat<\/div>\n<div>\u00a0Design tip \u201eslouchy boot\u201d cu aspect plisat<\/div>\n<div>\u00a0Talp\u0103 groas\u0103, stabil\u0103, u\u0219oar\u0103 \u0219i aderent\u0103<\/div>\n<div>\u00a0Potrivite pentru \u021binute all black, layering minimalist sau accente metalice<\/div>\n<div>\u00a0Handmade 100% \u00een Rom\u00e2nia<\/div>\n<div><\/div>\n<div><strong data-start=\"902\" data-end=\"919\">Cum le por\u021bi:<\/strong><\/div>\n<div>Poart\u0103-le cu pantaloni skinny, rochii midi din bumbac, sau colan\u021bi din piele ecologic\u0103. Adaug\u0103 o jachet\u0103 oversized, ochelari de soare rotunzi \u0219i o geant\u0103 crossbody pentru un look urban cu influen\u021be edgy \u0219i futuriste.<\/div>\n<p>&nbsp;<\/p>\n<h3><b>Inaltimea talpii: 4cm in fata si 6cm in spate.<\/b><\/h3>\n<div>\n<p>&nbsp;<\/p>\n<p><u><em><strong>PRODUS FABRICAT IN ROMANIA!<\/strong><\/em><\/u><\/p>\n<p>Marimi disponibile:\u00a0 35, 36 , 37 , 38 , 39, 40<\/p>\n<p><strong><i>TERMEN DE REALIZARE\u00a012-14 ZILE LUCRATOARE<\/i><\/strong><\/p>\n<\/div>","protected":false},"excerpt":{"rendered":"<p>Transform\u0103 orice apari\u021bie \u00eentr-un statement de stil cu aceste cizme din piele natural\u0103 neagr\u0103, cu design lejer \u0219i talp\u0103 chunky.<\/p>","protected":false},"featured_media":174527,"comment_status":"open","ping_status":"closed","template":"","meta":[],"product_brand":[252],"product_cat":[20],"product_tag":[],"class_list":{"0":"post-29913","1":"product","2":"type-product","3":"status-publish","4":"has-post-thumbnail","6":"product_brand-exclusives","7":"product_cat-bocanci-ghete","9":"first","10":"instock","11":"shipping-taxable","12":"purchasable","13":"product-type-variable","14":"has-default-attributes"},"yoast_head":"<!-- This site is optimized with the Yoast SEO plugin v27.4 - https:\/\/yoast.com\/product\/yoast-seo-wordpress\/ -->\n<title>Ghete - Slouchy Long - Exclusives<\/title>\n<meta name=\"description\" content=\"Transform\u0103 orice apari\u021bie \u00eentr-un statement de stil cu aceste cizme din piele natural\u0103 neagr\u0103, cu design lejer \u0219i talp\u0103 chunky. Silueta ampl\u0103 \u0219i textura\" \/>\n<meta name=\"robots\" content=\"noindex, follow, max-snippet:-1, max-image-preview:large, max-video-preview:-1\" \/>\n<meta property=\"og:locale\" content=\"en_US\" \/>\n<meta property=\"og:type\" content=\"article\" \/>\n<meta property=\"og:title\" content=\"Ghete - Slouchy Long - Exclusives\" \/>\n<meta property=\"og:description\" content=\"Transform\u0103 orice apari\u021bie \u00eentr-un statement de stil cu aceste cizme din piele natural\u0103 neagr\u0103, cu design lejer \u0219i talp\u0103 chunky. Silueta ampl\u0103 \u0219i textura\" \/>\n<meta property=\"og:url\" content=\"https:\/\/exclusives.ro\/en\/product\/ghete-slouchy-long\/\" \/>\n<meta property=\"og:site_name\" content=\"Exclusives\" \/>\n<meta property=\"article:modified_time\" content=\"2026-01-30T14:16:03+00:00\" \/>\n<meta property=\"og:image\" content=\"https:\/\/exclusives.ro\/wp-content\/uploads\/2025\/10\/SSS02958.jpg\" \/>\n\t<meta property=\"og:image:width\" content=\"1365\" \/>\n\t<meta property=\"og:image:height\" content=\"2048\" \/>\n\t<meta property=\"og:image:type\" content=\"image\/jpeg\" \/>\n<meta name=\"twitter:card\" content=\"summary_large_image\" \/>\n<meta name=\"twitter:label1\" content=\"Est. reading time\" \/>\n\t<meta name=\"twitter:data1\" content=\"1 minute\" \/>\n<script type=\"application\/ld+json\" class=\"yoast-schema-graph\">{\"@context\":\"https:\\\/\\\/schema.org\",\"@graph\":[{\"@type\":\"WebPage\",\"@id\":\"https:\\\/\\\/exclusives.ro\\\/produs\\\/ghete-slouchy-long\\\/\",\"url\":\"https:\\\/\\\/exclusives.ro\\\/produs\\\/ghete-slouchy-long\\\/\",\"name\":\"Ghete - Slouchy Long - Exclusives\",\"isPartOf\":{\"@id\":\"https:\\\/\\\/exclusives.ro\\\/#website\"},\"primaryImageOfPage\":{\"@id\":\"https:\\\/\\\/exclusives.ro\\\/produs\\\/ghete-slouchy-long\\\/#primaryimage\"},\"image\":{\"@id\":\"https:\\\/\\\/exclusives.ro\\\/produs\\\/ghete-slouchy-long\\\/#primaryimage\"},\"thumbnailUrl\":\"https:\\\/\\\/exclusives.ro\\\/wp-content\\\/uploads\\\/2025\\\/10\\\/SSS02958.jpg\",\"datePublished\":\"2025-10-09T13:06:41+00:00\",\"dateModified\":\"2026-01-30T14:16:03+00:00\",\"description\":\"Transform\u0103 orice apari\u021bie \u00eentr-un statement de stil cu aceste cizme din piele natural\u0103 neagr\u0103, cu design lejer \u0219i talp\u0103 chunky. Silueta ampl\u0103 \u0219i textura\",\"breadcrumb\":{\"@id\":\"https:\\\/\\\/exclusives.ro\\\/produs\\\/ghete-slouchy-long\\\/#breadcrumb\"},\"inLanguage\":\"en-US\",\"potentialAction\":[{\"@type\":\"ReadAction\",\"target\":[\"https:\\\/\\\/exclusives.ro\\\/produs\\\/ghete-slouchy-long\\\/\"]}]},{\"@type\":\"ImageObject\",\"inLanguage\":\"en-US\",\"@id\":\"https:\\\/\\\/exclusives.ro\\\/produs\\\/ghete-slouchy-long\\\/#primaryimage\",\"url\":\"https:\\\/\\\/exclusives.ro\\\/wp-content\\\/uploads\\\/2025\\\/10\\\/SSS02958.jpg\",\"contentUrl\":\"https:\\\/\\\/exclusives.ro\\\/wp-content\\\/uploads\\\/2025\\\/10\\\/SSS02958.jpg\",\"width\":1365,\"height\":2048},{\"@type\":\"BreadcrumbList\",\"@id\":\"https:\\\/\\\/exclusives.ro\\\/produs\\\/ghete-slouchy-long\\\/#breadcrumb\",\"itemListElement\":[{\"@type\":\"ListItem\",\"position\":1,\"name\":\"Home\",\"item\":\"https:\\\/\\\/exclusives.ro\\\/\"},{\"@type\":\"ListItem\",\"position\":2,\"name\":\"Pantofi\",\"item\":\"https:\\\/\\\/exclusives.ro\\\/shop\\\/\"},{\"@type\":\"ListItem\",\"position\":3,\"name\":\"Ghete &#8211; Slouchy Long\"}]},{\"@type\":\"WebSite\",\"@id\":\"https:\\\/\\\/exclusives.ro\\\/#website\",\"url\":\"https:\\\/\\\/exclusives.ro\\\/\",\"name\":\"Exclusives\",\"description\":\"\",\"potentialAction\":[{\"@type\":\"SearchAction\",\"target\":{\"@type\":\"EntryPoint\",\"urlTemplate\":\"https:\\\/\\\/exclusives.ro\\\/?s={search_term_string}\"},\"query-input\":{\"@type\":\"PropertyValueSpecification\",\"valueRequired\":true,\"valueName\":\"search_term_string\"}}],\"inLanguage\":\"en-US\"}]}<\/script>\n<!-- \/ Yoast SEO plugin. -->","yoast_head_json":{"title":"Ghete - Slouchy Long - Exclusives","description":"Transform\u0103 orice apari\u021bie \u00eentr-un statement de stil cu aceste cizme din piele natural\u0103 neagr\u0103, cu design lejer \u0219i talp\u0103 chunky. Silueta ampl\u0103 \u0219i textura","robots":{"index":"noindex","follow":"follow","max-snippet":"max-snippet:-1","max-image-preview":"max-image-preview:large","max-video-preview":"max-video-preview:-1"},"og_locale":"en_US","og_type":"article","og_title":"Ghete - Slouchy Long - Exclusives","og_description":"Transform\u0103 orice apari\u021bie \u00eentr-un statement de stil cu aceste cizme din piele natural\u0103 neagr\u0103, cu design lejer \u0219i talp\u0103 chunky. Silueta ampl\u0103 \u0219i textura","og_url":"https:\/\/exclusives.ro\/en\/product\/ghete-slouchy-long\/","og_site_name":"Exclusives","article_modified_time":"2026-01-30T14:16:03+00:00","og_image":[{"width":1365,"height":2048,"url":"https:\/\/exclusives.ro\/wp-content\/uploads\/2025\/10\/SSS02958.jpg","type":"image\/jpeg"}],"twitter_card":"summary_large_image","twitter_misc":{"Est. reading time":"1 minute"},"schema":{"@context":"https:\/\/schema.org","@graph":[{"@type":"WebPage","@id":"https:\/\/exclusives.ro\/produs\/ghete-slouchy-long\/","url":"https:\/\/exclusives.ro\/produs\/ghete-slouchy-long\/","name":"Ghete - Slouchy Long - Exclusives","isPartOf":{"@id":"https:\/\/exclusives.ro\/#website"},"primaryImageOfPage":{"@id":"https:\/\/exclusives.ro\/produs\/ghete-slouchy-long\/#primaryimage"},"image":{"@id":"https:\/\/exclusives.ro\/produs\/ghete-slouchy-long\/#primaryimage"},"thumbnailUrl":"https:\/\/exclusives.ro\/wp-content\/uploads\/2025\/10\/SSS02958.jpg","datePublished":"2025-10-09T13:06:41+00:00","dateModified":"2026-01-30T14:16:03+00:00","description":"Transform\u0103 orice apari\u021bie \u00eentr-un statement de stil cu aceste cizme din piele natural\u0103 neagr\u0103, cu design lejer \u0219i talp\u0103 chunky. Silueta ampl\u0103 \u0219i textura","breadcrumb":{"@id":"https:\/\/exclusives.ro\/produs\/ghete-slouchy-long\/#breadcrumb"},"inLanguage":"en-US","potentialAction":[{"@type":"ReadAction","target":["https:\/\/exclusives.ro\/produs\/ghete-slouchy-long\/"]}]},{"@type":"ImageObject","inLanguage":"en-US","@id":"https:\/\/exclusives.ro\/produs\/ghete-slouchy-long\/#primaryimage","url":"https:\/\/exclusives.ro\/wp-content\/uploads\/2025\/10\/SSS02958.jpg","contentUrl":"https:\/\/exclusives.ro\/wp-content\/uploads\/2025\/10\/SSS02958.jpg","width":1365,"height":2048},{"@type":"BreadcrumbList","@id":"https:\/\/exclusives.ro\/produs\/ghete-slouchy-long\/#breadcrumb","itemListElement":[{"@type":"ListItem","position":1,"name":"Home","item":"https:\/\/exclusives.ro\/"},{"@type":"ListItem","position":2,"name":"Pantofi","item":"https:\/\/exclusives.ro\/shop\/"},{"@type":"ListItem","position":3,"name":"Ghete &#8211; Slouchy Long"}]},{"@type":"WebSite","@id":"https:\/\/exclusives.ro\/#website","url":"https:\/\/exclusives.ro\/","name":"Exclusives","description":"","potentialAction":[{"@type":"SearchAction","target":{"@type":"EntryPoint","urlTemplate":"https:\/\/exclusives.ro\/?s={search_term_string}"},"query-input":{"@type":"PropertyValueSpecification","valueRequired":true,"valueName":"search_term_string"}}],"inLanguage":"en-US"}]}},"jetpack_sharing_enabled":true,"_links":{"self":[{"href":"https:\/\/exclusives.ro\/en\/wp-json\/wp\/v2\/product\/29913","targetHints":{"allow":["GET"]}}],"collection":[{"href":"https:\/\/exclusives.ro\/en\/wp-json\/wp\/v2\/product"}],"about":[{"href":"https:\/\/exclusives.ro\/en\/wp-json\/wp\/v2\/types\/product"}],"replies":[{"embeddable":true,"href":"https:\/\/exclusives.ro\/en\/wp-json\/wp\/v2\/comments?post=29913"}],"version-history":[{"count":1,"href":"https:\/\/exclusives.ro\/en\/wp-json\/wp\/v2\/product\/29913\/revisions"}],"predecessor-version":[{"id":390315,"href":"https:\/\/exclusives.ro\/en\/wp-json\/wp\/v2\/product\/29913\/revisions\/390315"}],"wp:featuredmedia":[{"embeddable":true,"href":"https:\/\/exclusives.ro\/en\/wp-json\/wp\/v2\/media\/174527"}],"wp:attachment":[{"href":"https:\/\/exclusives.ro\/en\/wp-json\/wp\/v2\/media?parent=29913"}],"wp:term":[{"taxonomy":"product_brand","embeddable":true,"href":"https:\/\/exclusives.ro\/en\/wp-json\/wp\/v2\/product_brand?post=29913"},{"taxonomy":"product_cat","embeddable":true,"href":"https:\/\/exclusives.ro\/en\/wp-json\/wp\/v2\/product_cat?post=29913"},{"taxonomy":"product_tag","embeddable":true,"href":"https:\/\/exclusives.ro\/en\/wp-json\/wp\/v2\/product_tag?post=29913"}],"curies":[{"name":"wp","href":"https:\/\/api.w.org\/{rel}","templated":true}]}}