{"id":30016,"date":"2025-10-09T16:22:11","date_gmt":"2025-10-09T16:22:11","guid":{"rendered":"https:\/\/exclusives.fastapp.ro\/?post_type=product&#038;p=30016"},"modified":"2026-03-25T16:52:31","modified_gmt":"2026-03-25T16:52:31","slug":"ciocate-cowboy","status":"publish","type":"product","link":"https:\/\/exclusives.ro\/en\/product\/ciocate-cowboy\/","title":{"rendered":"Ciocate &#8211; Cowboy"},"content":{"rendered":"<p data-start=\"76\" data-end=\"335\"><strong data-start=\"76\" data-end=\"335\">Elegan\u021b\u0103 western reinterpretat\u0103 \u2013 aceste cizme cu toc gros \u0219i v\u00e2rf ascu\u021bit \u00eembin\u0103 rafinamentul urban cu spiritul liber al vestului s\u0103lbatic. Construc\u021bia din piele \u00eentoars\u0103 fin\u0103 \u0219i finisajele metalice subtile transform\u0103 orice pas \u00eentr-o declara\u021bie de stil.<\/strong><\/p>\n<p data-start=\"76\" data-end=\"335\"><strong data-start=\"76\" data-end=\"335\"><br \/>\n<\/strong>100% piele natural\u0103 \u00eentoars\u0103, de calitate superioar\u0103<\/p>\n<p data-start=\"76\" data-end=\"335\">V\u00e2rf metalic pentru un plus de atitudine \u0219i protec\u021bie<\/p>\n<p data-start=\"76\" data-end=\"335\">Toc gros, stabil \u0219i confortabil, cu design stratificat din lemn<\/p>\n<p data-start=\"76\" data-end=\"335\">\u00cenchidere lateral\u0103 discret\u0103 pentru o \u00eenc\u0103l\u021bare u\u0219oar\u0103<\/p>\n<p data-start=\"76\" data-end=\"335\">Lucrate manual cu aten\u021bie la detalii<\/p>\n<p data-start=\"76\" data-end=\"335\">Fabricate \u00een Rom\u00e2nia<\/p>\n<p>&nbsp;<\/p>\n<p data-start=\"645\" data-end=\"890\"><strong data-start=\"645\" data-end=\"889\">Perfecte pentru femeile care iubesc mixul dintre tradi\u021bional \u0219i contemporan, aceste cizme adaug\u0103 un aer cool \u0219i sofisticat \u021binutelor casual sau boho-chic. Poart\u0103-le cu rochii vaporoase, denim sau piele \u2013 \u0219i las\u0103-le s\u0103 vorbeasc\u0103 pentru tine.<\/strong><\/p>\n<p><u><em><strong>PRODUS FABRICAT IN ROMANIA!<\/strong><\/em><\/u><\/p>\n<p><strong><i>Timp de realizare 7-12 zile lucratoare!<\/i><\/strong><\/p>\n<p>Marimi disponibile:\u00a0 36 , 37 , 38 , 39, 40<\/p>\n<p>Inaltime toc: 7cm.<\/p>","protected":false},"excerpt":{"rendered":"<p>Elegan\u021b\u0103 western reinterpretat\u0103 \u2013 aceste cizme cu toc gros \u0219i v\u00e2rf ascu\u021bit \u00eembin\u0103 rafinamentul urban cu spiritul liber al vestului<\/p>","protected":false},"featured_media":615893,"comment_status":"open","ping_status":"closed","template":"","meta":[],"product_brand":[252],"product_cat":[89],"product_tag":[],"class_list":{"0":"post-30016","1":"product","2":"type-product","3":"status-publish","4":"has-post-thumbnail","6":"product_brand-exclusives","7":"product_cat-ciocate","9":"first","10":"instock","11":"shipping-taxable","12":"purchasable","13":"product-type-variable","14":"has-default-attributes"},"yoast_head":"<!-- This site is optimized with the Yoast SEO plugin v27.4 - https:\/\/yoast.com\/product\/yoast-seo-wordpress\/ -->\n<title>Ciocate - Cowboy - Exclusives<\/title>\n<meta name=\"description\" content=\"Elegan\u021b\u0103 western reinterpretat\u0103 \u2013 aceste cizme cu toc gros \u0219i v\u00e2rf ascu\u021bit \u00eembin\u0103 rafinamentul urban cu spiritul liber al vestului s\u0103lbatic. Construc\u021bia\" \/>\n<meta name=\"robots\" content=\"noindex, follow, max-snippet:-1, max-image-preview:large, max-video-preview:-1\" \/>\n<meta property=\"og:locale\" content=\"en_US\" \/>\n<meta property=\"og:type\" content=\"article\" \/>\n<meta property=\"og:title\" content=\"Ciocate - Cowboy - Exclusives\" \/>\n<meta property=\"og:description\" content=\"Elegan\u021b\u0103 western reinterpretat\u0103 \u2013 aceste cizme cu toc gros \u0219i v\u00e2rf ascu\u021bit \u00eembin\u0103 rafinamentul urban cu spiritul liber al vestului s\u0103lbatic. Construc\u021bia\" \/>\n<meta property=\"og:url\" content=\"https:\/\/exclusives.ro\/en\/product\/ciocate-cowboy\/\" \/>\n<meta property=\"og:site_name\" content=\"Exclusives\" \/>\n<meta property=\"article:modified_time\" content=\"2026-03-25T16:52:31+00:00\" \/>\n<meta property=\"og:image\" content=\"https:\/\/exclusives.ro\/wp-content\/uploads\/2025\/10\/SSS02940.jpg\" \/>\n\t<meta property=\"og:image:width\" content=\"1365\" \/>\n\t<meta property=\"og:image:height\" content=\"2048\" \/>\n\t<meta property=\"og:image:type\" content=\"image\/jpeg\" \/>\n<meta name=\"twitter:card\" content=\"summary_large_image\" \/>\n<meta name=\"twitter:label1\" content=\"Est. reading time\" \/>\n\t<meta name=\"twitter:data1\" content=\"1 minute\" \/>\n<script type=\"application\/ld+json\" class=\"yoast-schema-graph\">{\"@context\":\"https:\\\/\\\/schema.org\",\"@graph\":[{\"@type\":\"WebPage\",\"@id\":\"https:\\\/\\\/exclusives.ro\\\/produs\\\/ciocate-cowboy\\\/\",\"url\":\"https:\\\/\\\/exclusives.ro\\\/produs\\\/ciocate-cowboy\\\/\",\"name\":\"Ciocate - Cowboy - Exclusives\",\"isPartOf\":{\"@id\":\"https:\\\/\\\/exclusives.ro\\\/#website\"},\"primaryImageOfPage\":{\"@id\":\"https:\\\/\\\/exclusives.ro\\\/produs\\\/ciocate-cowboy\\\/#primaryimage\"},\"image\":{\"@id\":\"https:\\\/\\\/exclusives.ro\\\/produs\\\/ciocate-cowboy\\\/#primaryimage\"},\"thumbnailUrl\":\"https:\\\/\\\/exclusives.ro\\\/wp-content\\\/uploads\\\/2025\\\/10\\\/SSS02940.jpg\",\"datePublished\":\"2025-10-09T16:22:11+00:00\",\"dateModified\":\"2026-03-25T16:52:31+00:00\",\"description\":\"Elegan\u021b\u0103 western reinterpretat\u0103 \u2013 aceste cizme cu toc gros \u0219i v\u00e2rf ascu\u021bit \u00eembin\u0103 rafinamentul urban cu spiritul liber al vestului s\u0103lbatic. Construc\u021bia\",\"breadcrumb\":{\"@id\":\"https:\\\/\\\/exclusives.ro\\\/produs\\\/ciocate-cowboy\\\/#breadcrumb\"},\"inLanguage\":\"en-US\",\"potentialAction\":[{\"@type\":\"ReadAction\",\"target\":[\"https:\\\/\\\/exclusives.ro\\\/produs\\\/ciocate-cowboy\\\/\"]}]},{\"@type\":\"ImageObject\",\"inLanguage\":\"en-US\",\"@id\":\"https:\\\/\\\/exclusives.ro\\\/produs\\\/ciocate-cowboy\\\/#primaryimage\",\"url\":\"https:\\\/\\\/exclusives.ro\\\/wp-content\\\/uploads\\\/2025\\\/10\\\/SSS02940.jpg\",\"contentUrl\":\"https:\\\/\\\/exclusives.ro\\\/wp-content\\\/uploads\\\/2025\\\/10\\\/SSS02940.jpg\",\"width\":1365,\"height\":2048},{\"@type\":\"BreadcrumbList\",\"@id\":\"https:\\\/\\\/exclusives.ro\\\/produs\\\/ciocate-cowboy\\\/#breadcrumb\",\"itemListElement\":[{\"@type\":\"ListItem\",\"position\":1,\"name\":\"Home\",\"item\":\"https:\\\/\\\/exclusives.ro\\\/\"},{\"@type\":\"ListItem\",\"position\":2,\"name\":\"Pantofi\",\"item\":\"https:\\\/\\\/exclusives.ro\\\/shop\\\/\"},{\"@type\":\"ListItem\",\"position\":3,\"name\":\"Ciocate &#8211; Cowboy\"}]},{\"@type\":\"WebSite\",\"@id\":\"https:\\\/\\\/exclusives.ro\\\/#website\",\"url\":\"https:\\\/\\\/exclusives.ro\\\/\",\"name\":\"Exclusives\",\"description\":\"\",\"potentialAction\":[{\"@type\":\"SearchAction\",\"target\":{\"@type\":\"EntryPoint\",\"urlTemplate\":\"https:\\\/\\\/exclusives.ro\\\/?s={search_term_string}\"},\"query-input\":{\"@type\":\"PropertyValueSpecification\",\"valueRequired\":true,\"valueName\":\"search_term_string\"}}],\"inLanguage\":\"en-US\"}]}<\/script>\n<!-- \/ Yoast SEO plugin. -->","yoast_head_json":{"title":"Ciocate - Cowboy - Exclusives","description":"Elegan\u021b\u0103 western reinterpretat\u0103 \u2013 aceste cizme cu toc gros \u0219i v\u00e2rf ascu\u021bit \u00eembin\u0103 rafinamentul urban cu spiritul liber al vestului s\u0103lbatic. Construc\u021bia","robots":{"index":"noindex","follow":"follow","max-snippet":"max-snippet:-1","max-image-preview":"max-image-preview:large","max-video-preview":"max-video-preview:-1"},"og_locale":"en_US","og_type":"article","og_title":"Ciocate - Cowboy - Exclusives","og_description":"Elegan\u021b\u0103 western reinterpretat\u0103 \u2013 aceste cizme cu toc gros \u0219i v\u00e2rf ascu\u021bit \u00eembin\u0103 rafinamentul urban cu spiritul liber al vestului s\u0103lbatic. Construc\u021bia","og_url":"https:\/\/exclusives.ro\/en\/product\/ciocate-cowboy\/","og_site_name":"Exclusives","article_modified_time":"2026-03-25T16:52:31+00:00","og_image":[{"width":1365,"height":2048,"url":"https:\/\/exclusives.ro\/wp-content\/uploads\/2025\/10\/SSS02940.jpg","type":"image\/jpeg"}],"twitter_card":"summary_large_image","twitter_misc":{"Est. reading time":"1 minute"},"schema":{"@context":"https:\/\/schema.org","@graph":[{"@type":"WebPage","@id":"https:\/\/exclusives.ro\/produs\/ciocate-cowboy\/","url":"https:\/\/exclusives.ro\/produs\/ciocate-cowboy\/","name":"Ciocate - Cowboy - Exclusives","isPartOf":{"@id":"https:\/\/exclusives.ro\/#website"},"primaryImageOfPage":{"@id":"https:\/\/exclusives.ro\/produs\/ciocate-cowboy\/#primaryimage"},"image":{"@id":"https:\/\/exclusives.ro\/produs\/ciocate-cowboy\/#primaryimage"},"thumbnailUrl":"https:\/\/exclusives.ro\/wp-content\/uploads\/2025\/10\/SSS02940.jpg","datePublished":"2025-10-09T16:22:11+00:00","dateModified":"2026-03-25T16:52:31+00:00","description":"Elegan\u021b\u0103 western reinterpretat\u0103 \u2013 aceste cizme cu toc gros \u0219i v\u00e2rf ascu\u021bit \u00eembin\u0103 rafinamentul urban cu spiritul liber al vestului s\u0103lbatic. Construc\u021bia","breadcrumb":{"@id":"https:\/\/exclusives.ro\/produs\/ciocate-cowboy\/#breadcrumb"},"inLanguage":"en-US","potentialAction":[{"@type":"ReadAction","target":["https:\/\/exclusives.ro\/produs\/ciocate-cowboy\/"]}]},{"@type":"ImageObject","inLanguage":"en-US","@id":"https:\/\/exclusives.ro\/produs\/ciocate-cowboy\/#primaryimage","url":"https:\/\/exclusives.ro\/wp-content\/uploads\/2025\/10\/SSS02940.jpg","contentUrl":"https:\/\/exclusives.ro\/wp-content\/uploads\/2025\/10\/SSS02940.jpg","width":1365,"height":2048},{"@type":"BreadcrumbList","@id":"https:\/\/exclusives.ro\/produs\/ciocate-cowboy\/#breadcrumb","itemListElement":[{"@type":"ListItem","position":1,"name":"Home","item":"https:\/\/exclusives.ro\/"},{"@type":"ListItem","position":2,"name":"Pantofi","item":"https:\/\/exclusives.ro\/shop\/"},{"@type":"ListItem","position":3,"name":"Ciocate &#8211; Cowboy"}]},{"@type":"WebSite","@id":"https:\/\/exclusives.ro\/#website","url":"https:\/\/exclusives.ro\/","name":"Exclusives","description":"","potentialAction":[{"@type":"SearchAction","target":{"@type":"EntryPoint","urlTemplate":"https:\/\/exclusives.ro\/?s={search_term_string}"},"query-input":{"@type":"PropertyValueSpecification","valueRequired":true,"valueName":"search_term_string"}}],"inLanguage":"en-US"}]}},"jetpack_sharing_enabled":true,"_links":{"self":[{"href":"https:\/\/exclusives.ro\/en\/wp-json\/wp\/v2\/product\/30016","targetHints":{"allow":["GET"]}}],"collection":[{"href":"https:\/\/exclusives.ro\/en\/wp-json\/wp\/v2\/product"}],"about":[{"href":"https:\/\/exclusives.ro\/en\/wp-json\/wp\/v2\/types\/product"}],"replies":[{"embeddable":true,"href":"https:\/\/exclusives.ro\/en\/wp-json\/wp\/v2\/comments?post=30016"}],"version-history":[{"count":1,"href":"https:\/\/exclusives.ro\/en\/wp-json\/wp\/v2\/product\/30016\/revisions"}],"predecessor-version":[{"id":390410,"href":"https:\/\/exclusives.ro\/en\/wp-json\/wp\/v2\/product\/30016\/revisions\/390410"}],"wp:featuredmedia":[{"embeddable":true,"href":"https:\/\/exclusives.ro\/en\/wp-json\/wp\/v2\/media\/615893"}],"wp:attachment":[{"href":"https:\/\/exclusives.ro\/en\/wp-json\/wp\/v2\/media?parent=30016"}],"wp:term":[{"taxonomy":"product_brand","embeddable":true,"href":"https:\/\/exclusives.ro\/en\/wp-json\/wp\/v2\/product_brand?post=30016"},{"taxonomy":"product_cat","embeddable":true,"href":"https:\/\/exclusives.ro\/en\/wp-json\/wp\/v2\/product_cat?post=30016"},{"taxonomy":"product_tag","embeddable":true,"href":"https:\/\/exclusives.ro\/en\/wp-json\/wp\/v2\/product_tag?post=30016"}],"curies":[{"name":"wp","href":"https:\/\/api.w.org\/{rel}","templated":true}]}}