{"id":30228,"date":"2025-10-09T18:40:28","date_gmt":"2025-10-09T18:40:28","guid":{"rendered":"https:\/\/exclusives.fastapp.ro\/?post_type=product&#038;p=30228"},"modified":"2026-04-16T09:54:37","modified_gmt":"2026-04-16T09:54:37","slug":"ciocate-the-original","status":"publish","type":"product","link":"https:\/\/exclusives.ro\/en\/product\/ciocate-the-original\/","title":{"rendered":"Ciocate &#8211; The Original"},"content":{"rendered":"<p data-start=\"85\" data-end=\"375\"><strong data-start=\"85\" data-end=\"375\">Farmec western cu influen\u021be minimaliste \u2013 aceste botine din piele \u00eentoars\u0103 \u00eentr-o nuan\u021b\u0103 cald\u0103 de bej sunt create pentru femeia modern\u0103 care caut\u0103 echilibrul perfect \u00eentre stil \u0219i confort. Cu un design curat, v\u00e2rf metalic \u0219i toc robust, adaug\u0103 personalitate oric\u0103rei \u021binute de zi cu zi.<\/strong><\/p>\n<p data-start=\"85\" data-end=\"375\"><strong data-start=\"85\" data-end=\"375\"><br \/>\n<\/strong>100% piele natural\u0103 \u00eentoars\u0103, fin\u0103 la atingere<\/p>\n<p data-start=\"85\" data-end=\"375\">Toc gros din lemn stratificat, pentru stabilitate \u0219i confort<\/p>\n<p data-start=\"85\" data-end=\"375\">V\u00e2rf ascu\u021bit cu detaliu metalic pentru un plus de rafinament<\/p>\n<p data-start=\"85\" data-end=\"375\">Design pull-on cu bucle laterale, f\u0103r\u0103 fermoar<\/p>\n<p data-start=\"85\" data-end=\"375\">Lucrate manual \u00een Rom\u00e2nia, cu grij\u0103 pentru detalii<\/p>\n<p data-start=\"665\" data-end=\"899\"><strong data-start=\"665\" data-end=\"899\">Aceste botine sunt alegerea ideal\u0103 pentru \u021binutele smart-casual, festivaluri sau escapade urbane. Se potrivesc perfect cu rochii lejere, pantaloni scur\u021bi din denim sau jean\u0219i skinny, oferind un look echilibrat \u0219i u\u0219or de remarcat.<\/strong><\/p>\n<p>&nbsp;<\/p>\n<p><u><em><strong>PRODUS FABRICAT IN ROMANIA!<\/strong><\/em><\/u><\/p>\n<p><strong><i>Timp de realizare 7-12 zile lucratoare!<\/i><\/strong><\/p>\n<p>Marimi disponibile:\u00a0 36 , 37 , 38 , 39, 40<\/p>\n<p>Inaltime toc: 7cm.<\/p>","protected":false},"excerpt":{"rendered":"<p>Farmec western cu influen\u021be minimaliste \u2013 aceste botine din piele \u00eentoars\u0103 \u00eentr-o nuan\u021b\u0103 cald\u0103 de bej sunt create pentru femeia<\/p>","protected":false},"featured_media":37233,"comment_status":"open","ping_status":"closed","template":"","meta":[],"product_brand":[252],"product_cat":[89],"product_tag":[],"class_list":{"0":"post-30228","1":"product","2":"type-product","3":"status-publish","4":"has-post-thumbnail","6":"product_brand-exclusives","7":"product_cat-ciocate","9":"first","10":"instock","11":"sale","12":"shipping-taxable","13":"purchasable","14":"product-type-variable"},"yoast_head":"<!-- This site is optimized with the Yoast SEO plugin v27.4 - https:\/\/yoast.com\/product\/yoast-seo-wordpress\/ -->\n<title>Ciocate - The Original - Exclusives<\/title>\n<meta name=\"description\" content=\"Farmec western cu influen\u021be minimaliste \u2013 aceste botine din piele \u00eentoars\u0103 \u00eentr-o nuan\u021b\u0103 cald\u0103 de bej sunt create pentru femeia modern\u0103 care caut\u0103\" \/>\n<meta name=\"robots\" content=\"noindex, follow, max-snippet:-1, max-image-preview:large, max-video-preview:-1\" \/>\n<meta property=\"og:locale\" content=\"en_US\" \/>\n<meta property=\"og:type\" content=\"article\" \/>\n<meta property=\"og:title\" content=\"Ciocate - The Original - Exclusives\" \/>\n<meta property=\"og:description\" content=\"Farmec western cu influen\u021be minimaliste \u2013 aceste botine din piele \u00eentoars\u0103 \u00eentr-o nuan\u021b\u0103 cald\u0103 de bej sunt create pentru femeia modern\u0103 care caut\u0103\" \/>\n<meta property=\"og:url\" content=\"https:\/\/exclusives.ro\/en\/product\/ciocate-the-original\/\" \/>\n<meta property=\"og:site_name\" content=\"Exclusives\" \/>\n<meta property=\"article:modified_time\" content=\"2026-04-16T09:54:37+00:00\" \/>\n<meta property=\"og:image\" content=\"https:\/\/exclusives.ro\/wp-content\/uploads\/2025\/10\/SSS02986.jpg\" \/>\n\t<meta property=\"og:image:width\" content=\"1365\" \/>\n\t<meta property=\"og:image:height\" content=\"2048\" \/>\n\t<meta property=\"og:image:type\" content=\"image\/jpeg\" \/>\n<meta name=\"twitter:card\" content=\"summary_large_image\" \/>\n<meta name=\"twitter:label1\" content=\"Est. reading time\" \/>\n\t<meta name=\"twitter:data1\" content=\"1 minute\" \/>\n<script type=\"application\/ld+json\" class=\"yoast-schema-graph\">{\"@context\":\"https:\\\/\\\/schema.org\",\"@graph\":[{\"@type\":\"WebPage\",\"@id\":\"https:\\\/\\\/exclusives.ro\\\/produs\\\/ciocate-the-original\\\/\",\"url\":\"https:\\\/\\\/exclusives.ro\\\/produs\\\/ciocate-the-original\\\/\",\"name\":\"Ciocate - The Original - Exclusives\",\"isPartOf\":{\"@id\":\"https:\\\/\\\/exclusives.ro\\\/#website\"},\"primaryImageOfPage\":{\"@id\":\"https:\\\/\\\/exclusives.ro\\\/produs\\\/ciocate-the-original\\\/#primaryimage\"},\"image\":{\"@id\":\"https:\\\/\\\/exclusives.ro\\\/produs\\\/ciocate-the-original\\\/#primaryimage\"},\"thumbnailUrl\":\"https:\\\/\\\/exclusives.ro\\\/wp-content\\\/uploads\\\/2025\\\/10\\\/SSS02986.jpg\",\"datePublished\":\"2025-10-09T18:40:28+00:00\",\"dateModified\":\"2026-04-16T09:54:37+00:00\",\"description\":\"Farmec western cu influen\u021be minimaliste \u2013 aceste botine din piele \u00eentoars\u0103 \u00eentr-o nuan\u021b\u0103 cald\u0103 de bej sunt create pentru femeia modern\u0103 care caut\u0103\",\"breadcrumb\":{\"@id\":\"https:\\\/\\\/exclusives.ro\\\/produs\\\/ciocate-the-original\\\/#breadcrumb\"},\"inLanguage\":\"en-US\",\"potentialAction\":[{\"@type\":\"ReadAction\",\"target\":[\"https:\\\/\\\/exclusives.ro\\\/produs\\\/ciocate-the-original\\\/\"]}]},{\"@type\":\"ImageObject\",\"inLanguage\":\"en-US\",\"@id\":\"https:\\\/\\\/exclusives.ro\\\/produs\\\/ciocate-the-original\\\/#primaryimage\",\"url\":\"https:\\\/\\\/exclusives.ro\\\/wp-content\\\/uploads\\\/2025\\\/10\\\/SSS02986.jpg\",\"contentUrl\":\"https:\\\/\\\/exclusives.ro\\\/wp-content\\\/uploads\\\/2025\\\/10\\\/SSS02986.jpg\",\"width\":1365,\"height\":2048},{\"@type\":\"BreadcrumbList\",\"@id\":\"https:\\\/\\\/exclusives.ro\\\/produs\\\/ciocate-the-original\\\/#breadcrumb\",\"itemListElement\":[{\"@type\":\"ListItem\",\"position\":1,\"name\":\"Home\",\"item\":\"https:\\\/\\\/exclusives.ro\\\/\"},{\"@type\":\"ListItem\",\"position\":2,\"name\":\"Pantofi\",\"item\":\"https:\\\/\\\/exclusives.ro\\\/shop\\\/\"},{\"@type\":\"ListItem\",\"position\":3,\"name\":\"Ciocate &#8211; The Original\"}]},{\"@type\":\"WebSite\",\"@id\":\"https:\\\/\\\/exclusives.ro\\\/#website\",\"url\":\"https:\\\/\\\/exclusives.ro\\\/\",\"name\":\"Exclusives\",\"description\":\"\",\"potentialAction\":[{\"@type\":\"SearchAction\",\"target\":{\"@type\":\"EntryPoint\",\"urlTemplate\":\"https:\\\/\\\/exclusives.ro\\\/?s={search_term_string}\"},\"query-input\":{\"@type\":\"PropertyValueSpecification\",\"valueRequired\":true,\"valueName\":\"search_term_string\"}}],\"inLanguage\":\"en-US\"}]}<\/script>\n<!-- \/ Yoast SEO plugin. -->","yoast_head_json":{"title":"Ciocate - The Original - Exclusives","description":"Farmec western cu influen\u021be minimaliste \u2013 aceste botine din piele \u00eentoars\u0103 \u00eentr-o nuan\u021b\u0103 cald\u0103 de bej sunt create pentru femeia modern\u0103 care caut\u0103","robots":{"index":"noindex","follow":"follow","max-snippet":"max-snippet:-1","max-image-preview":"max-image-preview:large","max-video-preview":"max-video-preview:-1"},"og_locale":"en_US","og_type":"article","og_title":"Ciocate - The Original - Exclusives","og_description":"Farmec western cu influen\u021be minimaliste \u2013 aceste botine din piele \u00eentoars\u0103 \u00eentr-o nuan\u021b\u0103 cald\u0103 de bej sunt create pentru femeia modern\u0103 care caut\u0103","og_url":"https:\/\/exclusives.ro\/en\/product\/ciocate-the-original\/","og_site_name":"Exclusives","article_modified_time":"2026-04-16T09:54:37+00:00","og_image":[{"width":1365,"height":2048,"url":"https:\/\/exclusives.ro\/wp-content\/uploads\/2025\/10\/SSS02986.jpg","type":"image\/jpeg"}],"twitter_card":"summary_large_image","twitter_misc":{"Est. reading time":"1 minute"},"schema":{"@context":"https:\/\/schema.org","@graph":[{"@type":"WebPage","@id":"https:\/\/exclusives.ro\/produs\/ciocate-the-original\/","url":"https:\/\/exclusives.ro\/produs\/ciocate-the-original\/","name":"Ciocate - The Original - Exclusives","isPartOf":{"@id":"https:\/\/exclusives.ro\/#website"},"primaryImageOfPage":{"@id":"https:\/\/exclusives.ro\/produs\/ciocate-the-original\/#primaryimage"},"image":{"@id":"https:\/\/exclusives.ro\/produs\/ciocate-the-original\/#primaryimage"},"thumbnailUrl":"https:\/\/exclusives.ro\/wp-content\/uploads\/2025\/10\/SSS02986.jpg","datePublished":"2025-10-09T18:40:28+00:00","dateModified":"2026-04-16T09:54:37+00:00","description":"Farmec western cu influen\u021be minimaliste \u2013 aceste botine din piele \u00eentoars\u0103 \u00eentr-o nuan\u021b\u0103 cald\u0103 de bej sunt create pentru femeia modern\u0103 care caut\u0103","breadcrumb":{"@id":"https:\/\/exclusives.ro\/produs\/ciocate-the-original\/#breadcrumb"},"inLanguage":"en-US","potentialAction":[{"@type":"ReadAction","target":["https:\/\/exclusives.ro\/produs\/ciocate-the-original\/"]}]},{"@type":"ImageObject","inLanguage":"en-US","@id":"https:\/\/exclusives.ro\/produs\/ciocate-the-original\/#primaryimage","url":"https:\/\/exclusives.ro\/wp-content\/uploads\/2025\/10\/SSS02986.jpg","contentUrl":"https:\/\/exclusives.ro\/wp-content\/uploads\/2025\/10\/SSS02986.jpg","width":1365,"height":2048},{"@type":"BreadcrumbList","@id":"https:\/\/exclusives.ro\/produs\/ciocate-the-original\/#breadcrumb","itemListElement":[{"@type":"ListItem","position":1,"name":"Home","item":"https:\/\/exclusives.ro\/"},{"@type":"ListItem","position":2,"name":"Pantofi","item":"https:\/\/exclusives.ro\/shop\/"},{"@type":"ListItem","position":3,"name":"Ciocate &#8211; The Original"}]},{"@type":"WebSite","@id":"https:\/\/exclusives.ro\/#website","url":"https:\/\/exclusives.ro\/","name":"Exclusives","description":"","potentialAction":[{"@type":"SearchAction","target":{"@type":"EntryPoint","urlTemplate":"https:\/\/exclusives.ro\/?s={search_term_string}"},"query-input":{"@type":"PropertyValueSpecification","valueRequired":true,"valueName":"search_term_string"}}],"inLanguage":"en-US"}]}},"jetpack_sharing_enabled":true,"_links":{"self":[{"href":"https:\/\/exclusives.ro\/en\/wp-json\/wp\/v2\/product\/30228","targetHints":{"allow":["GET"]}}],"collection":[{"href":"https:\/\/exclusives.ro\/en\/wp-json\/wp\/v2\/product"}],"about":[{"href":"https:\/\/exclusives.ro\/en\/wp-json\/wp\/v2\/types\/product"}],"replies":[{"embeddable":true,"href":"https:\/\/exclusives.ro\/en\/wp-json\/wp\/v2\/comments?post=30228"}],"version-history":[{"count":1,"href":"https:\/\/exclusives.ro\/en\/wp-json\/wp\/v2\/product\/30228\/revisions"}],"predecessor-version":[{"id":615960,"href":"https:\/\/exclusives.ro\/en\/wp-json\/wp\/v2\/product\/30228\/revisions\/615960"}],"wp:featuredmedia":[{"embeddable":true,"href":"https:\/\/exclusives.ro\/en\/wp-json\/wp\/v2\/media\/37233"}],"wp:attachment":[{"href":"https:\/\/exclusives.ro\/en\/wp-json\/wp\/v2\/media?parent=30228"}],"wp:term":[{"taxonomy":"product_brand","embeddable":true,"href":"https:\/\/exclusives.ro\/en\/wp-json\/wp\/v2\/product_brand?post=30228"},{"taxonomy":"product_cat","embeddable":true,"href":"https:\/\/exclusives.ro\/en\/wp-json\/wp\/v2\/product_cat?post=30228"},{"taxonomy":"product_tag","embeddable":true,"href":"https:\/\/exclusives.ro\/en\/wp-json\/wp\/v2\/product_tag?post=30228"}],"curies":[{"name":"wp","href":"https:\/\/api.w.org\/{rel}","templated":true}]}}