{"id":30353,"date":"2025-10-09T19:16:54","date_gmt":"2025-10-09T19:16:54","guid":{"rendered":"https:\/\/exclusives.fastapp.ro\/?post_type=product&#038;p=30353"},"modified":"2026-01-30T14:57:31","modified_gmt":"2026-01-30T14:57:31","slug":"ghete-noto","status":"publish","type":"product","link":"https:\/\/exclusives.ro\/en\/product\/ghete-noto\/","title":{"rendered":"Ghete &#8211; Noto"},"content":{"rendered":"<p class=\"\" data-start=\"62\" data-end=\"144\">Un mix perfect \u00eentre stil \u0219i func\u021bionalitate, aceste ghete moderne cu platform\u0103 sunt confec\u021bionate manual din piele natural\u0103 premium \u0219i neopren elastic, pentru un confort absolut \u0219i un look futuristic. Designul minimalist este completat de silueta alungit\u0103 \u0219i banda reglabil\u0103, care ofer\u0103 un plus de stabilitate \u0219i stil.<\/p>\n<div>\u00a0100% piele natural\u0103 premium \u0219i neopren de calitate superioar\u0103<\/div>\n<div>\u00a0Fabricate manual \u00een Rom\u00e2nia<\/div>\n<div>\u00a0Talp\u0103 groas\u0103 \u0219i u\u0219oar\u0103 pentru confort pe tot parcursul zilei<\/div>\n<div>\u00a0Design contemporan, ideal pentru \u021binute casual sau edgy<\/div>\n<div>\u00a0Fixare sigur\u0103 cu band\u0103 reglabil\u0103 \u00een zona gleznei &amp; fermoar la spate<\/div>\n<p class=\"\" data-start=\"744\" data-end=\"892\">Alege o pereche de ghete care \u00eembin\u0103 perfect designul modern cu m\u0103iestria artizanal\u0103 local\u0103 \u2013 pentru femei puternice, cu atitudine \u0219i stil autentic.<\/p>\n<p>&nbsp;<\/p>\n<p><u><em><strong>PRODUS FABRICAT IN ROMANIA!<\/strong><\/em><\/u><\/p>\n<p>Marimi disponibile: 35, 36 , 37 , 38 , 39, 40<\/p>\n<p><strong><i>TEREMEN DE REALIZARE 10-14 ZILE LUCRATOARE<\/i><\/strong><\/p>","protected":false},"excerpt":{"rendered":"<p>Un mix perfect \u00eentre stil \u0219i func\u021bionalitate, aceste ghete moderne cu platform\u0103 sunt confec\u021bionate manual din piele natural\u0103 premium \u0219i<\/p>","protected":false},"featured_media":174502,"comment_status":"open","ping_status":"closed","template":"","meta":[],"product_brand":[252],"product_cat":[20],"product_tag":[],"class_list":{"0":"post-30353","1":"product","2":"type-product","3":"status-publish","4":"has-post-thumbnail","6":"product_brand-exclusives","7":"product_cat-bocanci-ghete","9":"first","10":"instock","11":"shipping-taxable","12":"purchasable","13":"product-type-variable","14":"has-default-attributes"},"yoast_head":"<!-- This site is optimized with the Yoast SEO plugin v27.4 - https:\/\/yoast.com\/product\/yoast-seo-wordpress\/ -->\n<title>Ghete - Noto - Exclusives<\/title>\n<meta name=\"description\" content=\"Un mix perfect \u00eentre stil \u0219i func\u021bionalitate, aceste ghete moderne cu platform\u0103 sunt confec\u021bionate manual din piele natural\u0103 premium \u0219i neopren elastic,\" \/>\n<meta name=\"robots\" content=\"noindex, follow, max-snippet:-1, max-image-preview:large, max-video-preview:-1\" \/>\n<meta property=\"og:locale\" content=\"en_US\" \/>\n<meta property=\"og:type\" content=\"article\" \/>\n<meta property=\"og:title\" content=\"Ghete - Noto - Exclusives\" \/>\n<meta property=\"og:description\" content=\"Un mix perfect \u00eentre stil \u0219i func\u021bionalitate, aceste ghete moderne cu platform\u0103 sunt confec\u021bionate manual din piele natural\u0103 premium \u0219i neopren elastic,\" \/>\n<meta property=\"og:url\" content=\"https:\/\/exclusives.ro\/en\/product\/ghete-noto\/\" \/>\n<meta property=\"og:site_name\" content=\"Exclusives\" \/>\n<meta property=\"article:modified_time\" content=\"2026-01-30T14:57:31+00:00\" \/>\n<meta property=\"og:image\" content=\"https:\/\/exclusives.ro\/wp-content\/uploads\/2025\/10\/noteblk.jpg\" \/>\n\t<meta property=\"og:image:width\" content=\"1365\" \/>\n\t<meta property=\"og:image:height\" content=\"2048\" \/>\n\t<meta property=\"og:image:type\" content=\"image\/jpeg\" \/>\n<meta name=\"twitter:card\" content=\"summary_large_image\" \/>\n<meta name=\"twitter:label1\" content=\"Est. reading time\" \/>\n\t<meta name=\"twitter:data1\" content=\"1 minute\" \/>\n<script type=\"application\/ld+json\" class=\"yoast-schema-graph\">{\"@context\":\"https:\\\/\\\/schema.org\",\"@graph\":[{\"@type\":\"WebPage\",\"@id\":\"https:\\\/\\\/exclusives.ro\\\/produs\\\/ghete-noto\\\/\",\"url\":\"https:\\\/\\\/exclusives.ro\\\/produs\\\/ghete-noto\\\/\",\"name\":\"Ghete - Noto - Exclusives\",\"isPartOf\":{\"@id\":\"https:\\\/\\\/exclusives.ro\\\/#website\"},\"primaryImageOfPage\":{\"@id\":\"https:\\\/\\\/exclusives.ro\\\/produs\\\/ghete-noto\\\/#primaryimage\"},\"image\":{\"@id\":\"https:\\\/\\\/exclusives.ro\\\/produs\\\/ghete-noto\\\/#primaryimage\"},\"thumbnailUrl\":\"https:\\\/\\\/exclusives.ro\\\/wp-content\\\/uploads\\\/2025\\\/10\\\/noteblk.jpg\",\"datePublished\":\"2025-10-09T19:16:54+00:00\",\"dateModified\":\"2026-01-30T14:57:31+00:00\",\"description\":\"Un mix perfect \u00eentre stil \u0219i func\u021bionalitate, aceste ghete moderne cu platform\u0103 sunt confec\u021bionate manual din piele natural\u0103 premium \u0219i neopren elastic,\",\"breadcrumb\":{\"@id\":\"https:\\\/\\\/exclusives.ro\\\/produs\\\/ghete-noto\\\/#breadcrumb\"},\"inLanguage\":\"en-US\",\"potentialAction\":[{\"@type\":\"ReadAction\",\"target\":[\"https:\\\/\\\/exclusives.ro\\\/produs\\\/ghete-noto\\\/\"]}]},{\"@type\":\"ImageObject\",\"inLanguage\":\"en-US\",\"@id\":\"https:\\\/\\\/exclusives.ro\\\/produs\\\/ghete-noto\\\/#primaryimage\",\"url\":\"https:\\\/\\\/exclusives.ro\\\/wp-content\\\/uploads\\\/2025\\\/10\\\/noteblk.jpg\",\"contentUrl\":\"https:\\\/\\\/exclusives.ro\\\/wp-content\\\/uploads\\\/2025\\\/10\\\/noteblk.jpg\",\"width\":1365,\"height\":2048},{\"@type\":\"BreadcrumbList\",\"@id\":\"https:\\\/\\\/exclusives.ro\\\/produs\\\/ghete-noto\\\/#breadcrumb\",\"itemListElement\":[{\"@type\":\"ListItem\",\"position\":1,\"name\":\"Home\",\"item\":\"https:\\\/\\\/exclusives.ro\\\/\"},{\"@type\":\"ListItem\",\"position\":2,\"name\":\"Pantofi\",\"item\":\"https:\\\/\\\/exclusives.ro\\\/shop\\\/\"},{\"@type\":\"ListItem\",\"position\":3,\"name\":\"Ghete &#8211; Noto\"}]},{\"@type\":\"WebSite\",\"@id\":\"https:\\\/\\\/exclusives.ro\\\/#website\",\"url\":\"https:\\\/\\\/exclusives.ro\\\/\",\"name\":\"Exclusives\",\"description\":\"\",\"potentialAction\":[{\"@type\":\"SearchAction\",\"target\":{\"@type\":\"EntryPoint\",\"urlTemplate\":\"https:\\\/\\\/exclusives.ro\\\/?s={search_term_string}\"},\"query-input\":{\"@type\":\"PropertyValueSpecification\",\"valueRequired\":true,\"valueName\":\"search_term_string\"}}],\"inLanguage\":\"en-US\"}]}<\/script>\n<!-- \/ Yoast SEO plugin. -->","yoast_head_json":{"title":"Ghete - Noto - Exclusives","description":"Un mix perfect \u00eentre stil \u0219i func\u021bionalitate, aceste ghete moderne cu platform\u0103 sunt confec\u021bionate manual din piele natural\u0103 premium \u0219i neopren elastic,","robots":{"index":"noindex","follow":"follow","max-snippet":"max-snippet:-1","max-image-preview":"max-image-preview:large","max-video-preview":"max-video-preview:-1"},"og_locale":"en_US","og_type":"article","og_title":"Ghete - Noto - Exclusives","og_description":"Un mix perfect \u00eentre stil \u0219i func\u021bionalitate, aceste ghete moderne cu platform\u0103 sunt confec\u021bionate manual din piele natural\u0103 premium \u0219i neopren elastic,","og_url":"https:\/\/exclusives.ro\/en\/product\/ghete-noto\/","og_site_name":"Exclusives","article_modified_time":"2026-01-30T14:57:31+00:00","og_image":[{"width":1365,"height":2048,"url":"https:\/\/exclusives.ro\/wp-content\/uploads\/2025\/10\/noteblk.jpg","type":"image\/jpeg"}],"twitter_card":"summary_large_image","twitter_misc":{"Est. reading time":"1 minute"},"schema":{"@context":"https:\/\/schema.org","@graph":[{"@type":"WebPage","@id":"https:\/\/exclusives.ro\/produs\/ghete-noto\/","url":"https:\/\/exclusives.ro\/produs\/ghete-noto\/","name":"Ghete - Noto - Exclusives","isPartOf":{"@id":"https:\/\/exclusives.ro\/#website"},"primaryImageOfPage":{"@id":"https:\/\/exclusives.ro\/produs\/ghete-noto\/#primaryimage"},"image":{"@id":"https:\/\/exclusives.ro\/produs\/ghete-noto\/#primaryimage"},"thumbnailUrl":"https:\/\/exclusives.ro\/wp-content\/uploads\/2025\/10\/noteblk.jpg","datePublished":"2025-10-09T19:16:54+00:00","dateModified":"2026-01-30T14:57:31+00:00","description":"Un mix perfect \u00eentre stil \u0219i func\u021bionalitate, aceste ghete moderne cu platform\u0103 sunt confec\u021bionate manual din piele natural\u0103 premium \u0219i neopren elastic,","breadcrumb":{"@id":"https:\/\/exclusives.ro\/produs\/ghete-noto\/#breadcrumb"},"inLanguage":"en-US","potentialAction":[{"@type":"ReadAction","target":["https:\/\/exclusives.ro\/produs\/ghete-noto\/"]}]},{"@type":"ImageObject","inLanguage":"en-US","@id":"https:\/\/exclusives.ro\/produs\/ghete-noto\/#primaryimage","url":"https:\/\/exclusives.ro\/wp-content\/uploads\/2025\/10\/noteblk.jpg","contentUrl":"https:\/\/exclusives.ro\/wp-content\/uploads\/2025\/10\/noteblk.jpg","width":1365,"height":2048},{"@type":"BreadcrumbList","@id":"https:\/\/exclusives.ro\/produs\/ghete-noto\/#breadcrumb","itemListElement":[{"@type":"ListItem","position":1,"name":"Home","item":"https:\/\/exclusives.ro\/"},{"@type":"ListItem","position":2,"name":"Pantofi","item":"https:\/\/exclusives.ro\/shop\/"},{"@type":"ListItem","position":3,"name":"Ghete &#8211; Noto"}]},{"@type":"WebSite","@id":"https:\/\/exclusives.ro\/#website","url":"https:\/\/exclusives.ro\/","name":"Exclusives","description":"","potentialAction":[{"@type":"SearchAction","target":{"@type":"EntryPoint","urlTemplate":"https:\/\/exclusives.ro\/?s={search_term_string}"},"query-input":{"@type":"PropertyValueSpecification","valueRequired":true,"valueName":"search_term_string"}}],"inLanguage":"en-US"}]}},"jetpack_sharing_enabled":true,"_links":{"self":[{"href":"https:\/\/exclusives.ro\/en\/wp-json\/wp\/v2\/product\/30353","targetHints":{"allow":["GET"]}}],"collection":[{"href":"https:\/\/exclusives.ro\/en\/wp-json\/wp\/v2\/product"}],"about":[{"href":"https:\/\/exclusives.ro\/en\/wp-json\/wp\/v2\/types\/product"}],"replies":[{"embeddable":true,"href":"https:\/\/exclusives.ro\/en\/wp-json\/wp\/v2\/comments?post=30353"}],"version-history":[{"count":1,"href":"https:\/\/exclusives.ro\/en\/wp-json\/wp\/v2\/product\/30353\/revisions"}],"predecessor-version":[{"id":390318,"href":"https:\/\/exclusives.ro\/en\/wp-json\/wp\/v2\/product\/30353\/revisions\/390318"}],"wp:featuredmedia":[{"embeddable":true,"href":"https:\/\/exclusives.ro\/en\/wp-json\/wp\/v2\/media\/174502"}],"wp:attachment":[{"href":"https:\/\/exclusives.ro\/en\/wp-json\/wp\/v2\/media?parent=30353"}],"wp:term":[{"taxonomy":"product_brand","embeddable":true,"href":"https:\/\/exclusives.ro\/en\/wp-json\/wp\/v2\/product_brand?post=30353"},{"taxonomy":"product_cat","embeddable":true,"href":"https:\/\/exclusives.ro\/en\/wp-json\/wp\/v2\/product_cat?post=30353"},{"taxonomy":"product_tag","embeddable":true,"href":"https:\/\/exclusives.ro\/en\/wp-json\/wp\/v2\/product_tag?post=30353"}],"curies":[{"name":"wp","href":"https:\/\/api.w.org\/{rel}","templated":true}]}}