{"id":30503,"date":"2025-10-09T19:41:26","date_gmt":"2025-10-09T19:41:26","guid":{"rendered":"https:\/\/exclusives.fastapp.ro\/?post_type=product&#038;p=30503"},"modified":"2026-04-14T07:59:33","modified_gmt":"2026-04-14T07:59:33","slug":"pantofi-celine","status":"publish","type":"product","link":"https:\/\/exclusives.ro\/en\/product\/pantofi-celine\/","title":{"rendered":"Pantofi &#8211; Celine"},"content":{"rendered":"<p class=\"\" data-start=\"154\" data-end=\"481\">Un model contemporan cu influen\u021be clasice, ace\u0219ti loafers sunt realiza\u021bi manual din piele natural\u0103 premium, \u00eentr-o combina\u021bie rafinat\u0103 de velur bej \u0219i piele neagr\u0103. Sistemul de \u00eenchidere cu cataram\u0103 adaug\u0103 un accent chic, iar talpa groas\u0103 aduce un plus de confort \u0219i stil. Ideali pentru \u021binute smart-casual sau creative office.<\/p>\n<div>\u00a0100% piele natural\u0103 premium \u2013 velur &amp; piele neted\u0103<\/div>\n<div>\u00a0Realiza\u021bi manual \u00een Rom\u00e2nia<\/div>\n<div>\u00a0Talp\u0103 bej groas\u0103, u\u0219oar\u0103 \u0219i rezistent\u0103<\/div>\n<div>\u00a0Detalii negre contrastante + cataram\u0103 reglabil\u0103<\/div>\n<div>\u00a0Design versatil, \u00eentre clasic \u0219i contemporan<\/div>\n<p>&nbsp;<\/p>\n<p class=\"\" data-start=\"715\" data-end=\"802\">Pantofii perfec\u021bi pentru cei care apreciaz\u0103 calitatea, detaliul \u0219i stilul bine definit.<\/p>\n<p>Inaltimea talpii: 2.5cm in fata si 3.5cm in spate.<\/p>\n<p>&nbsp;<\/p>\n<p><u><em><strong>PRODUS FABRICAT IN ROMANIA!<\/strong><\/em><\/u><\/p>\n<p>Marimi disponibile:\u00a0 35, 36 , 37 , 38 , 39, 40<\/p>\n<p><strong><i>TERMEN DE REALIZARE\u00a08-14 ZILE LUCRATOARE<\/i><\/strong><\/p>","protected":false},"excerpt":{"rendered":"<p>Un model contemporan cu influen\u021be clasice, ace\u0219ti loafers sunt realiza\u021bi manual din piele natural\u0103 premium, \u00eentr-o combina\u021bie rafinat\u0103 de velur<\/p>","protected":false},"featured_media":615061,"comment_status":"open","ping_status":"closed","template":"","meta":[],"product_brand":[252],"product_cat":[27],"product_tag":[],"class_list":{"0":"post-30503","1":"product","2":"type-product","3":"status-publish","4":"has-post-thumbnail","6":"product_brand-exclusives","7":"product_cat-pantofi-casual","9":"first","10":"instock","11":"shipping-taxable","12":"purchasable","13":"product-type-variable","14":"has-default-attributes"},"yoast_head":"<!-- This site is optimized with the Yoast SEO plugin v27.4 - https:\/\/yoast.com\/product\/yoast-seo-wordpress\/ -->\n<title>Pantofi - Celine - Exclusives<\/title>\n<meta name=\"description\" content=\"Un model contemporan cu influen\u021be clasice, ace\u0219ti loafers sunt realiza\u021bi manual din piele natural\u0103 premium, \u00eentr-o combina\u021bie rafinat\u0103 de velur bej \u0219i\" \/>\n<meta name=\"robots\" content=\"noindex, follow, max-snippet:-1, max-image-preview:large, max-video-preview:-1\" \/>\n<meta property=\"og:locale\" content=\"en_US\" \/>\n<meta property=\"og:type\" content=\"article\" \/>\n<meta property=\"og:title\" content=\"Pantofi - Celine - Exclusives\" \/>\n<meta property=\"og:description\" content=\"Un model contemporan cu influen\u021be clasice, ace\u0219ti loafers sunt realiza\u021bi manual din piele natural\u0103 premium, \u00eentr-o combina\u021bie rafinat\u0103 de velur bej \u0219i\" \/>\n<meta property=\"og:url\" content=\"https:\/\/exclusives.ro\/en\/product\/pantofi-celine\/\" \/>\n<meta property=\"og:site_name\" content=\"Exclusives\" \/>\n<meta property=\"article:modified_time\" content=\"2026-04-14T07:59:33+00:00\" \/>\n<meta property=\"og:image\" content=\"https:\/\/exclusives.ro\/wp-content\/uploads\/2025\/10\/Exclusives-53-1.jpg\" \/>\n\t<meta property=\"og:image:width\" content=\"1365\" \/>\n\t<meta property=\"og:image:height\" content=\"2048\" \/>\n\t<meta property=\"og:image:type\" content=\"image\/jpeg\" \/>\n<meta name=\"twitter:card\" content=\"summary_large_image\" \/>\n<meta name=\"twitter:label1\" content=\"Est. reading time\" \/>\n\t<meta name=\"twitter:data1\" content=\"1 minute\" \/>\n<script type=\"application\/ld+json\" class=\"yoast-schema-graph\">{\"@context\":\"https:\\\/\\\/schema.org\",\"@graph\":[{\"@type\":\"WebPage\",\"@id\":\"https:\\\/\\\/exclusives.ro\\\/produs\\\/pantofi-celine\\\/\",\"url\":\"https:\\\/\\\/exclusives.ro\\\/produs\\\/pantofi-celine\\\/\",\"name\":\"Pantofi - Celine - Exclusives\",\"isPartOf\":{\"@id\":\"https:\\\/\\\/exclusives.ro\\\/#website\"},\"primaryImageOfPage\":{\"@id\":\"https:\\\/\\\/exclusives.ro\\\/produs\\\/pantofi-celine\\\/#primaryimage\"},\"image\":{\"@id\":\"https:\\\/\\\/exclusives.ro\\\/produs\\\/pantofi-celine\\\/#primaryimage\"},\"thumbnailUrl\":\"https:\\\/\\\/exclusives.ro\\\/wp-content\\\/uploads\\\/2025\\\/10\\\/Exclusives-53-1.jpg\",\"datePublished\":\"2025-10-09T19:41:26+00:00\",\"dateModified\":\"2026-04-14T07:59:33+00:00\",\"description\":\"Un model contemporan cu influen\u021be clasice, ace\u0219ti loafers sunt realiza\u021bi manual din piele natural\u0103 premium, \u00eentr-o combina\u021bie rafinat\u0103 de velur bej \u0219i\",\"breadcrumb\":{\"@id\":\"https:\\\/\\\/exclusives.ro\\\/produs\\\/pantofi-celine\\\/#breadcrumb\"},\"inLanguage\":\"en-US\",\"potentialAction\":[{\"@type\":\"ReadAction\",\"target\":[\"https:\\\/\\\/exclusives.ro\\\/produs\\\/pantofi-celine\\\/\"]}]},{\"@type\":\"ImageObject\",\"inLanguage\":\"en-US\",\"@id\":\"https:\\\/\\\/exclusives.ro\\\/produs\\\/pantofi-celine\\\/#primaryimage\",\"url\":\"https:\\\/\\\/exclusives.ro\\\/wp-content\\\/uploads\\\/2025\\\/10\\\/Exclusives-53-1.jpg\",\"contentUrl\":\"https:\\\/\\\/exclusives.ro\\\/wp-content\\\/uploads\\\/2025\\\/10\\\/Exclusives-53-1.jpg\",\"width\":1365,\"height\":2048},{\"@type\":\"BreadcrumbList\",\"@id\":\"https:\\\/\\\/exclusives.ro\\\/produs\\\/pantofi-celine\\\/#breadcrumb\",\"itemListElement\":[{\"@type\":\"ListItem\",\"position\":1,\"name\":\"Home\",\"item\":\"https:\\\/\\\/exclusives.ro\\\/\"},{\"@type\":\"ListItem\",\"position\":2,\"name\":\"Pantofi\",\"item\":\"https:\\\/\\\/exclusives.ro\\\/shop\\\/\"},{\"@type\":\"ListItem\",\"position\":3,\"name\":\"Pantofi &#8211; Celine\"}]},{\"@type\":\"WebSite\",\"@id\":\"https:\\\/\\\/exclusives.ro\\\/#website\",\"url\":\"https:\\\/\\\/exclusives.ro\\\/\",\"name\":\"Exclusives\",\"description\":\"\",\"potentialAction\":[{\"@type\":\"SearchAction\",\"target\":{\"@type\":\"EntryPoint\",\"urlTemplate\":\"https:\\\/\\\/exclusives.ro\\\/?s={search_term_string}\"},\"query-input\":{\"@type\":\"PropertyValueSpecification\",\"valueRequired\":true,\"valueName\":\"search_term_string\"}}],\"inLanguage\":\"en-US\"}]}<\/script>\n<!-- \/ Yoast SEO plugin. -->","yoast_head_json":{"title":"Pantofi - Celine - Exclusives","description":"Un model contemporan cu influen\u021be clasice, ace\u0219ti loafers sunt realiza\u021bi manual din piele natural\u0103 premium, \u00eentr-o combina\u021bie rafinat\u0103 de velur bej \u0219i","robots":{"index":"noindex","follow":"follow","max-snippet":"max-snippet:-1","max-image-preview":"max-image-preview:large","max-video-preview":"max-video-preview:-1"},"og_locale":"en_US","og_type":"article","og_title":"Pantofi - Celine - Exclusives","og_description":"Un model contemporan cu influen\u021be clasice, ace\u0219ti loafers sunt realiza\u021bi manual din piele natural\u0103 premium, \u00eentr-o combina\u021bie rafinat\u0103 de velur bej \u0219i","og_url":"https:\/\/exclusives.ro\/en\/product\/pantofi-celine\/","og_site_name":"Exclusives","article_modified_time":"2026-04-14T07:59:33+00:00","og_image":[{"width":1365,"height":2048,"url":"https:\/\/exclusives.ro\/wp-content\/uploads\/2025\/10\/Exclusives-53-1.jpg","type":"image\/jpeg"}],"twitter_card":"summary_large_image","twitter_misc":{"Est. reading time":"1 minute"},"schema":{"@context":"https:\/\/schema.org","@graph":[{"@type":"WebPage","@id":"https:\/\/exclusives.ro\/produs\/pantofi-celine\/","url":"https:\/\/exclusives.ro\/produs\/pantofi-celine\/","name":"Pantofi - Celine - Exclusives","isPartOf":{"@id":"https:\/\/exclusives.ro\/#website"},"primaryImageOfPage":{"@id":"https:\/\/exclusives.ro\/produs\/pantofi-celine\/#primaryimage"},"image":{"@id":"https:\/\/exclusives.ro\/produs\/pantofi-celine\/#primaryimage"},"thumbnailUrl":"https:\/\/exclusives.ro\/wp-content\/uploads\/2025\/10\/Exclusives-53-1.jpg","datePublished":"2025-10-09T19:41:26+00:00","dateModified":"2026-04-14T07:59:33+00:00","description":"Un model contemporan cu influen\u021be clasice, ace\u0219ti loafers sunt realiza\u021bi manual din piele natural\u0103 premium, \u00eentr-o combina\u021bie rafinat\u0103 de velur bej \u0219i","breadcrumb":{"@id":"https:\/\/exclusives.ro\/produs\/pantofi-celine\/#breadcrumb"},"inLanguage":"en-US","potentialAction":[{"@type":"ReadAction","target":["https:\/\/exclusives.ro\/produs\/pantofi-celine\/"]}]},{"@type":"ImageObject","inLanguage":"en-US","@id":"https:\/\/exclusives.ro\/produs\/pantofi-celine\/#primaryimage","url":"https:\/\/exclusives.ro\/wp-content\/uploads\/2025\/10\/Exclusives-53-1.jpg","contentUrl":"https:\/\/exclusives.ro\/wp-content\/uploads\/2025\/10\/Exclusives-53-1.jpg","width":1365,"height":2048},{"@type":"BreadcrumbList","@id":"https:\/\/exclusives.ro\/produs\/pantofi-celine\/#breadcrumb","itemListElement":[{"@type":"ListItem","position":1,"name":"Home","item":"https:\/\/exclusives.ro\/"},{"@type":"ListItem","position":2,"name":"Pantofi","item":"https:\/\/exclusives.ro\/shop\/"},{"@type":"ListItem","position":3,"name":"Pantofi &#8211; Celine"}]},{"@type":"WebSite","@id":"https:\/\/exclusives.ro\/#website","url":"https:\/\/exclusives.ro\/","name":"Exclusives","description":"","potentialAction":[{"@type":"SearchAction","target":{"@type":"EntryPoint","urlTemplate":"https:\/\/exclusives.ro\/?s={search_term_string}"},"query-input":{"@type":"PropertyValueSpecification","valueRequired":true,"valueName":"search_term_string"}}],"inLanguage":"en-US"}]}},"jetpack_sharing_enabled":true,"_links":{"self":[{"href":"https:\/\/exclusives.ro\/en\/wp-json\/wp\/v2\/product\/30503","targetHints":{"allow":["GET"]}}],"collection":[{"href":"https:\/\/exclusives.ro\/en\/wp-json\/wp\/v2\/product"}],"about":[{"href":"https:\/\/exclusives.ro\/en\/wp-json\/wp\/v2\/types\/product"}],"replies":[{"embeddable":true,"href":"https:\/\/exclusives.ro\/en\/wp-json\/wp\/v2\/comments?post=30503"}],"version-history":[{"count":1,"href":"https:\/\/exclusives.ro\/en\/wp-json\/wp\/v2\/product\/30503\/revisions"}],"predecessor-version":[{"id":615108,"href":"https:\/\/exclusives.ro\/en\/wp-json\/wp\/v2\/product\/30503\/revisions\/615108"}],"wp:featuredmedia":[{"embeddable":true,"href":"https:\/\/exclusives.ro\/en\/wp-json\/wp\/v2\/media\/615061"}],"wp:attachment":[{"href":"https:\/\/exclusives.ro\/en\/wp-json\/wp\/v2\/media?parent=30503"}],"wp:term":[{"taxonomy":"product_brand","embeddable":true,"href":"https:\/\/exclusives.ro\/en\/wp-json\/wp\/v2\/product_brand?post=30503"},{"taxonomy":"product_cat","embeddable":true,"href":"https:\/\/exclusives.ro\/en\/wp-json\/wp\/v2\/product_cat?post=30503"},{"taxonomy":"product_tag","embeddable":true,"href":"https:\/\/exclusives.ro\/en\/wp-json\/wp\/v2\/product_tag?post=30503"}],"curies":[{"name":"wp","href":"https:\/\/api.w.org\/{rel}","templated":true}]}}