{"id":31015,"date":"2025-10-09T21:06:31","date_gmt":"2025-10-09T21:06:31","guid":{"rendered":"https:\/\/exclusives.fastapp.ro\/?post_type=product&#038;p=31015"},"modified":"2026-04-17T10:40:26","modified_gmt":"2026-04-17T10:40:26","slug":"bocanci-heavy-duty","status":"publish","type":"product","link":"https:\/\/exclusives.ro\/en\/product\/bocanci-heavy-duty\/","title":{"rendered":"Bocanci &#8211; Heavy Duty"},"content":{"rendered":"<p class=\"\" data-start=\"176\" data-end=\"491\">Puternice, \u00eendr\u0103zne\u021be \u0219i cu un aer rebel, aceste ghete sunt alegerea perfect\u0103 pentru cei care vor s\u0103 ias\u0103 \u00een eviden\u021b\u0103. Confec\u021bionate manual din piele natural\u0103 de cea mai bun\u0103 calitate, modelul se remarc\u0103 prin detaliile metalice \u0219i designul cu multiple catarame, care ofer\u0103 at\u00e2t stabilitate, c\u00e2t \u0219i un look distinct.<\/p>\n<div>Realizate 100% din piele natural\u0103<\/div>\n<div>Handmade \u00een Rom\u00e2nia cu aten\u021bie la fiecare detaliu<\/div>\n<div>Design original cu \u0219ireturi \u0219i catarame reglabile<\/div>\n<div>Talp\u0103 groas\u0103 \u0219i confortabil\u0103 pentru purtare zilnic\u0103<\/div>\n<div>Stil urban edgy, perfect pentru \u021binute \u00eendr\u0103zne\u021be<\/div>\n<p class=\"\" data-start=\"750\" data-end=\"877\">Aceste ghete nu sunt doar un accesoriu \u2013 sunt o declara\u021bie de stil. Poart\u0103-le cu \u00eencredere \u0219i las\u0103-le s\u0103 vorbeasc\u0103 pentru tine.<\/p>\n<p><strong>Inaltime talpa<\/strong><\/p>\n<p><b>\u00a04cm in fata si 6cm in spate<\/b><\/p>\n<p><strong><i>ATENTIE! IN FUNCTIE DE ECRANUL DE PE CARE ESTE VIZUALIZATA POZA PRODUSULUI UNEORI CULOARE POATE FI MAI INCHISA SAU MAI DESCHISA!\u00a0<\/i><\/strong><\/p>\n<p><u><em><strong>PRODUS FABRICAT IN ROMANIA!<\/strong><\/em><\/u><\/p>\n<p>Marimi disponibile: 34, 35, 36 , 37 , 38 , 39, 40<\/p>\n<p><strong><i>TERMEN DE REALIZARE 12-14 ZILE LUCRATOARE<\/i><\/strong><\/p>","protected":false},"excerpt":{"rendered":"<p>Puternice, \u00eendr\u0103zne\u021be \u0219i cu un aer rebel, aceste ghete sunt alegerea perfect\u0103 pentru cei care vor s\u0103 ias\u0103 \u00een eviden\u021b\u0103.<\/p>","protected":false},"featured_media":174550,"comment_status":"open","ping_status":"closed","template":"","meta":[],"product_brand":[252],"product_cat":[20],"product_tag":[],"class_list":{"0":"post-31015","1":"product","2":"type-product","3":"status-publish","4":"has-post-thumbnail","6":"product_brand-exclusives","7":"product_cat-bocanci-ghete","9":"first","10":"instock","11":"shipping-taxable","12":"purchasable","13":"product-type-variable","14":"has-default-attributes"},"yoast_head":"<!-- This site is optimized with the Yoast SEO plugin v27.4 - https:\/\/yoast.com\/product\/yoast-seo-wordpress\/ -->\n<title>Bocanci - Heavy Duty - Exclusives<\/title>\n<meta name=\"description\" content=\"Puternice, \u00eendr\u0103zne\u021be \u0219i cu un aer rebel, aceste ghete sunt alegerea perfect\u0103 pentru cei care vor s\u0103 ias\u0103 \u00een eviden\u021b\u0103. Confec\u021bionate manual din piele\" \/>\n<meta name=\"robots\" content=\"noindex, follow, max-snippet:-1, max-image-preview:large, max-video-preview:-1\" \/>\n<meta property=\"og:locale\" content=\"en_US\" \/>\n<meta property=\"og:type\" content=\"article\" \/>\n<meta property=\"og:title\" content=\"Bocanci - Heavy Duty - Exclusives\" \/>\n<meta property=\"og:description\" content=\"Puternice, \u00eendr\u0103zne\u021be \u0219i cu un aer rebel, aceste ghete sunt alegerea perfect\u0103 pentru cei care vor s\u0103 ias\u0103 \u00een eviden\u021b\u0103. Confec\u021bionate manual din piele\" \/>\n<meta property=\"og:url\" content=\"https:\/\/exclusives.ro\/en\/product\/bocanci-heavy-duty\/\" \/>\n<meta property=\"og:site_name\" content=\"Exclusives\" \/>\n<meta property=\"article:modified_time\" content=\"2026-04-17T10:40:26+00:00\" \/>\n<meta property=\"og:image\" content=\"https:\/\/exclusives.ro\/wp-content\/uploads\/2025\/10\/SRB09359-1.jpg\" \/>\n\t<meta property=\"og:image:width\" content=\"1366\" \/>\n\t<meta property=\"og:image:height\" content=\"2048\" \/>\n\t<meta property=\"og:image:type\" content=\"image\/jpeg\" \/>\n<meta name=\"twitter:card\" content=\"summary_large_image\" \/>\n<meta name=\"twitter:label1\" content=\"Est. reading time\" \/>\n\t<meta name=\"twitter:data1\" content=\"1 minute\" \/>\n<script type=\"application\/ld+json\" class=\"yoast-schema-graph\">{\"@context\":\"https:\\\/\\\/schema.org\",\"@graph\":[{\"@type\":\"WebPage\",\"@id\":\"https:\\\/\\\/exclusives.ro\\\/produs\\\/bocanci-heavy-duty\\\/\",\"url\":\"https:\\\/\\\/exclusives.ro\\\/produs\\\/bocanci-heavy-duty\\\/\",\"name\":\"Bocanci - Heavy Duty - Exclusives\",\"isPartOf\":{\"@id\":\"https:\\\/\\\/exclusives.ro\\\/#website\"},\"primaryImageOfPage\":{\"@id\":\"https:\\\/\\\/exclusives.ro\\\/produs\\\/bocanci-heavy-duty\\\/#primaryimage\"},\"image\":{\"@id\":\"https:\\\/\\\/exclusives.ro\\\/produs\\\/bocanci-heavy-duty\\\/#primaryimage\"},\"thumbnailUrl\":\"https:\\\/\\\/exclusives.ro\\\/wp-content\\\/uploads\\\/2025\\\/10\\\/SRB09359-1.jpg\",\"datePublished\":\"2025-10-09T21:06:31+00:00\",\"dateModified\":\"2026-04-17T10:40:26+00:00\",\"description\":\"Puternice, \u00eendr\u0103zne\u021be \u0219i cu un aer rebel, aceste ghete sunt alegerea perfect\u0103 pentru cei care vor s\u0103 ias\u0103 \u00een eviden\u021b\u0103. Confec\u021bionate manual din piele\",\"breadcrumb\":{\"@id\":\"https:\\\/\\\/exclusives.ro\\\/produs\\\/bocanci-heavy-duty\\\/#breadcrumb\"},\"inLanguage\":\"en-US\",\"potentialAction\":[{\"@type\":\"ReadAction\",\"target\":[\"https:\\\/\\\/exclusives.ro\\\/produs\\\/bocanci-heavy-duty\\\/\"]}]},{\"@type\":\"ImageObject\",\"inLanguage\":\"en-US\",\"@id\":\"https:\\\/\\\/exclusives.ro\\\/produs\\\/bocanci-heavy-duty\\\/#primaryimage\",\"url\":\"https:\\\/\\\/exclusives.ro\\\/wp-content\\\/uploads\\\/2025\\\/10\\\/SRB09359-1.jpg\",\"contentUrl\":\"https:\\\/\\\/exclusives.ro\\\/wp-content\\\/uploads\\\/2025\\\/10\\\/SRB09359-1.jpg\",\"width\":1366,\"height\":2048},{\"@type\":\"BreadcrumbList\",\"@id\":\"https:\\\/\\\/exclusives.ro\\\/produs\\\/bocanci-heavy-duty\\\/#breadcrumb\",\"itemListElement\":[{\"@type\":\"ListItem\",\"position\":1,\"name\":\"Home\",\"item\":\"https:\\\/\\\/exclusives.ro\\\/\"},{\"@type\":\"ListItem\",\"position\":2,\"name\":\"Pantofi\",\"item\":\"https:\\\/\\\/exclusives.ro\\\/shop\\\/\"},{\"@type\":\"ListItem\",\"position\":3,\"name\":\"Bocanci &#8211; Heavy Duty\"}]},{\"@type\":\"WebSite\",\"@id\":\"https:\\\/\\\/exclusives.ro\\\/#website\",\"url\":\"https:\\\/\\\/exclusives.ro\\\/\",\"name\":\"Exclusives\",\"description\":\"\",\"potentialAction\":[{\"@type\":\"SearchAction\",\"target\":{\"@type\":\"EntryPoint\",\"urlTemplate\":\"https:\\\/\\\/exclusives.ro\\\/?s={search_term_string}\"},\"query-input\":{\"@type\":\"PropertyValueSpecification\",\"valueRequired\":true,\"valueName\":\"search_term_string\"}}],\"inLanguage\":\"en-US\"}]}<\/script>\n<!-- \/ Yoast SEO plugin. -->","yoast_head_json":{"title":"Bocanci - Heavy Duty - Exclusives","description":"Puternice, \u00eendr\u0103zne\u021be \u0219i cu un aer rebel, aceste ghete sunt alegerea perfect\u0103 pentru cei care vor s\u0103 ias\u0103 \u00een eviden\u021b\u0103. Confec\u021bionate manual din piele","robots":{"index":"noindex","follow":"follow","max-snippet":"max-snippet:-1","max-image-preview":"max-image-preview:large","max-video-preview":"max-video-preview:-1"},"og_locale":"en_US","og_type":"article","og_title":"Bocanci - Heavy Duty - Exclusives","og_description":"Puternice, \u00eendr\u0103zne\u021be \u0219i cu un aer rebel, aceste ghete sunt alegerea perfect\u0103 pentru cei care vor s\u0103 ias\u0103 \u00een eviden\u021b\u0103. Confec\u021bionate manual din piele","og_url":"https:\/\/exclusives.ro\/en\/product\/bocanci-heavy-duty\/","og_site_name":"Exclusives","article_modified_time":"2026-04-17T10:40:26+00:00","og_image":[{"width":1366,"height":2048,"url":"https:\/\/exclusives.ro\/wp-content\/uploads\/2025\/10\/SRB09359-1.jpg","type":"image\/jpeg"}],"twitter_card":"summary_large_image","twitter_misc":{"Est. reading time":"1 minute"},"schema":{"@context":"https:\/\/schema.org","@graph":[{"@type":"WebPage","@id":"https:\/\/exclusives.ro\/produs\/bocanci-heavy-duty\/","url":"https:\/\/exclusives.ro\/produs\/bocanci-heavy-duty\/","name":"Bocanci - Heavy Duty - Exclusives","isPartOf":{"@id":"https:\/\/exclusives.ro\/#website"},"primaryImageOfPage":{"@id":"https:\/\/exclusives.ro\/produs\/bocanci-heavy-duty\/#primaryimage"},"image":{"@id":"https:\/\/exclusives.ro\/produs\/bocanci-heavy-duty\/#primaryimage"},"thumbnailUrl":"https:\/\/exclusives.ro\/wp-content\/uploads\/2025\/10\/SRB09359-1.jpg","datePublished":"2025-10-09T21:06:31+00:00","dateModified":"2026-04-17T10:40:26+00:00","description":"Puternice, \u00eendr\u0103zne\u021be \u0219i cu un aer rebel, aceste ghete sunt alegerea perfect\u0103 pentru cei care vor s\u0103 ias\u0103 \u00een eviden\u021b\u0103. Confec\u021bionate manual din piele","breadcrumb":{"@id":"https:\/\/exclusives.ro\/produs\/bocanci-heavy-duty\/#breadcrumb"},"inLanguage":"en-US","potentialAction":[{"@type":"ReadAction","target":["https:\/\/exclusives.ro\/produs\/bocanci-heavy-duty\/"]}]},{"@type":"ImageObject","inLanguage":"en-US","@id":"https:\/\/exclusives.ro\/produs\/bocanci-heavy-duty\/#primaryimage","url":"https:\/\/exclusives.ro\/wp-content\/uploads\/2025\/10\/SRB09359-1.jpg","contentUrl":"https:\/\/exclusives.ro\/wp-content\/uploads\/2025\/10\/SRB09359-1.jpg","width":1366,"height":2048},{"@type":"BreadcrumbList","@id":"https:\/\/exclusives.ro\/produs\/bocanci-heavy-duty\/#breadcrumb","itemListElement":[{"@type":"ListItem","position":1,"name":"Home","item":"https:\/\/exclusives.ro\/"},{"@type":"ListItem","position":2,"name":"Pantofi","item":"https:\/\/exclusives.ro\/shop\/"},{"@type":"ListItem","position":3,"name":"Bocanci &#8211; Heavy Duty"}]},{"@type":"WebSite","@id":"https:\/\/exclusives.ro\/#website","url":"https:\/\/exclusives.ro\/","name":"Exclusives","description":"","potentialAction":[{"@type":"SearchAction","target":{"@type":"EntryPoint","urlTemplate":"https:\/\/exclusives.ro\/?s={search_term_string}"},"query-input":{"@type":"PropertyValueSpecification","valueRequired":true,"valueName":"search_term_string"}}],"inLanguage":"en-US"}]}},"jetpack_sharing_enabled":true,"_links":{"self":[{"href":"https:\/\/exclusives.ro\/en\/wp-json\/wp\/v2\/product\/31015","targetHints":{"allow":["GET"]}}],"collection":[{"href":"https:\/\/exclusives.ro\/en\/wp-json\/wp\/v2\/product"}],"about":[{"href":"https:\/\/exclusives.ro\/en\/wp-json\/wp\/v2\/types\/product"}],"replies":[{"embeddable":true,"href":"https:\/\/exclusives.ro\/en\/wp-json\/wp\/v2\/comments?post=31015"}],"version-history":[{"count":1,"href":"https:\/\/exclusives.ro\/en\/wp-json\/wp\/v2\/product\/31015\/revisions"}],"predecessor-version":[{"id":390311,"href":"https:\/\/exclusives.ro\/en\/wp-json\/wp\/v2\/product\/31015\/revisions\/390311"}],"wp:featuredmedia":[{"embeddable":true,"href":"https:\/\/exclusives.ro\/en\/wp-json\/wp\/v2\/media\/174550"}],"wp:attachment":[{"href":"https:\/\/exclusives.ro\/en\/wp-json\/wp\/v2\/media?parent=31015"}],"wp:term":[{"taxonomy":"product_brand","embeddable":true,"href":"https:\/\/exclusives.ro\/en\/wp-json\/wp\/v2\/product_brand?post=31015"},{"taxonomy":"product_cat","embeddable":true,"href":"https:\/\/exclusives.ro\/en\/wp-json\/wp\/v2\/product_cat?post=31015"},{"taxonomy":"product_tag","embeddable":true,"href":"https:\/\/exclusives.ro\/en\/wp-json\/wp\/v2\/product_tag?post=31015"}],"curies":[{"name":"wp","href":"https:\/\/api.w.org\/{rel}","templated":true}]}}