{"id":31263,"date":"2025-10-13T07:04:28","date_gmt":"2025-10-13T07:04:28","guid":{"rendered":"https:\/\/exclusives.fastapp.ro\/?post_type=product&#038;p=31263"},"modified":"2026-01-30T15:07:08","modified_gmt":"2026-01-30T15:07:08","slug":"ghete-moon","status":"publish","type":"product","link":"https:\/\/exclusives.ro\/en\/product\/ghete-moon\/","title":{"rendered":"Ghete &#8211; .Moon"},"content":{"rendered":"<p class=\"\" data-start=\"143\" data-end=\"495\">Un model inovator, cu influen\u021be streetwear \u0219i accente tehnice \u2013 aceste ghete sunt confec\u021bionate manual din piele natural\u0103 premium \u0219i neopren flexibil, pentru un confort de excep\u021bie \u0219i un look actual. Designul cu \u0219ireturi multiple \u0219i siluet\u0103 robust\u0103 le transform\u0103 \u00eentr-o alegere statement, perfect\u0103 pentru sezonul rece sau pentru o \u021binut\u0103 cool, de ora\u0219.<\/p>\n<div>\u00a0100% piele natural\u0103 premium + neopren elastic<\/div>\n<div>\u00a0Realizate manual cu aten\u021bie la detalii<\/div>\n<div>\u00a0Talp\u0103 \u00eenalt\u0103, u\u0219oar\u0103 \u0219i ergonomic\u0103<\/div>\n<div>\u00a0Design modern, cu \u0219ireturi late \u0219i structur\u0103 high-top<\/div>\n<div>\u00a0Fabricate cu m\u00e2ndrie \u00een Rom\u00e2nia<\/div>\n<p>&nbsp;<\/p>\n<p class=\"\" data-start=\"724\" data-end=\"847\">Aceste ghete sunt pentru cei care nu se tem s\u0103 ias\u0103 din tipare \u2013 un mix \u00eentre func\u021bional, avangardist \u0219i autentic rom\u00e2nesc.<\/p>\n<p class=\"\" data-start=\"724\" data-end=\"847\">Inaltime talpa 4cm in fata si 6cm in spate.<\/p>\n<p>&nbsp;<\/p>\n<p><u><em><strong>PRODUS FABRICAT IN ROMANIA!<\/strong><\/em><\/u><\/p>\n<p>Marimi disponibile: 35, 36 , 37 , 38 , 39, 40<\/p>\n<p><strong><i>TERMEN DE REALIZARE 10-14 ZILE LUCRATOARE<\/i><\/strong><\/p>","protected":false},"excerpt":{"rendered":"<p>Un model inovator, cu influen\u021be streetwear \u0219i accente tehnice \u2013 aceste ghete sunt confec\u021bionate manual din piele natural\u0103 premium \u0219i<\/p>","protected":false},"featured_media":174543,"comment_status":"open","ping_status":"closed","template":"","meta":[],"product_brand":[252],"product_cat":[20],"product_tag":[],"class_list":{"0":"post-31263","1":"product","2":"type-product","3":"status-publish","4":"has-post-thumbnail","6":"product_brand-exclusives","7":"product_cat-bocanci-ghete","9":"first","10":"instock","11":"shipping-taxable","12":"purchasable","13":"product-type-variable","14":"has-default-attributes"},"yoast_head":"<!-- This site is optimized with the Yoast SEO plugin v27.4 - https:\/\/yoast.com\/product\/yoast-seo-wordpress\/ -->\n<title>Ghete - .Moon - Exclusives<\/title>\n<meta name=\"description\" content=\"Un model inovator, cu influen\u021be streetwear \u0219i accente tehnice \u2013 aceste ghete sunt confec\u021bionate manual din piele natural\u0103 premium \u0219i neopren flexibil,\" \/>\n<meta name=\"robots\" content=\"noindex, follow, max-snippet:-1, max-image-preview:large, max-video-preview:-1\" \/>\n<meta property=\"og:locale\" content=\"en_US\" \/>\n<meta property=\"og:type\" content=\"article\" \/>\n<meta property=\"og:title\" content=\"Ghete - .Moon - Exclusives\" \/>\n<meta property=\"og:description\" content=\"Un model inovator, cu influen\u021be streetwear \u0219i accente tehnice \u2013 aceste ghete sunt confec\u021bionate manual din piele natural\u0103 premium \u0219i neopren flexibil,\" \/>\n<meta property=\"og:url\" content=\"https:\/\/exclusives.ro\/en\/product\/ghete-moon\/\" \/>\n<meta property=\"og:site_name\" content=\"Exclusives\" \/>\n<meta property=\"article:modified_time\" content=\"2026-01-30T15:07:08+00:00\" \/>\n<meta property=\"og:image\" content=\"https:\/\/exclusives.ro\/wp-content\/uploads\/2025\/10\/Exclusives-78.jpg\" \/>\n\t<meta property=\"og:image:width\" content=\"1366\" \/>\n\t<meta property=\"og:image:height\" content=\"2048\" \/>\n\t<meta property=\"og:image:type\" content=\"image\/jpeg\" \/>\n<meta name=\"twitter:card\" content=\"summary_large_image\" \/>\n<meta name=\"twitter:label1\" content=\"Est. reading time\" \/>\n\t<meta name=\"twitter:data1\" content=\"1 minute\" \/>\n<script type=\"application\/ld+json\" class=\"yoast-schema-graph\">{\"@context\":\"https:\\\/\\\/schema.org\",\"@graph\":[{\"@type\":\"WebPage\",\"@id\":\"https:\\\/\\\/exclusives.ro\\\/produs\\\/ghete-moon\\\/\",\"url\":\"https:\\\/\\\/exclusives.ro\\\/produs\\\/ghete-moon\\\/\",\"name\":\"Ghete - .Moon - Exclusives\",\"isPartOf\":{\"@id\":\"https:\\\/\\\/exclusives.ro\\\/#website\"},\"primaryImageOfPage\":{\"@id\":\"https:\\\/\\\/exclusives.ro\\\/produs\\\/ghete-moon\\\/#primaryimage\"},\"image\":{\"@id\":\"https:\\\/\\\/exclusives.ro\\\/produs\\\/ghete-moon\\\/#primaryimage\"},\"thumbnailUrl\":\"https:\\\/\\\/exclusives.ro\\\/wp-content\\\/uploads\\\/2025\\\/10\\\/Exclusives-78.jpg\",\"datePublished\":\"2025-10-13T07:04:28+00:00\",\"dateModified\":\"2026-01-30T15:07:08+00:00\",\"description\":\"Un model inovator, cu influen\u021be streetwear \u0219i accente tehnice \u2013 aceste ghete sunt confec\u021bionate manual din piele natural\u0103 premium \u0219i neopren flexibil,\",\"breadcrumb\":{\"@id\":\"https:\\\/\\\/exclusives.ro\\\/produs\\\/ghete-moon\\\/#breadcrumb\"},\"inLanguage\":\"en-US\",\"potentialAction\":[{\"@type\":\"ReadAction\",\"target\":[\"https:\\\/\\\/exclusives.ro\\\/produs\\\/ghete-moon\\\/\"]}]},{\"@type\":\"ImageObject\",\"inLanguage\":\"en-US\",\"@id\":\"https:\\\/\\\/exclusives.ro\\\/produs\\\/ghete-moon\\\/#primaryimage\",\"url\":\"https:\\\/\\\/exclusives.ro\\\/wp-content\\\/uploads\\\/2025\\\/10\\\/Exclusives-78.jpg\",\"contentUrl\":\"https:\\\/\\\/exclusives.ro\\\/wp-content\\\/uploads\\\/2025\\\/10\\\/Exclusives-78.jpg\",\"width\":1366,\"height\":2048},{\"@type\":\"BreadcrumbList\",\"@id\":\"https:\\\/\\\/exclusives.ro\\\/produs\\\/ghete-moon\\\/#breadcrumb\",\"itemListElement\":[{\"@type\":\"ListItem\",\"position\":1,\"name\":\"Home\",\"item\":\"https:\\\/\\\/exclusives.ro\\\/\"},{\"@type\":\"ListItem\",\"position\":2,\"name\":\"Pantofi\",\"item\":\"https:\\\/\\\/exclusives.ro\\\/shop\\\/\"},{\"@type\":\"ListItem\",\"position\":3,\"name\":\"Ghete &#8211; .Moon\"}]},{\"@type\":\"WebSite\",\"@id\":\"https:\\\/\\\/exclusives.ro\\\/#website\",\"url\":\"https:\\\/\\\/exclusives.ro\\\/\",\"name\":\"Exclusives\",\"description\":\"\",\"potentialAction\":[{\"@type\":\"SearchAction\",\"target\":{\"@type\":\"EntryPoint\",\"urlTemplate\":\"https:\\\/\\\/exclusives.ro\\\/?s={search_term_string}\"},\"query-input\":{\"@type\":\"PropertyValueSpecification\",\"valueRequired\":true,\"valueName\":\"search_term_string\"}}],\"inLanguage\":\"en-US\"}]}<\/script>\n<!-- \/ Yoast SEO plugin. -->","yoast_head_json":{"title":"Ghete - .Moon - Exclusives","description":"Un model inovator, cu influen\u021be streetwear \u0219i accente tehnice \u2013 aceste ghete sunt confec\u021bionate manual din piele natural\u0103 premium \u0219i neopren flexibil,","robots":{"index":"noindex","follow":"follow","max-snippet":"max-snippet:-1","max-image-preview":"max-image-preview:large","max-video-preview":"max-video-preview:-1"},"og_locale":"en_US","og_type":"article","og_title":"Ghete - .Moon - Exclusives","og_description":"Un model inovator, cu influen\u021be streetwear \u0219i accente tehnice \u2013 aceste ghete sunt confec\u021bionate manual din piele natural\u0103 premium \u0219i neopren flexibil,","og_url":"https:\/\/exclusives.ro\/en\/product\/ghete-moon\/","og_site_name":"Exclusives","article_modified_time":"2026-01-30T15:07:08+00:00","og_image":[{"width":1366,"height":2048,"url":"https:\/\/exclusives.ro\/wp-content\/uploads\/2025\/10\/Exclusives-78.jpg","type":"image\/jpeg"}],"twitter_card":"summary_large_image","twitter_misc":{"Est. reading time":"1 minute"},"schema":{"@context":"https:\/\/schema.org","@graph":[{"@type":"WebPage","@id":"https:\/\/exclusives.ro\/produs\/ghete-moon\/","url":"https:\/\/exclusives.ro\/produs\/ghete-moon\/","name":"Ghete - .Moon - Exclusives","isPartOf":{"@id":"https:\/\/exclusives.ro\/#website"},"primaryImageOfPage":{"@id":"https:\/\/exclusives.ro\/produs\/ghete-moon\/#primaryimage"},"image":{"@id":"https:\/\/exclusives.ro\/produs\/ghete-moon\/#primaryimage"},"thumbnailUrl":"https:\/\/exclusives.ro\/wp-content\/uploads\/2025\/10\/Exclusives-78.jpg","datePublished":"2025-10-13T07:04:28+00:00","dateModified":"2026-01-30T15:07:08+00:00","description":"Un model inovator, cu influen\u021be streetwear \u0219i accente tehnice \u2013 aceste ghete sunt confec\u021bionate manual din piele natural\u0103 premium \u0219i neopren flexibil,","breadcrumb":{"@id":"https:\/\/exclusives.ro\/produs\/ghete-moon\/#breadcrumb"},"inLanguage":"en-US","potentialAction":[{"@type":"ReadAction","target":["https:\/\/exclusives.ro\/produs\/ghete-moon\/"]}]},{"@type":"ImageObject","inLanguage":"en-US","@id":"https:\/\/exclusives.ro\/produs\/ghete-moon\/#primaryimage","url":"https:\/\/exclusives.ro\/wp-content\/uploads\/2025\/10\/Exclusives-78.jpg","contentUrl":"https:\/\/exclusives.ro\/wp-content\/uploads\/2025\/10\/Exclusives-78.jpg","width":1366,"height":2048},{"@type":"BreadcrumbList","@id":"https:\/\/exclusives.ro\/produs\/ghete-moon\/#breadcrumb","itemListElement":[{"@type":"ListItem","position":1,"name":"Home","item":"https:\/\/exclusives.ro\/"},{"@type":"ListItem","position":2,"name":"Pantofi","item":"https:\/\/exclusives.ro\/shop\/"},{"@type":"ListItem","position":3,"name":"Ghete &#8211; .Moon"}]},{"@type":"WebSite","@id":"https:\/\/exclusives.ro\/#website","url":"https:\/\/exclusives.ro\/","name":"Exclusives","description":"","potentialAction":[{"@type":"SearchAction","target":{"@type":"EntryPoint","urlTemplate":"https:\/\/exclusives.ro\/?s={search_term_string}"},"query-input":{"@type":"PropertyValueSpecification","valueRequired":true,"valueName":"search_term_string"}}],"inLanguage":"en-US"}]}},"jetpack_sharing_enabled":true,"_links":{"self":[{"href":"https:\/\/exclusives.ro\/en\/wp-json\/wp\/v2\/product\/31263","targetHints":{"allow":["GET"]}}],"collection":[{"href":"https:\/\/exclusives.ro\/en\/wp-json\/wp\/v2\/product"}],"about":[{"href":"https:\/\/exclusives.ro\/en\/wp-json\/wp\/v2\/types\/product"}],"replies":[{"embeddable":true,"href":"https:\/\/exclusives.ro\/en\/wp-json\/wp\/v2\/comments?post=31263"}],"version-history":[{"count":1,"href":"https:\/\/exclusives.ro\/en\/wp-json\/wp\/v2\/product\/31263\/revisions"}],"predecessor-version":[{"id":390319,"href":"https:\/\/exclusives.ro\/en\/wp-json\/wp\/v2\/product\/31263\/revisions\/390319"}],"wp:featuredmedia":[{"embeddable":true,"href":"https:\/\/exclusives.ro\/en\/wp-json\/wp\/v2\/media\/174543"}],"wp:attachment":[{"href":"https:\/\/exclusives.ro\/en\/wp-json\/wp\/v2\/media?parent=31263"}],"wp:term":[{"taxonomy":"product_brand","embeddable":true,"href":"https:\/\/exclusives.ro\/en\/wp-json\/wp\/v2\/product_brand?post=31263"},{"taxonomy":"product_cat","embeddable":true,"href":"https:\/\/exclusives.ro\/en\/wp-json\/wp\/v2\/product_cat?post=31263"},{"taxonomy":"product_tag","embeddable":true,"href":"https:\/\/exclusives.ro\/en\/wp-json\/wp\/v2\/product_tag?post=31263"}],"curies":[{"name":"wp","href":"https:\/\/api.w.org\/{rel}","templated":true}]}}