{"id":31334,"date":"2025-10-13T07:12:10","date_gmt":"2025-10-13T07:12:10","guid":{"rendered":"https:\/\/exclusives.fastapp.ro\/?post_type=product&#038;p=31334"},"modified":"2026-04-16T09:16:41","modified_gmt":"2026-04-16T09:16:41","slug":"ghete-cosmic","status":"publish","type":"product","link":"https:\/\/exclusives.ro\/en\/product\/ghete-cosmic\/","title":{"rendered":"Ghete &#8211; Cosmic"},"content":{"rendered":"<p class=\"\" data-start=\"65\" data-end=\"115\"><strong data-start=\"65\" data-end=\"115\">Ghete din piele natural\u0103 \u2013 Handmade \u00een Rom\u00e2nia<\/strong><\/p>\n<p class=\"\" data-start=\"117\" data-end=\"408\">Descoper\u0103 elegan\u021ba urban\u0103 cu aceste ghete moderne, realizate 100% manual din piele natural\u0103 de cea mai \u00eenalt\u0103 calitate. Designul minimalist se remarc\u0103 prin detaliile atent lucrate \u0219i forma contemporan\u0103, ideal\u0103 pentru un look stilat \u0219i confortabil \u00een acela\u0219i timp.<\/p>\n<p class=\"\" data-start=\"410\" data-end=\"628\">\u00a0100% piele natural\u0103<br data-start=\"431\" data-end=\"434\" \/>\u00a0Lucrate manual, cu grij\u0103 pentru fiecare detaliu<br data-start=\"483\" data-end=\"486\" \/>\u00a0Talp\u0103 groas\u0103, rezistent\u0103, perfect\u0103 pentru confort pe tot parcursul zilei<br data-start=\"560\" data-end=\"563\" \/>Design modern \u0219i versatil<br data-start=\"590\" data-end=\"593\" \/>Fabricate cu m\u00e2ndrie \u00een Rom\u00e2nia<\/p>\n<p class=\"\" data-start=\"630\" data-end=\"805\">Perfecte pentru completarea unei \u021binute \u00eendr\u0103zne\u021be, aceste ghete sunt alegerea ideal\u0103 pentru cei care apreciaz\u0103 calitatea autentic\u0103 \u0219i stilul distinct.<\/p>\n<p><strong>Inaltime talpa<\/strong><\/p>\n<p><b>\u00a03.5cm in fata si 5.5cm in spate<\/b><\/p>\n<p>&nbsp;<\/p>\n<p><u><em><strong>PRODUS FABRICAT IN ROMANIA!<\/strong><\/em><\/u><\/p>\n<p>Marimi disponibile:\u00a0 36 , 37 , 38 , 39, 40<\/p>\n<p><strong><i>TERMEN DE REALIZARE 12-14 ZILE LUCRATOARE<\/i><\/strong><\/p>","protected":false},"excerpt":{"rendered":"<p>Ghete din piele natural\u0103 \u2013 Handmade \u00een Rom\u00e2nia Descoper\u0103 elegan\u021ba urban\u0103 cu aceste ghete moderne, realizate 100% manual din piele<\/p>","protected":false},"featured_media":174510,"comment_status":"open","ping_status":"closed","template":"","meta":[],"product_brand":[252],"product_cat":[20],"product_tag":[],"class_list":{"0":"post-31334","1":"product","2":"type-product","3":"status-publish","4":"has-post-thumbnail","6":"product_brand-exclusives","7":"product_cat-bocanci-ghete","9":"first","10":"instock","11":"sale","12":"shipping-taxable","13":"purchasable","14":"product-type-variable","15":"has-default-attributes"},"yoast_head":"<!-- This site is optimized with the Yoast SEO plugin v27.4 - https:\/\/yoast.com\/product\/yoast-seo-wordpress\/ -->\n<title>Ghete - Cosmic - Exclusives<\/title>\n<meta name=\"description\" content=\"Ghete din piele natural\u0103 \u2013 Handmade \u00een Rom\u00e2nia Descoper\u0103 elegan\u021ba urban\u0103 cu aceste ghete moderne, realizate 100% manual din piele natural\u0103 de cea mai\" \/>\n<meta name=\"robots\" content=\"noindex, follow, max-snippet:-1, max-image-preview:large, max-video-preview:-1\" \/>\n<meta property=\"og:locale\" content=\"en_US\" \/>\n<meta property=\"og:type\" content=\"article\" \/>\n<meta property=\"og:title\" content=\"Ghete - Cosmic - Exclusives\" \/>\n<meta property=\"og:description\" content=\"Ghete din piele natural\u0103 \u2013 Handmade \u00een Rom\u00e2nia Descoper\u0103 elegan\u021ba urban\u0103 cu aceste ghete moderne, realizate 100% manual din piele natural\u0103 de cea mai\" \/>\n<meta property=\"og:url\" content=\"https:\/\/exclusives.ro\/en\/product\/ghete-cosmic\/\" \/>\n<meta property=\"og:site_name\" content=\"Exclusives\" \/>\n<meta property=\"article:modified_time\" content=\"2026-04-16T09:16:41+00:00\" \/>\n<meta property=\"og:image\" content=\"https:\/\/exclusives.ro\/wp-content\/uploads\/2025\/10\/Exclusives-14.10.2024-188-1.jpg\" \/>\n\t<meta property=\"og:image:width\" content=\"1365\" \/>\n\t<meta property=\"og:image:height\" content=\"2048\" \/>\n\t<meta property=\"og:image:type\" content=\"image\/jpeg\" \/>\n<meta name=\"twitter:card\" content=\"summary_large_image\" \/>\n<meta name=\"twitter:label1\" content=\"Est. reading time\" \/>\n\t<meta name=\"twitter:data1\" content=\"1 minute\" \/>\n<script type=\"application\/ld+json\" class=\"yoast-schema-graph\">{\"@context\":\"https:\\\/\\\/schema.org\",\"@graph\":[{\"@type\":\"WebPage\",\"@id\":\"https:\\\/\\\/exclusives.ro\\\/produs\\\/ghete-cosmic\\\/\",\"url\":\"https:\\\/\\\/exclusives.ro\\\/produs\\\/ghete-cosmic\\\/\",\"name\":\"Ghete - Cosmic - Exclusives\",\"isPartOf\":{\"@id\":\"https:\\\/\\\/exclusives.ro\\\/#website\"},\"primaryImageOfPage\":{\"@id\":\"https:\\\/\\\/exclusives.ro\\\/produs\\\/ghete-cosmic\\\/#primaryimage\"},\"image\":{\"@id\":\"https:\\\/\\\/exclusives.ro\\\/produs\\\/ghete-cosmic\\\/#primaryimage\"},\"thumbnailUrl\":\"https:\\\/\\\/exclusives.ro\\\/wp-content\\\/uploads\\\/2025\\\/10\\\/Exclusives-14.10.2024-188-1.jpg\",\"datePublished\":\"2025-10-13T07:12:10+00:00\",\"dateModified\":\"2026-04-16T09:16:41+00:00\",\"description\":\"Ghete din piele natural\u0103 \u2013 Handmade \u00een Rom\u00e2nia Descoper\u0103 elegan\u021ba urban\u0103 cu aceste ghete moderne, realizate 100% manual din piele natural\u0103 de cea mai\",\"breadcrumb\":{\"@id\":\"https:\\\/\\\/exclusives.ro\\\/produs\\\/ghete-cosmic\\\/#breadcrumb\"},\"inLanguage\":\"en-US\",\"potentialAction\":[{\"@type\":\"ReadAction\",\"target\":[\"https:\\\/\\\/exclusives.ro\\\/produs\\\/ghete-cosmic\\\/\"]}]},{\"@type\":\"ImageObject\",\"inLanguage\":\"en-US\",\"@id\":\"https:\\\/\\\/exclusives.ro\\\/produs\\\/ghete-cosmic\\\/#primaryimage\",\"url\":\"https:\\\/\\\/exclusives.ro\\\/wp-content\\\/uploads\\\/2025\\\/10\\\/Exclusives-14.10.2024-188-1.jpg\",\"contentUrl\":\"https:\\\/\\\/exclusives.ro\\\/wp-content\\\/uploads\\\/2025\\\/10\\\/Exclusives-14.10.2024-188-1.jpg\",\"width\":1365,\"height\":2048},{\"@type\":\"BreadcrumbList\",\"@id\":\"https:\\\/\\\/exclusives.ro\\\/produs\\\/ghete-cosmic\\\/#breadcrumb\",\"itemListElement\":[{\"@type\":\"ListItem\",\"position\":1,\"name\":\"Home\",\"item\":\"https:\\\/\\\/exclusives.ro\\\/\"},{\"@type\":\"ListItem\",\"position\":2,\"name\":\"Pantofi\",\"item\":\"https:\\\/\\\/exclusives.ro\\\/shop\\\/\"},{\"@type\":\"ListItem\",\"position\":3,\"name\":\"Ghete &#8211; Cosmic\"}]},{\"@type\":\"WebSite\",\"@id\":\"https:\\\/\\\/exclusives.ro\\\/#website\",\"url\":\"https:\\\/\\\/exclusives.ro\\\/\",\"name\":\"Exclusives\",\"description\":\"\",\"potentialAction\":[{\"@type\":\"SearchAction\",\"target\":{\"@type\":\"EntryPoint\",\"urlTemplate\":\"https:\\\/\\\/exclusives.ro\\\/?s={search_term_string}\"},\"query-input\":{\"@type\":\"PropertyValueSpecification\",\"valueRequired\":true,\"valueName\":\"search_term_string\"}}],\"inLanguage\":\"en-US\"}]}<\/script>\n<!-- \/ Yoast SEO plugin. -->","yoast_head_json":{"title":"Ghete - Cosmic - Exclusives","description":"Ghete din piele natural\u0103 \u2013 Handmade \u00een Rom\u00e2nia Descoper\u0103 elegan\u021ba urban\u0103 cu aceste ghete moderne, realizate 100% manual din piele natural\u0103 de cea mai","robots":{"index":"noindex","follow":"follow","max-snippet":"max-snippet:-1","max-image-preview":"max-image-preview:large","max-video-preview":"max-video-preview:-1"},"og_locale":"en_US","og_type":"article","og_title":"Ghete - Cosmic - Exclusives","og_description":"Ghete din piele natural\u0103 \u2013 Handmade \u00een Rom\u00e2nia Descoper\u0103 elegan\u021ba urban\u0103 cu aceste ghete moderne, realizate 100% manual din piele natural\u0103 de cea mai","og_url":"https:\/\/exclusives.ro\/en\/product\/ghete-cosmic\/","og_site_name":"Exclusives","article_modified_time":"2026-04-16T09:16:41+00:00","og_image":[{"width":1365,"height":2048,"url":"https:\/\/exclusives.ro\/wp-content\/uploads\/2025\/10\/Exclusives-14.10.2024-188-1.jpg","type":"image\/jpeg"}],"twitter_card":"summary_large_image","twitter_misc":{"Est. reading time":"1 minute"},"schema":{"@context":"https:\/\/schema.org","@graph":[{"@type":"WebPage","@id":"https:\/\/exclusives.ro\/produs\/ghete-cosmic\/","url":"https:\/\/exclusives.ro\/produs\/ghete-cosmic\/","name":"Ghete - Cosmic - Exclusives","isPartOf":{"@id":"https:\/\/exclusives.ro\/#website"},"primaryImageOfPage":{"@id":"https:\/\/exclusives.ro\/produs\/ghete-cosmic\/#primaryimage"},"image":{"@id":"https:\/\/exclusives.ro\/produs\/ghete-cosmic\/#primaryimage"},"thumbnailUrl":"https:\/\/exclusives.ro\/wp-content\/uploads\/2025\/10\/Exclusives-14.10.2024-188-1.jpg","datePublished":"2025-10-13T07:12:10+00:00","dateModified":"2026-04-16T09:16:41+00:00","description":"Ghete din piele natural\u0103 \u2013 Handmade \u00een Rom\u00e2nia Descoper\u0103 elegan\u021ba urban\u0103 cu aceste ghete moderne, realizate 100% manual din piele natural\u0103 de cea mai","breadcrumb":{"@id":"https:\/\/exclusives.ro\/produs\/ghete-cosmic\/#breadcrumb"},"inLanguage":"en-US","potentialAction":[{"@type":"ReadAction","target":["https:\/\/exclusives.ro\/produs\/ghete-cosmic\/"]}]},{"@type":"ImageObject","inLanguage":"en-US","@id":"https:\/\/exclusives.ro\/produs\/ghete-cosmic\/#primaryimage","url":"https:\/\/exclusives.ro\/wp-content\/uploads\/2025\/10\/Exclusives-14.10.2024-188-1.jpg","contentUrl":"https:\/\/exclusives.ro\/wp-content\/uploads\/2025\/10\/Exclusives-14.10.2024-188-1.jpg","width":1365,"height":2048},{"@type":"BreadcrumbList","@id":"https:\/\/exclusives.ro\/produs\/ghete-cosmic\/#breadcrumb","itemListElement":[{"@type":"ListItem","position":1,"name":"Home","item":"https:\/\/exclusives.ro\/"},{"@type":"ListItem","position":2,"name":"Pantofi","item":"https:\/\/exclusives.ro\/shop\/"},{"@type":"ListItem","position":3,"name":"Ghete &#8211; Cosmic"}]},{"@type":"WebSite","@id":"https:\/\/exclusives.ro\/#website","url":"https:\/\/exclusives.ro\/","name":"Exclusives","description":"","potentialAction":[{"@type":"SearchAction","target":{"@type":"EntryPoint","urlTemplate":"https:\/\/exclusives.ro\/?s={search_term_string}"},"query-input":{"@type":"PropertyValueSpecification","valueRequired":true,"valueName":"search_term_string"}}],"inLanguage":"en-US"}]}},"jetpack_sharing_enabled":true,"_links":{"self":[{"href":"https:\/\/exclusives.ro\/en\/wp-json\/wp\/v2\/product\/31334","targetHints":{"allow":["GET"]}}],"collection":[{"href":"https:\/\/exclusives.ro\/en\/wp-json\/wp\/v2\/product"}],"about":[{"href":"https:\/\/exclusives.ro\/en\/wp-json\/wp\/v2\/types\/product"}],"replies":[{"embeddable":true,"href":"https:\/\/exclusives.ro\/en\/wp-json\/wp\/v2\/comments?post=31334"}],"version-history":[{"count":1,"href":"https:\/\/exclusives.ro\/en\/wp-json\/wp\/v2\/product\/31334\/revisions"}],"predecessor-version":[{"id":390321,"href":"https:\/\/exclusives.ro\/en\/wp-json\/wp\/v2\/product\/31334\/revisions\/390321"}],"wp:featuredmedia":[{"embeddable":true,"href":"https:\/\/exclusives.ro\/en\/wp-json\/wp\/v2\/media\/174510"}],"wp:attachment":[{"href":"https:\/\/exclusives.ro\/en\/wp-json\/wp\/v2\/media?parent=31334"}],"wp:term":[{"taxonomy":"product_brand","embeddable":true,"href":"https:\/\/exclusives.ro\/en\/wp-json\/wp\/v2\/product_brand?post=31334"},{"taxonomy":"product_cat","embeddable":true,"href":"https:\/\/exclusives.ro\/en\/wp-json\/wp\/v2\/product_cat?post=31334"},{"taxonomy":"product_tag","embeddable":true,"href":"https:\/\/exclusives.ro\/en\/wp-json\/wp\/v2\/product_tag?post=31334"}],"curies":[{"name":"wp","href":"https:\/\/api.w.org\/{rel}","templated":true}]}}