{"id":31378,"date":"2025-10-13T07:19:14","date_gmt":"2025-10-13T07:19:14","guid":{"rendered":"https:\/\/exclusives.fastapp.ro\/?post_type=product&#038;p=31378"},"modified":"2026-01-30T15:19:55","modified_gmt":"2026-01-30T15:19:55","slug":"ghete-game","status":"publish","type":"product","link":"https:\/\/exclusives.ro\/en\/product\/ghete-game\/","title":{"rendered":"Ghete &#8211; Game"},"content":{"rendered":"<p class=\"\" data-start=\"196\" data-end=\"525\">Cu un design atemporal, reinterpretat \u00eentr-o variant\u0103 modern\u0103, aceste ghete scurte impresioneaz\u0103 prin combina\u021bia dintre pielea natural\u0103 fin\u0103 \u0219i inser\u021biile cu textur\u0103 croco, care adaug\u0103 un plus de personalitate. Modelul este realizat 100% manual \u00een Rom\u00e2nia \u0219i ofer\u0103 un echilibru perfect \u00eentre confort, calitate \u0219i estetic\u0103 urban\u0103.<\/p>\n<div>\u00a0100% piele natural\u0103 premium \u2013 combina\u021bie de finisaje netede \u0219i croco<\/div>\n<div>\u00a0Lucrate manual, cu aten\u021bie la detalii<\/div>\n<div>\u00a0Talp\u0103 groas\u0103 \u0219i flexibil\u0103, pentru confort sporit<\/div>\n<div>\u00a0\u00cenchidere cu \u0219ireturi \u0219i fermoar lateral pentru utilizare facil\u0103<\/div>\n<div>\u00a0Design versatil, cu influen\u021be streetwear<\/div>\n<p>&nbsp;<\/p>\n<p class=\"\" data-start=\"808\" data-end=\"927\">Alege o pereche de ghete care combin\u0103 stilul rafinat cu for\u021ba detaliului \u2013 pentru o prezen\u021b\u0103 remarcabil\u0103 \u00een fiecare zi.<\/p>\n<p>Inaltimea talpii: 2.5cm in fata si 3.5cm in spate.<\/p>\n<p>&nbsp;<\/p>\n<p><u><em><strong>PRODUS FABRICAT IN ROMANIA!<\/strong><\/em><\/u><\/p>\n<p>Marimi disponibile:\u00a0 35, 36 , 37 , 38 , 39, 40<\/p>\n<p><strong><i>TERMEN DE REALIZARE\u00a08-14 ZILE LUCRATOARE<\/i><\/strong><\/p>","protected":false},"excerpt":{"rendered":"<p>Cu un design atemporal, reinterpretat \u00eentr-o variant\u0103 modern\u0103, aceste ghete scurte impresioneaz\u0103 prin combina\u021bia dintre pielea natural\u0103 fin\u0103 \u0219i inser\u021biile<\/p>","protected":false},"featured_media":174515,"comment_status":"open","ping_status":"closed","template":"","meta":[],"product_brand":[252],"product_cat":[20],"product_tag":[],"class_list":{"0":"post-31378","1":"product","2":"type-product","3":"status-publish","4":"has-post-thumbnail","6":"product_brand-exclusives","7":"product_cat-bocanci-ghete","9":"first","10":"instock","11":"shipping-taxable","12":"purchasable","13":"product-type-variable","14":"has-default-attributes"},"yoast_head":"<!-- This site is optimized with the Yoast SEO plugin v27.4 - https:\/\/yoast.com\/product\/yoast-seo-wordpress\/ -->\n<title>Ghete - Game - Exclusives<\/title>\n<meta name=\"description\" content=\"Cu un design atemporal, reinterpretat \u00eentr-o variant\u0103 modern\u0103, aceste ghete scurte impresioneaz\u0103 prin combina\u021bia dintre pielea natural\u0103 fin\u0103 \u0219i inser\u021biile\" \/>\n<meta name=\"robots\" content=\"noindex, follow, max-snippet:-1, max-image-preview:large, max-video-preview:-1\" \/>\n<meta property=\"og:locale\" content=\"en_US\" \/>\n<meta property=\"og:type\" content=\"article\" \/>\n<meta property=\"og:title\" content=\"Ghete - Game - Exclusives\" \/>\n<meta property=\"og:description\" content=\"Cu un design atemporal, reinterpretat \u00eentr-o variant\u0103 modern\u0103, aceste ghete scurte impresioneaz\u0103 prin combina\u021bia dintre pielea natural\u0103 fin\u0103 \u0219i inser\u021biile\" \/>\n<meta property=\"og:url\" content=\"https:\/\/exclusives.ro\/en\/product\/ghete-game\/\" \/>\n<meta property=\"og:site_name\" content=\"Exclusives\" \/>\n<meta property=\"article:modified_time\" content=\"2026-01-30T15:19:55+00:00\" \/>\n<meta property=\"og:image\" content=\"https:\/\/exclusives.ro\/wp-content\/uploads\/2025\/10\/LRS_EXCL_25.08.2023-273.jpg\" \/>\n\t<meta property=\"og:image:width\" content=\"1366\" \/>\n\t<meta property=\"og:image:height\" content=\"2048\" \/>\n\t<meta property=\"og:image:type\" content=\"image\/jpeg\" \/>\n<meta name=\"twitter:card\" content=\"summary_large_image\" \/>\n<meta name=\"twitter:label1\" content=\"Est. reading time\" \/>\n\t<meta name=\"twitter:data1\" content=\"1 minute\" \/>\n<script type=\"application\/ld+json\" class=\"yoast-schema-graph\">{\"@context\":\"https:\\\/\\\/schema.org\",\"@graph\":[{\"@type\":\"WebPage\",\"@id\":\"https:\\\/\\\/exclusives.ro\\\/produs\\\/ghete-game\\\/\",\"url\":\"https:\\\/\\\/exclusives.ro\\\/produs\\\/ghete-game\\\/\",\"name\":\"Ghete - Game - Exclusives\",\"isPartOf\":{\"@id\":\"https:\\\/\\\/exclusives.ro\\\/#website\"},\"primaryImageOfPage\":{\"@id\":\"https:\\\/\\\/exclusives.ro\\\/produs\\\/ghete-game\\\/#primaryimage\"},\"image\":{\"@id\":\"https:\\\/\\\/exclusives.ro\\\/produs\\\/ghete-game\\\/#primaryimage\"},\"thumbnailUrl\":\"https:\\\/\\\/exclusives.ro\\\/wp-content\\\/uploads\\\/2025\\\/10\\\/LRS_EXCL_25.08.2023-273.jpg\",\"datePublished\":\"2025-10-13T07:19:14+00:00\",\"dateModified\":\"2026-01-30T15:19:55+00:00\",\"description\":\"Cu un design atemporal, reinterpretat \u00eentr-o variant\u0103 modern\u0103, aceste ghete scurte impresioneaz\u0103 prin combina\u021bia dintre pielea natural\u0103 fin\u0103 \u0219i inser\u021biile\",\"breadcrumb\":{\"@id\":\"https:\\\/\\\/exclusives.ro\\\/produs\\\/ghete-game\\\/#breadcrumb\"},\"inLanguage\":\"en-US\",\"potentialAction\":[{\"@type\":\"ReadAction\",\"target\":[\"https:\\\/\\\/exclusives.ro\\\/produs\\\/ghete-game\\\/\"]}]},{\"@type\":\"ImageObject\",\"inLanguage\":\"en-US\",\"@id\":\"https:\\\/\\\/exclusives.ro\\\/produs\\\/ghete-game\\\/#primaryimage\",\"url\":\"https:\\\/\\\/exclusives.ro\\\/wp-content\\\/uploads\\\/2025\\\/10\\\/LRS_EXCL_25.08.2023-273.jpg\",\"contentUrl\":\"https:\\\/\\\/exclusives.ro\\\/wp-content\\\/uploads\\\/2025\\\/10\\\/LRS_EXCL_25.08.2023-273.jpg\",\"width\":1366,\"height\":2048},{\"@type\":\"BreadcrumbList\",\"@id\":\"https:\\\/\\\/exclusives.ro\\\/produs\\\/ghete-game\\\/#breadcrumb\",\"itemListElement\":[{\"@type\":\"ListItem\",\"position\":1,\"name\":\"Home\",\"item\":\"https:\\\/\\\/exclusives.ro\\\/\"},{\"@type\":\"ListItem\",\"position\":2,\"name\":\"Pantofi\",\"item\":\"https:\\\/\\\/exclusives.ro\\\/shop\\\/\"},{\"@type\":\"ListItem\",\"position\":3,\"name\":\"Ghete &#8211; Game\"}]},{\"@type\":\"WebSite\",\"@id\":\"https:\\\/\\\/exclusives.ro\\\/#website\",\"url\":\"https:\\\/\\\/exclusives.ro\\\/\",\"name\":\"Exclusives\",\"description\":\"\",\"potentialAction\":[{\"@type\":\"SearchAction\",\"target\":{\"@type\":\"EntryPoint\",\"urlTemplate\":\"https:\\\/\\\/exclusives.ro\\\/?s={search_term_string}\"},\"query-input\":{\"@type\":\"PropertyValueSpecification\",\"valueRequired\":true,\"valueName\":\"search_term_string\"}}],\"inLanguage\":\"en-US\"}]}<\/script>\n<!-- \/ Yoast SEO plugin. -->","yoast_head_json":{"title":"Ghete - Game - Exclusives","description":"Cu un design atemporal, reinterpretat \u00eentr-o variant\u0103 modern\u0103, aceste ghete scurte impresioneaz\u0103 prin combina\u021bia dintre pielea natural\u0103 fin\u0103 \u0219i inser\u021biile","robots":{"index":"noindex","follow":"follow","max-snippet":"max-snippet:-1","max-image-preview":"max-image-preview:large","max-video-preview":"max-video-preview:-1"},"og_locale":"en_US","og_type":"article","og_title":"Ghete - Game - Exclusives","og_description":"Cu un design atemporal, reinterpretat \u00eentr-o variant\u0103 modern\u0103, aceste ghete scurte impresioneaz\u0103 prin combina\u021bia dintre pielea natural\u0103 fin\u0103 \u0219i inser\u021biile","og_url":"https:\/\/exclusives.ro\/en\/product\/ghete-game\/","og_site_name":"Exclusives","article_modified_time":"2026-01-30T15:19:55+00:00","og_image":[{"width":1366,"height":2048,"url":"https:\/\/exclusives.ro\/wp-content\/uploads\/2025\/10\/LRS_EXCL_25.08.2023-273.jpg","type":"image\/jpeg"}],"twitter_card":"summary_large_image","twitter_misc":{"Est. reading time":"1 minute"},"schema":{"@context":"https:\/\/schema.org","@graph":[{"@type":"WebPage","@id":"https:\/\/exclusives.ro\/produs\/ghete-game\/","url":"https:\/\/exclusives.ro\/produs\/ghete-game\/","name":"Ghete - Game - Exclusives","isPartOf":{"@id":"https:\/\/exclusives.ro\/#website"},"primaryImageOfPage":{"@id":"https:\/\/exclusives.ro\/produs\/ghete-game\/#primaryimage"},"image":{"@id":"https:\/\/exclusives.ro\/produs\/ghete-game\/#primaryimage"},"thumbnailUrl":"https:\/\/exclusives.ro\/wp-content\/uploads\/2025\/10\/LRS_EXCL_25.08.2023-273.jpg","datePublished":"2025-10-13T07:19:14+00:00","dateModified":"2026-01-30T15:19:55+00:00","description":"Cu un design atemporal, reinterpretat \u00eentr-o variant\u0103 modern\u0103, aceste ghete scurte impresioneaz\u0103 prin combina\u021bia dintre pielea natural\u0103 fin\u0103 \u0219i inser\u021biile","breadcrumb":{"@id":"https:\/\/exclusives.ro\/produs\/ghete-game\/#breadcrumb"},"inLanguage":"en-US","potentialAction":[{"@type":"ReadAction","target":["https:\/\/exclusives.ro\/produs\/ghete-game\/"]}]},{"@type":"ImageObject","inLanguage":"en-US","@id":"https:\/\/exclusives.ro\/produs\/ghete-game\/#primaryimage","url":"https:\/\/exclusives.ro\/wp-content\/uploads\/2025\/10\/LRS_EXCL_25.08.2023-273.jpg","contentUrl":"https:\/\/exclusives.ro\/wp-content\/uploads\/2025\/10\/LRS_EXCL_25.08.2023-273.jpg","width":1366,"height":2048},{"@type":"BreadcrumbList","@id":"https:\/\/exclusives.ro\/produs\/ghete-game\/#breadcrumb","itemListElement":[{"@type":"ListItem","position":1,"name":"Home","item":"https:\/\/exclusives.ro\/"},{"@type":"ListItem","position":2,"name":"Pantofi","item":"https:\/\/exclusives.ro\/shop\/"},{"@type":"ListItem","position":3,"name":"Ghete &#8211; Game"}]},{"@type":"WebSite","@id":"https:\/\/exclusives.ro\/#website","url":"https:\/\/exclusives.ro\/","name":"Exclusives","description":"","potentialAction":[{"@type":"SearchAction","target":{"@type":"EntryPoint","urlTemplate":"https:\/\/exclusives.ro\/?s={search_term_string}"},"query-input":{"@type":"PropertyValueSpecification","valueRequired":true,"valueName":"search_term_string"}}],"inLanguage":"en-US"}]}},"jetpack_sharing_enabled":true,"_links":{"self":[{"href":"https:\/\/exclusives.ro\/en\/wp-json\/wp\/v2\/product\/31378","targetHints":{"allow":["GET"]}}],"collection":[{"href":"https:\/\/exclusives.ro\/en\/wp-json\/wp\/v2\/product"}],"about":[{"href":"https:\/\/exclusives.ro\/en\/wp-json\/wp\/v2\/types\/product"}],"replies":[{"embeddable":true,"href":"https:\/\/exclusives.ro\/en\/wp-json\/wp\/v2\/comments?post=31378"}],"version-history":[{"count":1,"href":"https:\/\/exclusives.ro\/en\/wp-json\/wp\/v2\/product\/31378\/revisions"}],"predecessor-version":[{"id":390322,"href":"https:\/\/exclusives.ro\/en\/wp-json\/wp\/v2\/product\/31378\/revisions\/390322"}],"wp:featuredmedia":[{"embeddable":true,"href":"https:\/\/exclusives.ro\/en\/wp-json\/wp\/v2\/media\/174515"}],"wp:attachment":[{"href":"https:\/\/exclusives.ro\/en\/wp-json\/wp\/v2\/media?parent=31378"}],"wp:term":[{"taxonomy":"product_brand","embeddable":true,"href":"https:\/\/exclusives.ro\/en\/wp-json\/wp\/v2\/product_brand?post=31378"},{"taxonomy":"product_cat","embeddable":true,"href":"https:\/\/exclusives.ro\/en\/wp-json\/wp\/v2\/product_cat?post=31378"},{"taxonomy":"product_tag","embeddable":true,"href":"https:\/\/exclusives.ro\/en\/wp-json\/wp\/v2\/product_tag?post=31378"}],"curies":[{"name":"wp","href":"https:\/\/api.w.org\/{rel}","templated":true}]}}