{"id":31459,"date":"2025-10-13T07:31:57","date_gmt":"2025-10-13T07:31:57","guid":{"rendered":"https:\/\/exclusives.fastapp.ro\/?post_type=product&#038;p=31459"},"modified":"2026-04-16T09:18:47","modified_gmt":"2026-04-16T09:18:47","slug":"ghete-london","status":"publish","type":"product","link":"https:\/\/exclusives.ro\/en\/product\/ghete-london\/","title":{"rendered":"Ghete &#8211; London"},"content":{"rendered":"<p class=\"\" data-start=\"172\" data-end=\"569\">Un model statement pentru cei care iubesc stilul utilitar cu accente contemporane. Aceste ghete sunt realizate manual \u00een Rom\u00e2nia din piele natural\u0103 premium, cu o siluet\u0103 robust\u0103 \u0219i detalii tehnice precum \u00eenchiderile cu catarame tip snap-lock, fermoar lateral \u0219i \u0219ireturi clasice. Talpa \u00eenalt\u0103 ofer\u0103 confort \u0219i stabilitate, \u00een timp ce designul este g\u00e2ndit s\u0103 combine func\u021bionalitatea cu atitudinea.<\/p>\n<div>\u00a0100% piele natural\u0103 premium, texturat\u0103<\/div>\n<div>\u00a0Handmade \u00een Rom\u00e2nia, cu finisaje de calitate<\/div>\n<div>\u00a0Sistem de prindere cu \u0219ireturi + catarame elastice + fermoar lateral<\/div>\n<div>\u00a0Talp\u0103 groas\u0103, aderent\u0103 \u0219i comod\u0103<\/div>\n<div>\u00a0Design urban, cu influen\u021be military-tech<\/div>\n<p class=\"\" data-start=\"817\" data-end=\"920\">Ghete care nu fac compromisuri \u00eentre stil \u0219i performan\u021b\u0103 \u2013 create pentru pa\u0219i siguri, cu personalitate.<\/p>\n<p>\u00a0Inaltime talpa 4cm in fata si 6cm in spate.<\/p>\n<p><u><em><strong>PRODUS FABRICAT IN ROMANIA!<\/strong><\/em><\/u><\/p>\n<p>Marimi disponibile: 35, 36 , 37 , 38 , 39, 40<\/p>\n<p><strong><i>TERMEN DE REALIZARE 10-14 ZILE LUCRATOARE<\/i><\/strong><\/p>","protected":false},"excerpt":{"rendered":"<p>Un model statement pentru cei care iubesc stilul utilitar cu accente contemporane. Aceste ghete sunt realizate manual \u00een Rom\u00e2nia din<\/p>","protected":false},"featured_media":174562,"comment_status":"open","ping_status":"closed","template":"","meta":[],"product_brand":[252],"product_cat":[20],"product_tag":[],"class_list":{"0":"post-31459","1":"product","2":"type-product","3":"status-publish","4":"has-post-thumbnail","6":"product_brand-exclusives","7":"product_cat-bocanci-ghete","9":"first","10":"instock","11":"sale","12":"shipping-taxable","13":"purchasable","14":"product-type-variable","15":"has-default-attributes"},"yoast_head":"<!-- This site is optimized with the Yoast SEO plugin v27.4 - https:\/\/yoast.com\/product\/yoast-seo-wordpress\/ -->\n<title>Ghete - London - Exclusives<\/title>\n<meta name=\"description\" content=\"Un model statement pentru cei care iubesc stilul utilitar cu accente contemporane. Aceste ghete sunt realizate manual \u00een Rom\u00e2nia din piele natural\u0103\" \/>\n<meta name=\"robots\" content=\"noindex, follow, max-snippet:-1, max-image-preview:large, max-video-preview:-1\" \/>\n<meta property=\"og:locale\" content=\"en_US\" \/>\n<meta property=\"og:type\" content=\"article\" \/>\n<meta property=\"og:title\" content=\"Ghete - London - Exclusives\" \/>\n<meta property=\"og:description\" content=\"Un model statement pentru cei care iubesc stilul utilitar cu accente contemporane. Aceste ghete sunt realizate manual \u00een Rom\u00e2nia din piele natural\u0103\" \/>\n<meta property=\"og:url\" content=\"https:\/\/exclusives.ro\/en\/product\/ghete-london\/\" \/>\n<meta property=\"og:site_name\" content=\"Exclusives\" \/>\n<meta property=\"article:modified_time\" content=\"2026-04-16T09:18:47+00:00\" \/>\n<meta property=\"og:image\" content=\"https:\/\/exclusives.ro\/wp-content\/uploads\/2025\/10\/SRB01866-1.jpg\" \/>\n\t<meta property=\"og:image:width\" content=\"1411\" \/>\n\t<meta property=\"og:image:height\" content=\"2115\" \/>\n\t<meta property=\"og:image:type\" content=\"image\/jpeg\" \/>\n<meta name=\"twitter:card\" content=\"summary_large_image\" \/>\n<meta name=\"twitter:label1\" content=\"Est. reading time\" \/>\n\t<meta name=\"twitter:data1\" content=\"1 minute\" \/>\n<script type=\"application\/ld+json\" class=\"yoast-schema-graph\">{\"@context\":\"https:\\\/\\\/schema.org\",\"@graph\":[{\"@type\":\"WebPage\",\"@id\":\"https:\\\/\\\/exclusives.ro\\\/produs\\\/ghete-london\\\/\",\"url\":\"https:\\\/\\\/exclusives.ro\\\/produs\\\/ghete-london\\\/\",\"name\":\"Ghete - London - Exclusives\",\"isPartOf\":{\"@id\":\"https:\\\/\\\/exclusives.ro\\\/#website\"},\"primaryImageOfPage\":{\"@id\":\"https:\\\/\\\/exclusives.ro\\\/produs\\\/ghete-london\\\/#primaryimage\"},\"image\":{\"@id\":\"https:\\\/\\\/exclusives.ro\\\/produs\\\/ghete-london\\\/#primaryimage\"},\"thumbnailUrl\":\"https:\\\/\\\/exclusives.ro\\\/wp-content\\\/uploads\\\/2025\\\/10\\\/SRB01866-1.jpg\",\"datePublished\":\"2025-10-13T07:31:57+00:00\",\"dateModified\":\"2026-04-16T09:18:47+00:00\",\"description\":\"Un model statement pentru cei care iubesc stilul utilitar cu accente contemporane. Aceste ghete sunt realizate manual \u00een Rom\u00e2nia din piele natural\u0103\",\"breadcrumb\":{\"@id\":\"https:\\\/\\\/exclusives.ro\\\/produs\\\/ghete-london\\\/#breadcrumb\"},\"inLanguage\":\"en-US\",\"potentialAction\":[{\"@type\":\"ReadAction\",\"target\":[\"https:\\\/\\\/exclusives.ro\\\/produs\\\/ghete-london\\\/\"]}]},{\"@type\":\"ImageObject\",\"inLanguage\":\"en-US\",\"@id\":\"https:\\\/\\\/exclusives.ro\\\/produs\\\/ghete-london\\\/#primaryimage\",\"url\":\"https:\\\/\\\/exclusives.ro\\\/wp-content\\\/uploads\\\/2025\\\/10\\\/SRB01866-1.jpg\",\"contentUrl\":\"https:\\\/\\\/exclusives.ro\\\/wp-content\\\/uploads\\\/2025\\\/10\\\/SRB01866-1.jpg\",\"width\":1411,\"height\":2115},{\"@type\":\"BreadcrumbList\",\"@id\":\"https:\\\/\\\/exclusives.ro\\\/produs\\\/ghete-london\\\/#breadcrumb\",\"itemListElement\":[{\"@type\":\"ListItem\",\"position\":1,\"name\":\"Home\",\"item\":\"https:\\\/\\\/exclusives.ro\\\/\"},{\"@type\":\"ListItem\",\"position\":2,\"name\":\"Pantofi\",\"item\":\"https:\\\/\\\/exclusives.ro\\\/shop\\\/\"},{\"@type\":\"ListItem\",\"position\":3,\"name\":\"Ghete &#8211; London\"}]},{\"@type\":\"WebSite\",\"@id\":\"https:\\\/\\\/exclusives.ro\\\/#website\",\"url\":\"https:\\\/\\\/exclusives.ro\\\/\",\"name\":\"Exclusives\",\"description\":\"\",\"potentialAction\":[{\"@type\":\"SearchAction\",\"target\":{\"@type\":\"EntryPoint\",\"urlTemplate\":\"https:\\\/\\\/exclusives.ro\\\/?s={search_term_string}\"},\"query-input\":{\"@type\":\"PropertyValueSpecification\",\"valueRequired\":true,\"valueName\":\"search_term_string\"}}],\"inLanguage\":\"en-US\"}]}<\/script>\n<!-- \/ Yoast SEO plugin. -->","yoast_head_json":{"title":"Ghete - London - Exclusives","description":"Un model statement pentru cei care iubesc stilul utilitar cu accente contemporane. Aceste ghete sunt realizate manual \u00een Rom\u00e2nia din piele natural\u0103","robots":{"index":"noindex","follow":"follow","max-snippet":"max-snippet:-1","max-image-preview":"max-image-preview:large","max-video-preview":"max-video-preview:-1"},"og_locale":"en_US","og_type":"article","og_title":"Ghete - London - Exclusives","og_description":"Un model statement pentru cei care iubesc stilul utilitar cu accente contemporane. Aceste ghete sunt realizate manual \u00een Rom\u00e2nia din piele natural\u0103","og_url":"https:\/\/exclusives.ro\/en\/product\/ghete-london\/","og_site_name":"Exclusives","article_modified_time":"2026-04-16T09:18:47+00:00","og_image":[{"width":1411,"height":2115,"url":"https:\/\/exclusives.ro\/wp-content\/uploads\/2025\/10\/SRB01866-1.jpg","type":"image\/jpeg"}],"twitter_card":"summary_large_image","twitter_misc":{"Est. reading time":"1 minute"},"schema":{"@context":"https:\/\/schema.org","@graph":[{"@type":"WebPage","@id":"https:\/\/exclusives.ro\/produs\/ghete-london\/","url":"https:\/\/exclusives.ro\/produs\/ghete-london\/","name":"Ghete - London - Exclusives","isPartOf":{"@id":"https:\/\/exclusives.ro\/#website"},"primaryImageOfPage":{"@id":"https:\/\/exclusives.ro\/produs\/ghete-london\/#primaryimage"},"image":{"@id":"https:\/\/exclusives.ro\/produs\/ghete-london\/#primaryimage"},"thumbnailUrl":"https:\/\/exclusives.ro\/wp-content\/uploads\/2025\/10\/SRB01866-1.jpg","datePublished":"2025-10-13T07:31:57+00:00","dateModified":"2026-04-16T09:18:47+00:00","description":"Un model statement pentru cei care iubesc stilul utilitar cu accente contemporane. Aceste ghete sunt realizate manual \u00een Rom\u00e2nia din piele natural\u0103","breadcrumb":{"@id":"https:\/\/exclusives.ro\/produs\/ghete-london\/#breadcrumb"},"inLanguage":"en-US","potentialAction":[{"@type":"ReadAction","target":["https:\/\/exclusives.ro\/produs\/ghete-london\/"]}]},{"@type":"ImageObject","inLanguage":"en-US","@id":"https:\/\/exclusives.ro\/produs\/ghete-london\/#primaryimage","url":"https:\/\/exclusives.ro\/wp-content\/uploads\/2025\/10\/SRB01866-1.jpg","contentUrl":"https:\/\/exclusives.ro\/wp-content\/uploads\/2025\/10\/SRB01866-1.jpg","width":1411,"height":2115},{"@type":"BreadcrumbList","@id":"https:\/\/exclusives.ro\/produs\/ghete-london\/#breadcrumb","itemListElement":[{"@type":"ListItem","position":1,"name":"Home","item":"https:\/\/exclusives.ro\/"},{"@type":"ListItem","position":2,"name":"Pantofi","item":"https:\/\/exclusives.ro\/shop\/"},{"@type":"ListItem","position":3,"name":"Ghete &#8211; London"}]},{"@type":"WebSite","@id":"https:\/\/exclusives.ro\/#website","url":"https:\/\/exclusives.ro\/","name":"Exclusives","description":"","potentialAction":[{"@type":"SearchAction","target":{"@type":"EntryPoint","urlTemplate":"https:\/\/exclusives.ro\/?s={search_term_string}"},"query-input":{"@type":"PropertyValueSpecification","valueRequired":true,"valueName":"search_term_string"}}],"inLanguage":"en-US"}]}},"jetpack_sharing_enabled":true,"_links":{"self":[{"href":"https:\/\/exclusives.ro\/en\/wp-json\/wp\/v2\/product\/31459","targetHints":{"allow":["GET"]}}],"collection":[{"href":"https:\/\/exclusives.ro\/en\/wp-json\/wp\/v2\/product"}],"about":[{"href":"https:\/\/exclusives.ro\/en\/wp-json\/wp\/v2\/types\/product"}],"replies":[{"embeddable":true,"href":"https:\/\/exclusives.ro\/en\/wp-json\/wp\/v2\/comments?post=31459"}],"version-history":[{"count":1,"href":"https:\/\/exclusives.ro\/en\/wp-json\/wp\/v2\/product\/31459\/revisions"}],"predecessor-version":[{"id":390323,"href":"https:\/\/exclusives.ro\/en\/wp-json\/wp\/v2\/product\/31459\/revisions\/390323"}],"wp:featuredmedia":[{"embeddable":true,"href":"https:\/\/exclusives.ro\/en\/wp-json\/wp\/v2\/media\/174562"}],"wp:attachment":[{"href":"https:\/\/exclusives.ro\/en\/wp-json\/wp\/v2\/media?parent=31459"}],"wp:term":[{"taxonomy":"product_brand","embeddable":true,"href":"https:\/\/exclusives.ro\/en\/wp-json\/wp\/v2\/product_brand?post=31459"},{"taxonomy":"product_cat","embeddable":true,"href":"https:\/\/exclusives.ro\/en\/wp-json\/wp\/v2\/product_cat?post=31459"},{"taxonomy":"product_tag","embeddable":true,"href":"https:\/\/exclusives.ro\/en\/wp-json\/wp\/v2\/product_tag?post=31459"}],"curies":[{"name":"wp","href":"https:\/\/api.w.org\/{rel}","templated":true}]}}