{"id":31577,"date":"2025-10-13T07:46:39","date_gmt":"2025-10-13T07:46:39","guid":{"rendered":"https:\/\/exclusives.fastapp.ro\/?post_type=product&#038;p=31577"},"modified":"2026-04-14T08:00:49","modified_gmt":"2026-04-14T08:00:49","slug":"mocasini-sardegna","status":"publish","type":"product","link":"https:\/\/exclusives.ro\/en\/product\/mocasini-sardegna\/","title":{"rendered":"Mocasini &#8211; Sardegna"},"content":{"rendered":"<p class=\"\" data-start=\"194\" data-end=\"487\">Clasicul reinterpretat cu atitudine modern\u0103. Ace\u0219ti mocasini negri, realiza\u021bi manual din piele natural\u0103 texturat\u0103, impresioneaz\u0103 prin elegan\u021ba discret\u0103 \u0219i detaliile rafinate: ciucurii frontali adaug\u0103 o not\u0103 sofisticat\u0103, iar talpa groas\u0103 neagr\u0103 ofer\u0103 un contrast contemporan \u0219i confort excelent.<\/p>\n<div>\u00a0100% piele natural\u0103 premium<\/div>\n<div>\u00a0Produs lucrat handmade \u00een Rom\u00e2nia<\/div>\n<div>\u00a0Detalii elegante cu ciucuri din piele<\/div>\n<div>\u00a0Talp\u0103 groas\u0103 pentru sus\u021binere \u0219i confort sporit<\/div>\n<div>\u00a0Un model versatil \u2013 ideal pentru \u021binute smart-casual, office sau evenimente<\/div>\n<p class=\"\" data-start=\"732\" data-end=\"797\">Un statement de stil ce \u00eembin\u0103 tradi\u021bia cu designul urban modern.<\/p>\n<p>Inaltimea talpii: 2.5cm in fata si 3.5cm in spate.<\/p>\n<p>&nbsp;<\/p>\n<p><u><em><strong>PRODUS FABRICAT IN ROMANIA!<\/strong><\/em><\/u><\/p>\n<p>Marimi disponibile:\u00a0 35, 36 , 37 , 38 , 39, 40<\/p>\n<p><strong><i>TERMEN DE REALIZARE\u00a08-14 ZILE LUCRATOARE<\/i><\/strong><\/p>","protected":false},"excerpt":{"rendered":"<p>Clasicul reinterpretat cu atitudine modern\u0103. Ace\u0219ti mocasini negri, realiza\u021bi manual din piele natural\u0103 texturat\u0103, impresioneaz\u0103 prin elegan\u021ba discret\u0103 \u0219i detaliile<\/p>","protected":false},"featured_media":615085,"comment_status":"open","ping_status":"closed","template":"","meta":[],"product_brand":[252],"product_cat":[27],"product_tag":[],"class_list":{"0":"post-31577","1":"product","2":"type-product","3":"status-publish","4":"has-post-thumbnail","6":"product_brand-exclusives","7":"product_cat-pantofi-casual","9":"first","10":"instock","11":"shipping-taxable","12":"purchasable","13":"product-type-variable","14":"has-default-attributes"},"yoast_head":"<!-- This site is optimized with the Yoast SEO plugin v27.4 - https:\/\/yoast.com\/product\/yoast-seo-wordpress\/ -->\n<title>Mocasini - Sardegna - Exclusives<\/title>\n<meta name=\"description\" content=\"Clasicul reinterpretat cu atitudine modern\u0103. Ace\u0219ti mocasini negri, realiza\u021bi manual din piele natural\u0103 texturat\u0103, impresioneaz\u0103 prin elegan\u021ba discret\u0103 \u0219i\" \/>\n<meta name=\"robots\" content=\"noindex, follow, max-snippet:-1, max-image-preview:large, max-video-preview:-1\" \/>\n<meta property=\"og:locale\" content=\"en_US\" \/>\n<meta property=\"og:type\" content=\"article\" \/>\n<meta property=\"og:title\" content=\"Mocasini - Sardegna - Exclusives\" \/>\n<meta property=\"og:description\" content=\"Clasicul reinterpretat cu atitudine modern\u0103. Ace\u0219ti mocasini negri, realiza\u021bi manual din piele natural\u0103 texturat\u0103, impresioneaz\u0103 prin elegan\u021ba discret\u0103 \u0219i\" \/>\n<meta property=\"og:url\" content=\"https:\/\/exclusives.ro\/en\/product\/mocasini-sardegna\/\" \/>\n<meta property=\"og:site_name\" content=\"Exclusives\" \/>\n<meta property=\"article:modified_time\" content=\"2026-04-14T08:00:49+00:00\" \/>\n<meta property=\"og:image\" content=\"https:\/\/exclusives.ro\/wp-content\/uploads\/2025\/10\/Exclusives-77-1.jpg\" \/>\n\t<meta property=\"og:image:width\" content=\"1365\" \/>\n\t<meta property=\"og:image:height\" content=\"2048\" \/>\n\t<meta property=\"og:image:type\" content=\"image\/jpeg\" \/>\n<meta name=\"twitter:card\" content=\"summary_large_image\" \/>\n<meta name=\"twitter:label1\" content=\"Est. reading time\" \/>\n\t<meta name=\"twitter:data1\" content=\"1 minute\" \/>\n<script type=\"application\/ld+json\" class=\"yoast-schema-graph\">{\"@context\":\"https:\\\/\\\/schema.org\",\"@graph\":[{\"@type\":\"WebPage\",\"@id\":\"https:\\\/\\\/exclusives.ro\\\/produs\\\/mocasini-sardegna\\\/\",\"url\":\"https:\\\/\\\/exclusives.ro\\\/produs\\\/mocasini-sardegna\\\/\",\"name\":\"Mocasini - Sardegna - Exclusives\",\"isPartOf\":{\"@id\":\"https:\\\/\\\/exclusives.ro\\\/#website\"},\"primaryImageOfPage\":{\"@id\":\"https:\\\/\\\/exclusives.ro\\\/produs\\\/mocasini-sardegna\\\/#primaryimage\"},\"image\":{\"@id\":\"https:\\\/\\\/exclusives.ro\\\/produs\\\/mocasini-sardegna\\\/#primaryimage\"},\"thumbnailUrl\":\"https:\\\/\\\/exclusives.ro\\\/wp-content\\\/uploads\\\/2025\\\/10\\\/Exclusives-77-1.jpg\",\"datePublished\":\"2025-10-13T07:46:39+00:00\",\"dateModified\":\"2026-04-14T08:00:49+00:00\",\"description\":\"Clasicul reinterpretat cu atitudine modern\u0103. Ace\u0219ti mocasini negri, realiza\u021bi manual din piele natural\u0103 texturat\u0103, impresioneaz\u0103 prin elegan\u021ba discret\u0103 \u0219i\",\"breadcrumb\":{\"@id\":\"https:\\\/\\\/exclusives.ro\\\/produs\\\/mocasini-sardegna\\\/#breadcrumb\"},\"inLanguage\":\"en-US\",\"potentialAction\":[{\"@type\":\"ReadAction\",\"target\":[\"https:\\\/\\\/exclusives.ro\\\/produs\\\/mocasini-sardegna\\\/\"]}]},{\"@type\":\"ImageObject\",\"inLanguage\":\"en-US\",\"@id\":\"https:\\\/\\\/exclusives.ro\\\/produs\\\/mocasini-sardegna\\\/#primaryimage\",\"url\":\"https:\\\/\\\/exclusives.ro\\\/wp-content\\\/uploads\\\/2025\\\/10\\\/Exclusives-77-1.jpg\",\"contentUrl\":\"https:\\\/\\\/exclusives.ro\\\/wp-content\\\/uploads\\\/2025\\\/10\\\/Exclusives-77-1.jpg\",\"width\":1365,\"height\":2048},{\"@type\":\"BreadcrumbList\",\"@id\":\"https:\\\/\\\/exclusives.ro\\\/produs\\\/mocasini-sardegna\\\/#breadcrumb\",\"itemListElement\":[{\"@type\":\"ListItem\",\"position\":1,\"name\":\"Home\",\"item\":\"https:\\\/\\\/exclusives.ro\\\/\"},{\"@type\":\"ListItem\",\"position\":2,\"name\":\"Pantofi\",\"item\":\"https:\\\/\\\/exclusives.ro\\\/shop\\\/\"},{\"@type\":\"ListItem\",\"position\":3,\"name\":\"Mocasini &#8211; Sardegna\"}]},{\"@type\":\"WebSite\",\"@id\":\"https:\\\/\\\/exclusives.ro\\\/#website\",\"url\":\"https:\\\/\\\/exclusives.ro\\\/\",\"name\":\"Exclusives\",\"description\":\"\",\"potentialAction\":[{\"@type\":\"SearchAction\",\"target\":{\"@type\":\"EntryPoint\",\"urlTemplate\":\"https:\\\/\\\/exclusives.ro\\\/?s={search_term_string}\"},\"query-input\":{\"@type\":\"PropertyValueSpecification\",\"valueRequired\":true,\"valueName\":\"search_term_string\"}}],\"inLanguage\":\"en-US\"}]}<\/script>\n<!-- \/ Yoast SEO plugin. -->","yoast_head_json":{"title":"Mocasini - Sardegna - Exclusives","description":"Clasicul reinterpretat cu atitudine modern\u0103. Ace\u0219ti mocasini negri, realiza\u021bi manual din piele natural\u0103 texturat\u0103, impresioneaz\u0103 prin elegan\u021ba discret\u0103 \u0219i","robots":{"index":"noindex","follow":"follow","max-snippet":"max-snippet:-1","max-image-preview":"max-image-preview:large","max-video-preview":"max-video-preview:-1"},"og_locale":"en_US","og_type":"article","og_title":"Mocasini - Sardegna - Exclusives","og_description":"Clasicul reinterpretat cu atitudine modern\u0103. Ace\u0219ti mocasini negri, realiza\u021bi manual din piele natural\u0103 texturat\u0103, impresioneaz\u0103 prin elegan\u021ba discret\u0103 \u0219i","og_url":"https:\/\/exclusives.ro\/en\/product\/mocasini-sardegna\/","og_site_name":"Exclusives","article_modified_time":"2026-04-14T08:00:49+00:00","og_image":[{"width":1365,"height":2048,"url":"https:\/\/exclusives.ro\/wp-content\/uploads\/2025\/10\/Exclusives-77-1.jpg","type":"image\/jpeg"}],"twitter_card":"summary_large_image","twitter_misc":{"Est. reading time":"1 minute"},"schema":{"@context":"https:\/\/schema.org","@graph":[{"@type":"WebPage","@id":"https:\/\/exclusives.ro\/produs\/mocasini-sardegna\/","url":"https:\/\/exclusives.ro\/produs\/mocasini-sardegna\/","name":"Mocasini - Sardegna - Exclusives","isPartOf":{"@id":"https:\/\/exclusives.ro\/#website"},"primaryImageOfPage":{"@id":"https:\/\/exclusives.ro\/produs\/mocasini-sardegna\/#primaryimage"},"image":{"@id":"https:\/\/exclusives.ro\/produs\/mocasini-sardegna\/#primaryimage"},"thumbnailUrl":"https:\/\/exclusives.ro\/wp-content\/uploads\/2025\/10\/Exclusives-77-1.jpg","datePublished":"2025-10-13T07:46:39+00:00","dateModified":"2026-04-14T08:00:49+00:00","description":"Clasicul reinterpretat cu atitudine modern\u0103. Ace\u0219ti mocasini negri, realiza\u021bi manual din piele natural\u0103 texturat\u0103, impresioneaz\u0103 prin elegan\u021ba discret\u0103 \u0219i","breadcrumb":{"@id":"https:\/\/exclusives.ro\/produs\/mocasini-sardegna\/#breadcrumb"},"inLanguage":"en-US","potentialAction":[{"@type":"ReadAction","target":["https:\/\/exclusives.ro\/produs\/mocasini-sardegna\/"]}]},{"@type":"ImageObject","inLanguage":"en-US","@id":"https:\/\/exclusives.ro\/produs\/mocasini-sardegna\/#primaryimage","url":"https:\/\/exclusives.ro\/wp-content\/uploads\/2025\/10\/Exclusives-77-1.jpg","contentUrl":"https:\/\/exclusives.ro\/wp-content\/uploads\/2025\/10\/Exclusives-77-1.jpg","width":1365,"height":2048},{"@type":"BreadcrumbList","@id":"https:\/\/exclusives.ro\/produs\/mocasini-sardegna\/#breadcrumb","itemListElement":[{"@type":"ListItem","position":1,"name":"Home","item":"https:\/\/exclusives.ro\/"},{"@type":"ListItem","position":2,"name":"Pantofi","item":"https:\/\/exclusives.ro\/shop\/"},{"@type":"ListItem","position":3,"name":"Mocasini &#8211; Sardegna"}]},{"@type":"WebSite","@id":"https:\/\/exclusives.ro\/#website","url":"https:\/\/exclusives.ro\/","name":"Exclusives","description":"","potentialAction":[{"@type":"SearchAction","target":{"@type":"EntryPoint","urlTemplate":"https:\/\/exclusives.ro\/?s={search_term_string}"},"query-input":{"@type":"PropertyValueSpecification","valueRequired":true,"valueName":"search_term_string"}}],"inLanguage":"en-US"}]}},"jetpack_sharing_enabled":true,"_links":{"self":[{"href":"https:\/\/exclusives.ro\/en\/wp-json\/wp\/v2\/product\/31577","targetHints":{"allow":["GET"]}}],"collection":[{"href":"https:\/\/exclusives.ro\/en\/wp-json\/wp\/v2\/product"}],"about":[{"href":"https:\/\/exclusives.ro\/en\/wp-json\/wp\/v2\/types\/product"}],"replies":[{"embeddable":true,"href":"https:\/\/exclusives.ro\/en\/wp-json\/wp\/v2\/comments?post=31577"}],"version-history":[{"count":1,"href":"https:\/\/exclusives.ro\/en\/wp-json\/wp\/v2\/product\/31577\/revisions"}],"predecessor-version":[{"id":615113,"href":"https:\/\/exclusives.ro\/en\/wp-json\/wp\/v2\/product\/31577\/revisions\/615113"}],"wp:featuredmedia":[{"embeddable":true,"href":"https:\/\/exclusives.ro\/en\/wp-json\/wp\/v2\/media\/615085"}],"wp:attachment":[{"href":"https:\/\/exclusives.ro\/en\/wp-json\/wp\/v2\/media?parent=31577"}],"wp:term":[{"taxonomy":"product_brand","embeddable":true,"href":"https:\/\/exclusives.ro\/en\/wp-json\/wp\/v2\/product_brand?post=31577"},{"taxonomy":"product_cat","embeddable":true,"href":"https:\/\/exclusives.ro\/en\/wp-json\/wp\/v2\/product_cat?post=31577"},{"taxonomy":"product_tag","embeddable":true,"href":"https:\/\/exclusives.ro\/en\/wp-json\/wp\/v2\/product_tag?post=31577"}],"curies":[{"name":"wp","href":"https:\/\/api.w.org\/{rel}","templated":true}]}}