{"id":31639,"date":"2025-10-13T08:03:10","date_gmt":"2025-10-13T08:03:10","guid":{"rendered":"https:\/\/exclusives.fastapp.ro\/?post_type=product&#038;p=31639"},"modified":"2026-04-14T08:06:33","modified_gmt":"2026-04-14T08:06:33","slug":"pantofi-campus","status":"publish","type":"product","link":"https:\/\/exclusives.ro\/en\/product\/pantofi-campus\/","title":{"rendered":"Pantofi &#8211; Campus"},"content":{"rendered":"<p class=\"\" data-start=\"185\" data-end=\"380\">Minimalism urban \u0219i rafinament discret \u2013 ace\u0219ti pantofi negri sunt realiza\u021bi manual din piele natural\u0103 \u00eentoars\u0103 premium \u0219i sunt alegerea perfect\u0103 pentru un look modern, confortabil \u0219i versatil.<\/p>\n<div>\u00a0Confec\u021biona\u021bi handmade \u00een Rom\u00e2nia<\/div>\n<div>\u00a0100% piele natural\u0103 premium \u2013 piele \u00eentoars\u0103<\/div>\n<div>\u00a0Talp\u0103 u\u0219oar\u0103, comod\u0103 \u0219i rezistent\u0103<\/div>\n<div>\u00a0Design simplu, cu \u0219iret, ideal pentru \u021binute casual &amp; smart<\/div>\n<div>\u00a0Versatili \u2013 potrivi\u021bi at\u00e2t pentru zi cu zi, c\u00e2t \u0219i pentru evenimente relaxate<\/div>\n<p class=\"\" data-start=\"653\" data-end=\"704\">Un model atemporal, pe care te po\u021bi baza oric\u00e2nd.<\/p>\n<p>Inaltimea talpii: 2.5cm in fata si 3.5cm in spate.<\/p>\n<p>&nbsp;<\/p>\n<p><u><em><strong>PRODUS FABRICAT IN ROMANIA!<\/strong><\/em><\/u><\/p>\n<p>Marimi disponibile:\u00a0 35, 36 , 37 , 38 , 39, 40<\/p>\n<p><strong><i>TERMEN DE REALIZARE\u00a08-14 ZILE LUCRATOARE<\/i><\/strong><\/p>","protected":false},"excerpt":{"rendered":"<p>Minimalism urban \u0219i rafinament discret \u2013 ace\u0219ti pantofi negri sunt realiza\u021bi manual din piele natural\u0103 \u00eentoars\u0103 premium \u0219i sunt alegerea<\/p>","protected":false},"featured_media":37137,"comment_status":"open","ping_status":"closed","template":"","meta":[],"product_brand":[252],"product_cat":[27],"product_tag":[],"class_list":{"0":"post-31639","1":"product","2":"type-product","3":"status-publish","4":"has-post-thumbnail","6":"product_brand-exclusives","7":"product_cat-pantofi-casual","9":"first","10":"instock","11":"shipping-taxable","12":"purchasable","13":"product-type-variable","14":"has-default-attributes"},"yoast_head":"<!-- This site is optimized with the Yoast SEO plugin v27.4 - https:\/\/yoast.com\/product\/yoast-seo-wordpress\/ -->\n<title>Pantofi - Campus - Exclusives<\/title>\n<meta name=\"description\" content=\"Minimalism urban \u0219i rafinament discret \u2013 ace\u0219ti pantofi negri sunt realiza\u021bi manual din piele natural\u0103 \u00eentoars\u0103 premium \u0219i sunt alegerea perfect\u0103 pentru\" \/>\n<meta name=\"robots\" content=\"noindex, follow, max-snippet:-1, max-image-preview:large, max-video-preview:-1\" \/>\n<meta property=\"og:locale\" content=\"en_US\" \/>\n<meta property=\"og:type\" content=\"article\" \/>\n<meta property=\"og:title\" content=\"Pantofi - Campus - Exclusives\" \/>\n<meta property=\"og:description\" content=\"Minimalism urban \u0219i rafinament discret \u2013 ace\u0219ti pantofi negri sunt realiza\u021bi manual din piele natural\u0103 \u00eentoars\u0103 premium \u0219i sunt alegerea perfect\u0103 pentru\" \/>\n<meta property=\"og:url\" content=\"https:\/\/exclusives.ro\/en\/product\/pantofi-campus\/\" \/>\n<meta property=\"og:site_name\" content=\"Exclusives\" \/>\n<meta property=\"article:modified_time\" content=\"2026-04-14T08:06:33+00:00\" \/>\n<meta property=\"og:image\" content=\"https:\/\/exclusives.ro\/wp-content\/uploads\/2025\/10\/LRS_EXCL_23.08.2023-66.jpg\" \/>\n\t<meta property=\"og:image:width\" content=\"1366\" \/>\n\t<meta property=\"og:image:height\" content=\"2048\" \/>\n\t<meta property=\"og:image:type\" content=\"image\/jpeg\" \/>\n<meta name=\"twitter:card\" content=\"summary_large_image\" \/>\n<meta name=\"twitter:label1\" content=\"Est. reading time\" \/>\n\t<meta name=\"twitter:data1\" content=\"1 minute\" \/>\n<script type=\"application\/ld+json\" class=\"yoast-schema-graph\">{\"@context\":\"https:\\\/\\\/schema.org\",\"@graph\":[{\"@type\":\"WebPage\",\"@id\":\"https:\\\/\\\/exclusives.ro\\\/produs\\\/pantofi-campus\\\/\",\"url\":\"https:\\\/\\\/exclusives.ro\\\/produs\\\/pantofi-campus\\\/\",\"name\":\"Pantofi - Campus - Exclusives\",\"isPartOf\":{\"@id\":\"https:\\\/\\\/exclusives.ro\\\/#website\"},\"primaryImageOfPage\":{\"@id\":\"https:\\\/\\\/exclusives.ro\\\/produs\\\/pantofi-campus\\\/#primaryimage\"},\"image\":{\"@id\":\"https:\\\/\\\/exclusives.ro\\\/produs\\\/pantofi-campus\\\/#primaryimage\"},\"thumbnailUrl\":\"https:\\\/\\\/exclusives.ro\\\/wp-content\\\/uploads\\\/2025\\\/10\\\/LRS_EXCL_23.08.2023-66.jpg\",\"datePublished\":\"2025-10-13T08:03:10+00:00\",\"dateModified\":\"2026-04-14T08:06:33+00:00\",\"description\":\"Minimalism urban \u0219i rafinament discret \u2013 ace\u0219ti pantofi negri sunt realiza\u021bi manual din piele natural\u0103 \u00eentoars\u0103 premium \u0219i sunt alegerea perfect\u0103 pentru\",\"breadcrumb\":{\"@id\":\"https:\\\/\\\/exclusives.ro\\\/produs\\\/pantofi-campus\\\/#breadcrumb\"},\"inLanguage\":\"en-US\",\"potentialAction\":[{\"@type\":\"ReadAction\",\"target\":[\"https:\\\/\\\/exclusives.ro\\\/produs\\\/pantofi-campus\\\/\"]}]},{\"@type\":\"ImageObject\",\"inLanguage\":\"en-US\",\"@id\":\"https:\\\/\\\/exclusives.ro\\\/produs\\\/pantofi-campus\\\/#primaryimage\",\"url\":\"https:\\\/\\\/exclusives.ro\\\/wp-content\\\/uploads\\\/2025\\\/10\\\/LRS_EXCL_23.08.2023-66.jpg\",\"contentUrl\":\"https:\\\/\\\/exclusives.ro\\\/wp-content\\\/uploads\\\/2025\\\/10\\\/LRS_EXCL_23.08.2023-66.jpg\",\"width\":1366,\"height\":2048},{\"@type\":\"BreadcrumbList\",\"@id\":\"https:\\\/\\\/exclusives.ro\\\/produs\\\/pantofi-campus\\\/#breadcrumb\",\"itemListElement\":[{\"@type\":\"ListItem\",\"position\":1,\"name\":\"Home\",\"item\":\"https:\\\/\\\/exclusives.ro\\\/\"},{\"@type\":\"ListItem\",\"position\":2,\"name\":\"Pantofi\",\"item\":\"https:\\\/\\\/exclusives.ro\\\/shop\\\/\"},{\"@type\":\"ListItem\",\"position\":3,\"name\":\"Pantofi &#8211; Campus\"}]},{\"@type\":\"WebSite\",\"@id\":\"https:\\\/\\\/exclusives.ro\\\/#website\",\"url\":\"https:\\\/\\\/exclusives.ro\\\/\",\"name\":\"Exclusives\",\"description\":\"\",\"potentialAction\":[{\"@type\":\"SearchAction\",\"target\":{\"@type\":\"EntryPoint\",\"urlTemplate\":\"https:\\\/\\\/exclusives.ro\\\/?s={search_term_string}\"},\"query-input\":{\"@type\":\"PropertyValueSpecification\",\"valueRequired\":true,\"valueName\":\"search_term_string\"}}],\"inLanguage\":\"en-US\"}]}<\/script>\n<!-- \/ Yoast SEO plugin. -->","yoast_head_json":{"title":"Pantofi - Campus - Exclusives","description":"Minimalism urban \u0219i rafinament discret \u2013 ace\u0219ti pantofi negri sunt realiza\u021bi manual din piele natural\u0103 \u00eentoars\u0103 premium \u0219i sunt alegerea perfect\u0103 pentru","robots":{"index":"noindex","follow":"follow","max-snippet":"max-snippet:-1","max-image-preview":"max-image-preview:large","max-video-preview":"max-video-preview:-1"},"og_locale":"en_US","og_type":"article","og_title":"Pantofi - Campus - Exclusives","og_description":"Minimalism urban \u0219i rafinament discret \u2013 ace\u0219ti pantofi negri sunt realiza\u021bi manual din piele natural\u0103 \u00eentoars\u0103 premium \u0219i sunt alegerea perfect\u0103 pentru","og_url":"https:\/\/exclusives.ro\/en\/product\/pantofi-campus\/","og_site_name":"Exclusives","article_modified_time":"2026-04-14T08:06:33+00:00","og_image":[{"width":1366,"height":2048,"url":"https:\/\/exclusives.ro\/wp-content\/uploads\/2025\/10\/LRS_EXCL_23.08.2023-66.jpg","type":"image\/jpeg"}],"twitter_card":"summary_large_image","twitter_misc":{"Est. reading time":"1 minute"},"schema":{"@context":"https:\/\/schema.org","@graph":[{"@type":"WebPage","@id":"https:\/\/exclusives.ro\/produs\/pantofi-campus\/","url":"https:\/\/exclusives.ro\/produs\/pantofi-campus\/","name":"Pantofi - Campus - Exclusives","isPartOf":{"@id":"https:\/\/exclusives.ro\/#website"},"primaryImageOfPage":{"@id":"https:\/\/exclusives.ro\/produs\/pantofi-campus\/#primaryimage"},"image":{"@id":"https:\/\/exclusives.ro\/produs\/pantofi-campus\/#primaryimage"},"thumbnailUrl":"https:\/\/exclusives.ro\/wp-content\/uploads\/2025\/10\/LRS_EXCL_23.08.2023-66.jpg","datePublished":"2025-10-13T08:03:10+00:00","dateModified":"2026-04-14T08:06:33+00:00","description":"Minimalism urban \u0219i rafinament discret \u2013 ace\u0219ti pantofi negri sunt realiza\u021bi manual din piele natural\u0103 \u00eentoars\u0103 premium \u0219i sunt alegerea perfect\u0103 pentru","breadcrumb":{"@id":"https:\/\/exclusives.ro\/produs\/pantofi-campus\/#breadcrumb"},"inLanguage":"en-US","potentialAction":[{"@type":"ReadAction","target":["https:\/\/exclusives.ro\/produs\/pantofi-campus\/"]}]},{"@type":"ImageObject","inLanguage":"en-US","@id":"https:\/\/exclusives.ro\/produs\/pantofi-campus\/#primaryimage","url":"https:\/\/exclusives.ro\/wp-content\/uploads\/2025\/10\/LRS_EXCL_23.08.2023-66.jpg","contentUrl":"https:\/\/exclusives.ro\/wp-content\/uploads\/2025\/10\/LRS_EXCL_23.08.2023-66.jpg","width":1366,"height":2048},{"@type":"BreadcrumbList","@id":"https:\/\/exclusives.ro\/produs\/pantofi-campus\/#breadcrumb","itemListElement":[{"@type":"ListItem","position":1,"name":"Home","item":"https:\/\/exclusives.ro\/"},{"@type":"ListItem","position":2,"name":"Pantofi","item":"https:\/\/exclusives.ro\/shop\/"},{"@type":"ListItem","position":3,"name":"Pantofi &#8211; Campus"}]},{"@type":"WebSite","@id":"https:\/\/exclusives.ro\/#website","url":"https:\/\/exclusives.ro\/","name":"Exclusives","description":"","potentialAction":[{"@type":"SearchAction","target":{"@type":"EntryPoint","urlTemplate":"https:\/\/exclusives.ro\/?s={search_term_string}"},"query-input":{"@type":"PropertyValueSpecification","valueRequired":true,"valueName":"search_term_string"}}],"inLanguage":"en-US"}]}},"jetpack_sharing_enabled":true,"_links":{"self":[{"href":"https:\/\/exclusives.ro\/en\/wp-json\/wp\/v2\/product\/31639","targetHints":{"allow":["GET"]}}],"collection":[{"href":"https:\/\/exclusives.ro\/en\/wp-json\/wp\/v2\/product"}],"about":[{"href":"https:\/\/exclusives.ro\/en\/wp-json\/wp\/v2\/types\/product"}],"replies":[{"embeddable":true,"href":"https:\/\/exclusives.ro\/en\/wp-json\/wp\/v2\/comments?post=31639"}],"version-history":[{"count":1,"href":"https:\/\/exclusives.ro\/en\/wp-json\/wp\/v2\/product\/31639\/revisions"}],"predecessor-version":[{"id":615159,"href":"https:\/\/exclusives.ro\/en\/wp-json\/wp\/v2\/product\/31639\/revisions\/615159"}],"wp:featuredmedia":[{"embeddable":true,"href":"https:\/\/exclusives.ro\/en\/wp-json\/wp\/v2\/media\/37137"}],"wp:attachment":[{"href":"https:\/\/exclusives.ro\/en\/wp-json\/wp\/v2\/media?parent=31639"}],"wp:term":[{"taxonomy":"product_brand","embeddable":true,"href":"https:\/\/exclusives.ro\/en\/wp-json\/wp\/v2\/product_brand?post=31639"},{"taxonomy":"product_cat","embeddable":true,"href":"https:\/\/exclusives.ro\/en\/wp-json\/wp\/v2\/product_cat?post=31639"},{"taxonomy":"product_tag","embeddable":true,"href":"https:\/\/exclusives.ro\/en\/wp-json\/wp\/v2\/product_tag?post=31639"}],"curies":[{"name":"wp","href":"https:\/\/api.w.org\/{rel}","templated":true}]}}