{"id":31738,"date":"2025-10-13T08:46:21","date_gmt":"2025-10-13T08:46:21","guid":{"rendered":"https:\/\/exclusives.fastapp.ro\/?post_type=product&#038;p=31738"},"modified":"2026-04-14T08:26:48","modified_gmt":"2026-04-14T08:26:48","slug":"sneakersi-cali","status":"publish","type":"product","link":"https:\/\/exclusives.ro\/en\/product\/sneakersi-cali\/","title":{"rendered":"Sneakersi &#8211; Cali"},"content":{"rendered":"<p class=\"\" data-start=\"193\" data-end=\"508\">Un model care inspir\u0103 for\u021b\u0103 \u0219i rafinament minimalist. Ace\u0219ti sneakersi negri sunt confec\u021biona\u021bi 100% manual \u00een Rom\u00e2nia, din piele natural\u0103\u00a0 cu textur\u0103 discret\u0103 \u0219i elastic lateral pentru confort \u0219i u\u0219urin\u021b\u0103 la purtare. Detaliul de glezn\u0103 cu prindere reglabil\u0103 adaug\u0103 acel twist cool, inspirat din stilul utilitar.<\/p>\n<p class=\"\" data-start=\"510\" data-end=\"691\">Sunt alegerea ideal\u0103 pentru \u021binutele\u00a0<strong data-start=\"547\" data-end=\"603\">monocrome, minimaliste sau de inspira\u021bie streetstyle<\/strong>\u00a0\u2013 fie c\u0103 \u00eei por\u021bi cu pantaloni largi, rochii midi sau jeans skinny cu blazer oversized.<\/p>\n<div><strong data-start=\"693\" data-end=\"892\">\u00a0Piele natural\u0103\u00a0 premium\u00a0<\/strong><\/div>\n<div><strong data-start=\"693\" data-end=\"892\">\u00a0Talp\u0103 chunky\u00a0 \u2013 durabil\u0103 \u0219i confortabil\u0103<\/strong><\/div>\n<div><strong data-start=\"693\" data-end=\"892\">\u00a0Elastic lateral pentru \u00eenc\u0103l\u021bare rapid\u0103<\/strong><\/div>\n<div><strong data-start=\"693\" data-end=\"892\">\u00a0Design urban &amp; versatil<\/strong><\/div>\n<div><strong data-start=\"693\" data-end=\"892\">\u00a0Realiza\u021bi manual \u00een Rom\u00e2nia<\/strong><\/div>\n<div><\/div>\n<div><strong data-start=\"894\" data-end=\"910\">Poart\u0103-i la:<\/strong><\/div>\n<div>Outfituri black-on-black, denim raw sau chiar cu fuste din piele pentru un mix de feminitate \u0219i for\u021b\u0103.<\/div>\n<p>&nbsp;<\/p>\n<p><u><em><strong>PRODUS FABRICAT IN ROMANIA!<\/strong><\/em><\/u><\/p>\n<p>Marimi disponibile:\u00a0 \u00a035, 36 , 37 , 38 , 39, 40<\/p>\n<p><strong><i>TERMEN DE REALIZARE 8-14\u00a0ZILE LUCRATOARE<\/i><\/strong><\/p>","protected":false},"excerpt":{"rendered":"<p>Un model care inspir\u0103 for\u021b\u0103 \u0219i rafinament minimalist. Ace\u0219ti sneakersi negri sunt confec\u021biona\u021bi 100% manual \u00een Rom\u00e2nia, din piele natural\u0103\u00a0<\/p>","protected":false},"featured_media":174573,"comment_status":"open","ping_status":"closed","template":"","meta":[],"product_brand":[252],"product_cat":[28],"product_tag":[],"class_list":{"0":"post-31738","1":"product","2":"type-product","3":"status-publish","4":"has-post-thumbnail","6":"product_brand-exclusives","7":"product_cat-sneakersi-tenesi","9":"first","10":"instock","11":"shipping-taxable","12":"purchasable","13":"product-type-variable","14":"has-default-attributes"},"yoast_head":"<!-- This site is optimized with the Yoast SEO plugin v27.4 - https:\/\/yoast.com\/product\/yoast-seo-wordpress\/ -->\n<title>Sneakersi - Cali - Exclusives<\/title>\n<meta name=\"description\" content=\"Un model care inspir\u0103 for\u021b\u0103 \u0219i rafinament minimalist. Ace\u0219ti sneakersi negri sunt confec\u021biona\u021bi 100% manual \u00een Rom\u00e2nia, din piele natural\u0103\u00a0 cu textur\u0103\" \/>\n<meta name=\"robots\" content=\"noindex, follow, max-snippet:-1, max-image-preview:large, max-video-preview:-1\" \/>\n<meta property=\"og:locale\" content=\"en_US\" \/>\n<meta property=\"og:type\" content=\"article\" \/>\n<meta property=\"og:title\" content=\"Sneakersi - Cali - Exclusives\" \/>\n<meta property=\"og:description\" content=\"Un model care inspir\u0103 for\u021b\u0103 \u0219i rafinament minimalist. Ace\u0219ti sneakersi negri sunt confec\u021biona\u021bi 100% manual \u00een Rom\u00e2nia, din piele natural\u0103\u00a0 cu textur\u0103\" \/>\n<meta property=\"og:url\" content=\"https:\/\/exclusives.ro\/en\/product\/sneakersi-cali\/\" \/>\n<meta property=\"og:site_name\" content=\"Exclusives\" \/>\n<meta property=\"article:modified_time\" content=\"2026-04-14T08:26:48+00:00\" \/>\n<meta property=\"og:image\" content=\"https:\/\/exclusives.ro\/wp-content\/uploads\/2025\/10\/SRB093141.jpg\" \/>\n\t<meta property=\"og:image:width\" content=\"1366\" \/>\n\t<meta property=\"og:image:height\" content=\"2048\" \/>\n\t<meta property=\"og:image:type\" content=\"image\/jpeg\" \/>\n<meta name=\"twitter:card\" content=\"summary_large_image\" \/>\n<meta name=\"twitter:label1\" content=\"Est. reading time\" \/>\n\t<meta name=\"twitter:data1\" content=\"1 minute\" \/>\n<script type=\"application\/ld+json\" class=\"yoast-schema-graph\">{\"@context\":\"https:\\\/\\\/schema.org\",\"@graph\":[{\"@type\":\"WebPage\",\"@id\":\"https:\\\/\\\/exclusives.ro\\\/produs\\\/sneakersi-cali\\\/\",\"url\":\"https:\\\/\\\/exclusives.ro\\\/produs\\\/sneakersi-cali\\\/\",\"name\":\"Sneakersi - Cali - Exclusives\",\"isPartOf\":{\"@id\":\"https:\\\/\\\/exclusives.ro\\\/#website\"},\"primaryImageOfPage\":{\"@id\":\"https:\\\/\\\/exclusives.ro\\\/produs\\\/sneakersi-cali\\\/#primaryimage\"},\"image\":{\"@id\":\"https:\\\/\\\/exclusives.ro\\\/produs\\\/sneakersi-cali\\\/#primaryimage\"},\"thumbnailUrl\":\"https:\\\/\\\/exclusives.ro\\\/wp-content\\\/uploads\\\/2025\\\/10\\\/SRB093141.jpg\",\"datePublished\":\"2025-10-13T08:46:21+00:00\",\"dateModified\":\"2026-04-14T08:26:48+00:00\",\"description\":\"Un model care inspir\u0103 for\u021b\u0103 \u0219i rafinament minimalist. Ace\u0219ti sneakersi negri sunt confec\u021biona\u021bi 100% manual \u00een Rom\u00e2nia, din piele natural\u0103\u00a0 cu textur\u0103\",\"breadcrumb\":{\"@id\":\"https:\\\/\\\/exclusives.ro\\\/produs\\\/sneakersi-cali\\\/#breadcrumb\"},\"inLanguage\":\"en-US\",\"potentialAction\":[{\"@type\":\"ReadAction\",\"target\":[\"https:\\\/\\\/exclusives.ro\\\/produs\\\/sneakersi-cali\\\/\"]}]},{\"@type\":\"ImageObject\",\"inLanguage\":\"en-US\",\"@id\":\"https:\\\/\\\/exclusives.ro\\\/produs\\\/sneakersi-cali\\\/#primaryimage\",\"url\":\"https:\\\/\\\/exclusives.ro\\\/wp-content\\\/uploads\\\/2025\\\/10\\\/SRB093141.jpg\",\"contentUrl\":\"https:\\\/\\\/exclusives.ro\\\/wp-content\\\/uploads\\\/2025\\\/10\\\/SRB093141.jpg\",\"width\":1366,\"height\":2048},{\"@type\":\"BreadcrumbList\",\"@id\":\"https:\\\/\\\/exclusives.ro\\\/produs\\\/sneakersi-cali\\\/#breadcrumb\",\"itemListElement\":[{\"@type\":\"ListItem\",\"position\":1,\"name\":\"Home\",\"item\":\"https:\\\/\\\/exclusives.ro\\\/\"},{\"@type\":\"ListItem\",\"position\":2,\"name\":\"Pantofi\",\"item\":\"https:\\\/\\\/exclusives.ro\\\/shop\\\/\"},{\"@type\":\"ListItem\",\"position\":3,\"name\":\"Sneakersi &#8211; Cali\"}]},{\"@type\":\"WebSite\",\"@id\":\"https:\\\/\\\/exclusives.ro\\\/#website\",\"url\":\"https:\\\/\\\/exclusives.ro\\\/\",\"name\":\"Exclusives\",\"description\":\"\",\"potentialAction\":[{\"@type\":\"SearchAction\",\"target\":{\"@type\":\"EntryPoint\",\"urlTemplate\":\"https:\\\/\\\/exclusives.ro\\\/?s={search_term_string}\"},\"query-input\":{\"@type\":\"PropertyValueSpecification\",\"valueRequired\":true,\"valueName\":\"search_term_string\"}}],\"inLanguage\":\"en-US\"}]}<\/script>\n<!-- \/ Yoast SEO plugin. -->","yoast_head_json":{"title":"Sneakersi - Cali - Exclusives","description":"Un model care inspir\u0103 for\u021b\u0103 \u0219i rafinament minimalist. Ace\u0219ti sneakersi negri sunt confec\u021biona\u021bi 100% manual \u00een Rom\u00e2nia, din piele natural\u0103\u00a0 cu textur\u0103","robots":{"index":"noindex","follow":"follow","max-snippet":"max-snippet:-1","max-image-preview":"max-image-preview:large","max-video-preview":"max-video-preview:-1"},"og_locale":"en_US","og_type":"article","og_title":"Sneakersi - Cali - Exclusives","og_description":"Un model care inspir\u0103 for\u021b\u0103 \u0219i rafinament minimalist. Ace\u0219ti sneakersi negri sunt confec\u021biona\u021bi 100% manual \u00een Rom\u00e2nia, din piele natural\u0103\u00a0 cu textur\u0103","og_url":"https:\/\/exclusives.ro\/en\/product\/sneakersi-cali\/","og_site_name":"Exclusives","article_modified_time":"2026-04-14T08:26:48+00:00","og_image":[{"width":1366,"height":2048,"url":"https:\/\/exclusives.ro\/wp-content\/uploads\/2025\/10\/SRB093141.jpg","type":"image\/jpeg"}],"twitter_card":"summary_large_image","twitter_misc":{"Est. reading time":"1 minute"},"schema":{"@context":"https:\/\/schema.org","@graph":[{"@type":"WebPage","@id":"https:\/\/exclusives.ro\/produs\/sneakersi-cali\/","url":"https:\/\/exclusives.ro\/produs\/sneakersi-cali\/","name":"Sneakersi - Cali - Exclusives","isPartOf":{"@id":"https:\/\/exclusives.ro\/#website"},"primaryImageOfPage":{"@id":"https:\/\/exclusives.ro\/produs\/sneakersi-cali\/#primaryimage"},"image":{"@id":"https:\/\/exclusives.ro\/produs\/sneakersi-cali\/#primaryimage"},"thumbnailUrl":"https:\/\/exclusives.ro\/wp-content\/uploads\/2025\/10\/SRB093141.jpg","datePublished":"2025-10-13T08:46:21+00:00","dateModified":"2026-04-14T08:26:48+00:00","description":"Un model care inspir\u0103 for\u021b\u0103 \u0219i rafinament minimalist. Ace\u0219ti sneakersi negri sunt confec\u021biona\u021bi 100% manual \u00een Rom\u00e2nia, din piele natural\u0103\u00a0 cu textur\u0103","breadcrumb":{"@id":"https:\/\/exclusives.ro\/produs\/sneakersi-cali\/#breadcrumb"},"inLanguage":"en-US","potentialAction":[{"@type":"ReadAction","target":["https:\/\/exclusives.ro\/produs\/sneakersi-cali\/"]}]},{"@type":"ImageObject","inLanguage":"en-US","@id":"https:\/\/exclusives.ro\/produs\/sneakersi-cali\/#primaryimage","url":"https:\/\/exclusives.ro\/wp-content\/uploads\/2025\/10\/SRB093141.jpg","contentUrl":"https:\/\/exclusives.ro\/wp-content\/uploads\/2025\/10\/SRB093141.jpg","width":1366,"height":2048},{"@type":"BreadcrumbList","@id":"https:\/\/exclusives.ro\/produs\/sneakersi-cali\/#breadcrumb","itemListElement":[{"@type":"ListItem","position":1,"name":"Home","item":"https:\/\/exclusives.ro\/"},{"@type":"ListItem","position":2,"name":"Pantofi","item":"https:\/\/exclusives.ro\/shop\/"},{"@type":"ListItem","position":3,"name":"Sneakersi &#8211; Cali"}]},{"@type":"WebSite","@id":"https:\/\/exclusives.ro\/#website","url":"https:\/\/exclusives.ro\/","name":"Exclusives","description":"","potentialAction":[{"@type":"SearchAction","target":{"@type":"EntryPoint","urlTemplate":"https:\/\/exclusives.ro\/?s={search_term_string}"},"query-input":{"@type":"PropertyValueSpecification","valueRequired":true,"valueName":"search_term_string"}}],"inLanguage":"en-US"}]}},"jetpack_sharing_enabled":true,"_links":{"self":[{"href":"https:\/\/exclusives.ro\/en\/wp-json\/wp\/v2\/product\/31738","targetHints":{"allow":["GET"]}}],"collection":[{"href":"https:\/\/exclusives.ro\/en\/wp-json\/wp\/v2\/product"}],"about":[{"href":"https:\/\/exclusives.ro\/en\/wp-json\/wp\/v2\/types\/product"}],"replies":[{"embeddable":true,"href":"https:\/\/exclusives.ro\/en\/wp-json\/wp\/v2\/comments?post=31738"}],"version-history":[{"count":3,"href":"https:\/\/exclusives.ro\/en\/wp-json\/wp\/v2\/product\/31738\/revisions"}],"predecessor-version":[{"id":617085,"href":"https:\/\/exclusives.ro\/en\/wp-json\/wp\/v2\/product\/31738\/revisions\/617085"}],"wp:featuredmedia":[{"embeddable":true,"href":"https:\/\/exclusives.ro\/en\/wp-json\/wp\/v2\/media\/174573"}],"wp:attachment":[{"href":"https:\/\/exclusives.ro\/en\/wp-json\/wp\/v2\/media?parent=31738"}],"wp:term":[{"taxonomy":"product_brand","embeddable":true,"href":"https:\/\/exclusives.ro\/en\/wp-json\/wp\/v2\/product_brand?post=31738"},{"taxonomy":"product_cat","embeddable":true,"href":"https:\/\/exclusives.ro\/en\/wp-json\/wp\/v2\/product_cat?post=31738"},{"taxonomy":"product_tag","embeddable":true,"href":"https:\/\/exclusives.ro\/en\/wp-json\/wp\/v2\/product_tag?post=31738"}],"curies":[{"name":"wp","href":"https:\/\/api.w.org\/{rel}","templated":true}]}}