{"id":32028,"date":"2025-10-13T09:36:29","date_gmt":"2025-10-13T09:36:29","guid":{"rendered":"https:\/\/exclusives.fastapp.ro\/?post_type=product&#038;p=32028"},"modified":"2026-04-16T08:41:03","modified_gmt":"2026-04-16T08:41:03","slug":"ghete-seven-black","status":"publish","type":"product","link":"https:\/\/exclusives.ro\/en\/product\/ghete-seven-black\/","title":{"rendered":"Ghete &#8211; Seven &#8211; Black"},"content":{"rendered":"<p data-start=\"133\" data-end=\"841\">Ghetele\u00a0<strong data-start=\"141\" data-end=\"166\">\u201eSeven\u201d<\/strong>\u00a0sunt expresia perfect\u0103 a rafinamentului urban \u0219i a confortului autentic. Realizate manual \u00een Rom\u00e2nia din\u00a0<strong data-start=\"272\" data-end=\"295\">piele natural\u0103 100%<\/strong>, aceste ghete ofer\u0103 o potrivire excelent\u0103 \u0219i o durabilitate remarcabil\u0103. Designul modern, completat de sistemul practic de \u00eenchidere cu \u0219ireturi \u0219i fermoar lateral, asigur\u0103 at\u00e2t un aspect elegant, c\u00e2t \u0219i func\u021bionalitate maxim\u0103. Talpa u\u0219oar\u0103, cu \u00een\u0103l\u021bime de 4 cm \u00een fa\u021b\u0103 \u0219i 6 cm \u00een spate, ofer\u0103 stabilitate \u0219i confort la fiecare pas, f\u0103c\u00e2ndu-le ideale pentru purtare zilnic\u0103. Cu un finisaj negru clasic \u0219i o siluet\u0103 versatil\u0103, ghetele \u201eSeven\u201d se integreaz\u0103 perfect \u00een orice garderob\u0103, aduc\u00e2nd un plus de stil \u0219i \u00eencredere fiec\u0103rei \u021binute.<\/p>\n<p><u><em><strong>PRODUS FABRICAT IN ROMANIA!<\/strong><\/em><\/u><\/p>\n<p><strong><i>Timp de realizare 6-12 zile lucratoare!<\/i><\/strong><\/p>\n<p>Marimi disponibile: 35, 36 , 37 , 38 , 39, 40<\/p>\n<p>Inaltime talpa: 4cm in fata, 6 cm in spate.<\/p>","protected":false},"excerpt":{"rendered":"<p>Ghetele\u00a0\u201eSeven\u201d\u00a0sunt expresia perfect\u0103 a rafinamentului urban \u0219i a confortului autentic. Realizate manual \u00een Rom\u00e2nia din\u00a0piele natural\u0103 100%, aceste ghete ofer\u0103<\/p>","protected":false},"featured_media":174628,"comment_status":"open","ping_status":"closed","template":"","meta":[],"product_brand":[252],"product_cat":[20],"product_tag":[],"class_list":{"0":"post-32028","1":"product","2":"type-product","3":"status-publish","4":"has-post-thumbnail","6":"product_brand-exclusives","7":"product_cat-bocanci-ghete","9":"first","10":"instock","11":"sale","12":"shipping-taxable","13":"purchasable","14":"product-type-variable","15":"has-default-attributes"},"yoast_head":"<!-- This site is optimized with the Yoast SEO plugin v27.4 - https:\/\/yoast.com\/product\/yoast-seo-wordpress\/ -->\n<title>Ghete - Seven - Black - Exclusives<\/title>\n<meta name=\"description\" content=\"Ghetele\u00a0\u201eSeven\u201d\u00a0sunt expresia perfect\u0103 a rafinamentului urban \u0219i a confortului autentic. Realizate manual \u00een Rom\u00e2nia din\u00a0piele natural\u0103 100%, aceste ghete\" \/>\n<meta name=\"robots\" content=\"noindex, follow, max-snippet:-1, max-image-preview:large, max-video-preview:-1\" \/>\n<meta property=\"og:locale\" content=\"en_US\" \/>\n<meta property=\"og:type\" content=\"article\" \/>\n<meta property=\"og:title\" content=\"Ghete - Seven - Black - Exclusives\" \/>\n<meta property=\"og:description\" content=\"Ghetele\u00a0\u201eSeven\u201d\u00a0sunt expresia perfect\u0103 a rafinamentului urban \u0219i a confortului autentic. Realizate manual \u00een Rom\u00e2nia din\u00a0piele natural\u0103 100%, aceste ghete\" \/>\n<meta property=\"og:url\" content=\"https:\/\/exclusives.ro\/en\/product\/ghete-seven-black\/\" \/>\n<meta property=\"og:site_name\" content=\"Exclusives\" \/>\n<meta property=\"article:modified_time\" content=\"2026-04-16T08:41:03+00:00\" \/>\n<meta property=\"og:image\" content=\"https:\/\/exclusives.ro\/wp-content\/uploads\/2025\/10\/SRB013232.jpg\" \/>\n\t<meta property=\"og:image:width\" content=\"1306\" \/>\n\t<meta property=\"og:image:height\" content=\"1959\" \/>\n\t<meta property=\"og:image:type\" content=\"image\/jpeg\" \/>\n<meta name=\"twitter:card\" content=\"summary_large_image\" \/>\n<meta name=\"twitter:label1\" content=\"Est. reading time\" \/>\n\t<meta name=\"twitter:data1\" content=\"1 minute\" \/>\n<script type=\"application\/ld+json\" class=\"yoast-schema-graph\">{\"@context\":\"https:\\\/\\\/schema.org\",\"@graph\":[{\"@type\":\"WebPage\",\"@id\":\"https:\\\/\\\/exclusives.ro\\\/produs\\\/ghete-seven-black\\\/\",\"url\":\"https:\\\/\\\/exclusives.ro\\\/produs\\\/ghete-seven-black\\\/\",\"name\":\"Ghete - Seven - Black - Exclusives\",\"isPartOf\":{\"@id\":\"https:\\\/\\\/exclusives.ro\\\/#website\"},\"primaryImageOfPage\":{\"@id\":\"https:\\\/\\\/exclusives.ro\\\/produs\\\/ghete-seven-black\\\/#primaryimage\"},\"image\":{\"@id\":\"https:\\\/\\\/exclusives.ro\\\/produs\\\/ghete-seven-black\\\/#primaryimage\"},\"thumbnailUrl\":\"https:\\\/\\\/exclusives.ro\\\/wp-content\\\/uploads\\\/2025\\\/10\\\/SRB013232.jpg\",\"datePublished\":\"2025-10-13T09:36:29+00:00\",\"dateModified\":\"2026-04-16T08:41:03+00:00\",\"description\":\"Ghetele\u00a0\u201eSeven\u201d\u00a0sunt expresia perfect\u0103 a rafinamentului urban \u0219i a confortului autentic. Realizate manual \u00een Rom\u00e2nia din\u00a0piele natural\u0103 100%, aceste ghete\",\"breadcrumb\":{\"@id\":\"https:\\\/\\\/exclusives.ro\\\/produs\\\/ghete-seven-black\\\/#breadcrumb\"},\"inLanguage\":\"en-US\",\"potentialAction\":[{\"@type\":\"ReadAction\",\"target\":[\"https:\\\/\\\/exclusives.ro\\\/produs\\\/ghete-seven-black\\\/\"]}]},{\"@type\":\"ImageObject\",\"inLanguage\":\"en-US\",\"@id\":\"https:\\\/\\\/exclusives.ro\\\/produs\\\/ghete-seven-black\\\/#primaryimage\",\"url\":\"https:\\\/\\\/exclusives.ro\\\/wp-content\\\/uploads\\\/2025\\\/10\\\/SRB013232.jpg\",\"contentUrl\":\"https:\\\/\\\/exclusives.ro\\\/wp-content\\\/uploads\\\/2025\\\/10\\\/SRB013232.jpg\",\"width\":1306,\"height\":1959},{\"@type\":\"BreadcrumbList\",\"@id\":\"https:\\\/\\\/exclusives.ro\\\/produs\\\/ghete-seven-black\\\/#breadcrumb\",\"itemListElement\":[{\"@type\":\"ListItem\",\"position\":1,\"name\":\"Home\",\"item\":\"https:\\\/\\\/exclusives.ro\\\/\"},{\"@type\":\"ListItem\",\"position\":2,\"name\":\"Pantofi\",\"item\":\"https:\\\/\\\/exclusives.ro\\\/shop\\\/\"},{\"@type\":\"ListItem\",\"position\":3,\"name\":\"Ghete &#8211; Seven &#8211; Black\"}]},{\"@type\":\"WebSite\",\"@id\":\"https:\\\/\\\/exclusives.ro\\\/#website\",\"url\":\"https:\\\/\\\/exclusives.ro\\\/\",\"name\":\"Exclusives\",\"description\":\"\",\"potentialAction\":[{\"@type\":\"SearchAction\",\"target\":{\"@type\":\"EntryPoint\",\"urlTemplate\":\"https:\\\/\\\/exclusives.ro\\\/?s={search_term_string}\"},\"query-input\":{\"@type\":\"PropertyValueSpecification\",\"valueRequired\":true,\"valueName\":\"search_term_string\"}}],\"inLanguage\":\"en-US\"}]}<\/script>\n<!-- \/ Yoast SEO plugin. -->","yoast_head_json":{"title":"Ghete - Seven - Black - Exclusives","description":"Ghetele\u00a0\u201eSeven\u201d\u00a0sunt expresia perfect\u0103 a rafinamentului urban \u0219i a confortului autentic. Realizate manual \u00een Rom\u00e2nia din\u00a0piele natural\u0103 100%, aceste ghete","robots":{"index":"noindex","follow":"follow","max-snippet":"max-snippet:-1","max-image-preview":"max-image-preview:large","max-video-preview":"max-video-preview:-1"},"og_locale":"en_US","og_type":"article","og_title":"Ghete - Seven - Black - Exclusives","og_description":"Ghetele\u00a0\u201eSeven\u201d\u00a0sunt expresia perfect\u0103 a rafinamentului urban \u0219i a confortului autentic. Realizate manual \u00een Rom\u00e2nia din\u00a0piele natural\u0103 100%, aceste ghete","og_url":"https:\/\/exclusives.ro\/en\/product\/ghete-seven-black\/","og_site_name":"Exclusives","article_modified_time":"2026-04-16T08:41:03+00:00","og_image":[{"width":1306,"height":1959,"url":"https:\/\/exclusives.ro\/wp-content\/uploads\/2025\/10\/SRB013232.jpg","type":"image\/jpeg"}],"twitter_card":"summary_large_image","twitter_misc":{"Est. reading time":"1 minute"},"schema":{"@context":"https:\/\/schema.org","@graph":[{"@type":"WebPage","@id":"https:\/\/exclusives.ro\/produs\/ghete-seven-black\/","url":"https:\/\/exclusives.ro\/produs\/ghete-seven-black\/","name":"Ghete - Seven - Black - Exclusives","isPartOf":{"@id":"https:\/\/exclusives.ro\/#website"},"primaryImageOfPage":{"@id":"https:\/\/exclusives.ro\/produs\/ghete-seven-black\/#primaryimage"},"image":{"@id":"https:\/\/exclusives.ro\/produs\/ghete-seven-black\/#primaryimage"},"thumbnailUrl":"https:\/\/exclusives.ro\/wp-content\/uploads\/2025\/10\/SRB013232.jpg","datePublished":"2025-10-13T09:36:29+00:00","dateModified":"2026-04-16T08:41:03+00:00","description":"Ghetele\u00a0\u201eSeven\u201d\u00a0sunt expresia perfect\u0103 a rafinamentului urban \u0219i a confortului autentic. Realizate manual \u00een Rom\u00e2nia din\u00a0piele natural\u0103 100%, aceste ghete","breadcrumb":{"@id":"https:\/\/exclusives.ro\/produs\/ghete-seven-black\/#breadcrumb"},"inLanguage":"en-US","potentialAction":[{"@type":"ReadAction","target":["https:\/\/exclusives.ro\/produs\/ghete-seven-black\/"]}]},{"@type":"ImageObject","inLanguage":"en-US","@id":"https:\/\/exclusives.ro\/produs\/ghete-seven-black\/#primaryimage","url":"https:\/\/exclusives.ro\/wp-content\/uploads\/2025\/10\/SRB013232.jpg","contentUrl":"https:\/\/exclusives.ro\/wp-content\/uploads\/2025\/10\/SRB013232.jpg","width":1306,"height":1959},{"@type":"BreadcrumbList","@id":"https:\/\/exclusives.ro\/produs\/ghete-seven-black\/#breadcrumb","itemListElement":[{"@type":"ListItem","position":1,"name":"Home","item":"https:\/\/exclusives.ro\/"},{"@type":"ListItem","position":2,"name":"Pantofi","item":"https:\/\/exclusives.ro\/shop\/"},{"@type":"ListItem","position":3,"name":"Ghete &#8211; Seven &#8211; Black"}]},{"@type":"WebSite","@id":"https:\/\/exclusives.ro\/#website","url":"https:\/\/exclusives.ro\/","name":"Exclusives","description":"","potentialAction":[{"@type":"SearchAction","target":{"@type":"EntryPoint","urlTemplate":"https:\/\/exclusives.ro\/?s={search_term_string}"},"query-input":{"@type":"PropertyValueSpecification","valueRequired":true,"valueName":"search_term_string"}}],"inLanguage":"en-US"}]}},"jetpack_sharing_enabled":true,"_links":{"self":[{"href":"https:\/\/exclusives.ro\/en\/wp-json\/wp\/v2\/product\/32028","targetHints":{"allow":["GET"]}}],"collection":[{"href":"https:\/\/exclusives.ro\/en\/wp-json\/wp\/v2\/product"}],"about":[{"href":"https:\/\/exclusives.ro\/en\/wp-json\/wp\/v2\/types\/product"}],"replies":[{"embeddable":true,"href":"https:\/\/exclusives.ro\/en\/wp-json\/wp\/v2\/comments?post=32028"}],"version-history":[{"count":2,"href":"https:\/\/exclusives.ro\/en\/wp-json\/wp\/v2\/product\/32028\/revisions"}],"predecessor-version":[{"id":617875,"href":"https:\/\/exclusives.ro\/en\/wp-json\/wp\/v2\/product\/32028\/revisions\/617875"}],"wp:featuredmedia":[{"embeddable":true,"href":"https:\/\/exclusives.ro\/en\/wp-json\/wp\/v2\/media\/174628"}],"wp:attachment":[{"href":"https:\/\/exclusives.ro\/en\/wp-json\/wp\/v2\/media?parent=32028"}],"wp:term":[{"taxonomy":"product_brand","embeddable":true,"href":"https:\/\/exclusives.ro\/en\/wp-json\/wp\/v2\/product_brand?post=32028"},{"taxonomy":"product_cat","embeddable":true,"href":"https:\/\/exclusives.ro\/en\/wp-json\/wp\/v2\/product_cat?post=32028"},{"taxonomy":"product_tag","embeddable":true,"href":"https:\/\/exclusives.ro\/en\/wp-json\/wp\/v2\/product_tag?post=32028"}],"curies":[{"name":"wp","href":"https:\/\/api.w.org\/{rel}","templated":true}]}}