{"id":32108,"date":"2025-10-13T10:16:09","date_gmt":"2025-10-13T10:16:09","guid":{"rendered":"https:\/\/exclusives.fastapp.ro\/?post_type=product&#038;p=32108"},"modified":"2026-03-26T21:24:45","modified_gmt":"2026-03-26T21:24:45","slug":"sandale-lido","status":"publish","type":"product","link":"https:\/\/exclusives.ro\/en\/product\/sandale-lido\/","title":{"rendered":"Sandale &#8211; . Lido"},"content":{"rendered":"<p class=\"\" data-start=\"208\" data-end=\"509\">\u00cendr\u0103zne\u021be, comode \u0219i 100% handmade \u00een Rom\u00e2nia din piele natural\u0103 premium, aceste sandale cu imprimeu snake sunt alegerea ideal\u0103 pentru sezonul cald. Designul cu barete reglabile, talpa confortabil\u0103 \u0219i detaliile metalice te vor face remarcat\u0103 oriunde \u2013 de la festivaluri de muzic\u0103, la escapade urbane.<\/p>\n<div><strong data-start=\"511\" data-end=\"710\">\u00a0Realizate manual din piele natural\u0103 de calitate superioar\u0103<\/strong><\/div>\n<div><strong data-start=\"511\" data-end=\"710\">\u00a0Made in Romania<\/strong><\/div>\n<div><strong data-start=\"511\" data-end=\"710\">\u00a0Look exotic, perfect pentru streetstyle \u0219i festival season<\/strong><\/div>\n<div><strong data-start=\"511\" data-end=\"710\">\u00a0Talp\u0103 lejer\u0103, comod\u0103, ideal\u0103 pentru \u00eentreaga zi<\/strong><\/div>\n<p class=\"\" data-start=\"712\" data-end=\"825\">Asorteaz\u0103-le cu outfituri all black, denim sau rochii vaporoase \u2013 \u0219i adaug\u0103 o doz\u0103 de personalitate fiec\u0103rui pas.<\/p>\n<p><strong><i>ATENTIE! Acest produs se realizeaza\u00a0doar la comanda!<\/i><\/strong><\/p>\n<p><strong><i>Timp de realizare 10-12 zile lucratoare!<\/i><\/strong><\/p>\n<p>Inaltimea talpii: 2.5cm in fata si 3.5cm in spate.<\/p>\n<p><u><em><strong>PRODUS FABRICAT IN ROMANIA!<\/strong><\/em><\/u><\/p>\n<p>Marimi disponibile:\u00a0 35, 36 , 37 , 38 , 39, 40<\/p>","protected":false},"excerpt":{"rendered":"<p>\u00cendr\u0103zne\u021be, comode \u0219i 100% handmade \u00een Rom\u00e2nia din piele natural\u0103 premium, aceste sandale cu imprimeu snake sunt alegerea ideal\u0103 pentru<\/p>","protected":false},"featured_media":616709,"comment_status":"open","ping_status":"closed","template":"","meta":[],"product_brand":[252],"product_cat":[30],"product_tag":[],"class_list":{"0":"post-32108","1":"product","2":"type-product","3":"status-publish","4":"has-post-thumbnail","6":"product_brand-exclusives","7":"product_cat-sandale","9":"first","10":"instock","11":"shipping-taxable","12":"purchasable","13":"product-type-variable","14":"has-default-attributes"},"yoast_head":"<!-- This site is optimized with the Yoast SEO plugin v27.4 - https:\/\/yoast.com\/product\/yoast-seo-wordpress\/ -->\n<title>Sandale - . Lido - Exclusives<\/title>\n<meta name=\"description\" content=\"\u00cendr\u0103zne\u021be, comode \u0219i 100% handmade \u00een Rom\u00e2nia din piele natural\u0103 premium, aceste sandale cu imprimeu snake sunt alegerea ideal\u0103 pentru sezonul cald.\" \/>\n<meta name=\"robots\" content=\"noindex, follow, max-snippet:-1, max-image-preview:large, max-video-preview:-1\" \/>\n<meta property=\"og:locale\" content=\"en_US\" \/>\n<meta property=\"og:type\" content=\"article\" \/>\n<meta property=\"og:title\" content=\"Sandale - . Lido - Exclusives\" \/>\n<meta property=\"og:description\" content=\"\u00cendr\u0103zne\u021be, comode \u0219i 100% handmade \u00een Rom\u00e2nia din piele natural\u0103 premium, aceste sandale cu imprimeu snake sunt alegerea ideal\u0103 pentru sezonul cald.\" \/>\n<meta property=\"og:url\" content=\"https:\/\/exclusives.ro\/en\/product\/sandale-lido\/\" \/>\n<meta property=\"og:site_name\" content=\"Exclusives\" \/>\n<meta property=\"article:modified_time\" content=\"2026-03-26T21:24:45+00:00\" \/>\n<meta property=\"og:image\" content=\"https:\/\/exclusives.ro\/wp-content\/uploads\/2025\/10\/SSS07799.jpg\" \/>\n\t<meta property=\"og:image:width\" content=\"1365\" \/>\n\t<meta property=\"og:image:height\" content=\"2048\" \/>\n\t<meta property=\"og:image:type\" content=\"image\/jpeg\" \/>\n<meta name=\"twitter:card\" content=\"summary_large_image\" \/>\n<meta name=\"twitter:label1\" content=\"Est. reading time\" \/>\n\t<meta name=\"twitter:data1\" content=\"1 minute\" \/>\n<script type=\"application\/ld+json\" class=\"yoast-schema-graph\">{\"@context\":\"https:\\\/\\\/schema.org\",\"@graph\":[{\"@type\":\"WebPage\",\"@id\":\"https:\\\/\\\/exclusives.ro\\\/produs\\\/sandale-lido\\\/\",\"url\":\"https:\\\/\\\/exclusives.ro\\\/produs\\\/sandale-lido\\\/\",\"name\":\"Sandale - . Lido - Exclusives\",\"isPartOf\":{\"@id\":\"https:\\\/\\\/exclusives.ro\\\/#website\"},\"primaryImageOfPage\":{\"@id\":\"https:\\\/\\\/exclusives.ro\\\/produs\\\/sandale-lido\\\/#primaryimage\"},\"image\":{\"@id\":\"https:\\\/\\\/exclusives.ro\\\/produs\\\/sandale-lido\\\/#primaryimage\"},\"thumbnailUrl\":\"https:\\\/\\\/exclusives.ro\\\/wp-content\\\/uploads\\\/2025\\\/10\\\/SSS07799.jpg\",\"datePublished\":\"2025-10-13T10:16:09+00:00\",\"dateModified\":\"2026-03-26T21:24:45+00:00\",\"description\":\"\u00cendr\u0103zne\u021be, comode \u0219i 100% handmade \u00een Rom\u00e2nia din piele natural\u0103 premium, aceste sandale cu imprimeu snake sunt alegerea ideal\u0103 pentru sezonul cald.\",\"breadcrumb\":{\"@id\":\"https:\\\/\\\/exclusives.ro\\\/produs\\\/sandale-lido\\\/#breadcrumb\"},\"inLanguage\":\"en-US\",\"potentialAction\":[{\"@type\":\"ReadAction\",\"target\":[\"https:\\\/\\\/exclusives.ro\\\/produs\\\/sandale-lido\\\/\"]}]},{\"@type\":\"ImageObject\",\"inLanguage\":\"en-US\",\"@id\":\"https:\\\/\\\/exclusives.ro\\\/produs\\\/sandale-lido\\\/#primaryimage\",\"url\":\"https:\\\/\\\/exclusives.ro\\\/wp-content\\\/uploads\\\/2025\\\/10\\\/SSS07799.jpg\",\"contentUrl\":\"https:\\\/\\\/exclusives.ro\\\/wp-content\\\/uploads\\\/2025\\\/10\\\/SSS07799.jpg\",\"width\":1365,\"height\":2048},{\"@type\":\"BreadcrumbList\",\"@id\":\"https:\\\/\\\/exclusives.ro\\\/produs\\\/sandale-lido\\\/#breadcrumb\",\"itemListElement\":[{\"@type\":\"ListItem\",\"position\":1,\"name\":\"Home\",\"item\":\"https:\\\/\\\/exclusives.ro\\\/\"},{\"@type\":\"ListItem\",\"position\":2,\"name\":\"Pantofi\",\"item\":\"https:\\\/\\\/exclusives.ro\\\/shop\\\/\"},{\"@type\":\"ListItem\",\"position\":3,\"name\":\"Sandale &#8211; . Lido\"}]},{\"@type\":\"WebSite\",\"@id\":\"https:\\\/\\\/exclusives.ro\\\/#website\",\"url\":\"https:\\\/\\\/exclusives.ro\\\/\",\"name\":\"Exclusives\",\"description\":\"\",\"potentialAction\":[{\"@type\":\"SearchAction\",\"target\":{\"@type\":\"EntryPoint\",\"urlTemplate\":\"https:\\\/\\\/exclusives.ro\\\/?s={search_term_string}\"},\"query-input\":{\"@type\":\"PropertyValueSpecification\",\"valueRequired\":true,\"valueName\":\"search_term_string\"}}],\"inLanguage\":\"en-US\"}]}<\/script>\n<!-- \/ Yoast SEO plugin. -->","yoast_head_json":{"title":"Sandale - . Lido - Exclusives","description":"\u00cendr\u0103zne\u021be, comode \u0219i 100% handmade \u00een Rom\u00e2nia din piele natural\u0103 premium, aceste sandale cu imprimeu snake sunt alegerea ideal\u0103 pentru sezonul cald.","robots":{"index":"noindex","follow":"follow","max-snippet":"max-snippet:-1","max-image-preview":"max-image-preview:large","max-video-preview":"max-video-preview:-1"},"og_locale":"en_US","og_type":"article","og_title":"Sandale - . Lido - Exclusives","og_description":"\u00cendr\u0103zne\u021be, comode \u0219i 100% handmade \u00een Rom\u00e2nia din piele natural\u0103 premium, aceste sandale cu imprimeu snake sunt alegerea ideal\u0103 pentru sezonul cald.","og_url":"https:\/\/exclusives.ro\/en\/product\/sandale-lido\/","og_site_name":"Exclusives","article_modified_time":"2026-03-26T21:24:45+00:00","og_image":[{"width":1365,"height":2048,"url":"https:\/\/exclusives.ro\/wp-content\/uploads\/2025\/10\/SSS07799.jpg","type":"image\/jpeg"}],"twitter_card":"summary_large_image","twitter_misc":{"Est. reading time":"1 minute"},"schema":{"@context":"https:\/\/schema.org","@graph":[{"@type":"WebPage","@id":"https:\/\/exclusives.ro\/produs\/sandale-lido\/","url":"https:\/\/exclusives.ro\/produs\/sandale-lido\/","name":"Sandale - . Lido - Exclusives","isPartOf":{"@id":"https:\/\/exclusives.ro\/#website"},"primaryImageOfPage":{"@id":"https:\/\/exclusives.ro\/produs\/sandale-lido\/#primaryimage"},"image":{"@id":"https:\/\/exclusives.ro\/produs\/sandale-lido\/#primaryimage"},"thumbnailUrl":"https:\/\/exclusives.ro\/wp-content\/uploads\/2025\/10\/SSS07799.jpg","datePublished":"2025-10-13T10:16:09+00:00","dateModified":"2026-03-26T21:24:45+00:00","description":"\u00cendr\u0103zne\u021be, comode \u0219i 100% handmade \u00een Rom\u00e2nia din piele natural\u0103 premium, aceste sandale cu imprimeu snake sunt alegerea ideal\u0103 pentru sezonul cald.","breadcrumb":{"@id":"https:\/\/exclusives.ro\/produs\/sandale-lido\/#breadcrumb"},"inLanguage":"en-US","potentialAction":[{"@type":"ReadAction","target":["https:\/\/exclusives.ro\/produs\/sandale-lido\/"]}]},{"@type":"ImageObject","inLanguage":"en-US","@id":"https:\/\/exclusives.ro\/produs\/sandale-lido\/#primaryimage","url":"https:\/\/exclusives.ro\/wp-content\/uploads\/2025\/10\/SSS07799.jpg","contentUrl":"https:\/\/exclusives.ro\/wp-content\/uploads\/2025\/10\/SSS07799.jpg","width":1365,"height":2048},{"@type":"BreadcrumbList","@id":"https:\/\/exclusives.ro\/produs\/sandale-lido\/#breadcrumb","itemListElement":[{"@type":"ListItem","position":1,"name":"Home","item":"https:\/\/exclusives.ro\/"},{"@type":"ListItem","position":2,"name":"Pantofi","item":"https:\/\/exclusives.ro\/shop\/"},{"@type":"ListItem","position":3,"name":"Sandale &#8211; . Lido"}]},{"@type":"WebSite","@id":"https:\/\/exclusives.ro\/#website","url":"https:\/\/exclusives.ro\/","name":"Exclusives","description":"","potentialAction":[{"@type":"SearchAction","target":{"@type":"EntryPoint","urlTemplate":"https:\/\/exclusives.ro\/?s={search_term_string}"},"query-input":{"@type":"PropertyValueSpecification","valueRequired":true,"valueName":"search_term_string"}}],"inLanguage":"en-US"}]}},"jetpack_sharing_enabled":true,"_links":{"self":[{"href":"https:\/\/exclusives.ro\/en\/wp-json\/wp\/v2\/product\/32108","targetHints":{"allow":["GET"]}}],"collection":[{"href":"https:\/\/exclusives.ro\/en\/wp-json\/wp\/v2\/product"}],"about":[{"href":"https:\/\/exclusives.ro\/en\/wp-json\/wp\/v2\/types\/product"}],"replies":[{"embeddable":true,"href":"https:\/\/exclusives.ro\/en\/wp-json\/wp\/v2\/comments?post=32108"}],"version-history":[{"count":1,"href":"https:\/\/exclusives.ro\/en\/wp-json\/wp\/v2\/product\/32108\/revisions"}],"predecessor-version":[{"id":616714,"href":"https:\/\/exclusives.ro\/en\/wp-json\/wp\/v2\/product\/32108\/revisions\/616714"}],"wp:featuredmedia":[{"embeddable":true,"href":"https:\/\/exclusives.ro\/en\/wp-json\/wp\/v2\/media\/616709"}],"wp:attachment":[{"href":"https:\/\/exclusives.ro\/en\/wp-json\/wp\/v2\/media?parent=32108"}],"wp:term":[{"taxonomy":"product_brand","embeddable":true,"href":"https:\/\/exclusives.ro\/en\/wp-json\/wp\/v2\/product_brand?post=32108"},{"taxonomy":"product_cat","embeddable":true,"href":"https:\/\/exclusives.ro\/en\/wp-json\/wp\/v2\/product_cat?post=32108"},{"taxonomy":"product_tag","embeddable":true,"href":"https:\/\/exclusives.ro\/en\/wp-json\/wp\/v2\/product_tag?post=32108"}],"curies":[{"name":"wp","href":"https:\/\/api.w.org\/{rel}","templated":true}]}}