{"id":32207,"date":"2025-10-13T10:37:56","date_gmt":"2025-10-13T10:37:56","guid":{"rendered":"https:\/\/exclusives.fastapp.ro\/?post_type=product&#038;p=32207"},"modified":"2026-04-17T10:42:16","modified_gmt":"2026-04-17T10:42:16","slug":"bocanci-wings","status":"publish","type":"product","link":"https:\/\/exclusives.ro\/en\/product\/bocanci-wings\/","title":{"rendered":"Bocanci &#8211; Wings"},"content":{"rendered":"<p>Bocancii\u00a0<strong data-start=\"165\" data-end=\"184\">\u201eWings \u2013 Black\u201d<\/strong>\u00a0din colec\u021bia FESTIVAL sunt alegerea perfect\u0103 pentru un look urban cu atitudine. Realiza\u021bi manual \u00een Rom\u00e2nia din\u00a0<strong data-start=\"297\" data-end=\"320\">piele natural\u0103 100%<\/strong>, ace\u0219ti bocanci se remarc\u0103 prin talpa \u00eenalt\u0103 extra-light (4 cm \u00een fa\u021b\u0103 \u0219i 6 cm \u00een spate), ce ofer\u0103 confort sporit \u0219i stabilitate. Interiorul captusit cu piele \u0219i brantul cu extra burete asigur\u0103 o purtare pl\u0103cut\u0103 pe tot parcursul zilei. Detaliile de design includ dou\u0103 fermoare supradimensionate pe fiecare bocanc, ad\u0103ug\u00e2nd un plus de originalitate. Disponibili \u00een m\u0103rimile 35\u201340, ace\u0219ti bocanci sunt ideali pentru festivaluri \u0219i ie\u0219iri \u00een ora\u0219, combin\u00e2nd stilul cu func\u021bionalitatea.<\/p>\n<p>&nbsp;<\/p>\n<p><u><em><strong>PRODUS FABRICAT IN ROMANIA!<\/strong><\/em><\/u><\/p>\n<p>Marimi disponibile: 35, 36 , 37 , 38 , 39, 40<\/p>\n<p><strong><i>TERMEN DE REALIZARE 8- 14 ZILE LUCRATOARE<\/i><\/strong><\/p>","protected":false},"excerpt":{"rendered":"<p>Bocancii\u00a0\u201eWings \u2013 Black\u201d\u00a0din colec\u021bia FESTIVAL sunt alegerea perfect\u0103 pentru un look urban cu atitudine. Realiza\u021bi manual \u00een Rom\u00e2nia din\u00a0piele natural\u0103<\/p>","protected":false},"featured_media":174423,"comment_status":"open","ping_status":"closed","template":"","meta":[],"product_brand":[],"product_cat":[20],"product_tag":[],"class_list":{"0":"post-32207","1":"product","2":"type-product","3":"status-publish","4":"has-post-thumbnail","6":"product_cat-bocanci-ghete","8":"first","9":"instock","10":"shipping-taxable","11":"purchasable","12":"product-type-variable","13":"has-default-attributes"},"yoast_head":"<!-- This site is optimized with the Yoast SEO plugin v27.4 - https:\/\/yoast.com\/product\/yoast-seo-wordpress\/ -->\n<title>Bocanci - Wings - Exclusives<\/title>\n<meta name=\"description\" content=\"Bocancii\u00a0\u201eWings \u2013 Black\u201d\u00a0din colec\u021bia FESTIVAL sunt alegerea perfect\u0103 pentru un look urban cu atitudine. Realiza\u021bi manual \u00een Rom\u00e2nia din\u00a0piele natural\u0103\" \/>\n<meta name=\"robots\" content=\"noindex, follow, max-snippet:-1, max-image-preview:large, max-video-preview:-1\" \/>\n<meta property=\"og:locale\" content=\"en_US\" \/>\n<meta property=\"og:type\" content=\"article\" \/>\n<meta property=\"og:title\" content=\"Bocanci - Wings - Exclusives\" \/>\n<meta property=\"og:description\" content=\"Bocancii\u00a0\u201eWings \u2013 Black\u201d\u00a0din colec\u021bia FESTIVAL sunt alegerea perfect\u0103 pentru un look urban cu atitudine. Realiza\u021bi manual \u00een Rom\u00e2nia din\u00a0piele natural\u0103\" \/>\n<meta property=\"og:url\" content=\"https:\/\/exclusives.ro\/en\/product\/bocanci-wings\/\" \/>\n<meta property=\"og:site_name\" content=\"Exclusives\" \/>\n<meta property=\"article:modified_time\" content=\"2026-04-17T10:42:16+00:00\" \/>\n<meta property=\"og:image\" content=\"https:\/\/exclusives.ro\/wp-content\/uploads\/2025\/10\/exemshekv-131.jpg\" \/>\n\t<meta property=\"og:image:width\" content=\"1365\" \/>\n\t<meta property=\"og:image:height\" content=\"2048\" \/>\n\t<meta property=\"og:image:type\" content=\"image\/jpeg\" \/>\n<meta name=\"twitter:card\" content=\"summary_large_image\" \/>\n<meta name=\"twitter:label1\" content=\"Est. reading time\" \/>\n\t<meta name=\"twitter:data1\" content=\"1 minute\" \/>\n<script type=\"application\/ld+json\" class=\"yoast-schema-graph\">{\"@context\":\"https:\\\/\\\/schema.org\",\"@graph\":[{\"@type\":\"WebPage\",\"@id\":\"https:\\\/\\\/exclusives.ro\\\/produs\\\/bocanci-wings\\\/\",\"url\":\"https:\\\/\\\/exclusives.ro\\\/produs\\\/bocanci-wings\\\/\",\"name\":\"Bocanci - Wings - Exclusives\",\"isPartOf\":{\"@id\":\"https:\\\/\\\/exclusives.ro\\\/#website\"},\"primaryImageOfPage\":{\"@id\":\"https:\\\/\\\/exclusives.ro\\\/produs\\\/bocanci-wings\\\/#primaryimage\"},\"image\":{\"@id\":\"https:\\\/\\\/exclusives.ro\\\/produs\\\/bocanci-wings\\\/#primaryimage\"},\"thumbnailUrl\":\"https:\\\/\\\/exclusives.ro\\\/wp-content\\\/uploads\\\/2025\\\/10\\\/exemshekv-131.jpg\",\"datePublished\":\"2025-10-13T10:37:56+00:00\",\"dateModified\":\"2026-04-17T10:42:16+00:00\",\"description\":\"Bocancii\u00a0\u201eWings \u2013 Black\u201d\u00a0din colec\u021bia FESTIVAL sunt alegerea perfect\u0103 pentru un look urban cu atitudine. Realiza\u021bi manual \u00een Rom\u00e2nia din\u00a0piele natural\u0103\",\"breadcrumb\":{\"@id\":\"https:\\\/\\\/exclusives.ro\\\/produs\\\/bocanci-wings\\\/#breadcrumb\"},\"inLanguage\":\"en-US\",\"potentialAction\":[{\"@type\":\"ReadAction\",\"target\":[\"https:\\\/\\\/exclusives.ro\\\/produs\\\/bocanci-wings\\\/\"]}]},{\"@type\":\"ImageObject\",\"inLanguage\":\"en-US\",\"@id\":\"https:\\\/\\\/exclusives.ro\\\/produs\\\/bocanci-wings\\\/#primaryimage\",\"url\":\"https:\\\/\\\/exclusives.ro\\\/wp-content\\\/uploads\\\/2025\\\/10\\\/exemshekv-131.jpg\",\"contentUrl\":\"https:\\\/\\\/exclusives.ro\\\/wp-content\\\/uploads\\\/2025\\\/10\\\/exemshekv-131.jpg\",\"width\":1365,\"height\":2048},{\"@type\":\"BreadcrumbList\",\"@id\":\"https:\\\/\\\/exclusives.ro\\\/produs\\\/bocanci-wings\\\/#breadcrumb\",\"itemListElement\":[{\"@type\":\"ListItem\",\"position\":1,\"name\":\"Home\",\"item\":\"https:\\\/\\\/exclusives.ro\\\/\"},{\"@type\":\"ListItem\",\"position\":2,\"name\":\"Pantofi\",\"item\":\"https:\\\/\\\/exclusives.ro\\\/shop\\\/\"},{\"@type\":\"ListItem\",\"position\":3,\"name\":\"Bocanci &#8211; Wings\"}]},{\"@type\":\"WebSite\",\"@id\":\"https:\\\/\\\/exclusives.ro\\\/#website\",\"url\":\"https:\\\/\\\/exclusives.ro\\\/\",\"name\":\"Exclusives\",\"description\":\"\",\"potentialAction\":[{\"@type\":\"SearchAction\",\"target\":{\"@type\":\"EntryPoint\",\"urlTemplate\":\"https:\\\/\\\/exclusives.ro\\\/?s={search_term_string}\"},\"query-input\":{\"@type\":\"PropertyValueSpecification\",\"valueRequired\":true,\"valueName\":\"search_term_string\"}}],\"inLanguage\":\"en-US\"}]}<\/script>\n<!-- \/ Yoast SEO plugin. -->","yoast_head_json":{"title":"Bocanci - Wings - Exclusives","description":"Bocancii\u00a0\u201eWings \u2013 Black\u201d\u00a0din colec\u021bia FESTIVAL sunt alegerea perfect\u0103 pentru un look urban cu atitudine. Realiza\u021bi manual \u00een Rom\u00e2nia din\u00a0piele natural\u0103","robots":{"index":"noindex","follow":"follow","max-snippet":"max-snippet:-1","max-image-preview":"max-image-preview:large","max-video-preview":"max-video-preview:-1"},"og_locale":"en_US","og_type":"article","og_title":"Bocanci - Wings - Exclusives","og_description":"Bocancii\u00a0\u201eWings \u2013 Black\u201d\u00a0din colec\u021bia FESTIVAL sunt alegerea perfect\u0103 pentru un look urban cu atitudine. Realiza\u021bi manual \u00een Rom\u00e2nia din\u00a0piele natural\u0103","og_url":"https:\/\/exclusives.ro\/en\/product\/bocanci-wings\/","og_site_name":"Exclusives","article_modified_time":"2026-04-17T10:42:16+00:00","og_image":[{"width":1365,"height":2048,"url":"https:\/\/exclusives.ro\/wp-content\/uploads\/2025\/10\/exemshekv-131.jpg","type":"image\/jpeg"}],"twitter_card":"summary_large_image","twitter_misc":{"Est. reading time":"1 minute"},"schema":{"@context":"https:\/\/schema.org","@graph":[{"@type":"WebPage","@id":"https:\/\/exclusives.ro\/produs\/bocanci-wings\/","url":"https:\/\/exclusives.ro\/produs\/bocanci-wings\/","name":"Bocanci - Wings - Exclusives","isPartOf":{"@id":"https:\/\/exclusives.ro\/#website"},"primaryImageOfPage":{"@id":"https:\/\/exclusives.ro\/produs\/bocanci-wings\/#primaryimage"},"image":{"@id":"https:\/\/exclusives.ro\/produs\/bocanci-wings\/#primaryimage"},"thumbnailUrl":"https:\/\/exclusives.ro\/wp-content\/uploads\/2025\/10\/exemshekv-131.jpg","datePublished":"2025-10-13T10:37:56+00:00","dateModified":"2026-04-17T10:42:16+00:00","description":"Bocancii\u00a0\u201eWings \u2013 Black\u201d\u00a0din colec\u021bia FESTIVAL sunt alegerea perfect\u0103 pentru un look urban cu atitudine. Realiza\u021bi manual \u00een Rom\u00e2nia din\u00a0piele natural\u0103","breadcrumb":{"@id":"https:\/\/exclusives.ro\/produs\/bocanci-wings\/#breadcrumb"},"inLanguage":"en-US","potentialAction":[{"@type":"ReadAction","target":["https:\/\/exclusives.ro\/produs\/bocanci-wings\/"]}]},{"@type":"ImageObject","inLanguage":"en-US","@id":"https:\/\/exclusives.ro\/produs\/bocanci-wings\/#primaryimage","url":"https:\/\/exclusives.ro\/wp-content\/uploads\/2025\/10\/exemshekv-131.jpg","contentUrl":"https:\/\/exclusives.ro\/wp-content\/uploads\/2025\/10\/exemshekv-131.jpg","width":1365,"height":2048},{"@type":"BreadcrumbList","@id":"https:\/\/exclusives.ro\/produs\/bocanci-wings\/#breadcrumb","itemListElement":[{"@type":"ListItem","position":1,"name":"Home","item":"https:\/\/exclusives.ro\/"},{"@type":"ListItem","position":2,"name":"Pantofi","item":"https:\/\/exclusives.ro\/shop\/"},{"@type":"ListItem","position":3,"name":"Bocanci &#8211; Wings"}]},{"@type":"WebSite","@id":"https:\/\/exclusives.ro\/#website","url":"https:\/\/exclusives.ro\/","name":"Exclusives","description":"","potentialAction":[{"@type":"SearchAction","target":{"@type":"EntryPoint","urlTemplate":"https:\/\/exclusives.ro\/?s={search_term_string}"},"query-input":{"@type":"PropertyValueSpecification","valueRequired":true,"valueName":"search_term_string"}}],"inLanguage":"en-US"}]}},"jetpack_sharing_enabled":true,"_links":{"self":[{"href":"https:\/\/exclusives.ro\/en\/wp-json\/wp\/v2\/product\/32207","targetHints":{"allow":["GET"]}}],"collection":[{"href":"https:\/\/exclusives.ro\/en\/wp-json\/wp\/v2\/product"}],"about":[{"href":"https:\/\/exclusives.ro\/en\/wp-json\/wp\/v2\/types\/product"}],"replies":[{"embeddable":true,"href":"https:\/\/exclusives.ro\/en\/wp-json\/wp\/v2\/comments?post=32207"}],"version-history":[{"count":1,"href":"https:\/\/exclusives.ro\/en\/wp-json\/wp\/v2\/product\/32207\/revisions"}],"predecessor-version":[{"id":390334,"href":"https:\/\/exclusives.ro\/en\/wp-json\/wp\/v2\/product\/32207\/revisions\/390334"}],"wp:featuredmedia":[{"embeddable":true,"href":"https:\/\/exclusives.ro\/en\/wp-json\/wp\/v2\/media\/174423"}],"wp:attachment":[{"href":"https:\/\/exclusives.ro\/en\/wp-json\/wp\/v2\/media?parent=32207"}],"wp:term":[{"taxonomy":"product_brand","embeddable":true,"href":"https:\/\/exclusives.ro\/en\/wp-json\/wp\/v2\/product_brand?post=32207"},{"taxonomy":"product_cat","embeddable":true,"href":"https:\/\/exclusives.ro\/en\/wp-json\/wp\/v2\/product_cat?post=32207"},{"taxonomy":"product_tag","embeddable":true,"href":"https:\/\/exclusives.ro\/en\/wp-json\/wp\/v2\/product_tag?post=32207"}],"curies":[{"name":"wp","href":"https:\/\/api.w.org\/{rel}","templated":true}]}}