{"id":32285,"date":"2025-10-13T10:50:15","date_gmt":"2025-10-13T10:50:15","guid":{"rendered":"https:\/\/exclusives.fastapp.ro\/?post_type=product&#038;p=32285"},"modified":"2026-03-27T07:05:07","modified_gmt":"2026-03-27T07:05:07","slug":"sandale-coquette","status":"publish","type":"product","link":"https:\/\/exclusives.ro\/en\/product\/sandale-coquette\/","title":{"rendered":"Sandale &#8211; Coquette"},"content":{"rendered":"<p class=\"\" data-start=\"212\" data-end=\"490\">Aceste sandale flat, realizate manual din piele natural\u0103 premium cu textur\u0103 tip croco, sunt defini\u021bia echilibrului perfect \u00eentre stil \u0219i comoditate. Designul lejer cu baret\u0103 lat\u0103 \u0219i \u00eenchidere pe glezn\u0103 ofer\u0103 sus\u021binere optim\u0103 \u0219i libertate de mi\u0219care, f\u0103r\u0103 s\u0103 compromit\u0103 estetica.<\/p>\n<p class=\"\" data-start=\"492\" data-end=\"707\">Fie c\u0103 alegi s\u0103 le por\u021bi \u00eentr-o plimbare relaxant\u0103 prin parc, \u00eentr-o escapad\u0103 de weekend sau chiar la birou \u00een zilele toride, aceste sandale sunt alegerea ideal\u0103. Minimaliste, elegante \u0219i incredibil de confortabile.<\/p>\n<div><strong data-start=\"709\" data-end=\"889\">\u00a0Handmade 100% \u00een Rom\u00e2nia<\/strong><\/div>\n<div><strong data-start=\"709\" data-end=\"889\">\u00a0Piele natural\u0103 de \u00eenalt\u0103 calitate<\/strong><\/div>\n<div><strong data-start=\"709\" data-end=\"889\">\u00a0Talp\u0103 flexibil\u0103, confort sporit pentru purtare \u00eendelungat\u0103<\/strong><\/div>\n<div><strong data-start=\"709\" data-end=\"889\">\u00a0Stil versatil \u2013 de la casual la office smart<\/strong><\/div>\n<p>&nbsp;<\/p>\n<p><strong><i>ATENTIE! Acest produs se realizeaza\u00a0doar la comanda!<\/i><\/strong><\/p>\n<p><strong><i>Timp de realizare 10-12 zile lucratoare!<\/i><\/strong><\/p>","protected":false},"excerpt":{"rendered":"<p>Aceste sandale flat, realizate manual din piele natural\u0103 premium cu textur\u0103 tip croco, sunt defini\u021bia echilibrului perfect \u00eentre stil \u0219i<\/p>","protected":false},"featured_media":616716,"comment_status":"open","ping_status":"closed","template":"","meta":[],"product_brand":[252],"product_cat":[30],"product_tag":[],"class_list":{"0":"post-32285","1":"product","2":"type-product","3":"status-publish","4":"has-post-thumbnail","6":"product_brand-exclusives","7":"product_cat-sandale","9":"first","10":"instock","11":"shipping-taxable","12":"purchasable","13":"product-type-variable","14":"has-default-attributes"},"yoast_head":"<!-- This site is optimized with the Yoast SEO plugin v27.4 - https:\/\/yoast.com\/product\/yoast-seo-wordpress\/ -->\n<title>Sandale - Coquette - Exclusives<\/title>\n<meta name=\"description\" content=\"Aceste sandale flat, realizate manual din piele natural\u0103 premium cu textur\u0103 tip croco, sunt defini\u021bia echilibrului perfect \u00eentre stil \u0219i comoditate.\" \/>\n<meta name=\"robots\" content=\"noindex, follow, max-snippet:-1, max-image-preview:large, max-video-preview:-1\" \/>\n<meta property=\"og:locale\" content=\"en_US\" \/>\n<meta property=\"og:type\" content=\"article\" \/>\n<meta property=\"og:title\" content=\"Sandale - Coquette - Exclusives\" \/>\n<meta property=\"og:description\" content=\"Aceste sandale flat, realizate manual din piele natural\u0103 premium cu textur\u0103 tip croco, sunt defini\u021bia echilibrului perfect \u00eentre stil \u0219i comoditate.\" \/>\n<meta property=\"og:url\" content=\"https:\/\/exclusives.ro\/en\/product\/sandale-coquette\/\" \/>\n<meta property=\"og:site_name\" content=\"Exclusives\" \/>\n<meta property=\"article:modified_time\" content=\"2026-03-27T07:05:07+00:00\" \/>\n<meta property=\"og:image\" content=\"https:\/\/exclusives.ro\/wp-content\/uploads\/2025\/10\/ChatGPT-Image-Mar-27-2026-08_29_06-AM.png\" \/>\n\t<meta property=\"og:image:width\" content=\"1024\" \/>\n\t<meta property=\"og:image:height\" content=\"1536\" \/>\n\t<meta property=\"og:image:type\" content=\"image\/png\" \/>\n<meta name=\"twitter:card\" content=\"summary_large_image\" \/>\n<meta name=\"twitter:label1\" content=\"Est. reading time\" \/>\n\t<meta name=\"twitter:data1\" content=\"1 minute\" \/>\n<script type=\"application\/ld+json\" class=\"yoast-schema-graph\">{\"@context\":\"https:\\\/\\\/schema.org\",\"@graph\":[{\"@type\":\"WebPage\",\"@id\":\"https:\\\/\\\/exclusives.ro\\\/produs\\\/sandale-coquette\\\/\",\"url\":\"https:\\\/\\\/exclusives.ro\\\/produs\\\/sandale-coquette\\\/\",\"name\":\"Sandale - Coquette - Exclusives\",\"isPartOf\":{\"@id\":\"https:\\\/\\\/exclusives.ro\\\/#website\"},\"primaryImageOfPage\":{\"@id\":\"https:\\\/\\\/exclusives.ro\\\/produs\\\/sandale-coquette\\\/#primaryimage\"},\"image\":{\"@id\":\"https:\\\/\\\/exclusives.ro\\\/produs\\\/sandale-coquette\\\/#primaryimage\"},\"thumbnailUrl\":\"https:\\\/\\\/exclusives.ro\\\/wp-content\\\/uploads\\\/2025\\\/10\\\/ChatGPT-Image-Mar-27-2026-08_29_06-AM.png\",\"datePublished\":\"2025-10-13T10:50:15+00:00\",\"dateModified\":\"2026-03-27T07:05:07+00:00\",\"description\":\"Aceste sandale flat, realizate manual din piele natural\u0103 premium cu textur\u0103 tip croco, sunt defini\u021bia echilibrului perfect \u00eentre stil \u0219i comoditate.\",\"breadcrumb\":{\"@id\":\"https:\\\/\\\/exclusives.ro\\\/produs\\\/sandale-coquette\\\/#breadcrumb\"},\"inLanguage\":\"en-US\",\"potentialAction\":[{\"@type\":\"ReadAction\",\"target\":[\"https:\\\/\\\/exclusives.ro\\\/produs\\\/sandale-coquette\\\/\"]}]},{\"@type\":\"ImageObject\",\"inLanguage\":\"en-US\",\"@id\":\"https:\\\/\\\/exclusives.ro\\\/produs\\\/sandale-coquette\\\/#primaryimage\",\"url\":\"https:\\\/\\\/exclusives.ro\\\/wp-content\\\/uploads\\\/2025\\\/10\\\/ChatGPT-Image-Mar-27-2026-08_29_06-AM.png\",\"contentUrl\":\"https:\\\/\\\/exclusives.ro\\\/wp-content\\\/uploads\\\/2025\\\/10\\\/ChatGPT-Image-Mar-27-2026-08_29_06-AM.png\",\"width\":1024,\"height\":1536},{\"@type\":\"BreadcrumbList\",\"@id\":\"https:\\\/\\\/exclusives.ro\\\/produs\\\/sandale-coquette\\\/#breadcrumb\",\"itemListElement\":[{\"@type\":\"ListItem\",\"position\":1,\"name\":\"Home\",\"item\":\"https:\\\/\\\/exclusives.ro\\\/\"},{\"@type\":\"ListItem\",\"position\":2,\"name\":\"Pantofi\",\"item\":\"https:\\\/\\\/exclusives.ro\\\/shop\\\/\"},{\"@type\":\"ListItem\",\"position\":3,\"name\":\"Sandale &#8211; Coquette\"}]},{\"@type\":\"WebSite\",\"@id\":\"https:\\\/\\\/exclusives.ro\\\/#website\",\"url\":\"https:\\\/\\\/exclusives.ro\\\/\",\"name\":\"Exclusives\",\"description\":\"\",\"potentialAction\":[{\"@type\":\"SearchAction\",\"target\":{\"@type\":\"EntryPoint\",\"urlTemplate\":\"https:\\\/\\\/exclusives.ro\\\/?s={search_term_string}\"},\"query-input\":{\"@type\":\"PropertyValueSpecification\",\"valueRequired\":true,\"valueName\":\"search_term_string\"}}],\"inLanguage\":\"en-US\"}]}<\/script>\n<!-- \/ Yoast SEO plugin. -->","yoast_head_json":{"title":"Sandale - Coquette - Exclusives","description":"Aceste sandale flat, realizate manual din piele natural\u0103 premium cu textur\u0103 tip croco, sunt defini\u021bia echilibrului perfect \u00eentre stil \u0219i comoditate.","robots":{"index":"noindex","follow":"follow","max-snippet":"max-snippet:-1","max-image-preview":"max-image-preview:large","max-video-preview":"max-video-preview:-1"},"og_locale":"en_US","og_type":"article","og_title":"Sandale - Coquette - Exclusives","og_description":"Aceste sandale flat, realizate manual din piele natural\u0103 premium cu textur\u0103 tip croco, sunt defini\u021bia echilibrului perfect \u00eentre stil \u0219i comoditate.","og_url":"https:\/\/exclusives.ro\/en\/product\/sandale-coquette\/","og_site_name":"Exclusives","article_modified_time":"2026-03-27T07:05:07+00:00","og_image":[{"width":1024,"height":1536,"url":"https:\/\/exclusives.ro\/wp-content\/uploads\/2025\/10\/ChatGPT-Image-Mar-27-2026-08_29_06-AM.png","type":"image\/png"}],"twitter_card":"summary_large_image","twitter_misc":{"Est. reading time":"1 minute"},"schema":{"@context":"https:\/\/schema.org","@graph":[{"@type":"WebPage","@id":"https:\/\/exclusives.ro\/produs\/sandale-coquette\/","url":"https:\/\/exclusives.ro\/produs\/sandale-coquette\/","name":"Sandale - Coquette - Exclusives","isPartOf":{"@id":"https:\/\/exclusives.ro\/#website"},"primaryImageOfPage":{"@id":"https:\/\/exclusives.ro\/produs\/sandale-coquette\/#primaryimage"},"image":{"@id":"https:\/\/exclusives.ro\/produs\/sandale-coquette\/#primaryimage"},"thumbnailUrl":"https:\/\/exclusives.ro\/wp-content\/uploads\/2025\/10\/ChatGPT-Image-Mar-27-2026-08_29_06-AM.png","datePublished":"2025-10-13T10:50:15+00:00","dateModified":"2026-03-27T07:05:07+00:00","description":"Aceste sandale flat, realizate manual din piele natural\u0103 premium cu textur\u0103 tip croco, sunt defini\u021bia echilibrului perfect \u00eentre stil \u0219i comoditate.","breadcrumb":{"@id":"https:\/\/exclusives.ro\/produs\/sandale-coquette\/#breadcrumb"},"inLanguage":"en-US","potentialAction":[{"@type":"ReadAction","target":["https:\/\/exclusives.ro\/produs\/sandale-coquette\/"]}]},{"@type":"ImageObject","inLanguage":"en-US","@id":"https:\/\/exclusives.ro\/produs\/sandale-coquette\/#primaryimage","url":"https:\/\/exclusives.ro\/wp-content\/uploads\/2025\/10\/ChatGPT-Image-Mar-27-2026-08_29_06-AM.png","contentUrl":"https:\/\/exclusives.ro\/wp-content\/uploads\/2025\/10\/ChatGPT-Image-Mar-27-2026-08_29_06-AM.png","width":1024,"height":1536},{"@type":"BreadcrumbList","@id":"https:\/\/exclusives.ro\/produs\/sandale-coquette\/#breadcrumb","itemListElement":[{"@type":"ListItem","position":1,"name":"Home","item":"https:\/\/exclusives.ro\/"},{"@type":"ListItem","position":2,"name":"Pantofi","item":"https:\/\/exclusives.ro\/shop\/"},{"@type":"ListItem","position":3,"name":"Sandale &#8211; Coquette"}]},{"@type":"WebSite","@id":"https:\/\/exclusives.ro\/#website","url":"https:\/\/exclusives.ro\/","name":"Exclusives","description":"","potentialAction":[{"@type":"SearchAction","target":{"@type":"EntryPoint","urlTemplate":"https:\/\/exclusives.ro\/?s={search_term_string}"},"query-input":{"@type":"PropertyValueSpecification","valueRequired":true,"valueName":"search_term_string"}}],"inLanguage":"en-US"}]}},"jetpack_sharing_enabled":true,"_links":{"self":[{"href":"https:\/\/exclusives.ro\/en\/wp-json\/wp\/v2\/product\/32285","targetHints":{"allow":["GET"]}}],"collection":[{"href":"https:\/\/exclusives.ro\/en\/wp-json\/wp\/v2\/product"}],"about":[{"href":"https:\/\/exclusives.ro\/en\/wp-json\/wp\/v2\/types\/product"}],"replies":[{"embeddable":true,"href":"https:\/\/exclusives.ro\/en\/wp-json\/wp\/v2\/comments?post=32285"}],"version-history":[{"count":1,"href":"https:\/\/exclusives.ro\/en\/wp-json\/wp\/v2\/product\/32285\/revisions"}],"predecessor-version":[{"id":390417,"href":"https:\/\/exclusives.ro\/en\/wp-json\/wp\/v2\/product\/32285\/revisions\/390417"}],"wp:featuredmedia":[{"embeddable":true,"href":"https:\/\/exclusives.ro\/en\/wp-json\/wp\/v2\/media\/616716"}],"wp:attachment":[{"href":"https:\/\/exclusives.ro\/en\/wp-json\/wp\/v2\/media?parent=32285"}],"wp:term":[{"taxonomy":"product_brand","embeddable":true,"href":"https:\/\/exclusives.ro\/en\/wp-json\/wp\/v2\/product_brand?post=32285"},{"taxonomy":"product_cat","embeddable":true,"href":"https:\/\/exclusives.ro\/en\/wp-json\/wp\/v2\/product_cat?post=32285"},{"taxonomy":"product_tag","embeddable":true,"href":"https:\/\/exclusives.ro\/en\/wp-json\/wp\/v2\/product_tag?post=32285"}],"curies":[{"name":"wp","href":"https:\/\/api.w.org\/{rel}","templated":true}]}}