{"id":32682,"date":"2025-10-13T19:30:09","date_gmt":"2025-10-13T19:30:09","guid":{"rendered":"https:\/\/exclusives.fastapp.ro\/?post_type=product&#038;p=32682"},"modified":"2026-04-16T06:31:45","modified_gmt":"2026-04-16T06:31:45","slug":"sneakersi-mondo","status":"publish","type":"product","link":"https:\/\/exclusives.ro\/en\/product\/sneakersi-mondo\/","title":{"rendered":"Sneakersi &#8211; Mondo"},"content":{"rendered":"<p data-start=\"92\" data-end=\"360\">Sneakers Mondo sunt expresia unui design curajos, unde func\u021bionalitatea \u00eent\u00e2lne\u0219te estetica urban\u0103 contemporan\u0103. Construi\u021bi dintr-o combina\u021bie atent aleas\u0103 de piele natural\u0103 \u0219i inser\u021bii textile, ace\u0219ti sneakers aduc un mix echilibrat \u00eentre rezisten\u021b\u0103, confort \u0219i stil.<\/p>\n<p data-start=\"362\" data-end=\"580\">Detaliile inspirate din zona utilitar\u0103 \u2013 capsele metalice, \u0219ireturile tip hiking \u0219i contrastul de texturi \u2013 ofer\u0103 personalitate fiec\u0103rui model, \u00een timp ce talpa robust\u0103 completeaz\u0103 look-ul cu un aer modern \u0219i versatil.<\/p>\n<ul data-start=\"582\" data-end=\"853\">\n<li data-section-id=\"13xk34d\" data-start=\"582\" data-end=\"632\">100% piele natural\u0103 + inser\u021bii textile tehnice<\/li>\n<li data-section-id=\"1q44cbv\" data-start=\"633\" data-end=\"676\">Interior c\u0103ptu\u0219it pentru confort sporit<\/li>\n<li data-section-id=\"vfj3i\" data-start=\"677\" data-end=\"732\">Talp\u0103 voluminoas\u0103, u\u0219oar\u0103, pentru sus\u021binere zilnic\u0103<\/li>\n<li data-section-id=\"e02ac6\" data-start=\"733\" data-end=\"798\">Detalii metalice \u0219i \u0219iret tip outdoor pentru un look distinct<\/li>\n<li data-section-id=\"1wusedc\" data-start=\"799\" data-end=\"828\">Design urban, contemporan<\/li>\n<li data-section-id=\"beorua\" data-start=\"829\" data-end=\"853\">Fabrica\u021bi \u00een Rom\u00e2nia<\/li>\n<\/ul>\n<p data-start=\"855\" data-end=\"1080\">Sneakers Mondo sunt alegerea ideal\u0103 pentru cei care \u00ee\u0219i doresc un stil dinamic, cu influen\u021be utilitare \u0219i accente moderne. Fie c\u0103 \u00eei por\u021bi \u00een combina\u021bii casual sau \u00een outfituri statement, vor aduce mereu un plus de atitudine.<\/p>\n<p><u><em><strong>PRODUS FABRICAT IN ROMANIA!<\/strong><\/em><\/u><\/p>\n<p>Marimi disponibile:\u00a0 \u00a036 , 37 , 38 , 39, 40<\/p>\n<p><strong><i>TERMEN DE REALIZARE 12-14 ZILE LUCRATOARE<\/i><\/strong><\/p>","protected":false},"excerpt":{"rendered":"<p>Sneakers Mondo sunt expresia unui design curajos, unde func\u021bionalitatea \u00eent\u00e2lne\u0219te estetica urban\u0103 contemporan\u0103. Construi\u021bi dintr-o combina\u021bie atent aleas\u0103 de piele<\/p>","protected":false},"featured_media":616110,"comment_status":"open","ping_status":"closed","template":"","meta":[],"product_brand":[252],"product_cat":[28],"product_tag":[],"class_list":{"0":"post-32682","1":"product","2":"type-product","3":"status-publish","4":"has-post-thumbnail","6":"product_brand-exclusives","7":"product_cat-sneakersi-tenesi","9":"first","10":"instock","11":"shipping-taxable","12":"purchasable","13":"product-type-variable"},"yoast_head":"<!-- This site is optimized with the Yoast SEO plugin v27.4 - https:\/\/yoast.com\/product\/yoast-seo-wordpress\/ -->\n<title>Sneakersi - Mondo - Exclusives<\/title>\n<meta name=\"description\" content=\"Sneakers Mondo sunt expresia unui design curajos, unde func\u021bionalitatea \u00eent\u00e2lne\u0219te estetica urban\u0103 contemporan\u0103. Construi\u021bi dintr-o combina\u021bie atent\" \/>\n<meta name=\"robots\" content=\"noindex, follow, max-snippet:-1, max-image-preview:large, max-video-preview:-1\" \/>\n<meta property=\"og:locale\" content=\"en_US\" \/>\n<meta property=\"og:type\" content=\"article\" \/>\n<meta property=\"og:title\" content=\"Sneakersi - Mondo - Exclusives\" \/>\n<meta property=\"og:description\" content=\"Sneakers Mondo sunt expresia unui design curajos, unde func\u021bionalitatea \u00eent\u00e2lne\u0219te estetica urban\u0103 contemporan\u0103. Construi\u021bi dintr-o combina\u021bie atent\" \/>\n<meta property=\"og:url\" content=\"https:\/\/exclusives.ro\/en\/product\/sneakersi-mondo\/\" \/>\n<meta property=\"og:site_name\" content=\"Exclusives\" \/>\n<meta property=\"article:modified_time\" content=\"2026-04-16T06:31:45+00:00\" \/>\n<meta property=\"og:image\" content=\"https:\/\/exclusives.ro\/wp-content\/uploads\/2025\/10\/Exclusives-187-e1774514828642.jpg\" \/>\n\t<meta property=\"og:image:width\" content=\"1366\" \/>\n\t<meta property=\"og:image:height\" content=\"2048\" \/>\n\t<meta property=\"og:image:type\" content=\"image\/jpeg\" \/>\n<meta name=\"twitter:card\" content=\"summary_large_image\" \/>\n<meta name=\"twitter:label1\" content=\"Est. reading time\" \/>\n\t<meta name=\"twitter:data1\" content=\"1 minute\" \/>\n<script type=\"application\/ld+json\" class=\"yoast-schema-graph\">{\"@context\":\"https:\\\/\\\/schema.org\",\"@graph\":[{\"@type\":\"WebPage\",\"@id\":\"https:\\\/\\\/exclusives.ro\\\/produs\\\/sneakersi-mondo\\\/\",\"url\":\"https:\\\/\\\/exclusives.ro\\\/produs\\\/sneakersi-mondo\\\/\",\"name\":\"Sneakersi - Mondo - Exclusives\",\"isPartOf\":{\"@id\":\"https:\\\/\\\/exclusives.ro\\\/#website\"},\"primaryImageOfPage\":{\"@id\":\"https:\\\/\\\/exclusives.ro\\\/produs\\\/sneakersi-mondo\\\/#primaryimage\"},\"image\":{\"@id\":\"https:\\\/\\\/exclusives.ro\\\/produs\\\/sneakersi-mondo\\\/#primaryimage\"},\"thumbnailUrl\":\"https:\\\/\\\/exclusives.ro\\\/wp-content\\\/uploads\\\/2025\\\/10\\\/Exclusives-187-e1774514828642.jpg\",\"datePublished\":\"2025-10-13T19:30:09+00:00\",\"dateModified\":\"2026-04-16T06:31:45+00:00\",\"description\":\"Sneakers Mondo sunt expresia unui design curajos, unde func\u021bionalitatea \u00eent\u00e2lne\u0219te estetica urban\u0103 contemporan\u0103. Construi\u021bi dintr-o combina\u021bie atent\",\"breadcrumb\":{\"@id\":\"https:\\\/\\\/exclusives.ro\\\/produs\\\/sneakersi-mondo\\\/#breadcrumb\"},\"inLanguage\":\"en-US\",\"potentialAction\":[{\"@type\":\"ReadAction\",\"target\":[\"https:\\\/\\\/exclusives.ro\\\/produs\\\/sneakersi-mondo\\\/\"]}]},{\"@type\":\"ImageObject\",\"inLanguage\":\"en-US\",\"@id\":\"https:\\\/\\\/exclusives.ro\\\/produs\\\/sneakersi-mondo\\\/#primaryimage\",\"url\":\"https:\\\/\\\/exclusives.ro\\\/wp-content\\\/uploads\\\/2025\\\/10\\\/Exclusives-187-e1774514828642.jpg\",\"contentUrl\":\"https:\\\/\\\/exclusives.ro\\\/wp-content\\\/uploads\\\/2025\\\/10\\\/Exclusives-187-e1774514828642.jpg\",\"width\":1366,\"height\":2048},{\"@type\":\"BreadcrumbList\",\"@id\":\"https:\\\/\\\/exclusives.ro\\\/produs\\\/sneakersi-mondo\\\/#breadcrumb\",\"itemListElement\":[{\"@type\":\"ListItem\",\"position\":1,\"name\":\"Home\",\"item\":\"https:\\\/\\\/exclusives.ro\\\/\"},{\"@type\":\"ListItem\",\"position\":2,\"name\":\"Pantofi\",\"item\":\"https:\\\/\\\/exclusives.ro\\\/shop\\\/\"},{\"@type\":\"ListItem\",\"position\":3,\"name\":\"Sneakersi &#8211; Mondo\"}]},{\"@type\":\"WebSite\",\"@id\":\"https:\\\/\\\/exclusives.ro\\\/#website\",\"url\":\"https:\\\/\\\/exclusives.ro\\\/\",\"name\":\"Exclusives\",\"description\":\"\",\"potentialAction\":[{\"@type\":\"SearchAction\",\"target\":{\"@type\":\"EntryPoint\",\"urlTemplate\":\"https:\\\/\\\/exclusives.ro\\\/?s={search_term_string}\"},\"query-input\":{\"@type\":\"PropertyValueSpecification\",\"valueRequired\":true,\"valueName\":\"search_term_string\"}}],\"inLanguage\":\"en-US\"}]}<\/script>\n<!-- \/ Yoast SEO plugin. -->","yoast_head_json":{"title":"Sneakersi - Mondo - Exclusives","description":"Sneakers Mondo sunt expresia unui design curajos, unde func\u021bionalitatea \u00eent\u00e2lne\u0219te estetica urban\u0103 contemporan\u0103. Construi\u021bi dintr-o combina\u021bie atent","robots":{"index":"noindex","follow":"follow","max-snippet":"max-snippet:-1","max-image-preview":"max-image-preview:large","max-video-preview":"max-video-preview:-1"},"og_locale":"en_US","og_type":"article","og_title":"Sneakersi - Mondo - Exclusives","og_description":"Sneakers Mondo sunt expresia unui design curajos, unde func\u021bionalitatea \u00eent\u00e2lne\u0219te estetica urban\u0103 contemporan\u0103. Construi\u021bi dintr-o combina\u021bie atent","og_url":"https:\/\/exclusives.ro\/en\/product\/sneakersi-mondo\/","og_site_name":"Exclusives","article_modified_time":"2026-04-16T06:31:45+00:00","og_image":[{"width":1366,"height":2048,"url":"https:\/\/exclusives.ro\/wp-content\/uploads\/2025\/10\/Exclusives-187-e1774514828642.jpg","type":"image\/jpeg"}],"twitter_card":"summary_large_image","twitter_misc":{"Est. reading time":"1 minute"},"schema":{"@context":"https:\/\/schema.org","@graph":[{"@type":"WebPage","@id":"https:\/\/exclusives.ro\/produs\/sneakersi-mondo\/","url":"https:\/\/exclusives.ro\/produs\/sneakersi-mondo\/","name":"Sneakersi - Mondo - Exclusives","isPartOf":{"@id":"https:\/\/exclusives.ro\/#website"},"primaryImageOfPage":{"@id":"https:\/\/exclusives.ro\/produs\/sneakersi-mondo\/#primaryimage"},"image":{"@id":"https:\/\/exclusives.ro\/produs\/sneakersi-mondo\/#primaryimage"},"thumbnailUrl":"https:\/\/exclusives.ro\/wp-content\/uploads\/2025\/10\/Exclusives-187-e1774514828642.jpg","datePublished":"2025-10-13T19:30:09+00:00","dateModified":"2026-04-16T06:31:45+00:00","description":"Sneakers Mondo sunt expresia unui design curajos, unde func\u021bionalitatea \u00eent\u00e2lne\u0219te estetica urban\u0103 contemporan\u0103. Construi\u021bi dintr-o combina\u021bie atent","breadcrumb":{"@id":"https:\/\/exclusives.ro\/produs\/sneakersi-mondo\/#breadcrumb"},"inLanguage":"en-US","potentialAction":[{"@type":"ReadAction","target":["https:\/\/exclusives.ro\/produs\/sneakersi-mondo\/"]}]},{"@type":"ImageObject","inLanguage":"en-US","@id":"https:\/\/exclusives.ro\/produs\/sneakersi-mondo\/#primaryimage","url":"https:\/\/exclusives.ro\/wp-content\/uploads\/2025\/10\/Exclusives-187-e1774514828642.jpg","contentUrl":"https:\/\/exclusives.ro\/wp-content\/uploads\/2025\/10\/Exclusives-187-e1774514828642.jpg","width":1366,"height":2048},{"@type":"BreadcrumbList","@id":"https:\/\/exclusives.ro\/produs\/sneakersi-mondo\/#breadcrumb","itemListElement":[{"@type":"ListItem","position":1,"name":"Home","item":"https:\/\/exclusives.ro\/"},{"@type":"ListItem","position":2,"name":"Pantofi","item":"https:\/\/exclusives.ro\/shop\/"},{"@type":"ListItem","position":3,"name":"Sneakersi &#8211; Mondo"}]},{"@type":"WebSite","@id":"https:\/\/exclusives.ro\/#website","url":"https:\/\/exclusives.ro\/","name":"Exclusives","description":"","potentialAction":[{"@type":"SearchAction","target":{"@type":"EntryPoint","urlTemplate":"https:\/\/exclusives.ro\/?s={search_term_string}"},"query-input":{"@type":"PropertyValueSpecification","valueRequired":true,"valueName":"search_term_string"}}],"inLanguage":"en-US"}]}},"jetpack_sharing_enabled":true,"_links":{"self":[{"href":"https:\/\/exclusives.ro\/en\/wp-json\/wp\/v2\/product\/32682","targetHints":{"allow":["GET"]}}],"collection":[{"href":"https:\/\/exclusives.ro\/en\/wp-json\/wp\/v2\/product"}],"about":[{"href":"https:\/\/exclusives.ro\/en\/wp-json\/wp\/v2\/types\/product"}],"replies":[{"embeddable":true,"href":"https:\/\/exclusives.ro\/en\/wp-json\/wp\/v2\/comments?post=32682"}],"version-history":[{"count":3,"href":"https:\/\/exclusives.ro\/en\/wp-json\/wp\/v2\/product\/32682\/revisions"}],"predecessor-version":[{"id":616113,"href":"https:\/\/exclusives.ro\/en\/wp-json\/wp\/v2\/product\/32682\/revisions\/616113"}],"wp:featuredmedia":[{"embeddable":true,"href":"https:\/\/exclusives.ro\/en\/wp-json\/wp\/v2\/media\/616110"}],"wp:attachment":[{"href":"https:\/\/exclusives.ro\/en\/wp-json\/wp\/v2\/media?parent=32682"}],"wp:term":[{"taxonomy":"product_brand","embeddable":true,"href":"https:\/\/exclusives.ro\/en\/wp-json\/wp\/v2\/product_brand?post=32682"},{"taxonomy":"product_cat","embeddable":true,"href":"https:\/\/exclusives.ro\/en\/wp-json\/wp\/v2\/product_cat?post=32682"},{"taxonomy":"product_tag","embeddable":true,"href":"https:\/\/exclusives.ro\/en\/wp-json\/wp\/v2\/product_tag?post=32682"}],"curies":[{"name":"wp","href":"https:\/\/api.w.org\/{rel}","templated":true}]}}