{"id":32936,"date":"2025-10-13T20:31:27","date_gmt":"2025-10-13T20:31:27","guid":{"rendered":"https:\/\/exclusives.fastapp.ro\/?post_type=product&#038;p=32936"},"modified":"2026-04-15T13:43:56","modified_gmt":"2026-04-15T13:43:56","slug":"sneakersi-medellin","status":"publish","type":"product","link":"https:\/\/exclusives.ro\/en\/product\/sneakersi-medellin\/","title":{"rendered":"Sneakersi &#8211; Medellin"},"content":{"rendered":"<p data-start=\"68\" data-end=\"378\">Sneakers Medelin aduc un echilibru perfect \u00eentre confortul zilnic \u0219i un design contemporan, u\u0219or recognoscibil. Construi\u021bi din piele natural\u0103 de calitate superioar\u0103 \u0219i finisa\u021bi cu aten\u021bie la detalii, ace\u0219ti sneakers se remarc\u0103 prin silueta clean \u0219i talpa voluminoas\u0103, care ofer\u0103 stabilitate \u0219i un plus de stil.<\/p>\n<p data-start=\"380\" data-end=\"577\">Disponibili \u00eentr-o varietate de texturi \u0219i culori \u2013 de la tonuri neutre p\u00e2n\u0103 la variante vibrante sau imprimeuri \u00eendr\u0103zne\u021be \u2013 Medelin sunt crea\u021bi pentru a se adapta oric\u0103rui stil \u0219i oric\u0103rei st\u0103ri.<\/p>\n<ul data-start=\"579\" data-end=\"889\">\n<li data-section-id=\"5sc0jc\" data-start=\"579\" data-end=\"632\">100% piele natural\u0103 (neted\u0103, velur sau texturat\u0103)<\/li>\n<li data-section-id=\"8pz0s\" data-start=\"633\" data-end=\"692\">Interior c\u0103ptu\u0219it pentru confort pe tot parcursul zilei<\/li>\n<li data-section-id=\"j6dru5\" data-start=\"693\" data-end=\"752\">Talp\u0103 groas\u0103, u\u0219oar\u0103, pentru sus\u021binere \u0219i flexibilitate<\/li>\n<li data-section-id=\"mdr0e4\" data-start=\"753\" data-end=\"805\">Design minimalist reinterpretat \u00een cheie modern\u0103<\/li>\n<li data-section-id=\"rtndyb\" data-start=\"806\" data-end=\"864\">Disponibili \u00een multiple variante de culoare \u0219i texturi<\/li>\n<li data-section-id=\"beorua\" data-start=\"865\" data-end=\"889\">Fabrica\u021bi \u00een Rom\u00e2nia<\/li>\n<\/ul>\n<p data-start=\"891\" data-end=\"1132\">Sneakers Medelin sunt alegerea ideal\u0103 pentru un look relaxat, dar atent construit. U\u0219or de integrat \u00een orice garderob\u0103, ace\u0219tia pot completa at\u00e2t \u021binute casual, c\u00e2t \u0219i combina\u021bii mai \u00eendr\u0103zne\u021be, devenind rapid piesa de baz\u0103 din outfitul t\u0103u.<\/p>\n<p><b>Inaltimea talpii: 4cm in fata si 6cm in spate.<\/b><\/p>\n<p>&nbsp;<\/p>\n<p><u><em><strong>PRODUS FABRICAT IN ROMANIA!<\/strong><\/em><\/u><\/p>\n<p>Marimi disponibile:\u00a0 \u00a036 , 37 , 38 , 39, 40<\/p>\n<p><strong><i>TERMEN DE REALIZARE 12-14\u00a0ZILE LUCRATOARE<\/i><\/strong><\/p>","protected":false},"excerpt":{"rendered":"<p>Sneakers Medelin aduc un echilibru perfect \u00eentre confortul zilnic \u0219i un design contemporan, u\u0219or recognoscibil. Construi\u021bi din piele natural\u0103 de<\/p>","protected":false},"featured_media":616225,"comment_status":"open","ping_status":"closed","template":"","meta":[],"product_brand":[252],"product_cat":[28],"product_tag":[],"class_list":{"0":"post-32936","1":"product","2":"type-product","3":"status-publish","4":"has-post-thumbnail","6":"product_brand-exclusives","7":"product_cat-sneakersi-tenesi","9":"first","10":"instock","11":"shipping-taxable","12":"purchasable","13":"product-type-variable"},"yoast_head":"<!-- This site is optimized with the Yoast SEO plugin v27.4 - https:\/\/yoast.com\/product\/yoast-seo-wordpress\/ -->\n<title>Sneakersi - Medellin - Exclusives<\/title>\n<meta name=\"description\" content=\"Sneakers Medelin aduc un echilibru perfect \u00eentre confortul zilnic \u0219i un design contemporan, u\u0219or recognoscibil. Construi\u021bi din piele natural\u0103 de calitate\" \/>\n<meta name=\"robots\" content=\"noindex, follow, max-snippet:-1, max-image-preview:large, max-video-preview:-1\" \/>\n<meta property=\"og:locale\" content=\"en_US\" \/>\n<meta property=\"og:type\" content=\"article\" \/>\n<meta property=\"og:title\" content=\"Sneakersi - Medellin - Exclusives\" \/>\n<meta property=\"og:description\" content=\"Sneakers Medelin aduc un echilibru perfect \u00eentre confortul zilnic \u0219i un design contemporan, u\u0219or recognoscibil. Construi\u021bi din piele natural\u0103 de calitate\" \/>\n<meta property=\"og:url\" content=\"https:\/\/exclusives.ro\/en\/product\/sneakersi-medellin\/\" \/>\n<meta property=\"og:site_name\" content=\"Exclusives\" \/>\n<meta property=\"article:modified_time\" content=\"2026-04-15T13:43:56+00:00\" \/>\n<meta property=\"og:image\" content=\"https:\/\/exclusives.ro\/wp-content\/uploads\/2025\/10\/Exclusives-6-1-e1774518344270.jpg\" \/>\n\t<meta property=\"og:image:width\" content=\"1366\" \/>\n\t<meta property=\"og:image:height\" content=\"2048\" \/>\n\t<meta property=\"og:image:type\" content=\"image\/jpeg\" \/>\n<meta name=\"twitter:card\" content=\"summary_large_image\" \/>\n<meta name=\"twitter:label1\" content=\"Est. reading time\" \/>\n\t<meta name=\"twitter:data1\" content=\"1 minute\" \/>\n<script type=\"application\/ld+json\" class=\"yoast-schema-graph\">{\"@context\":\"https:\\\/\\\/schema.org\",\"@graph\":[{\"@type\":\"WebPage\",\"@id\":\"https:\\\/\\\/exclusives.ro\\\/produs\\\/sneakersi-medellin\\\/\",\"url\":\"https:\\\/\\\/exclusives.ro\\\/produs\\\/sneakersi-medellin\\\/\",\"name\":\"Sneakersi - Medellin - Exclusives\",\"isPartOf\":{\"@id\":\"https:\\\/\\\/exclusives.ro\\\/#website\"},\"primaryImageOfPage\":{\"@id\":\"https:\\\/\\\/exclusives.ro\\\/produs\\\/sneakersi-medellin\\\/#primaryimage\"},\"image\":{\"@id\":\"https:\\\/\\\/exclusives.ro\\\/produs\\\/sneakersi-medellin\\\/#primaryimage\"},\"thumbnailUrl\":\"https:\\\/\\\/exclusives.ro\\\/wp-content\\\/uploads\\\/2025\\\/10\\\/Exclusives-6-1-e1774518344270.jpg\",\"datePublished\":\"2025-10-13T20:31:27+00:00\",\"dateModified\":\"2026-04-15T13:43:56+00:00\",\"description\":\"Sneakers Medelin aduc un echilibru perfect \u00eentre confortul zilnic \u0219i un design contemporan, u\u0219or recognoscibil. Construi\u021bi din piele natural\u0103 de calitate\",\"breadcrumb\":{\"@id\":\"https:\\\/\\\/exclusives.ro\\\/produs\\\/sneakersi-medellin\\\/#breadcrumb\"},\"inLanguage\":\"en-US\",\"potentialAction\":[{\"@type\":\"ReadAction\",\"target\":[\"https:\\\/\\\/exclusives.ro\\\/produs\\\/sneakersi-medellin\\\/\"]}]},{\"@type\":\"ImageObject\",\"inLanguage\":\"en-US\",\"@id\":\"https:\\\/\\\/exclusives.ro\\\/produs\\\/sneakersi-medellin\\\/#primaryimage\",\"url\":\"https:\\\/\\\/exclusives.ro\\\/wp-content\\\/uploads\\\/2025\\\/10\\\/Exclusives-6-1-e1774518344270.jpg\",\"contentUrl\":\"https:\\\/\\\/exclusives.ro\\\/wp-content\\\/uploads\\\/2025\\\/10\\\/Exclusives-6-1-e1774518344270.jpg\",\"width\":1366,\"height\":2048},{\"@type\":\"BreadcrumbList\",\"@id\":\"https:\\\/\\\/exclusives.ro\\\/produs\\\/sneakersi-medellin\\\/#breadcrumb\",\"itemListElement\":[{\"@type\":\"ListItem\",\"position\":1,\"name\":\"Home\",\"item\":\"https:\\\/\\\/exclusives.ro\\\/\"},{\"@type\":\"ListItem\",\"position\":2,\"name\":\"Pantofi\",\"item\":\"https:\\\/\\\/exclusives.ro\\\/shop\\\/\"},{\"@type\":\"ListItem\",\"position\":3,\"name\":\"Sneakersi &#8211; Medellin\"}]},{\"@type\":\"WebSite\",\"@id\":\"https:\\\/\\\/exclusives.ro\\\/#website\",\"url\":\"https:\\\/\\\/exclusives.ro\\\/\",\"name\":\"Exclusives\",\"description\":\"\",\"potentialAction\":[{\"@type\":\"SearchAction\",\"target\":{\"@type\":\"EntryPoint\",\"urlTemplate\":\"https:\\\/\\\/exclusives.ro\\\/?s={search_term_string}\"},\"query-input\":{\"@type\":\"PropertyValueSpecification\",\"valueRequired\":true,\"valueName\":\"search_term_string\"}}],\"inLanguage\":\"en-US\"}]}<\/script>\n<!-- \/ Yoast SEO plugin. -->","yoast_head_json":{"title":"Sneakersi - Medellin - Exclusives","description":"Sneakers Medelin aduc un echilibru perfect \u00eentre confortul zilnic \u0219i un design contemporan, u\u0219or recognoscibil. Construi\u021bi din piele natural\u0103 de calitate","robots":{"index":"noindex","follow":"follow","max-snippet":"max-snippet:-1","max-image-preview":"max-image-preview:large","max-video-preview":"max-video-preview:-1"},"og_locale":"en_US","og_type":"article","og_title":"Sneakersi - Medellin - Exclusives","og_description":"Sneakers Medelin aduc un echilibru perfect \u00eentre confortul zilnic \u0219i un design contemporan, u\u0219or recognoscibil. Construi\u021bi din piele natural\u0103 de calitate","og_url":"https:\/\/exclusives.ro\/en\/product\/sneakersi-medellin\/","og_site_name":"Exclusives","article_modified_time":"2026-04-15T13:43:56+00:00","og_image":[{"width":1366,"height":2048,"url":"https:\/\/exclusives.ro\/wp-content\/uploads\/2025\/10\/Exclusives-6-1-e1774518344270.jpg","type":"image\/jpeg"}],"twitter_card":"summary_large_image","twitter_misc":{"Est. reading time":"1 minute"},"schema":{"@context":"https:\/\/schema.org","@graph":[{"@type":"WebPage","@id":"https:\/\/exclusives.ro\/produs\/sneakersi-medellin\/","url":"https:\/\/exclusives.ro\/produs\/sneakersi-medellin\/","name":"Sneakersi - Medellin - Exclusives","isPartOf":{"@id":"https:\/\/exclusives.ro\/#website"},"primaryImageOfPage":{"@id":"https:\/\/exclusives.ro\/produs\/sneakersi-medellin\/#primaryimage"},"image":{"@id":"https:\/\/exclusives.ro\/produs\/sneakersi-medellin\/#primaryimage"},"thumbnailUrl":"https:\/\/exclusives.ro\/wp-content\/uploads\/2025\/10\/Exclusives-6-1-e1774518344270.jpg","datePublished":"2025-10-13T20:31:27+00:00","dateModified":"2026-04-15T13:43:56+00:00","description":"Sneakers Medelin aduc un echilibru perfect \u00eentre confortul zilnic \u0219i un design contemporan, u\u0219or recognoscibil. Construi\u021bi din piele natural\u0103 de calitate","breadcrumb":{"@id":"https:\/\/exclusives.ro\/produs\/sneakersi-medellin\/#breadcrumb"},"inLanguage":"en-US","potentialAction":[{"@type":"ReadAction","target":["https:\/\/exclusives.ro\/produs\/sneakersi-medellin\/"]}]},{"@type":"ImageObject","inLanguage":"en-US","@id":"https:\/\/exclusives.ro\/produs\/sneakersi-medellin\/#primaryimage","url":"https:\/\/exclusives.ro\/wp-content\/uploads\/2025\/10\/Exclusives-6-1-e1774518344270.jpg","contentUrl":"https:\/\/exclusives.ro\/wp-content\/uploads\/2025\/10\/Exclusives-6-1-e1774518344270.jpg","width":1366,"height":2048},{"@type":"BreadcrumbList","@id":"https:\/\/exclusives.ro\/produs\/sneakersi-medellin\/#breadcrumb","itemListElement":[{"@type":"ListItem","position":1,"name":"Home","item":"https:\/\/exclusives.ro\/"},{"@type":"ListItem","position":2,"name":"Pantofi","item":"https:\/\/exclusives.ro\/shop\/"},{"@type":"ListItem","position":3,"name":"Sneakersi &#8211; Medellin"}]},{"@type":"WebSite","@id":"https:\/\/exclusives.ro\/#website","url":"https:\/\/exclusives.ro\/","name":"Exclusives","description":"","potentialAction":[{"@type":"SearchAction","target":{"@type":"EntryPoint","urlTemplate":"https:\/\/exclusives.ro\/?s={search_term_string}"},"query-input":{"@type":"PropertyValueSpecification","valueRequired":true,"valueName":"search_term_string"}}],"inLanguage":"en-US"}]}},"jetpack_sharing_enabled":true,"_links":{"self":[{"href":"https:\/\/exclusives.ro\/en\/wp-json\/wp\/v2\/product\/32936","targetHints":{"allow":["GET"]}}],"collection":[{"href":"https:\/\/exclusives.ro\/en\/wp-json\/wp\/v2\/product"}],"about":[{"href":"https:\/\/exclusives.ro\/en\/wp-json\/wp\/v2\/types\/product"}],"replies":[{"embeddable":true,"href":"https:\/\/exclusives.ro\/en\/wp-json\/wp\/v2\/comments?post=32936"}],"version-history":[{"count":2,"href":"https:\/\/exclusives.ro\/en\/wp-json\/wp\/v2\/product\/32936\/revisions"}],"predecessor-version":[{"id":616430,"href":"https:\/\/exclusives.ro\/en\/wp-json\/wp\/v2\/product\/32936\/revisions\/616430"}],"wp:featuredmedia":[{"embeddable":true,"href":"https:\/\/exclusives.ro\/en\/wp-json\/wp\/v2\/media\/616225"}],"wp:attachment":[{"href":"https:\/\/exclusives.ro\/en\/wp-json\/wp\/v2\/media?parent=32936"}],"wp:term":[{"taxonomy":"product_brand","embeddable":true,"href":"https:\/\/exclusives.ro\/en\/wp-json\/wp\/v2\/product_brand?post=32936"},{"taxonomy":"product_cat","embeddable":true,"href":"https:\/\/exclusives.ro\/en\/wp-json\/wp\/v2\/product_cat?post=32936"},{"taxonomy":"product_tag","embeddable":true,"href":"https:\/\/exclusives.ro\/en\/wp-json\/wp\/v2\/product_tag?post=32936"}],"curies":[{"name":"wp","href":"https:\/\/api.w.org\/{rel}","templated":true}]}}