{"id":33248,"date":"2025-10-13T21:26:09","date_gmt":"2025-10-13T21:26:09","guid":{"rendered":"https:\/\/exclusives.fastapp.ro\/?post_type=product&#038;p=33248"},"modified":"2026-04-16T06:29:12","modified_gmt":"2026-04-16T06:29:12","slug":"sandale-glami","status":"publish","type":"product","link":"https:\/\/exclusives.ro\/en\/product\/sandale-glami\/","title":{"rendered":"Sandale &#8211; . Glami"},"content":{"rendered":"<p class=\"\" data-start=\"200\" data-end=\"480\">Fie c\u0103 mergi la un festival, ie\u0219i la o plimbare prin ora\u0219 sau vrei un accent cool pentru o \u021binut\u0103 minimalist\u0103, aceste sandale negre cu platform\u0103 chunky sunt alegerea ideal\u0103. Cu un design robust, dar echilibrat de detaliile atent finisate, \u00ee\u021bi ofer\u0103 at\u00e2t confort, c\u00e2t \u0219i atitudine.<\/p>\n<p class=\"\" data-start=\"482\" data-end=\"653\">Realizate\u00a0<strong data-start=\"492\" data-end=\"513\">manual \u00een Rom\u00e2nia<\/strong>\u00a0din\u00a0<strong data-start=\"518\" data-end=\"544\">piele natural\u0103 premium<\/strong>, sunt construite pe o platform\u0103 u\u0219oar\u0103, cu talp\u0103 groas\u0103 \u0219i texturat\u0103, pentru un plus de stabilitate \u0219i stil.<\/p>\n<p class=\"\" data-start=\"655\" data-end=\"674\"><strong data-start=\"655\" data-end=\"672\">Cum le por\u021bi:<\/strong><\/p>\n<p class=\"\" data-start=\"655\" data-end=\"674\"><strong data-start=\"655\" data-end=\"672\"><br \/>\n<\/strong>Cu jean\u0219i boyfriend \u0219i un tricou alb pentru un look effortless<\/p>\n<p class=\"\" data-start=\"655\" data-end=\"674\">Cu pantaloni scur\u021bi din piele \u0219i bustier\u0103 la festivaluri sau concerte<\/p>\n<p class=\"\" data-start=\"655\" data-end=\"674\">Cu rochii mini casual pentru un contrast stilistic edgy<\/p>\n<p class=\"\" data-start=\"655\" data-end=\"674\">Cu salopete lejere sau pantaloni cargo pentru un look streetwear autentic<\/p>\n<p>&nbsp;<\/p>\n<div><strong data-start=\"953\" data-end=\"1102\">\u00a0100% piele natural\u0103<\/strong><\/div>\n<div><strong data-start=\"953\" data-end=\"1102\">\u00a0Handmade \u00een Rom\u00e2nia<\/strong><\/div>\n<div><strong data-start=\"953\" data-end=\"1102\">\u00a0Platform\u0103 chunky confortabil\u0103 \u0219i stabil\u0103<\/strong><\/div>\n<div><strong data-start=\"953\" data-end=\"1102\">\u00a0Design versatil: festival-ready &amp; streetstyle chic<\/strong><\/div>\n<p><strong><i>Timp de realizare 10-12 zile lucratoare!<\/i><\/strong><\/p>\n<p><u><em><strong>PRODUS FABRICAT IN ROMANIA!<\/strong><\/em><\/u><\/p>\n<p>Marimi disponibile:\u00a0 35, 36 , 37 , 38 , 39, 40<\/p>\n<p>Inaltime talpa : 4cm in fata , 6cm in spate<\/p>","protected":false},"excerpt":{"rendered":"<p>Fie c\u0103 mergi la un festival, ie\u0219i la o plimbare prin ora\u0219 sau vrei un accent cool pentru o \u021binut\u0103<\/p>","protected":false},"featured_media":616843,"comment_status":"open","ping_status":"closed","template":"","meta":[],"product_brand":[252],"product_cat":[30],"product_tag":[],"class_list":{"0":"post-33248","1":"product","2":"type-product","3":"status-publish","4":"has-post-thumbnail","6":"product_brand-exclusives","7":"product_cat-sandale","9":"first","10":"instock","11":"shipping-taxable","12":"purchasable","13":"product-type-variable","14":"has-default-attributes"},"yoast_head":"<!-- This site is optimized with the Yoast SEO plugin v27.4 - https:\/\/yoast.com\/product\/yoast-seo-wordpress\/ -->\n<title>Sandale - . Glami - Exclusives<\/title>\n<meta name=\"description\" content=\"Fie c\u0103 mergi la un festival, ie\u0219i la o plimbare prin ora\u0219 sau vrei un accent cool pentru o \u021binut\u0103 minimalist\u0103, aceste sandale negre cu platform\u0103 chunky\" \/>\n<meta name=\"robots\" content=\"noindex, follow, max-snippet:-1, max-image-preview:large, max-video-preview:-1\" \/>\n<meta property=\"og:locale\" content=\"en_US\" \/>\n<meta property=\"og:type\" content=\"article\" \/>\n<meta property=\"og:title\" content=\"Sandale - . Glami - Exclusives\" \/>\n<meta property=\"og:description\" content=\"Fie c\u0103 mergi la un festival, ie\u0219i la o plimbare prin ora\u0219 sau vrei un accent cool pentru o \u021binut\u0103 minimalist\u0103, aceste sandale negre cu platform\u0103 chunky\" \/>\n<meta property=\"og:url\" content=\"https:\/\/exclusives.ro\/en\/product\/sandale-glami\/\" \/>\n<meta property=\"og:site_name\" content=\"Exclusives\" \/>\n<meta property=\"article:modified_time\" content=\"2026-04-16T06:29:12+00:00\" \/>\n<meta property=\"og:image\" content=\"https:\/\/exclusives.ro\/wp-content\/uploads\/2025\/10\/ChatGPT-Image-Mar-27-2026-10_37_32-AM-533x800.png\" \/>\n\t<meta property=\"og:image:width\" content=\"533\" \/>\n\t<meta property=\"og:image:height\" content=\"800\" \/>\n\t<meta property=\"og:image:type\" content=\"image\/png\" \/>\n<meta name=\"twitter:card\" content=\"summary_large_image\" \/>\n<meta name=\"twitter:label1\" content=\"Est. reading time\" \/>\n\t<meta name=\"twitter:data1\" content=\"1 minute\" \/>\n<script type=\"application\/ld+json\" class=\"yoast-schema-graph\">{\"@context\":\"https:\\\/\\\/schema.org\",\"@graph\":[{\"@type\":\"WebPage\",\"@id\":\"https:\\\/\\\/exclusives.ro\\\/produs\\\/sandale-glami\\\/\",\"url\":\"https:\\\/\\\/exclusives.ro\\\/produs\\\/sandale-glami\\\/\",\"name\":\"Sandale - . Glami - Exclusives\",\"isPartOf\":{\"@id\":\"https:\\\/\\\/exclusives.ro\\\/#website\"},\"primaryImageOfPage\":{\"@id\":\"https:\\\/\\\/exclusives.ro\\\/produs\\\/sandale-glami\\\/#primaryimage\"},\"image\":{\"@id\":\"https:\\\/\\\/exclusives.ro\\\/produs\\\/sandale-glami\\\/#primaryimage\"},\"thumbnailUrl\":\"https:\\\/\\\/exclusives.ro\\\/wp-content\\\/uploads\\\/2025\\\/10\\\/ChatGPT-Image-Mar-27-2026-10_37_32-AM.png\",\"datePublished\":\"2025-10-13T21:26:09+00:00\",\"dateModified\":\"2026-04-16T06:29:12+00:00\",\"description\":\"Fie c\u0103 mergi la un festival, ie\u0219i la o plimbare prin ora\u0219 sau vrei un accent cool pentru o \u021binut\u0103 minimalist\u0103, aceste sandale negre cu platform\u0103 chunky\",\"breadcrumb\":{\"@id\":\"https:\\\/\\\/exclusives.ro\\\/produs\\\/sandale-glami\\\/#breadcrumb\"},\"inLanguage\":\"en-US\",\"potentialAction\":[{\"@type\":\"ReadAction\",\"target\":[\"https:\\\/\\\/exclusives.ro\\\/produs\\\/sandale-glami\\\/\"]}]},{\"@type\":\"ImageObject\",\"inLanguage\":\"en-US\",\"@id\":\"https:\\\/\\\/exclusives.ro\\\/produs\\\/sandale-glami\\\/#primaryimage\",\"url\":\"https:\\\/\\\/exclusives.ro\\\/wp-content\\\/uploads\\\/2025\\\/10\\\/ChatGPT-Image-Mar-27-2026-10_37_32-AM.png\",\"contentUrl\":\"https:\\\/\\\/exclusives.ro\\\/wp-content\\\/uploads\\\/2025\\\/10\\\/ChatGPT-Image-Mar-27-2026-10_37_32-AM.png\",\"width\":1024,\"height\":1536},{\"@type\":\"BreadcrumbList\",\"@id\":\"https:\\\/\\\/exclusives.ro\\\/produs\\\/sandale-glami\\\/#breadcrumb\",\"itemListElement\":[{\"@type\":\"ListItem\",\"position\":1,\"name\":\"Home\",\"item\":\"https:\\\/\\\/exclusives.ro\\\/\"},{\"@type\":\"ListItem\",\"position\":2,\"name\":\"Pantofi\",\"item\":\"https:\\\/\\\/exclusives.ro\\\/shop\\\/\"},{\"@type\":\"ListItem\",\"position\":3,\"name\":\"Sandale &#8211; . Glami\"}]},{\"@type\":\"WebSite\",\"@id\":\"https:\\\/\\\/exclusives.ro\\\/#website\",\"url\":\"https:\\\/\\\/exclusives.ro\\\/\",\"name\":\"Exclusives\",\"description\":\"\",\"potentialAction\":[{\"@type\":\"SearchAction\",\"target\":{\"@type\":\"EntryPoint\",\"urlTemplate\":\"https:\\\/\\\/exclusives.ro\\\/?s={search_term_string}\"},\"query-input\":{\"@type\":\"PropertyValueSpecification\",\"valueRequired\":true,\"valueName\":\"search_term_string\"}}],\"inLanguage\":\"en-US\"}]}<\/script>\n<!-- \/ Yoast SEO plugin. -->","yoast_head_json":{"title":"Sandale - . Glami - Exclusives","description":"Fie c\u0103 mergi la un festival, ie\u0219i la o plimbare prin ora\u0219 sau vrei un accent cool pentru o \u021binut\u0103 minimalist\u0103, aceste sandale negre cu platform\u0103 chunky","robots":{"index":"noindex","follow":"follow","max-snippet":"max-snippet:-1","max-image-preview":"max-image-preview:large","max-video-preview":"max-video-preview:-1"},"og_locale":"en_US","og_type":"article","og_title":"Sandale - . Glami - Exclusives","og_description":"Fie c\u0103 mergi la un festival, ie\u0219i la o plimbare prin ora\u0219 sau vrei un accent cool pentru o \u021binut\u0103 minimalist\u0103, aceste sandale negre cu platform\u0103 chunky","og_url":"https:\/\/exclusives.ro\/en\/product\/sandale-glami\/","og_site_name":"Exclusives","article_modified_time":"2026-04-16T06:29:12+00:00","og_image":[{"width":533,"height":800,"url":"https:\/\/exclusives.ro\/wp-content\/uploads\/2025\/10\/ChatGPT-Image-Mar-27-2026-10_37_32-AM-533x800.png","type":"image\/png"}],"twitter_card":"summary_large_image","twitter_misc":{"Est. reading time":"1 minute"},"schema":{"@context":"https:\/\/schema.org","@graph":[{"@type":"WebPage","@id":"https:\/\/exclusives.ro\/produs\/sandale-glami\/","url":"https:\/\/exclusives.ro\/produs\/sandale-glami\/","name":"Sandale - . Glami - Exclusives","isPartOf":{"@id":"https:\/\/exclusives.ro\/#website"},"primaryImageOfPage":{"@id":"https:\/\/exclusives.ro\/produs\/sandale-glami\/#primaryimage"},"image":{"@id":"https:\/\/exclusives.ro\/produs\/sandale-glami\/#primaryimage"},"thumbnailUrl":"https:\/\/exclusives.ro\/wp-content\/uploads\/2025\/10\/ChatGPT-Image-Mar-27-2026-10_37_32-AM.png","datePublished":"2025-10-13T21:26:09+00:00","dateModified":"2026-04-16T06:29:12+00:00","description":"Fie c\u0103 mergi la un festival, ie\u0219i la o plimbare prin ora\u0219 sau vrei un accent cool pentru o \u021binut\u0103 minimalist\u0103, aceste sandale negre cu platform\u0103 chunky","breadcrumb":{"@id":"https:\/\/exclusives.ro\/produs\/sandale-glami\/#breadcrumb"},"inLanguage":"en-US","potentialAction":[{"@type":"ReadAction","target":["https:\/\/exclusives.ro\/produs\/sandale-glami\/"]}]},{"@type":"ImageObject","inLanguage":"en-US","@id":"https:\/\/exclusives.ro\/produs\/sandale-glami\/#primaryimage","url":"https:\/\/exclusives.ro\/wp-content\/uploads\/2025\/10\/ChatGPT-Image-Mar-27-2026-10_37_32-AM.png","contentUrl":"https:\/\/exclusives.ro\/wp-content\/uploads\/2025\/10\/ChatGPT-Image-Mar-27-2026-10_37_32-AM.png","width":1024,"height":1536},{"@type":"BreadcrumbList","@id":"https:\/\/exclusives.ro\/produs\/sandale-glami\/#breadcrumb","itemListElement":[{"@type":"ListItem","position":1,"name":"Home","item":"https:\/\/exclusives.ro\/"},{"@type":"ListItem","position":2,"name":"Pantofi","item":"https:\/\/exclusives.ro\/shop\/"},{"@type":"ListItem","position":3,"name":"Sandale &#8211; . Glami"}]},{"@type":"WebSite","@id":"https:\/\/exclusives.ro\/#website","url":"https:\/\/exclusives.ro\/","name":"Exclusives","description":"","potentialAction":[{"@type":"SearchAction","target":{"@type":"EntryPoint","urlTemplate":"https:\/\/exclusives.ro\/?s={search_term_string}"},"query-input":{"@type":"PropertyValueSpecification","valueRequired":true,"valueName":"search_term_string"}}],"inLanguage":"en-US"}]}},"jetpack_sharing_enabled":true,"_links":{"self":[{"href":"https:\/\/exclusives.ro\/en\/wp-json\/wp\/v2\/product\/33248","targetHints":{"allow":["GET"]}}],"collection":[{"href":"https:\/\/exclusives.ro\/en\/wp-json\/wp\/v2\/product"}],"about":[{"href":"https:\/\/exclusives.ro\/en\/wp-json\/wp\/v2\/types\/product"}],"replies":[{"embeddable":true,"href":"https:\/\/exclusives.ro\/en\/wp-json\/wp\/v2\/comments?post=33248"}],"version-history":[{"count":1,"href":"https:\/\/exclusives.ro\/en\/wp-json\/wp\/v2\/product\/33248\/revisions"}],"predecessor-version":[{"id":390423,"href":"https:\/\/exclusives.ro\/en\/wp-json\/wp\/v2\/product\/33248\/revisions\/390423"}],"wp:featuredmedia":[{"embeddable":true,"href":"https:\/\/exclusives.ro\/en\/wp-json\/wp\/v2\/media\/616843"}],"wp:attachment":[{"href":"https:\/\/exclusives.ro\/en\/wp-json\/wp\/v2\/media?parent=33248"}],"wp:term":[{"taxonomy":"product_brand","embeddable":true,"href":"https:\/\/exclusives.ro\/en\/wp-json\/wp\/v2\/product_brand?post=33248"},{"taxonomy":"product_cat","embeddable":true,"href":"https:\/\/exclusives.ro\/en\/wp-json\/wp\/v2\/product_cat?post=33248"},{"taxonomy":"product_tag","embeddable":true,"href":"https:\/\/exclusives.ro\/en\/wp-json\/wp\/v2\/product_tag?post=33248"}],"curies":[{"name":"wp","href":"https:\/\/api.w.org\/{rel}","templated":true}]}}