{"id":33361,"date":"2025-10-13T21:42:54","date_gmt":"2025-10-13T21:42:54","guid":{"rendered":"https:\/\/exclusives.fastapp.ro\/?post_type=product&#038;p=33361"},"modified":"2026-04-14T08:47:15","modified_gmt":"2026-04-14T08:47:15","slug":"sandale-friday","status":"publish","type":"product","link":"https:\/\/exclusives.ro\/en\/product\/sandale-friday\/","title":{"rendered":"Sandale &#8211; Friday"},"content":{"rendered":"<p class=\"\" data-start=\"170\" data-end=\"502\">Simplitatea rafinat\u0103 define\u0219te aceste sandale realizate\u00a0<strong data-start=\"232\" data-end=\"274\">100% manual din piele natural\u0103 premium<\/strong>, fabricate cu grij\u0103 \u00een Rom\u00e2nia. Cu o bareta sub\u021bire delicat\u0103 pe glezn\u0103 \u0219i un finish texturat, acest model este alegerea ideal\u0103 pentru femeile care caut\u0103 confort, stil \u0219i versatilitate \u00eentr-o singur\u0103 pereche de \u00eenc\u0103l\u021b\u0103ri.<\/p>\n<p class=\"\" data-start=\"504\" data-end=\"661\">Talpa joas\u0103 ofer\u0103 stabilitate \u0219i confort pe tot parcursul zilei, \u00een timp ce designul slim accentueaz\u0103 glezna \u0219i adaug\u0103 un plus de feminitate oric\u0103rui outfit.<\/p>\n<div><strong data-start=\"663\" data-end=\"782\">\u00a0Handmade \u00een Rom\u00e2nia<\/strong><\/div>\n<div><strong data-start=\"663\" data-end=\"782\">\u00a0Piele natural\u0103 texturat\u0103 premium<\/strong><\/div>\n<div><strong data-start=\"663\" data-end=\"782\">\u00a0Talp\u0103 joas\u0103, comod\u0103<\/strong><\/div>\n<div><strong data-start=\"663\" data-end=\"782\">\u00a0Design elegant \u0219i minimalist<\/strong><\/div>\n<p>&nbsp;<\/p>\n<div><strong data-start=\"784\" data-end=\"806\">Cum le po\u021bi purta?<\/strong><\/div>\n<div>Perfecte pentru birou, plimb\u0103ri \u00een ora\u0219, brunch-uri cu prietenele sau escapade de weekend. Asorteaz\u0103-le cu rochii fluide, pantaloni scur\u021bi din in, jean\u0219i vintage sau fuste midi \u2013 stilul effortless e garantat.<\/div>\n<p>&nbsp;<\/p>\n<p><strong><i>ATENTIE! Acest produs se realizeaza\u00a0doar la comanda!<\/i><\/strong><\/p>\n<p><strong><i>Timp de realizare 10-12 zile lucratoare!<\/i><\/strong><\/p>\n<p><strong><i>Pielea Croco &amp; pielea Snake poate diferi fata de poza datorita\u00a0 printului care nu este la fel pe toata suprafata ei.<\/i><\/strong><\/p>\n<p><strong><i>ATENTIE! Rama incaltarilor prezinta o deschizatura mica, nesisizabila, lucru normal fiind inceputul si sfaristul benzii cu tinte, acest lucru nu se considera defect.\u00a0<\/i><\/strong><span style=\"color: #ff0000; font-family: Lato;\"><b><i>\u00a0<\/i><\/b><\/span><\/p>\n<p><u><em><strong>PRODUS FABRICAT IN ROMANIA!<\/strong><\/em><\/u><\/p>\n<p>Marimi disponibile:\u00a0\u00a036 , 37 , 38 , 39, 40<\/p>","protected":false},"excerpt":{"rendered":"<p>Simplitatea rafinat\u0103 define\u0219te aceste sandale realizate\u00a0100% manual din piele natural\u0103 premium, fabricate cu grij\u0103 \u00een Rom\u00e2nia. Cu o bareta sub\u021bire<\/p>","protected":false},"featured_media":37146,"comment_status":"open","ping_status":"closed","template":"","meta":[],"product_brand":[252],"product_cat":[30],"product_tag":[],"class_list":{"0":"post-33361","1":"product","2":"type-product","3":"status-publish","4":"has-post-thumbnail","6":"product_brand-exclusives","7":"product_cat-sandale","9":"first","10":"instock","11":"shipping-taxable","12":"purchasable","13":"product-type-variable","14":"has-default-attributes"},"yoast_head":"<!-- This site is optimized with the Yoast SEO plugin v27.4 - https:\/\/yoast.com\/product\/yoast-seo-wordpress\/ -->\n<title>Sandale - Friday - Exclusives<\/title>\n<meta name=\"description\" content=\"Simplitatea rafinat\u0103 define\u0219te aceste sandale realizate\u00a0100% manual din piele natural\u0103 premium, fabricate cu grij\u0103 \u00een Rom\u00e2nia. Cu o bareta sub\u021bire\" \/>\n<meta name=\"robots\" content=\"noindex, follow, max-snippet:-1, max-image-preview:large, max-video-preview:-1\" \/>\n<meta property=\"og:locale\" content=\"en_US\" \/>\n<meta property=\"og:type\" content=\"article\" \/>\n<meta property=\"og:title\" content=\"Sandale - Friday - Exclusives\" \/>\n<meta property=\"og:description\" content=\"Simplitatea rafinat\u0103 define\u0219te aceste sandale realizate\u00a0100% manual din piele natural\u0103 premium, fabricate cu grij\u0103 \u00een Rom\u00e2nia. Cu o bareta sub\u021bire\" \/>\n<meta property=\"og:url\" content=\"https:\/\/exclusives.ro\/en\/product\/sandale-friday\/\" \/>\n<meta property=\"og:site_name\" content=\"Exclusives\" \/>\n<meta property=\"article:modified_time\" content=\"2026-04-14T08:47:15+00:00\" \/>\n<meta property=\"og:image\" content=\"https:\/\/exclusives.ro\/wp-content\/uploads\/2025\/10\/Exclusives-27.02.2025-77-1.jpg\" \/>\n\t<meta property=\"og:image:width\" content=\"1365\" \/>\n\t<meta property=\"og:image:height\" content=\"2048\" \/>\n\t<meta property=\"og:image:type\" content=\"image\/jpeg\" \/>\n<meta name=\"twitter:card\" content=\"summary_large_image\" \/>\n<meta name=\"twitter:label1\" content=\"Est. reading time\" \/>\n\t<meta name=\"twitter:data1\" content=\"1 minute\" \/>\n<script type=\"application\/ld+json\" class=\"yoast-schema-graph\">{\"@context\":\"https:\\\/\\\/schema.org\",\"@graph\":[{\"@type\":\"WebPage\",\"@id\":\"https:\\\/\\\/exclusives.ro\\\/produs\\\/sandale-friday\\\/\",\"url\":\"https:\\\/\\\/exclusives.ro\\\/produs\\\/sandale-friday\\\/\",\"name\":\"Sandale - Friday - Exclusives\",\"isPartOf\":{\"@id\":\"https:\\\/\\\/exclusives.ro\\\/#website\"},\"primaryImageOfPage\":{\"@id\":\"https:\\\/\\\/exclusives.ro\\\/produs\\\/sandale-friday\\\/#primaryimage\"},\"image\":{\"@id\":\"https:\\\/\\\/exclusives.ro\\\/produs\\\/sandale-friday\\\/#primaryimage\"},\"thumbnailUrl\":\"https:\\\/\\\/exclusives.ro\\\/wp-content\\\/uploads\\\/2025\\\/10\\\/Exclusives-27.02.2025-77-1.jpg\",\"datePublished\":\"2025-10-13T21:42:54+00:00\",\"dateModified\":\"2026-04-14T08:47:15+00:00\",\"description\":\"Simplitatea rafinat\u0103 define\u0219te aceste sandale realizate\u00a0100% manual din piele natural\u0103 premium, fabricate cu grij\u0103 \u00een Rom\u00e2nia. Cu o bareta sub\u021bire\",\"breadcrumb\":{\"@id\":\"https:\\\/\\\/exclusives.ro\\\/produs\\\/sandale-friday\\\/#breadcrumb\"},\"inLanguage\":\"en-US\",\"potentialAction\":[{\"@type\":\"ReadAction\",\"target\":[\"https:\\\/\\\/exclusives.ro\\\/produs\\\/sandale-friday\\\/\"]}]},{\"@type\":\"ImageObject\",\"inLanguage\":\"en-US\",\"@id\":\"https:\\\/\\\/exclusives.ro\\\/produs\\\/sandale-friday\\\/#primaryimage\",\"url\":\"https:\\\/\\\/exclusives.ro\\\/wp-content\\\/uploads\\\/2025\\\/10\\\/Exclusives-27.02.2025-77-1.jpg\",\"contentUrl\":\"https:\\\/\\\/exclusives.ro\\\/wp-content\\\/uploads\\\/2025\\\/10\\\/Exclusives-27.02.2025-77-1.jpg\",\"width\":1365,\"height\":2048},{\"@type\":\"BreadcrumbList\",\"@id\":\"https:\\\/\\\/exclusives.ro\\\/produs\\\/sandale-friday\\\/#breadcrumb\",\"itemListElement\":[{\"@type\":\"ListItem\",\"position\":1,\"name\":\"Home\",\"item\":\"https:\\\/\\\/exclusives.ro\\\/\"},{\"@type\":\"ListItem\",\"position\":2,\"name\":\"Pantofi\",\"item\":\"https:\\\/\\\/exclusives.ro\\\/shop\\\/\"},{\"@type\":\"ListItem\",\"position\":3,\"name\":\"Sandale &#8211; Friday\"}]},{\"@type\":\"WebSite\",\"@id\":\"https:\\\/\\\/exclusives.ro\\\/#website\",\"url\":\"https:\\\/\\\/exclusives.ro\\\/\",\"name\":\"Exclusives\",\"description\":\"\",\"potentialAction\":[{\"@type\":\"SearchAction\",\"target\":{\"@type\":\"EntryPoint\",\"urlTemplate\":\"https:\\\/\\\/exclusives.ro\\\/?s={search_term_string}\"},\"query-input\":{\"@type\":\"PropertyValueSpecification\",\"valueRequired\":true,\"valueName\":\"search_term_string\"}}],\"inLanguage\":\"en-US\"}]}<\/script>\n<!-- \/ Yoast SEO plugin. -->","yoast_head_json":{"title":"Sandale - Friday - Exclusives","description":"Simplitatea rafinat\u0103 define\u0219te aceste sandale realizate\u00a0100% manual din piele natural\u0103 premium, fabricate cu grij\u0103 \u00een Rom\u00e2nia. Cu o bareta sub\u021bire","robots":{"index":"noindex","follow":"follow","max-snippet":"max-snippet:-1","max-image-preview":"max-image-preview:large","max-video-preview":"max-video-preview:-1"},"og_locale":"en_US","og_type":"article","og_title":"Sandale - Friday - Exclusives","og_description":"Simplitatea rafinat\u0103 define\u0219te aceste sandale realizate\u00a0100% manual din piele natural\u0103 premium, fabricate cu grij\u0103 \u00een Rom\u00e2nia. Cu o bareta sub\u021bire","og_url":"https:\/\/exclusives.ro\/en\/product\/sandale-friday\/","og_site_name":"Exclusives","article_modified_time":"2026-04-14T08:47:15+00:00","og_image":[{"width":1365,"height":2048,"url":"https:\/\/exclusives.ro\/wp-content\/uploads\/2025\/10\/Exclusives-27.02.2025-77-1.jpg","type":"image\/jpeg"}],"twitter_card":"summary_large_image","twitter_misc":{"Est. reading time":"1 minute"},"schema":{"@context":"https:\/\/schema.org","@graph":[{"@type":"WebPage","@id":"https:\/\/exclusives.ro\/produs\/sandale-friday\/","url":"https:\/\/exclusives.ro\/produs\/sandale-friday\/","name":"Sandale - Friday - Exclusives","isPartOf":{"@id":"https:\/\/exclusives.ro\/#website"},"primaryImageOfPage":{"@id":"https:\/\/exclusives.ro\/produs\/sandale-friday\/#primaryimage"},"image":{"@id":"https:\/\/exclusives.ro\/produs\/sandale-friday\/#primaryimage"},"thumbnailUrl":"https:\/\/exclusives.ro\/wp-content\/uploads\/2025\/10\/Exclusives-27.02.2025-77-1.jpg","datePublished":"2025-10-13T21:42:54+00:00","dateModified":"2026-04-14T08:47:15+00:00","description":"Simplitatea rafinat\u0103 define\u0219te aceste sandale realizate\u00a0100% manual din piele natural\u0103 premium, fabricate cu grij\u0103 \u00een Rom\u00e2nia. Cu o bareta sub\u021bire","breadcrumb":{"@id":"https:\/\/exclusives.ro\/produs\/sandale-friday\/#breadcrumb"},"inLanguage":"en-US","potentialAction":[{"@type":"ReadAction","target":["https:\/\/exclusives.ro\/produs\/sandale-friday\/"]}]},{"@type":"ImageObject","inLanguage":"en-US","@id":"https:\/\/exclusives.ro\/produs\/sandale-friday\/#primaryimage","url":"https:\/\/exclusives.ro\/wp-content\/uploads\/2025\/10\/Exclusives-27.02.2025-77-1.jpg","contentUrl":"https:\/\/exclusives.ro\/wp-content\/uploads\/2025\/10\/Exclusives-27.02.2025-77-1.jpg","width":1365,"height":2048},{"@type":"BreadcrumbList","@id":"https:\/\/exclusives.ro\/produs\/sandale-friday\/#breadcrumb","itemListElement":[{"@type":"ListItem","position":1,"name":"Home","item":"https:\/\/exclusives.ro\/"},{"@type":"ListItem","position":2,"name":"Pantofi","item":"https:\/\/exclusives.ro\/shop\/"},{"@type":"ListItem","position":3,"name":"Sandale &#8211; Friday"}]},{"@type":"WebSite","@id":"https:\/\/exclusives.ro\/#website","url":"https:\/\/exclusives.ro\/","name":"Exclusives","description":"","potentialAction":[{"@type":"SearchAction","target":{"@type":"EntryPoint","urlTemplate":"https:\/\/exclusives.ro\/?s={search_term_string}"},"query-input":{"@type":"PropertyValueSpecification","valueRequired":true,"valueName":"search_term_string"}}],"inLanguage":"en-US"}]}},"jetpack_sharing_enabled":true,"_links":{"self":[{"href":"https:\/\/exclusives.ro\/en\/wp-json\/wp\/v2\/product\/33361","targetHints":{"allow":["GET"]}}],"collection":[{"href":"https:\/\/exclusives.ro\/en\/wp-json\/wp\/v2\/product"}],"about":[{"href":"https:\/\/exclusives.ro\/en\/wp-json\/wp\/v2\/types\/product"}],"replies":[{"embeddable":true,"href":"https:\/\/exclusives.ro\/en\/wp-json\/wp\/v2\/comments?post=33361"}],"version-history":[{"count":3,"href":"https:\/\/exclusives.ro\/en\/wp-json\/wp\/v2\/product\/33361\/revisions"}],"predecessor-version":[{"id":617184,"href":"https:\/\/exclusives.ro\/en\/wp-json\/wp\/v2\/product\/33361\/revisions\/617184"}],"wp:featuredmedia":[{"embeddable":true,"href":"https:\/\/exclusives.ro\/en\/wp-json\/wp\/v2\/media\/37146"}],"wp:attachment":[{"href":"https:\/\/exclusives.ro\/en\/wp-json\/wp\/v2\/media?parent=33361"}],"wp:term":[{"taxonomy":"product_brand","embeddable":true,"href":"https:\/\/exclusives.ro\/en\/wp-json\/wp\/v2\/product_brand?post=33361"},{"taxonomy":"product_cat","embeddable":true,"href":"https:\/\/exclusives.ro\/en\/wp-json\/wp\/v2\/product_cat?post=33361"},{"taxonomy":"product_tag","embeddable":true,"href":"https:\/\/exclusives.ro\/en\/wp-json\/wp\/v2\/product_tag?post=33361"}],"curies":[{"name":"wp","href":"https:\/\/api.w.org\/{rel}","templated":true}]}}