{"id":33550,"date":"2025-10-13T22:22:09","date_gmt":"2025-10-13T22:22:09","guid":{"rendered":"https:\/\/exclusives.fastapp.ro\/?post_type=product&#038;p=33550"},"modified":"2026-04-14T09:10:24","modified_gmt":"2026-04-14T09:10:24","slug":"sandale-lugo","status":"publish","type":"product","link":"https:\/\/exclusives.ro\/en\/product\/sandale-lugo\/","title":{"rendered":"Sandale &#8211; Lugo"},"content":{"rendered":"<p class=\"\" data-start=\"164\" data-end=\"437\">Atrage toate privirile cu acest model \u00eendr\u0103zne\u021b de sandale negre, realizate\u00a0<strong data-start=\"240\" data-end=\"282\">100% manual din piele natural\u0103 premium<\/strong>\u00a0cu textur\u0103 croco lucioas\u0103. Designul cu multiple barete reglabile \u0219i catarame metalice adaug\u0103 o not\u0103 edgy perfect\u0103 pentru o \u021binut\u0103 casual cu personalitate.<\/p>\n<p class=\"\" data-start=\"439\" data-end=\"677\">Talpa joas\u0103, dar solid\u0103, ofer\u0103 stabilitate \u0219i confort, fiind ideal\u0103 pentru zilele pline \u00een ora\u0219. Aceste sandale sunt alegerea perfect\u0103 pentru\u00a0<strong data-start=\"581\" data-end=\"650\">festivaluri, concerte, plimb\u0103ri urbane sau o zi relaxat\u0103 la birou<\/strong>, unde stilul t\u0103u conteaz\u0103.<\/p>\n<div><strong data-start=\"679\" data-end=\"821\">\u00a0Handmade \u00een Rom\u00e2nia<\/strong><\/div>\n<div><strong data-start=\"679\" data-end=\"821\">\u00a0Piele natural\u0103 croco lucioas\u0103<\/strong><\/div>\n<div><strong data-start=\"679\" data-end=\"821\">\u00a0Barete multiple \u0219i catarame reglabile<\/strong><\/div>\n<div><strong data-start=\"679\" data-end=\"821\">\u00a0Talp\u0103 joas\u0103, u\u0219or de purtat zi de zi<\/strong><\/div>\n<p>&nbsp;<\/p>\n<div><strong data-start=\"823\" data-end=\"840\">Cum le por\u021bi?<\/strong><\/div>\n<div>Poart\u0103-le cu blugi skinny, pantaloni scur\u021bi din denim, fuste mini sau rochii oversized. Sunt versatile, cool \u0219i adaug\u0103 un vibe u\u0219or rebel fiec\u0103rui outfit de var\u0103.<\/div>\n<p>&nbsp;<\/p>\n<p><strong><i>ATENTIE! Acest produs se realizeaza\u00a0doar la comanda!<\/i><\/strong><\/p>\n<p><strong><i>Timp de realizare 8-12 zile lucratoare!<\/i><\/strong><\/p>\n<p><strong><i>Pielea Croco poate diferi fata de poza datorita\u00a0 printului care nu este la fel pe toata suprafata ei.<\/i><\/strong><\/p>\n<p><strong><i>ATENTIE! Rama incaltarilor prezinta o deschizatura mica, nesisizabila, lucru normal fiind inceputul si sfaristul benzii cu tinte, acest lucru nu se considera defect.<br \/>\n<\/i><\/strong><\/p>\n<p><u><em><strong>PRODUS FABRICAT IN ROMANIA!<\/strong><\/em><\/u><\/p>\n<p>Marimi disponibile:\u00a0\u00a036 , 37 , 38 , 39, 40<\/p>","protected":false},"excerpt":{"rendered":"<p>Atrage toate privirile cu acest model \u00eendr\u0103zne\u021b de sandale negre, realizate\u00a0100% manual din piele natural\u0103 premium\u00a0cu textur\u0103 croco lucioas\u0103. Designul<\/p>","protected":false},"featured_media":617240,"comment_status":"open","ping_status":"closed","template":"","meta":[],"product_brand":[252],"product_cat":[30],"product_tag":[],"class_list":{"0":"post-33550","1":"product","2":"type-product","3":"status-publish","4":"has-post-thumbnail","6":"product_brand-exclusives","7":"product_cat-sandale","9":"first","10":"instock","11":"shipping-taxable","12":"purchasable","13":"product-type-variable","14":"has-default-attributes"},"yoast_head":"<!-- This site is optimized with the Yoast SEO plugin v27.4 - https:\/\/yoast.com\/product\/yoast-seo-wordpress\/ -->\n<title>Sandale - Lugo - Exclusives<\/title>\n<meta name=\"description\" content=\"Atrage toate privirile cu acest model \u00eendr\u0103zne\u021b de sandale negre, realizate\u00a0100% manual din piele natural\u0103 premium\u00a0cu textur\u0103 croco lucioas\u0103. Designul cu\" \/>\n<meta name=\"robots\" content=\"noindex, follow, max-snippet:-1, max-image-preview:large, max-video-preview:-1\" \/>\n<meta property=\"og:locale\" content=\"en_US\" \/>\n<meta property=\"og:type\" content=\"article\" \/>\n<meta property=\"og:title\" content=\"Sandale - Lugo - Exclusives\" \/>\n<meta property=\"og:description\" content=\"Atrage toate privirile cu acest model \u00eendr\u0103zne\u021b de sandale negre, realizate\u00a0100% manual din piele natural\u0103 premium\u00a0cu textur\u0103 croco lucioas\u0103. Designul cu\" \/>\n<meta property=\"og:url\" content=\"https:\/\/exclusives.ro\/en\/product\/sandale-lugo\/\" \/>\n<meta property=\"og:site_name\" content=\"Exclusives\" \/>\n<meta property=\"article:modified_time\" content=\"2026-04-14T09:10:24+00:00\" \/>\n<meta property=\"og:image\" content=\"https:\/\/exclusives.ro\/wp-content\/uploads\/2025\/10\/SSS07817.jpg\" \/>\n\t<meta property=\"og:image:width\" content=\"1365\" \/>\n\t<meta property=\"og:image:height\" content=\"2048\" \/>\n\t<meta property=\"og:image:type\" content=\"image\/jpeg\" \/>\n<meta name=\"twitter:card\" content=\"summary_large_image\" \/>\n<meta name=\"twitter:label1\" content=\"Est. reading time\" \/>\n\t<meta name=\"twitter:data1\" content=\"1 minute\" \/>\n<script type=\"application\/ld+json\" class=\"yoast-schema-graph\">{\"@context\":\"https:\\\/\\\/schema.org\",\"@graph\":[{\"@type\":\"WebPage\",\"@id\":\"https:\\\/\\\/exclusives.ro\\\/produs\\\/sandale-lugo\\\/\",\"url\":\"https:\\\/\\\/exclusives.ro\\\/produs\\\/sandale-lugo\\\/\",\"name\":\"Sandale - Lugo - Exclusives\",\"isPartOf\":{\"@id\":\"https:\\\/\\\/exclusives.ro\\\/#website\"},\"primaryImageOfPage\":{\"@id\":\"https:\\\/\\\/exclusives.ro\\\/produs\\\/sandale-lugo\\\/#primaryimage\"},\"image\":{\"@id\":\"https:\\\/\\\/exclusives.ro\\\/produs\\\/sandale-lugo\\\/#primaryimage\"},\"thumbnailUrl\":\"https:\\\/\\\/exclusives.ro\\\/wp-content\\\/uploads\\\/2025\\\/10\\\/SSS07817.jpg\",\"datePublished\":\"2025-10-13T22:22:09+00:00\",\"dateModified\":\"2026-04-14T09:10:24+00:00\",\"description\":\"Atrage toate privirile cu acest model \u00eendr\u0103zne\u021b de sandale negre, realizate\u00a0100% manual din piele natural\u0103 premium\u00a0cu textur\u0103 croco lucioas\u0103. Designul cu\",\"breadcrumb\":{\"@id\":\"https:\\\/\\\/exclusives.ro\\\/produs\\\/sandale-lugo\\\/#breadcrumb\"},\"inLanguage\":\"en-US\",\"potentialAction\":[{\"@type\":\"ReadAction\",\"target\":[\"https:\\\/\\\/exclusives.ro\\\/produs\\\/sandale-lugo\\\/\"]}]},{\"@type\":\"ImageObject\",\"inLanguage\":\"en-US\",\"@id\":\"https:\\\/\\\/exclusives.ro\\\/produs\\\/sandale-lugo\\\/#primaryimage\",\"url\":\"https:\\\/\\\/exclusives.ro\\\/wp-content\\\/uploads\\\/2025\\\/10\\\/SSS07817.jpg\",\"contentUrl\":\"https:\\\/\\\/exclusives.ro\\\/wp-content\\\/uploads\\\/2025\\\/10\\\/SSS07817.jpg\",\"width\":1365,\"height\":2048},{\"@type\":\"BreadcrumbList\",\"@id\":\"https:\\\/\\\/exclusives.ro\\\/produs\\\/sandale-lugo\\\/#breadcrumb\",\"itemListElement\":[{\"@type\":\"ListItem\",\"position\":1,\"name\":\"Home\",\"item\":\"https:\\\/\\\/exclusives.ro\\\/\"},{\"@type\":\"ListItem\",\"position\":2,\"name\":\"Pantofi\",\"item\":\"https:\\\/\\\/exclusives.ro\\\/shop\\\/\"},{\"@type\":\"ListItem\",\"position\":3,\"name\":\"Sandale &#8211; Lugo\"}]},{\"@type\":\"WebSite\",\"@id\":\"https:\\\/\\\/exclusives.ro\\\/#website\",\"url\":\"https:\\\/\\\/exclusives.ro\\\/\",\"name\":\"Exclusives\",\"description\":\"\",\"potentialAction\":[{\"@type\":\"SearchAction\",\"target\":{\"@type\":\"EntryPoint\",\"urlTemplate\":\"https:\\\/\\\/exclusives.ro\\\/?s={search_term_string}\"},\"query-input\":{\"@type\":\"PropertyValueSpecification\",\"valueRequired\":true,\"valueName\":\"search_term_string\"}}],\"inLanguage\":\"en-US\"}]}<\/script>\n<!-- \/ Yoast SEO plugin. -->","yoast_head_json":{"title":"Sandale - Lugo - Exclusives","description":"Atrage toate privirile cu acest model \u00eendr\u0103zne\u021b de sandale negre, realizate\u00a0100% manual din piele natural\u0103 premium\u00a0cu textur\u0103 croco lucioas\u0103. Designul cu","robots":{"index":"noindex","follow":"follow","max-snippet":"max-snippet:-1","max-image-preview":"max-image-preview:large","max-video-preview":"max-video-preview:-1"},"og_locale":"en_US","og_type":"article","og_title":"Sandale - Lugo - Exclusives","og_description":"Atrage toate privirile cu acest model \u00eendr\u0103zne\u021b de sandale negre, realizate\u00a0100% manual din piele natural\u0103 premium\u00a0cu textur\u0103 croco lucioas\u0103. Designul cu","og_url":"https:\/\/exclusives.ro\/en\/product\/sandale-lugo\/","og_site_name":"Exclusives","article_modified_time":"2026-04-14T09:10:24+00:00","og_image":[{"width":1365,"height":2048,"url":"https:\/\/exclusives.ro\/wp-content\/uploads\/2025\/10\/SSS07817.jpg","type":"image\/jpeg"}],"twitter_card":"summary_large_image","twitter_misc":{"Est. reading time":"1 minute"},"schema":{"@context":"https:\/\/schema.org","@graph":[{"@type":"WebPage","@id":"https:\/\/exclusives.ro\/produs\/sandale-lugo\/","url":"https:\/\/exclusives.ro\/produs\/sandale-lugo\/","name":"Sandale - Lugo - Exclusives","isPartOf":{"@id":"https:\/\/exclusives.ro\/#website"},"primaryImageOfPage":{"@id":"https:\/\/exclusives.ro\/produs\/sandale-lugo\/#primaryimage"},"image":{"@id":"https:\/\/exclusives.ro\/produs\/sandale-lugo\/#primaryimage"},"thumbnailUrl":"https:\/\/exclusives.ro\/wp-content\/uploads\/2025\/10\/SSS07817.jpg","datePublished":"2025-10-13T22:22:09+00:00","dateModified":"2026-04-14T09:10:24+00:00","description":"Atrage toate privirile cu acest model \u00eendr\u0103zne\u021b de sandale negre, realizate\u00a0100% manual din piele natural\u0103 premium\u00a0cu textur\u0103 croco lucioas\u0103. Designul cu","breadcrumb":{"@id":"https:\/\/exclusives.ro\/produs\/sandale-lugo\/#breadcrumb"},"inLanguage":"en-US","potentialAction":[{"@type":"ReadAction","target":["https:\/\/exclusives.ro\/produs\/sandale-lugo\/"]}]},{"@type":"ImageObject","inLanguage":"en-US","@id":"https:\/\/exclusives.ro\/produs\/sandale-lugo\/#primaryimage","url":"https:\/\/exclusives.ro\/wp-content\/uploads\/2025\/10\/SSS07817.jpg","contentUrl":"https:\/\/exclusives.ro\/wp-content\/uploads\/2025\/10\/SSS07817.jpg","width":1365,"height":2048},{"@type":"BreadcrumbList","@id":"https:\/\/exclusives.ro\/produs\/sandale-lugo\/#breadcrumb","itemListElement":[{"@type":"ListItem","position":1,"name":"Home","item":"https:\/\/exclusives.ro\/"},{"@type":"ListItem","position":2,"name":"Pantofi","item":"https:\/\/exclusives.ro\/shop\/"},{"@type":"ListItem","position":3,"name":"Sandale &#8211; Lugo"}]},{"@type":"WebSite","@id":"https:\/\/exclusives.ro\/#website","url":"https:\/\/exclusives.ro\/","name":"Exclusives","description":"","potentialAction":[{"@type":"SearchAction","target":{"@type":"EntryPoint","urlTemplate":"https:\/\/exclusives.ro\/?s={search_term_string}"},"query-input":{"@type":"PropertyValueSpecification","valueRequired":true,"valueName":"search_term_string"}}],"inLanguage":"en-US"}]}},"jetpack_sharing_enabled":true,"_links":{"self":[{"href":"https:\/\/exclusives.ro\/en\/wp-json\/wp\/v2\/product\/33550","targetHints":{"allow":["GET"]}}],"collection":[{"href":"https:\/\/exclusives.ro\/en\/wp-json\/wp\/v2\/product"}],"about":[{"href":"https:\/\/exclusives.ro\/en\/wp-json\/wp\/v2\/types\/product"}],"replies":[{"embeddable":true,"href":"https:\/\/exclusives.ro\/en\/wp-json\/wp\/v2\/comments?post=33550"}],"version-history":[{"count":1,"href":"https:\/\/exclusives.ro\/en\/wp-json\/wp\/v2\/product\/33550\/revisions"}],"predecessor-version":[{"id":390425,"href":"https:\/\/exclusives.ro\/en\/wp-json\/wp\/v2\/product\/33550\/revisions\/390425"}],"wp:featuredmedia":[{"embeddable":true,"href":"https:\/\/exclusives.ro\/en\/wp-json\/wp\/v2\/media\/617240"}],"wp:attachment":[{"href":"https:\/\/exclusives.ro\/en\/wp-json\/wp\/v2\/media?parent=33550"}],"wp:term":[{"taxonomy":"product_brand","embeddable":true,"href":"https:\/\/exclusives.ro\/en\/wp-json\/wp\/v2\/product_brand?post=33550"},{"taxonomy":"product_cat","embeddable":true,"href":"https:\/\/exclusives.ro\/en\/wp-json\/wp\/v2\/product_cat?post=33550"},{"taxonomy":"product_tag","embeddable":true,"href":"https:\/\/exclusives.ro\/en\/wp-json\/wp\/v2\/product_tag?post=33550"}],"curies":[{"name":"wp","href":"https:\/\/api.w.org\/{rel}","templated":true}]}}