{"id":34252,"date":"2025-10-14T07:41:14","date_gmt":"2025-10-14T07:41:14","guid":{"rendered":"https:\/\/exclusives.fastapp.ro\/?post_type=product&#038;p=34252"},"modified":"2026-03-26T11:57:50","modified_gmt":"2026-03-26T11:57:50","slug":"sneakersi-sassari","status":"publish","type":"product","link":"https:\/\/exclusives.ro\/en\/product\/sneakersi-sassari\/","title":{"rendered":"Sneakersi &#8211; Sassari"},"content":{"rendered":"<p data-start=\"100\" data-end=\"329\">Sneakers Sassari \u00eembin\u0103 elegan\u021ba discret\u0103 cu confortul specific unui model de zi cu zi. Cu o siluet\u0103 curat\u0103 \u0219i linii bine definite, ace\u0219ti sneakers sunt crea\u021bi pentru un stil rafinat, dar relaxat, u\u0219or de adaptat oric\u0103rei ocazii.<\/p>\n<p data-start=\"331\" data-end=\"588\">Realiza\u021bi din piele natural\u0103 de calitate, \u00een combina\u021bii variate de texturi \u0219i culori, Sassari aduc un plus de versatilitate garderobei tale. Talpa echilibrat\u0103 \u0219i construc\u021bia atent lucrat\u0103 ofer\u0103 stabilitate \u0219i confort, f\u0103r\u0103 a compromite estetica minimalist\u0103.<\/p>\n<ul data-start=\"590\" data-end=\"870\">\n<li data-section-id=\"5sc0jc\" data-start=\"590\" data-end=\"643\">100% piele natural\u0103 (neted\u0103, velur sau texturat\u0103)<\/li>\n<li data-section-id=\"1l5njhv\" data-start=\"644\" data-end=\"687\">Interior c\u0103ptu\u0219it pentru confort zilnic<\/li>\n<li data-section-id=\"pjujao\" data-start=\"688\" data-end=\"737\">Talp\u0103 solid\u0103, u\u0219oar\u0103, pentru sus\u021binere optim\u0103<\/li>\n<li data-section-id=\"e6gbud\" data-start=\"738\" data-end=\"781\">Design clean, cu influen\u021be smart-casual<\/li>\n<li data-section-id=\"17cjqt8\" data-start=\"782\" data-end=\"845\">Disponibili \u00een variante monocrome sau combina\u021bii de culoare<\/li>\n<li data-section-id=\"beorua\" data-start=\"846\" data-end=\"870\">Fabrica\u021bi \u00een Rom\u00e2nia<\/li>\n<\/ul>\n<p data-start=\"872\" data-end=\"1112\">Sneakers Sassari sunt alegerea ideal\u0103 pentru cei care prefer\u0103 un stil echilibrat, \u00eentre casual \u0219i elegant. Se potrivesc perfect at\u00e2t \u00een \u021binute de zi, c\u00e2t \u0219i \u00een combina\u021bii mai rafinate, devenind rapid un element esen\u021bial \u00een outfiturile tale.<\/p>\n<p>Inaltimea talpii: 2.5cm in fata si 3.5cm in spate.<\/p>\n<p>&nbsp;<\/p>\n<p><u><em><strong>PRODUS FABRICAT IN ROMANIA!<\/strong><\/em><\/u><\/p>\n<p>Marimi disponibile:\u00a0 35, 36 , 37 , 38 , 39, 40<\/p>\n<p><strong><i>TEREMEN DE REALIZARE 12-14\u00a0ZILE LUCRATOARE<\/i><\/strong><\/p>","protected":false},"excerpt":{"rendered":"<p>Sneakers Sassari \u00eembin\u0103 elegan\u021ba discret\u0103 cu confortul specific unui model de zi cu zi. Cu o siluet\u0103 curat\u0103 \u0219i linii<\/p>","protected":false},"featured_media":37047,"comment_status":"open","ping_status":"closed","template":"","meta":[],"product_brand":[],"product_cat":[28],"product_tag":[],"class_list":{"0":"post-34252","1":"product","2":"type-product","3":"status-publish","4":"has-post-thumbnail","6":"product_cat-sneakersi-tenesi","8":"first","9":"instock","10":"shipping-taxable","11":"purchasable","12":"product-type-variable","13":"has-default-attributes"},"yoast_head":"<!-- This site is optimized with the Yoast SEO plugin v27.4 - https:\/\/yoast.com\/product\/yoast-seo-wordpress\/ -->\n<title>Sneakersi - Sassari - Exclusives<\/title>\n<meta name=\"description\" content=\"Sneakers Sassari \u00eembin\u0103 elegan\u021ba discret\u0103 cu confortul specific unui model de zi cu zi. Cu o siluet\u0103 curat\u0103 \u0219i linii bine definite, ace\u0219ti sneakers sunt\" \/>\n<meta name=\"robots\" content=\"noindex, follow, max-snippet:-1, max-image-preview:large, max-video-preview:-1\" \/>\n<meta property=\"og:locale\" content=\"en_US\" \/>\n<meta property=\"og:type\" content=\"article\" \/>\n<meta property=\"og:title\" content=\"Sneakersi - Sassari - Exclusives\" \/>\n<meta property=\"og:description\" content=\"Sneakers Sassari \u00eembin\u0103 elegan\u021ba discret\u0103 cu confortul specific unui model de zi cu zi. Cu o siluet\u0103 curat\u0103 \u0219i linii bine definite, ace\u0219ti sneakers sunt\" \/>\n<meta property=\"og:url\" content=\"https:\/\/exclusives.ro\/en\/product\/sneakersi-sassari\/\" \/>\n<meta property=\"og:site_name\" content=\"Exclusives\" \/>\n<meta property=\"article:modified_time\" content=\"2026-03-26T11:57:50+00:00\" \/>\n<meta property=\"og:image\" content=\"https:\/\/exclusives.ro\/wp-content\/uploads\/2025\/10\/Exclusives-65.jpg\" \/>\n\t<meta property=\"og:image:width\" content=\"1365\" \/>\n\t<meta property=\"og:image:height\" content=\"2048\" \/>\n\t<meta property=\"og:image:type\" content=\"image\/jpeg\" \/>\n<meta name=\"twitter:card\" content=\"summary_large_image\" \/>\n<meta name=\"twitter:label1\" content=\"Est. reading time\" \/>\n\t<meta name=\"twitter:data1\" content=\"1 minute\" \/>\n<script type=\"application\/ld+json\" class=\"yoast-schema-graph\">{\"@context\":\"https:\\\/\\\/schema.org\",\"@graph\":[{\"@type\":\"WebPage\",\"@id\":\"https:\\\/\\\/exclusives.ro\\\/produs\\\/sneakersi-sassari\\\/\",\"url\":\"https:\\\/\\\/exclusives.ro\\\/produs\\\/sneakersi-sassari\\\/\",\"name\":\"Sneakersi - Sassari - Exclusives\",\"isPartOf\":{\"@id\":\"https:\\\/\\\/exclusives.ro\\\/#website\"},\"primaryImageOfPage\":{\"@id\":\"https:\\\/\\\/exclusives.ro\\\/produs\\\/sneakersi-sassari\\\/#primaryimage\"},\"image\":{\"@id\":\"https:\\\/\\\/exclusives.ro\\\/produs\\\/sneakersi-sassari\\\/#primaryimage\"},\"thumbnailUrl\":\"https:\\\/\\\/exclusives.ro\\\/wp-content\\\/uploads\\\/2025\\\/10\\\/Exclusives-65.jpg\",\"datePublished\":\"2025-10-14T07:41:14+00:00\",\"dateModified\":\"2026-03-26T11:57:50+00:00\",\"description\":\"Sneakers Sassari \u00eembin\u0103 elegan\u021ba discret\u0103 cu confortul specific unui model de zi cu zi. Cu o siluet\u0103 curat\u0103 \u0219i linii bine definite, ace\u0219ti sneakers sunt\",\"breadcrumb\":{\"@id\":\"https:\\\/\\\/exclusives.ro\\\/produs\\\/sneakersi-sassari\\\/#breadcrumb\"},\"inLanguage\":\"en-US\",\"potentialAction\":[{\"@type\":\"ReadAction\",\"target\":[\"https:\\\/\\\/exclusives.ro\\\/produs\\\/sneakersi-sassari\\\/\"]}]},{\"@type\":\"ImageObject\",\"inLanguage\":\"en-US\",\"@id\":\"https:\\\/\\\/exclusives.ro\\\/produs\\\/sneakersi-sassari\\\/#primaryimage\",\"url\":\"https:\\\/\\\/exclusives.ro\\\/wp-content\\\/uploads\\\/2025\\\/10\\\/Exclusives-65.jpg\",\"contentUrl\":\"https:\\\/\\\/exclusives.ro\\\/wp-content\\\/uploads\\\/2025\\\/10\\\/Exclusives-65.jpg\",\"width\":1365,\"height\":2048},{\"@type\":\"BreadcrumbList\",\"@id\":\"https:\\\/\\\/exclusives.ro\\\/produs\\\/sneakersi-sassari\\\/#breadcrumb\",\"itemListElement\":[{\"@type\":\"ListItem\",\"position\":1,\"name\":\"Home\",\"item\":\"https:\\\/\\\/exclusives.ro\\\/\"},{\"@type\":\"ListItem\",\"position\":2,\"name\":\"Pantofi\",\"item\":\"https:\\\/\\\/exclusives.ro\\\/shop\\\/\"},{\"@type\":\"ListItem\",\"position\":3,\"name\":\"Sneakersi &#8211; Sassari\"}]},{\"@type\":\"WebSite\",\"@id\":\"https:\\\/\\\/exclusives.ro\\\/#website\",\"url\":\"https:\\\/\\\/exclusives.ro\\\/\",\"name\":\"Exclusives\",\"description\":\"\",\"potentialAction\":[{\"@type\":\"SearchAction\",\"target\":{\"@type\":\"EntryPoint\",\"urlTemplate\":\"https:\\\/\\\/exclusives.ro\\\/?s={search_term_string}\"},\"query-input\":{\"@type\":\"PropertyValueSpecification\",\"valueRequired\":true,\"valueName\":\"search_term_string\"}}],\"inLanguage\":\"en-US\"}]}<\/script>\n<!-- \/ Yoast SEO plugin. -->","yoast_head_json":{"title":"Sneakersi - Sassari - Exclusives","description":"Sneakers Sassari \u00eembin\u0103 elegan\u021ba discret\u0103 cu confortul specific unui model de zi cu zi. Cu o siluet\u0103 curat\u0103 \u0219i linii bine definite, ace\u0219ti sneakers sunt","robots":{"index":"noindex","follow":"follow","max-snippet":"max-snippet:-1","max-image-preview":"max-image-preview:large","max-video-preview":"max-video-preview:-1"},"og_locale":"en_US","og_type":"article","og_title":"Sneakersi - Sassari - Exclusives","og_description":"Sneakers Sassari \u00eembin\u0103 elegan\u021ba discret\u0103 cu confortul specific unui model de zi cu zi. Cu o siluet\u0103 curat\u0103 \u0219i linii bine definite, ace\u0219ti sneakers sunt","og_url":"https:\/\/exclusives.ro\/en\/product\/sneakersi-sassari\/","og_site_name":"Exclusives","article_modified_time":"2026-03-26T11:57:50+00:00","og_image":[{"width":1365,"height":2048,"url":"https:\/\/exclusives.ro\/wp-content\/uploads\/2025\/10\/Exclusives-65.jpg","type":"image\/jpeg"}],"twitter_card":"summary_large_image","twitter_misc":{"Est. reading time":"1 minute"},"schema":{"@context":"https:\/\/schema.org","@graph":[{"@type":"WebPage","@id":"https:\/\/exclusives.ro\/produs\/sneakersi-sassari\/","url":"https:\/\/exclusives.ro\/produs\/sneakersi-sassari\/","name":"Sneakersi - Sassari - Exclusives","isPartOf":{"@id":"https:\/\/exclusives.ro\/#website"},"primaryImageOfPage":{"@id":"https:\/\/exclusives.ro\/produs\/sneakersi-sassari\/#primaryimage"},"image":{"@id":"https:\/\/exclusives.ro\/produs\/sneakersi-sassari\/#primaryimage"},"thumbnailUrl":"https:\/\/exclusives.ro\/wp-content\/uploads\/2025\/10\/Exclusives-65.jpg","datePublished":"2025-10-14T07:41:14+00:00","dateModified":"2026-03-26T11:57:50+00:00","description":"Sneakers Sassari \u00eembin\u0103 elegan\u021ba discret\u0103 cu confortul specific unui model de zi cu zi. Cu o siluet\u0103 curat\u0103 \u0219i linii bine definite, ace\u0219ti sneakers sunt","breadcrumb":{"@id":"https:\/\/exclusives.ro\/produs\/sneakersi-sassari\/#breadcrumb"},"inLanguage":"en-US","potentialAction":[{"@type":"ReadAction","target":["https:\/\/exclusives.ro\/produs\/sneakersi-sassari\/"]}]},{"@type":"ImageObject","inLanguage":"en-US","@id":"https:\/\/exclusives.ro\/produs\/sneakersi-sassari\/#primaryimage","url":"https:\/\/exclusives.ro\/wp-content\/uploads\/2025\/10\/Exclusives-65.jpg","contentUrl":"https:\/\/exclusives.ro\/wp-content\/uploads\/2025\/10\/Exclusives-65.jpg","width":1365,"height":2048},{"@type":"BreadcrumbList","@id":"https:\/\/exclusives.ro\/produs\/sneakersi-sassari\/#breadcrumb","itemListElement":[{"@type":"ListItem","position":1,"name":"Home","item":"https:\/\/exclusives.ro\/"},{"@type":"ListItem","position":2,"name":"Pantofi","item":"https:\/\/exclusives.ro\/shop\/"},{"@type":"ListItem","position":3,"name":"Sneakersi &#8211; Sassari"}]},{"@type":"WebSite","@id":"https:\/\/exclusives.ro\/#website","url":"https:\/\/exclusives.ro\/","name":"Exclusives","description":"","potentialAction":[{"@type":"SearchAction","target":{"@type":"EntryPoint","urlTemplate":"https:\/\/exclusives.ro\/?s={search_term_string}"},"query-input":{"@type":"PropertyValueSpecification","valueRequired":true,"valueName":"search_term_string"}}],"inLanguage":"en-US"}]}},"jetpack_sharing_enabled":true,"_links":{"self":[{"href":"https:\/\/exclusives.ro\/en\/wp-json\/wp\/v2\/product\/34252","targetHints":{"allow":["GET"]}}],"collection":[{"href":"https:\/\/exclusives.ro\/en\/wp-json\/wp\/v2\/product"}],"about":[{"href":"https:\/\/exclusives.ro\/en\/wp-json\/wp\/v2\/types\/product"}],"replies":[{"embeddable":true,"href":"https:\/\/exclusives.ro\/en\/wp-json\/wp\/v2\/comments?post=34252"}],"version-history":[{"count":2,"href":"https:\/\/exclusives.ro\/en\/wp-json\/wp\/v2\/product\/34252\/revisions"}],"predecessor-version":[{"id":616466,"href":"https:\/\/exclusives.ro\/en\/wp-json\/wp\/v2\/product\/34252\/revisions\/616466"}],"wp:featuredmedia":[{"embeddable":true,"href":"https:\/\/exclusives.ro\/en\/wp-json\/wp\/v2\/media\/37047"}],"wp:attachment":[{"href":"https:\/\/exclusives.ro\/en\/wp-json\/wp\/v2\/media?parent=34252"}],"wp:term":[{"taxonomy":"product_brand","embeddable":true,"href":"https:\/\/exclusives.ro\/en\/wp-json\/wp\/v2\/product_brand?post=34252"},{"taxonomy":"product_cat","embeddable":true,"href":"https:\/\/exclusives.ro\/en\/wp-json\/wp\/v2\/product_cat?post=34252"},{"taxonomy":"product_tag","embeddable":true,"href":"https:\/\/exclusives.ro\/en\/wp-json\/wp\/v2\/product_tag?post=34252"}],"curies":[{"name":"wp","href":"https:\/\/api.w.org\/{rel}","templated":true}]}}