{"id":35088,"date":"2025-10-14T19:58:59","date_gmt":"2025-10-14T19:58:59","guid":{"rendered":"https:\/\/exclusives.fastapp.ro\/?post_type=product&#038;p=35088"},"modified":"2026-04-15T07:21:19","modified_gmt":"2026-04-15T07:21:19","slug":"sandale-cleopatra","status":"publish","type":"product","link":"https:\/\/exclusives.ro\/en\/product\/sandale-cleopatra\/","title":{"rendered":"Sandale &#8211; Cleopatra"},"content":{"rendered":"<p data-start=\"0\" data-end=\"289\">Sandalele Cleopatra sunt defini\u021bia elegan\u021bei moderne, un model rafinat care pune \u00een valoare feminitatea prin linii fine \u0219i detalii atent lucrate. Cu un design minimalist, dar sofisticat, aceste sandale sunt create pentru apari\u021bii memorabile, de la evenimente speciale p\u00e2n\u0103 la seri \u00een ora\u0219.<\/p>\n<p data-start=\"291\" data-end=\"570\">Baretelor sub\u021biri le revine rolul de a contura delicat piciorul, \u00een timp ce v\u00e2rful ascu\u021bit \u0219i tocul sculptural adaug\u0103 un aer contemporan \u0219i elegant. Fie c\u0103 alegi varianta cu accente str\u0103lucitoare sau finisajul clasic, Cleopatra \u00ee\u021bi ofer\u0103 echilibrul perfect \u00eentre stil \u0219i confort.<\/p>\n<ul data-start=\"572\" data-end=\"859\">\n<li data-section-id=\"9yg55n\" data-start=\"572\" data-end=\"595\">100% piele natural\u0103<\/li>\n<li data-section-id=\"13xylca\" data-start=\"596\" data-end=\"642\">Design elegant, cu barete fine \u0219i feminine<\/li>\n<li data-section-id=\"1y66w0u\" data-start=\"643\" data-end=\"682\">Toc mediu, stabil, cu form\u0103 modern\u0103<\/li>\n<li data-section-id=\"yjh7ms\" data-start=\"683\" data-end=\"730\">V\u00e2rf u\u0219or ascu\u021bit pentru un look sofisticat<\/li>\n<li data-section-id=\"htuunw\" data-start=\"731\" data-end=\"789\">Variante cu detalii str\u0103lucitoare sau finisaje clasice<\/li>\n<li data-section-id=\"1miasog\" data-start=\"790\" data-end=\"834\">Confort optim pentru purtare \u00eendelungat\u0103<\/li>\n<li data-section-id=\"beorua\" data-start=\"835\" data-end=\"859\">Fabrica\u021bi \u00een Rom\u00e2nia<\/li>\n<\/ul>\n<p data-start=\"861\" data-end=\"1008\" data-is-last-node=\"\" data-is-only-node=\"\">Sandalele Cleopatra sunt alegerea ideal\u0103 pentru \u021binute elegante, complet\u00e2nd perfect rochii de sear\u0103, outfituri de ocazie sau look-uri chic de var\u0103.<\/p>\n<p>Intaltime toc : 8 cm<\/p>\n<p><strong><i>ATENTIE! Acest produs se realizeaza\u00a0doar la comanda!<\/i><\/strong><\/p>\n<p><strong><i>Timp de realizare 10-12 zile lucratoare!<\/i><\/strong><\/p>\n<p><u><em><strong>PRODUS FABRICAT IN ROMANIA!<\/strong><\/em><\/u><\/p>\n<p>Marimi disponibile: 35, 36 , 37 , 38 , 39, 40<\/p>","protected":false},"excerpt":{"rendered":"<p>Sandalele Cleopatra sunt defini\u021bia elegan\u021bei moderne, un model rafinat care pune \u00een valoare feminitatea prin linii fine \u0219i detalii atent<\/p>","protected":false},"featured_media":617382,"comment_status":"open","ping_status":"closed","template":"","meta":[],"product_brand":[252],"product_cat":[30],"product_tag":[],"class_list":{"0":"post-35088","1":"product","2":"type-product","3":"status-publish","4":"has-post-thumbnail","6":"product_brand-exclusives","7":"product_cat-sandale","9":"first","10":"instock","11":"shipping-taxable","12":"purchasable","13":"product-type-variable","14":"has-default-attributes"},"yoast_head":"<!-- This site is optimized with the Yoast SEO plugin v27.4 - https:\/\/yoast.com\/product\/yoast-seo-wordpress\/ -->\n<title>Sandale - Cleopatra - Exclusives<\/title>\n<meta name=\"description\" content=\"Sandalele Cleopatra sunt defini\u021bia elegan\u021bei moderne, un model rafinat care pune \u00een valoare feminitatea prin linii fine \u0219i detalii atent lucrate. Cu un\" \/>\n<meta name=\"robots\" content=\"noindex, follow, max-snippet:-1, max-image-preview:large, max-video-preview:-1\" \/>\n<meta property=\"og:locale\" content=\"en_US\" \/>\n<meta property=\"og:type\" content=\"article\" \/>\n<meta property=\"og:title\" content=\"Sandale - Cleopatra - Exclusives\" \/>\n<meta property=\"og:description\" content=\"Sandalele Cleopatra sunt defini\u021bia elegan\u021bei moderne, un model rafinat care pune \u00een valoare feminitatea prin linii fine \u0219i detalii atent lucrate. Cu un\" \/>\n<meta property=\"og:url\" content=\"https:\/\/exclusives.ro\/en\/product\/sandale-cleopatra\/\" \/>\n<meta property=\"og:site_name\" content=\"Exclusives\" \/>\n<meta property=\"article:modified_time\" content=\"2026-04-15T07:21:19+00:00\" \/>\n<meta property=\"og:image\" content=\"https:\/\/exclusives.ro\/wp-content\/uploads\/2025\/10\/SSS07624.jpg\" \/>\n\t<meta property=\"og:image:width\" content=\"1365\" \/>\n\t<meta property=\"og:image:height\" content=\"2048\" \/>\n\t<meta property=\"og:image:type\" content=\"image\/jpeg\" \/>\n<meta name=\"twitter:card\" content=\"summary_large_image\" \/>\n<meta name=\"twitter:label1\" content=\"Est. reading time\" \/>\n\t<meta name=\"twitter:data1\" content=\"1 minute\" \/>\n<script type=\"application\/ld+json\" class=\"yoast-schema-graph\">{\"@context\":\"https:\\\/\\\/schema.org\",\"@graph\":[{\"@type\":\"WebPage\",\"@id\":\"https:\\\/\\\/exclusives.ro\\\/produs\\\/sandale-cleopatra\\\/\",\"url\":\"https:\\\/\\\/exclusives.ro\\\/produs\\\/sandale-cleopatra\\\/\",\"name\":\"Sandale - Cleopatra - Exclusives\",\"isPartOf\":{\"@id\":\"https:\\\/\\\/exclusives.ro\\\/#website\"},\"primaryImageOfPage\":{\"@id\":\"https:\\\/\\\/exclusives.ro\\\/produs\\\/sandale-cleopatra\\\/#primaryimage\"},\"image\":{\"@id\":\"https:\\\/\\\/exclusives.ro\\\/produs\\\/sandale-cleopatra\\\/#primaryimage\"},\"thumbnailUrl\":\"https:\\\/\\\/exclusives.ro\\\/wp-content\\\/uploads\\\/2025\\\/10\\\/SSS07624.jpg\",\"datePublished\":\"2025-10-14T19:58:59+00:00\",\"dateModified\":\"2026-04-15T07:21:19+00:00\",\"description\":\"Sandalele Cleopatra sunt defini\u021bia elegan\u021bei moderne, un model rafinat care pune \u00een valoare feminitatea prin linii fine \u0219i detalii atent lucrate. Cu un\",\"breadcrumb\":{\"@id\":\"https:\\\/\\\/exclusives.ro\\\/produs\\\/sandale-cleopatra\\\/#breadcrumb\"},\"inLanguage\":\"en-US\",\"potentialAction\":[{\"@type\":\"ReadAction\",\"target\":[\"https:\\\/\\\/exclusives.ro\\\/produs\\\/sandale-cleopatra\\\/\"]}]},{\"@type\":\"ImageObject\",\"inLanguage\":\"en-US\",\"@id\":\"https:\\\/\\\/exclusives.ro\\\/produs\\\/sandale-cleopatra\\\/#primaryimage\",\"url\":\"https:\\\/\\\/exclusives.ro\\\/wp-content\\\/uploads\\\/2025\\\/10\\\/SSS07624.jpg\",\"contentUrl\":\"https:\\\/\\\/exclusives.ro\\\/wp-content\\\/uploads\\\/2025\\\/10\\\/SSS07624.jpg\",\"width\":1365,\"height\":2048},{\"@type\":\"BreadcrumbList\",\"@id\":\"https:\\\/\\\/exclusives.ro\\\/produs\\\/sandale-cleopatra\\\/#breadcrumb\",\"itemListElement\":[{\"@type\":\"ListItem\",\"position\":1,\"name\":\"Home\",\"item\":\"https:\\\/\\\/exclusives.ro\\\/\"},{\"@type\":\"ListItem\",\"position\":2,\"name\":\"Pantofi\",\"item\":\"https:\\\/\\\/exclusives.ro\\\/shop\\\/\"},{\"@type\":\"ListItem\",\"position\":3,\"name\":\"Sandale &#8211; Cleopatra\"}]},{\"@type\":\"WebSite\",\"@id\":\"https:\\\/\\\/exclusives.ro\\\/#website\",\"url\":\"https:\\\/\\\/exclusives.ro\\\/\",\"name\":\"Exclusives\",\"description\":\"\",\"potentialAction\":[{\"@type\":\"SearchAction\",\"target\":{\"@type\":\"EntryPoint\",\"urlTemplate\":\"https:\\\/\\\/exclusives.ro\\\/?s={search_term_string}\"},\"query-input\":{\"@type\":\"PropertyValueSpecification\",\"valueRequired\":true,\"valueName\":\"search_term_string\"}}],\"inLanguage\":\"en-US\"}]}<\/script>\n<!-- \/ Yoast SEO plugin. -->","yoast_head_json":{"title":"Sandale - Cleopatra - Exclusives","description":"Sandalele Cleopatra sunt defini\u021bia elegan\u021bei moderne, un model rafinat care pune \u00een valoare feminitatea prin linii fine \u0219i detalii atent lucrate. Cu un","robots":{"index":"noindex","follow":"follow","max-snippet":"max-snippet:-1","max-image-preview":"max-image-preview:large","max-video-preview":"max-video-preview:-1"},"og_locale":"en_US","og_type":"article","og_title":"Sandale - Cleopatra - Exclusives","og_description":"Sandalele Cleopatra sunt defini\u021bia elegan\u021bei moderne, un model rafinat care pune \u00een valoare feminitatea prin linii fine \u0219i detalii atent lucrate. Cu un","og_url":"https:\/\/exclusives.ro\/en\/product\/sandale-cleopatra\/","og_site_name":"Exclusives","article_modified_time":"2026-04-15T07:21:19+00:00","og_image":[{"width":1365,"height":2048,"url":"https:\/\/exclusives.ro\/wp-content\/uploads\/2025\/10\/SSS07624.jpg","type":"image\/jpeg"}],"twitter_card":"summary_large_image","twitter_misc":{"Est. reading time":"1 minute"},"schema":{"@context":"https:\/\/schema.org","@graph":[{"@type":"WebPage","@id":"https:\/\/exclusives.ro\/produs\/sandale-cleopatra\/","url":"https:\/\/exclusives.ro\/produs\/sandale-cleopatra\/","name":"Sandale - Cleopatra - Exclusives","isPartOf":{"@id":"https:\/\/exclusives.ro\/#website"},"primaryImageOfPage":{"@id":"https:\/\/exclusives.ro\/produs\/sandale-cleopatra\/#primaryimage"},"image":{"@id":"https:\/\/exclusives.ro\/produs\/sandale-cleopatra\/#primaryimage"},"thumbnailUrl":"https:\/\/exclusives.ro\/wp-content\/uploads\/2025\/10\/SSS07624.jpg","datePublished":"2025-10-14T19:58:59+00:00","dateModified":"2026-04-15T07:21:19+00:00","description":"Sandalele Cleopatra sunt defini\u021bia elegan\u021bei moderne, un model rafinat care pune \u00een valoare feminitatea prin linii fine \u0219i detalii atent lucrate. Cu un","breadcrumb":{"@id":"https:\/\/exclusives.ro\/produs\/sandale-cleopatra\/#breadcrumb"},"inLanguage":"en-US","potentialAction":[{"@type":"ReadAction","target":["https:\/\/exclusives.ro\/produs\/sandale-cleopatra\/"]}]},{"@type":"ImageObject","inLanguage":"en-US","@id":"https:\/\/exclusives.ro\/produs\/sandale-cleopatra\/#primaryimage","url":"https:\/\/exclusives.ro\/wp-content\/uploads\/2025\/10\/SSS07624.jpg","contentUrl":"https:\/\/exclusives.ro\/wp-content\/uploads\/2025\/10\/SSS07624.jpg","width":1365,"height":2048},{"@type":"BreadcrumbList","@id":"https:\/\/exclusives.ro\/produs\/sandale-cleopatra\/#breadcrumb","itemListElement":[{"@type":"ListItem","position":1,"name":"Home","item":"https:\/\/exclusives.ro\/"},{"@type":"ListItem","position":2,"name":"Pantofi","item":"https:\/\/exclusives.ro\/shop\/"},{"@type":"ListItem","position":3,"name":"Sandale &#8211; Cleopatra"}]},{"@type":"WebSite","@id":"https:\/\/exclusives.ro\/#website","url":"https:\/\/exclusives.ro\/","name":"Exclusives","description":"","potentialAction":[{"@type":"SearchAction","target":{"@type":"EntryPoint","urlTemplate":"https:\/\/exclusives.ro\/?s={search_term_string}"},"query-input":{"@type":"PropertyValueSpecification","valueRequired":true,"valueName":"search_term_string"}}],"inLanguage":"en-US"}]}},"jetpack_sharing_enabled":true,"_links":{"self":[{"href":"https:\/\/exclusives.ro\/en\/wp-json\/wp\/v2\/product\/35088","targetHints":{"allow":["GET"]}}],"collection":[{"href":"https:\/\/exclusives.ro\/en\/wp-json\/wp\/v2\/product"}],"about":[{"href":"https:\/\/exclusives.ro\/en\/wp-json\/wp\/v2\/types\/product"}],"replies":[{"embeddable":true,"href":"https:\/\/exclusives.ro\/en\/wp-json\/wp\/v2\/comments?post=35088"}],"version-history":[{"count":2,"href":"https:\/\/exclusives.ro\/en\/wp-json\/wp\/v2\/product\/35088\/revisions"}],"predecessor-version":[{"id":617531,"href":"https:\/\/exclusives.ro\/en\/wp-json\/wp\/v2\/product\/35088\/revisions\/617531"}],"wp:featuredmedia":[{"embeddable":true,"href":"https:\/\/exclusives.ro\/en\/wp-json\/wp\/v2\/media\/617382"}],"wp:attachment":[{"href":"https:\/\/exclusives.ro\/en\/wp-json\/wp\/v2\/media?parent=35088"}],"wp:term":[{"taxonomy":"product_brand","embeddable":true,"href":"https:\/\/exclusives.ro\/en\/wp-json\/wp\/v2\/product_brand?post=35088"},{"taxonomy":"product_cat","embeddable":true,"href":"https:\/\/exclusives.ro\/en\/wp-json\/wp\/v2\/product_cat?post=35088"},{"taxonomy":"product_tag","embeddable":true,"href":"https:\/\/exclusives.ro\/en\/wp-json\/wp\/v2\/product_tag?post=35088"}],"curies":[{"name":"wp","href":"https:\/\/api.w.org\/{rel}","templated":true}]}}