{"id":35426,"date":"2025-10-14T20:44:21","date_gmt":"2025-10-14T20:44:21","guid":{"rendered":"https:\/\/exclusives.fastapp.ro\/?post_type=product&#038;p=35426"},"modified":"2026-03-26T11:54:09","modified_gmt":"2026-03-26T11:54:09","slug":"sneakersi-lally","status":"publish","type":"product","link":"https:\/\/exclusives.ro\/en\/product\/sneakersi-lally\/","title":{"rendered":"Sneakersi &#8211; Lally"},"content":{"rendered":"<p data-start=\"100\" data-end=\"317\">Sneakers Lally sunt defini\u021bia echilibrului dintre confort \u0219i simplitate modern\u0103. Cu un design curat \u0219i o construc\u021bie u\u0219oar\u0103, ace\u0219ti sneakers sunt crea\u021bi pentru zile active, \u00een care stilul trebuie s\u0103 r\u0103m\u00e2n\u0103 effortless.<\/p>\n<p data-start=\"319\" data-end=\"657\">Realiza\u021bi din piele natural\u0103 \u0219i materiale atent selec\u021bionate, Lally ofer\u0103 o senza\u021bie pl\u0103cut\u0103 la purtare, \u00een timp ce talpa flexibil\u0103 \u0219i forma ergonomic\u0103 asigur\u0103 libertate de mi\u0219care pe tot parcursul zilei. Paleta variat\u0103 de culori \u2013 de la nuan\u021be soft p\u00e2n\u0103 la tonuri vibrante \u2013 \u00eei transform\u0103 \u00eentr-o alegere versatil\u0103 pentru orice garderob\u0103.<\/p>\n<ul data-start=\"659\" data-end=\"945\">\n<li data-section-id=\"1qu05r8\" data-start=\"659\" data-end=\"710\">Piele natural\u0103 \u0219i materiale u\u0219oare, respirabile<\/li>\n<li data-section-id=\"dfpp8p\" data-start=\"711\" data-end=\"762\">Interior confortabil pentru purtare \u00eendelungat\u0103<\/li>\n<li data-section-id=\"nk3n1d\" data-start=\"763\" data-end=\"816\">Talp\u0103 flexibil\u0103, ideal\u0103 pentru activit\u0103\u021bi zilnice<\/li>\n<li data-section-id=\"1ptji8q\" data-start=\"817\" data-end=\"872\">Design minimalist, u\u0219or de integrat \u00een orice outfit<\/li>\n<li data-section-id=\"c60an4\" data-start=\"873\" data-end=\"920\">Disponibili \u00een multiple variante de culoare<\/li>\n<li data-section-id=\"beorua\" data-start=\"921\" data-end=\"945\">Fabrica\u021bi \u00een Rom\u00e2nia<\/li>\n<\/ul>\n<p data-start=\"947\" data-end=\"1146\">Sneakers Lally sunt alegerea perfect\u0103 pentru un stil relaxat, modern \u0219i func\u021bional. Fie c\u0103 \u00eei por\u021bi \u00een combina\u021bii casual sau \u00een outfituri fresh de zi, \u00ee\u021bi ofer\u0103 confort \u0219i un look actual, f\u0103r\u0103 efort.<\/p>\n<p><u><em><strong>PRODUS FABRICAT IN ROMANIA!<\/strong><\/em><\/u><\/p>\n<p>Marimi disponibile:\u00a0 \u00a036 , 37 , 38 , 39, 40<\/p>\n<p><strong><i>TEREMEN DE REALIZARE 12-14\u00a0ZILE LUCRATOARE<\/i><\/strong><\/p>","protected":false},"excerpt":{"rendered":"<p>Sneakers Lally sunt defini\u021bia echilibrului dintre confort \u0219i simplitate modern\u0103. Cu un design curat \u0219i o construc\u021bie u\u0219oar\u0103, ace\u0219ti sneakers<\/p>","protected":false},"featured_media":37155,"comment_status":"open","ping_status":"closed","template":"","meta":[],"product_brand":[252],"product_cat":[28],"product_tag":[],"class_list":{"0":"post-35426","1":"product","2":"type-product","3":"status-publish","4":"has-post-thumbnail","6":"product_brand-exclusives","7":"product_cat-sneakersi-tenesi","9":"first","10":"instock","11":"shipping-taxable","12":"purchasable","13":"product-type-variable","14":"has-default-attributes"},"yoast_head":"<!-- This site is optimized with the Yoast SEO plugin v27.4 - https:\/\/yoast.com\/product\/yoast-seo-wordpress\/ -->\n<title>Sneakersi - Lally - Exclusives<\/title>\n<meta name=\"description\" content=\"Sneakers Lally sunt defini\u021bia echilibrului dintre confort \u0219i simplitate modern\u0103. Cu un design curat \u0219i o construc\u021bie u\u0219oar\u0103, ace\u0219ti sneakers sunt crea\u021bi\" \/>\n<meta name=\"robots\" content=\"noindex, follow, max-snippet:-1, max-image-preview:large, max-video-preview:-1\" \/>\n<meta property=\"og:locale\" content=\"en_US\" \/>\n<meta property=\"og:type\" content=\"article\" \/>\n<meta property=\"og:title\" content=\"Sneakersi - Lally - Exclusives\" \/>\n<meta property=\"og:description\" content=\"Sneakers Lally sunt defini\u021bia echilibrului dintre confort \u0219i simplitate modern\u0103. Cu un design curat \u0219i o construc\u021bie u\u0219oar\u0103, ace\u0219ti sneakers sunt crea\u021bi\" \/>\n<meta property=\"og:url\" content=\"https:\/\/exclusives.ro\/en\/product\/sneakersi-lally\/\" \/>\n<meta property=\"og:site_name\" content=\"Exclusives\" \/>\n<meta property=\"article:modified_time\" content=\"2026-03-26T11:54:09+00:00\" \/>\n<meta property=\"og:image\" content=\"https:\/\/exclusives.ro\/wp-content\/uploads\/2025\/10\/SRB07907.jpg\" \/>\n\t<meta property=\"og:image:width\" content=\"1366\" \/>\n\t<meta property=\"og:image:height\" content=\"2048\" \/>\n\t<meta property=\"og:image:type\" content=\"image\/jpeg\" \/>\n<meta name=\"twitter:card\" content=\"summary_large_image\" \/>\n<meta name=\"twitter:label1\" content=\"Est. reading time\" \/>\n\t<meta name=\"twitter:data1\" content=\"1 minute\" \/>\n<script type=\"application\/ld+json\" class=\"yoast-schema-graph\">{\"@context\":\"https:\\\/\\\/schema.org\",\"@graph\":[{\"@type\":\"WebPage\",\"@id\":\"https:\\\/\\\/exclusives.ro\\\/produs\\\/sneakersi-lally\\\/\",\"url\":\"https:\\\/\\\/exclusives.ro\\\/produs\\\/sneakersi-lally\\\/\",\"name\":\"Sneakersi - Lally - Exclusives\",\"isPartOf\":{\"@id\":\"https:\\\/\\\/exclusives.ro\\\/#website\"},\"primaryImageOfPage\":{\"@id\":\"https:\\\/\\\/exclusives.ro\\\/produs\\\/sneakersi-lally\\\/#primaryimage\"},\"image\":{\"@id\":\"https:\\\/\\\/exclusives.ro\\\/produs\\\/sneakersi-lally\\\/#primaryimage\"},\"thumbnailUrl\":\"https:\\\/\\\/exclusives.ro\\\/wp-content\\\/uploads\\\/2025\\\/10\\\/SRB07907.jpg\",\"datePublished\":\"2025-10-14T20:44:21+00:00\",\"dateModified\":\"2026-03-26T11:54:09+00:00\",\"description\":\"Sneakers Lally sunt defini\u021bia echilibrului dintre confort \u0219i simplitate modern\u0103. Cu un design curat \u0219i o construc\u021bie u\u0219oar\u0103, ace\u0219ti sneakers sunt crea\u021bi\",\"breadcrumb\":{\"@id\":\"https:\\\/\\\/exclusives.ro\\\/produs\\\/sneakersi-lally\\\/#breadcrumb\"},\"inLanguage\":\"en-US\",\"potentialAction\":[{\"@type\":\"ReadAction\",\"target\":[\"https:\\\/\\\/exclusives.ro\\\/produs\\\/sneakersi-lally\\\/\"]}]},{\"@type\":\"ImageObject\",\"inLanguage\":\"en-US\",\"@id\":\"https:\\\/\\\/exclusives.ro\\\/produs\\\/sneakersi-lally\\\/#primaryimage\",\"url\":\"https:\\\/\\\/exclusives.ro\\\/wp-content\\\/uploads\\\/2025\\\/10\\\/SRB07907.jpg\",\"contentUrl\":\"https:\\\/\\\/exclusives.ro\\\/wp-content\\\/uploads\\\/2025\\\/10\\\/SRB07907.jpg\",\"width\":1366,\"height\":2048},{\"@type\":\"BreadcrumbList\",\"@id\":\"https:\\\/\\\/exclusives.ro\\\/produs\\\/sneakersi-lally\\\/#breadcrumb\",\"itemListElement\":[{\"@type\":\"ListItem\",\"position\":1,\"name\":\"Home\",\"item\":\"https:\\\/\\\/exclusives.ro\\\/\"},{\"@type\":\"ListItem\",\"position\":2,\"name\":\"Pantofi\",\"item\":\"https:\\\/\\\/exclusives.ro\\\/shop\\\/\"},{\"@type\":\"ListItem\",\"position\":3,\"name\":\"Sneakersi &#8211; Lally\"}]},{\"@type\":\"WebSite\",\"@id\":\"https:\\\/\\\/exclusives.ro\\\/#website\",\"url\":\"https:\\\/\\\/exclusives.ro\\\/\",\"name\":\"Exclusives\",\"description\":\"\",\"potentialAction\":[{\"@type\":\"SearchAction\",\"target\":{\"@type\":\"EntryPoint\",\"urlTemplate\":\"https:\\\/\\\/exclusives.ro\\\/?s={search_term_string}\"},\"query-input\":{\"@type\":\"PropertyValueSpecification\",\"valueRequired\":true,\"valueName\":\"search_term_string\"}}],\"inLanguage\":\"en-US\"}]}<\/script>\n<!-- \/ Yoast SEO plugin. -->","yoast_head_json":{"title":"Sneakersi - Lally - Exclusives","description":"Sneakers Lally sunt defini\u021bia echilibrului dintre confort \u0219i simplitate modern\u0103. Cu un design curat \u0219i o construc\u021bie u\u0219oar\u0103, ace\u0219ti sneakers sunt crea\u021bi","robots":{"index":"noindex","follow":"follow","max-snippet":"max-snippet:-1","max-image-preview":"max-image-preview:large","max-video-preview":"max-video-preview:-1"},"og_locale":"en_US","og_type":"article","og_title":"Sneakersi - Lally - Exclusives","og_description":"Sneakers Lally sunt defini\u021bia echilibrului dintre confort \u0219i simplitate modern\u0103. Cu un design curat \u0219i o construc\u021bie u\u0219oar\u0103, ace\u0219ti sneakers sunt crea\u021bi","og_url":"https:\/\/exclusives.ro\/en\/product\/sneakersi-lally\/","og_site_name":"Exclusives","article_modified_time":"2026-03-26T11:54:09+00:00","og_image":[{"width":1366,"height":2048,"url":"https:\/\/exclusives.ro\/wp-content\/uploads\/2025\/10\/SRB07907.jpg","type":"image\/jpeg"}],"twitter_card":"summary_large_image","twitter_misc":{"Est. reading time":"1 minute"},"schema":{"@context":"https:\/\/schema.org","@graph":[{"@type":"WebPage","@id":"https:\/\/exclusives.ro\/produs\/sneakersi-lally\/","url":"https:\/\/exclusives.ro\/produs\/sneakersi-lally\/","name":"Sneakersi - Lally - Exclusives","isPartOf":{"@id":"https:\/\/exclusives.ro\/#website"},"primaryImageOfPage":{"@id":"https:\/\/exclusives.ro\/produs\/sneakersi-lally\/#primaryimage"},"image":{"@id":"https:\/\/exclusives.ro\/produs\/sneakersi-lally\/#primaryimage"},"thumbnailUrl":"https:\/\/exclusives.ro\/wp-content\/uploads\/2025\/10\/SRB07907.jpg","datePublished":"2025-10-14T20:44:21+00:00","dateModified":"2026-03-26T11:54:09+00:00","description":"Sneakers Lally sunt defini\u021bia echilibrului dintre confort \u0219i simplitate modern\u0103. Cu un design curat \u0219i o construc\u021bie u\u0219oar\u0103, ace\u0219ti sneakers sunt crea\u021bi","breadcrumb":{"@id":"https:\/\/exclusives.ro\/produs\/sneakersi-lally\/#breadcrumb"},"inLanguage":"en-US","potentialAction":[{"@type":"ReadAction","target":["https:\/\/exclusives.ro\/produs\/sneakersi-lally\/"]}]},{"@type":"ImageObject","inLanguage":"en-US","@id":"https:\/\/exclusives.ro\/produs\/sneakersi-lally\/#primaryimage","url":"https:\/\/exclusives.ro\/wp-content\/uploads\/2025\/10\/SRB07907.jpg","contentUrl":"https:\/\/exclusives.ro\/wp-content\/uploads\/2025\/10\/SRB07907.jpg","width":1366,"height":2048},{"@type":"BreadcrumbList","@id":"https:\/\/exclusives.ro\/produs\/sneakersi-lally\/#breadcrumb","itemListElement":[{"@type":"ListItem","position":1,"name":"Home","item":"https:\/\/exclusives.ro\/"},{"@type":"ListItem","position":2,"name":"Pantofi","item":"https:\/\/exclusives.ro\/shop\/"},{"@type":"ListItem","position":3,"name":"Sneakersi &#8211; Lally"}]},{"@type":"WebSite","@id":"https:\/\/exclusives.ro\/#website","url":"https:\/\/exclusives.ro\/","name":"Exclusives","description":"","potentialAction":[{"@type":"SearchAction","target":{"@type":"EntryPoint","urlTemplate":"https:\/\/exclusives.ro\/?s={search_term_string}"},"query-input":{"@type":"PropertyValueSpecification","valueRequired":true,"valueName":"search_term_string"}}],"inLanguage":"en-US"}]}},"jetpack_sharing_enabled":true,"_links":{"self":[{"href":"https:\/\/exclusives.ro\/en\/wp-json\/wp\/v2\/product\/35426","targetHints":{"allow":["GET"]}}],"collection":[{"href":"https:\/\/exclusives.ro\/en\/wp-json\/wp\/v2\/product"}],"about":[{"href":"https:\/\/exclusives.ro\/en\/wp-json\/wp\/v2\/types\/product"}],"replies":[{"embeddable":true,"href":"https:\/\/exclusives.ro\/en\/wp-json\/wp\/v2\/comments?post=35426"}],"version-history":[{"count":2,"href":"https:\/\/exclusives.ro\/en\/wp-json\/wp\/v2\/product\/35426\/revisions"}],"predecessor-version":[{"id":616431,"href":"https:\/\/exclusives.ro\/en\/wp-json\/wp\/v2\/product\/35426\/revisions\/616431"}],"wp:featuredmedia":[{"embeddable":true,"href":"https:\/\/exclusives.ro\/en\/wp-json\/wp\/v2\/media\/37155"}],"wp:attachment":[{"href":"https:\/\/exclusives.ro\/en\/wp-json\/wp\/v2\/media?parent=35426"}],"wp:term":[{"taxonomy":"product_brand","embeddable":true,"href":"https:\/\/exclusives.ro\/en\/wp-json\/wp\/v2\/product_brand?post=35426"},{"taxonomy":"product_cat","embeddable":true,"href":"https:\/\/exclusives.ro\/en\/wp-json\/wp\/v2\/product_cat?post=35426"},{"taxonomy":"product_tag","embeddable":true,"href":"https:\/\/exclusives.ro\/en\/wp-json\/wp\/v2\/product_tag?post=35426"}],"curies":[{"name":"wp","href":"https:\/\/api.w.org\/{rel}","templated":true}]}}