{"id":35505,"date":"2025-10-14T21:03:12","date_gmt":"2025-10-14T21:03:12","guid":{"rendered":"https:\/\/exclusives.fastapp.ro\/?post_type=product&#038;p=35505"},"modified":"2026-03-26T12:05:26","modified_gmt":"2026-03-26T12:05:26","slug":"sneakersi-milan","status":"publish","type":"product","link":"https:\/\/exclusives.ro\/en\/product\/sneakersi-milan\/","title":{"rendered":"Sneakersi &#8211; Milan"},"content":{"rendered":"<p data-start=\"118\" data-end=\"337\">Sneakers Milan sunt expresia unui stil modern, \u00een care simplitatea se \u00eent\u00e2lne\u0219te cu detalii atent conturate. Cu o siluet\u0103 fluid\u0103 \u0219i accente subtile de design, acest model aduce un aer actual \u0219i versatil oric\u0103rei \u021binute.<\/p>\n<p data-start=\"339\" data-end=\"601\">Realiza\u021bi din piele natural\u0103 \u0219i disponibili \u00een variante monocrome sau combina\u021bii cu personalitate, Milan se remarc\u0103 prin liniile curate \u0219i construc\u021bia echilibrat\u0103. Talpa u\u0219oar\u0103 \u0219i forma ergonomic\u0103 ofer\u0103 confort pe tot parcursul zilei, f\u0103r\u0103 a compromite estetica.<\/p>\n<ul data-start=\"603\" data-end=\"867\">\n<li data-section-id=\"9yg55n\" data-start=\"603\" data-end=\"626\">100% piele natural\u0103<\/li>\n<li data-section-id=\"1l5njhv\" data-start=\"627\" data-end=\"670\">Interior c\u0103ptu\u0219it pentru confort zilnic<\/li>\n<li data-section-id=\"1ajqas4\" data-start=\"671\" data-end=\"723\">Talp\u0103 u\u0219oar\u0103, flexibil\u0103, pentru sus\u021binere optim\u0103<\/li>\n<li data-section-id=\"j6hd2o\" data-start=\"724\" data-end=\"778\">Design modern, cu linii fluide \u0219i detalii discrete<\/li>\n<li data-section-id=\"1sx7if1\" data-start=\"779\" data-end=\"842\">Disponibili \u00een variante clasice sau cu imprimeuri statement<\/li>\n<li data-section-id=\"beorua\" data-start=\"843\" data-end=\"867\">Fabrica\u021bi \u00een Rom\u00e2nia<\/li>\n<\/ul>\n<p data-start=\"869\" data-end=\"1064\">Sneakers Milan sunt alegerea ideal\u0103 pentru un stil urban, curat \u0219i bine definit. Se integreaz\u0103 u\u0219or \u00een outfituri casual sau smart-casual, oferind un echilibru perfect \u00eentre confort \u0219i rafinament.<\/p>\n<p><u><em><strong>PRODUS FABRICAT IN ROMANIA!<\/strong><\/em><\/u><\/p>\n<p>Marimi disponibile:\u00a0 \u00a036 , 37 , 38 , 39, 40<\/p>\n<p><strong><i>TERMEN DE REALIZARE 12-14 ZILE LUCRATOARE<\/i><\/strong><\/p>","protected":false},"excerpt":{"rendered":"<p>Sneakers Milan sunt expresia unui stil modern, \u00een care simplitatea se \u00eent\u00e2lne\u0219te cu detalii atent conturate. Cu o siluet\u0103 fluid\u0103<\/p>","protected":false},"featured_media":37157,"comment_status":"open","ping_status":"closed","template":"","meta":[],"product_brand":[252],"product_cat":[28],"product_tag":[],"class_list":{"0":"post-35505","1":"product","2":"type-product","3":"status-publish","4":"has-post-thumbnail","6":"product_brand-exclusives","7":"product_cat-sneakersi-tenesi","9":"first","10":"instock","11":"shipping-taxable","12":"purchasable","13":"product-type-variable","14":"has-default-attributes"},"yoast_head":"<!-- This site is optimized with the Yoast SEO plugin v27.4 - https:\/\/yoast.com\/product\/yoast-seo-wordpress\/ -->\n<title>Sneakersi - Milan - Exclusives<\/title>\n<meta name=\"description\" content=\"Sneakers Milan sunt expresia unui stil modern, \u00een care simplitatea se \u00eent\u00e2lne\u0219te cu detalii atent conturate. Cu o siluet\u0103 fluid\u0103 \u0219i accente subtile de\" \/>\n<meta name=\"robots\" content=\"noindex, follow, max-snippet:-1, max-image-preview:large, max-video-preview:-1\" \/>\n<meta property=\"og:locale\" content=\"en_US\" \/>\n<meta property=\"og:type\" content=\"article\" \/>\n<meta property=\"og:title\" content=\"Sneakersi - Milan - Exclusives\" \/>\n<meta property=\"og:description\" content=\"Sneakers Milan sunt expresia unui stil modern, \u00een care simplitatea se \u00eent\u00e2lne\u0219te cu detalii atent conturate. Cu o siluet\u0103 fluid\u0103 \u0219i accente subtile de\" \/>\n<meta property=\"og:url\" content=\"https:\/\/exclusives.ro\/en\/product\/sneakersi-milan\/\" \/>\n<meta property=\"og:site_name\" content=\"Exclusives\" \/>\n<meta property=\"article:modified_time\" content=\"2026-03-26T12:05:26+00:00\" \/>\n<meta property=\"og:image\" content=\"https:\/\/exclusives.ro\/wp-content\/uploads\/2025\/10\/SRB07710.jpg\" \/>\n\t<meta property=\"og:image:width\" content=\"1366\" \/>\n\t<meta property=\"og:image:height\" content=\"2048\" \/>\n\t<meta property=\"og:image:type\" content=\"image\/jpeg\" \/>\n<meta name=\"twitter:card\" content=\"summary_large_image\" \/>\n<meta name=\"twitter:label1\" content=\"Est. reading time\" \/>\n\t<meta name=\"twitter:data1\" content=\"1 minute\" \/>\n<script type=\"application\/ld+json\" class=\"yoast-schema-graph\">{\"@context\":\"https:\\\/\\\/schema.org\",\"@graph\":[{\"@type\":\"WebPage\",\"@id\":\"https:\\\/\\\/exclusives.ro\\\/produs\\\/sneakersi-milan\\\/\",\"url\":\"https:\\\/\\\/exclusives.ro\\\/produs\\\/sneakersi-milan\\\/\",\"name\":\"Sneakersi - Milan - Exclusives\",\"isPartOf\":{\"@id\":\"https:\\\/\\\/exclusives.ro\\\/#website\"},\"primaryImageOfPage\":{\"@id\":\"https:\\\/\\\/exclusives.ro\\\/produs\\\/sneakersi-milan\\\/#primaryimage\"},\"image\":{\"@id\":\"https:\\\/\\\/exclusives.ro\\\/produs\\\/sneakersi-milan\\\/#primaryimage\"},\"thumbnailUrl\":\"https:\\\/\\\/exclusives.ro\\\/wp-content\\\/uploads\\\/2025\\\/10\\\/SRB07710.jpg\",\"datePublished\":\"2025-10-14T21:03:12+00:00\",\"dateModified\":\"2026-03-26T12:05:26+00:00\",\"description\":\"Sneakers Milan sunt expresia unui stil modern, \u00een care simplitatea se \u00eent\u00e2lne\u0219te cu detalii atent conturate. Cu o siluet\u0103 fluid\u0103 \u0219i accente subtile de\",\"breadcrumb\":{\"@id\":\"https:\\\/\\\/exclusives.ro\\\/produs\\\/sneakersi-milan\\\/#breadcrumb\"},\"inLanguage\":\"en-US\",\"potentialAction\":[{\"@type\":\"ReadAction\",\"target\":[\"https:\\\/\\\/exclusives.ro\\\/produs\\\/sneakersi-milan\\\/\"]}]},{\"@type\":\"ImageObject\",\"inLanguage\":\"en-US\",\"@id\":\"https:\\\/\\\/exclusives.ro\\\/produs\\\/sneakersi-milan\\\/#primaryimage\",\"url\":\"https:\\\/\\\/exclusives.ro\\\/wp-content\\\/uploads\\\/2025\\\/10\\\/SRB07710.jpg\",\"contentUrl\":\"https:\\\/\\\/exclusives.ro\\\/wp-content\\\/uploads\\\/2025\\\/10\\\/SRB07710.jpg\",\"width\":1366,\"height\":2048},{\"@type\":\"BreadcrumbList\",\"@id\":\"https:\\\/\\\/exclusives.ro\\\/produs\\\/sneakersi-milan\\\/#breadcrumb\",\"itemListElement\":[{\"@type\":\"ListItem\",\"position\":1,\"name\":\"Home\",\"item\":\"https:\\\/\\\/exclusives.ro\\\/\"},{\"@type\":\"ListItem\",\"position\":2,\"name\":\"Pantofi\",\"item\":\"https:\\\/\\\/exclusives.ro\\\/shop\\\/\"},{\"@type\":\"ListItem\",\"position\":3,\"name\":\"Sneakersi &#8211; Milan\"}]},{\"@type\":\"WebSite\",\"@id\":\"https:\\\/\\\/exclusives.ro\\\/#website\",\"url\":\"https:\\\/\\\/exclusives.ro\\\/\",\"name\":\"Exclusives\",\"description\":\"\",\"potentialAction\":[{\"@type\":\"SearchAction\",\"target\":{\"@type\":\"EntryPoint\",\"urlTemplate\":\"https:\\\/\\\/exclusives.ro\\\/?s={search_term_string}\"},\"query-input\":{\"@type\":\"PropertyValueSpecification\",\"valueRequired\":true,\"valueName\":\"search_term_string\"}}],\"inLanguage\":\"en-US\"}]}<\/script>\n<!-- \/ Yoast SEO plugin. -->","yoast_head_json":{"title":"Sneakersi - Milan - Exclusives","description":"Sneakers Milan sunt expresia unui stil modern, \u00een care simplitatea se \u00eent\u00e2lne\u0219te cu detalii atent conturate. Cu o siluet\u0103 fluid\u0103 \u0219i accente subtile de","robots":{"index":"noindex","follow":"follow","max-snippet":"max-snippet:-1","max-image-preview":"max-image-preview:large","max-video-preview":"max-video-preview:-1"},"og_locale":"en_US","og_type":"article","og_title":"Sneakersi - Milan - Exclusives","og_description":"Sneakers Milan sunt expresia unui stil modern, \u00een care simplitatea se \u00eent\u00e2lne\u0219te cu detalii atent conturate. Cu o siluet\u0103 fluid\u0103 \u0219i accente subtile de","og_url":"https:\/\/exclusives.ro\/en\/product\/sneakersi-milan\/","og_site_name":"Exclusives","article_modified_time":"2026-03-26T12:05:26+00:00","og_image":[{"width":1366,"height":2048,"url":"https:\/\/exclusives.ro\/wp-content\/uploads\/2025\/10\/SRB07710.jpg","type":"image\/jpeg"}],"twitter_card":"summary_large_image","twitter_misc":{"Est. reading time":"1 minute"},"schema":{"@context":"https:\/\/schema.org","@graph":[{"@type":"WebPage","@id":"https:\/\/exclusives.ro\/produs\/sneakersi-milan\/","url":"https:\/\/exclusives.ro\/produs\/sneakersi-milan\/","name":"Sneakersi - Milan - Exclusives","isPartOf":{"@id":"https:\/\/exclusives.ro\/#website"},"primaryImageOfPage":{"@id":"https:\/\/exclusives.ro\/produs\/sneakersi-milan\/#primaryimage"},"image":{"@id":"https:\/\/exclusives.ro\/produs\/sneakersi-milan\/#primaryimage"},"thumbnailUrl":"https:\/\/exclusives.ro\/wp-content\/uploads\/2025\/10\/SRB07710.jpg","datePublished":"2025-10-14T21:03:12+00:00","dateModified":"2026-03-26T12:05:26+00:00","description":"Sneakers Milan sunt expresia unui stil modern, \u00een care simplitatea se \u00eent\u00e2lne\u0219te cu detalii atent conturate. Cu o siluet\u0103 fluid\u0103 \u0219i accente subtile de","breadcrumb":{"@id":"https:\/\/exclusives.ro\/produs\/sneakersi-milan\/#breadcrumb"},"inLanguage":"en-US","potentialAction":[{"@type":"ReadAction","target":["https:\/\/exclusives.ro\/produs\/sneakersi-milan\/"]}]},{"@type":"ImageObject","inLanguage":"en-US","@id":"https:\/\/exclusives.ro\/produs\/sneakersi-milan\/#primaryimage","url":"https:\/\/exclusives.ro\/wp-content\/uploads\/2025\/10\/SRB07710.jpg","contentUrl":"https:\/\/exclusives.ro\/wp-content\/uploads\/2025\/10\/SRB07710.jpg","width":1366,"height":2048},{"@type":"BreadcrumbList","@id":"https:\/\/exclusives.ro\/produs\/sneakersi-milan\/#breadcrumb","itemListElement":[{"@type":"ListItem","position":1,"name":"Home","item":"https:\/\/exclusives.ro\/"},{"@type":"ListItem","position":2,"name":"Pantofi","item":"https:\/\/exclusives.ro\/shop\/"},{"@type":"ListItem","position":3,"name":"Sneakersi &#8211; Milan"}]},{"@type":"WebSite","@id":"https:\/\/exclusives.ro\/#website","url":"https:\/\/exclusives.ro\/","name":"Exclusives","description":"","potentialAction":[{"@type":"SearchAction","target":{"@type":"EntryPoint","urlTemplate":"https:\/\/exclusives.ro\/?s={search_term_string}"},"query-input":{"@type":"PropertyValueSpecification","valueRequired":true,"valueName":"search_term_string"}}],"inLanguage":"en-US"}]}},"jetpack_sharing_enabled":true,"_links":{"self":[{"href":"https:\/\/exclusives.ro\/en\/wp-json\/wp\/v2\/product\/35505","targetHints":{"allow":["GET"]}}],"collection":[{"href":"https:\/\/exclusives.ro\/en\/wp-json\/wp\/v2\/product"}],"about":[{"href":"https:\/\/exclusives.ro\/en\/wp-json\/wp\/v2\/types\/product"}],"replies":[{"embeddable":true,"href":"https:\/\/exclusives.ro\/en\/wp-json\/wp\/v2\/comments?post=35505"}],"version-history":[{"count":2,"href":"https:\/\/exclusives.ro\/en\/wp-json\/wp\/v2\/product\/35505\/revisions"}],"predecessor-version":[{"id":616483,"href":"https:\/\/exclusives.ro\/en\/wp-json\/wp\/v2\/product\/35505\/revisions\/616483"}],"wp:featuredmedia":[{"embeddable":true,"href":"https:\/\/exclusives.ro\/en\/wp-json\/wp\/v2\/media\/37157"}],"wp:attachment":[{"href":"https:\/\/exclusives.ro\/en\/wp-json\/wp\/v2\/media?parent=35505"}],"wp:term":[{"taxonomy":"product_brand","embeddable":true,"href":"https:\/\/exclusives.ro\/en\/wp-json\/wp\/v2\/product_brand?post=35505"},{"taxonomy":"product_cat","embeddable":true,"href":"https:\/\/exclusives.ro\/en\/wp-json\/wp\/v2\/product_cat?post=35505"},{"taxonomy":"product_tag","embeddable":true,"href":"https:\/\/exclusives.ro\/en\/wp-json\/wp\/v2\/product_tag?post=35505"}],"curies":[{"name":"wp","href":"https:\/\/api.w.org\/{rel}","templated":true}]}}