{"id":35583,"date":"2025-10-14T21:10:50","date_gmt":"2025-10-14T21:10:50","guid":{"rendered":"https:\/\/exclusives.fastapp.ro\/?post_type=product&#038;p=35583"},"modified":"2026-04-14T06:58:35","modified_gmt":"2026-04-14T06:58:35","slug":"ghete-blackpool","status":"publish","type":"product","link":"https:\/\/exclusives.ro\/en\/product\/ghete-blackpool\/","title":{"rendered":"Ghete &#8211; Blackpool"},"content":{"rendered":"<p>Ghetele\u00a0<strong data-start=\"124\" data-end=\"137\">Blackpool<\/strong>\u00a0sunt confec\u021bionate din piele natural\u0103 100%, oferind un echilibru perfect \u00eentre stil \u0219i confort. Talpa\u00a0<em data-start=\"240\" data-end=\"253\">extra light<\/em>\u00a0de 4 cm \u00een fa\u021b\u0103 \u0219i 6 cm \u00een spate asigur\u0103 lejeritate \u0219i sus\u021binere, iar interiorul c\u0103ptu\u0219it cu piele \u0219i brantul moale ofer\u0103 confort pe tot parcursul zilei. Fermoarul frontal adaug\u0103 un detaliu modern, put\u00e2nd fi purtat par\u021bial deschis pentru un look casual. Realizate cu grij\u0103 \u00een Rom\u00e2nia, aceste ghete se remarc\u0103 prin finisaje de calitate \u0219i design versatil, ideal pentru \u021binute de zi cu zi.<\/p>\n<p><u><strong><i>ATENTIE! Acest model se poarta cu fermoarul inchis pana la jumatate, iar pentru persoanele cu glezna subtire se recomanda inchiderea fermoarului pana sus!<\/i><\/strong><\/u><\/p>\n<p><strong><i>ATENTIE! IN FUNCTIE DE ECRANUL DE PE CARE ESTE VIZUALIZATA POZA PRODUSULUI UNEORI CULOAREA POATE FI MAI INCHISA SAU MAI DESCHISA!<\/i><\/strong><u><strong><i><br \/>\n<\/i><\/strong><\/u><\/p>\n<p>&nbsp;<\/p>\n<p><u><em><strong>PRODUS FABRICAT IN ROMANIA!<\/strong><\/em><\/u><\/p>\n<p>Marimi disponibile: 35, 36 , 37 , 38 , 39, 40<\/p>\n<p><strong><i>TERMEN DE REALIZARE 8- 14 ZILE LUCRATOARE<\/i><\/strong><\/p>","protected":false},"excerpt":{"rendered":"<p>Ghetele\u00a0Blackpool\u00a0sunt confec\u021bionate din piele natural\u0103 100%, oferind un echilibru perfect \u00eentre stil \u0219i confort. Talpa\u00a0extra light\u00a0de 4 cm \u00een fa\u021b\u0103<\/p>","protected":false},"featured_media":616985,"comment_status":"open","ping_status":"closed","template":"","meta":[],"product_brand":[252],"product_cat":[20],"product_tag":[],"class_list":{"0":"post-35583","1":"product","2":"type-product","3":"status-publish","4":"has-post-thumbnail","6":"product_brand-exclusives","7":"product_cat-bocanci-ghete","9":"first","10":"instock","11":"sale","12":"shipping-taxable","13":"purchasable","14":"product-type-variable","15":"has-default-attributes"},"yoast_head":"<!-- This site is optimized with the Yoast SEO plugin v27.4 - https:\/\/yoast.com\/product\/yoast-seo-wordpress\/ -->\n<title>Ghete - Blackpool - Exclusives<\/title>\n<meta name=\"description\" content=\"Ghetele\u00a0Blackpool\u00a0sunt confec\u021bionate din piele natural\u0103 100%, oferind un echilibru perfect \u00eentre stil \u0219i confort. Talpa\u00a0extra light\u00a0de 4 cm \u00een fa\u021b\u0103 \u0219i 6\" \/>\n<meta name=\"robots\" content=\"noindex, follow, max-snippet:-1, max-image-preview:large, max-video-preview:-1\" \/>\n<meta property=\"og:locale\" content=\"en_US\" \/>\n<meta property=\"og:type\" content=\"article\" \/>\n<meta property=\"og:title\" content=\"Ghete - Blackpool - Exclusives\" \/>\n<meta property=\"og:description\" content=\"Ghetele\u00a0Blackpool\u00a0sunt confec\u021bionate din piele natural\u0103 100%, oferind un echilibru perfect \u00eentre stil \u0219i confort. Talpa\u00a0extra light\u00a0de 4 cm \u00een fa\u021b\u0103 \u0219i 6\" \/>\n<meta property=\"og:url\" content=\"https:\/\/exclusives.ro\/en\/product\/ghete-blackpool\/\" \/>\n<meta property=\"og:site_name\" content=\"Exclusives\" \/>\n<meta property=\"article:modified_time\" content=\"2026-04-14T06:58:35+00:00\" \/>\n<meta property=\"og:image\" content=\"https:\/\/exclusives.ro\/wp-content\/uploads\/2025\/10\/Exclusives-149-1.jpg\" \/>\n\t<meta property=\"og:image:width\" content=\"1366\" \/>\n\t<meta property=\"og:image:height\" content=\"2048\" \/>\n\t<meta property=\"og:image:type\" content=\"image\/jpeg\" \/>\n<meta name=\"twitter:card\" content=\"summary_large_image\" \/>\n<meta name=\"twitter:label1\" content=\"Est. reading time\" \/>\n\t<meta name=\"twitter:data1\" content=\"1 minute\" \/>\n<script type=\"application\/ld+json\" class=\"yoast-schema-graph\">{\"@context\":\"https:\\\/\\\/schema.org\",\"@graph\":[{\"@type\":\"WebPage\",\"@id\":\"https:\\\/\\\/exclusives.ro\\\/produs\\\/ghete-blackpool\\\/\",\"url\":\"https:\\\/\\\/exclusives.ro\\\/produs\\\/ghete-blackpool\\\/\",\"name\":\"Ghete - Blackpool - Exclusives\",\"isPartOf\":{\"@id\":\"https:\\\/\\\/exclusives.ro\\\/#website\"},\"primaryImageOfPage\":{\"@id\":\"https:\\\/\\\/exclusives.ro\\\/produs\\\/ghete-blackpool\\\/#primaryimage\"},\"image\":{\"@id\":\"https:\\\/\\\/exclusives.ro\\\/produs\\\/ghete-blackpool\\\/#primaryimage\"},\"thumbnailUrl\":\"https:\\\/\\\/exclusives.ro\\\/wp-content\\\/uploads\\\/2025\\\/10\\\/Exclusives-149-1.jpg\",\"datePublished\":\"2025-10-14T21:10:50+00:00\",\"dateModified\":\"2026-04-14T06:58:35+00:00\",\"description\":\"Ghetele\u00a0Blackpool\u00a0sunt confec\u021bionate din piele natural\u0103 100%, oferind un echilibru perfect \u00eentre stil \u0219i confort. Talpa\u00a0extra light\u00a0de 4 cm \u00een fa\u021b\u0103 \u0219i 6\",\"breadcrumb\":{\"@id\":\"https:\\\/\\\/exclusives.ro\\\/produs\\\/ghete-blackpool\\\/#breadcrumb\"},\"inLanguage\":\"en-US\",\"potentialAction\":[{\"@type\":\"ReadAction\",\"target\":[\"https:\\\/\\\/exclusives.ro\\\/produs\\\/ghete-blackpool\\\/\"]}]},{\"@type\":\"ImageObject\",\"inLanguage\":\"en-US\",\"@id\":\"https:\\\/\\\/exclusives.ro\\\/produs\\\/ghete-blackpool\\\/#primaryimage\",\"url\":\"https:\\\/\\\/exclusives.ro\\\/wp-content\\\/uploads\\\/2025\\\/10\\\/Exclusives-149-1.jpg\",\"contentUrl\":\"https:\\\/\\\/exclusives.ro\\\/wp-content\\\/uploads\\\/2025\\\/10\\\/Exclusives-149-1.jpg\",\"width\":1366,\"height\":2048},{\"@type\":\"BreadcrumbList\",\"@id\":\"https:\\\/\\\/exclusives.ro\\\/produs\\\/ghete-blackpool\\\/#breadcrumb\",\"itemListElement\":[{\"@type\":\"ListItem\",\"position\":1,\"name\":\"Home\",\"item\":\"https:\\\/\\\/exclusives.ro\\\/\"},{\"@type\":\"ListItem\",\"position\":2,\"name\":\"Pantofi\",\"item\":\"https:\\\/\\\/exclusives.ro\\\/shop\\\/\"},{\"@type\":\"ListItem\",\"position\":3,\"name\":\"Ghete &#8211; Blackpool\"}]},{\"@type\":\"WebSite\",\"@id\":\"https:\\\/\\\/exclusives.ro\\\/#website\",\"url\":\"https:\\\/\\\/exclusives.ro\\\/\",\"name\":\"Exclusives\",\"description\":\"\",\"potentialAction\":[{\"@type\":\"SearchAction\",\"target\":{\"@type\":\"EntryPoint\",\"urlTemplate\":\"https:\\\/\\\/exclusives.ro\\\/?s={search_term_string}\"},\"query-input\":{\"@type\":\"PropertyValueSpecification\",\"valueRequired\":true,\"valueName\":\"search_term_string\"}}],\"inLanguage\":\"en-US\"}]}<\/script>\n<!-- \/ Yoast SEO plugin. -->","yoast_head_json":{"title":"Ghete - Blackpool - Exclusives","description":"Ghetele\u00a0Blackpool\u00a0sunt confec\u021bionate din piele natural\u0103 100%, oferind un echilibru perfect \u00eentre stil \u0219i confort. Talpa\u00a0extra light\u00a0de 4 cm \u00een fa\u021b\u0103 \u0219i 6","robots":{"index":"noindex","follow":"follow","max-snippet":"max-snippet:-1","max-image-preview":"max-image-preview:large","max-video-preview":"max-video-preview:-1"},"og_locale":"en_US","og_type":"article","og_title":"Ghete - Blackpool - Exclusives","og_description":"Ghetele\u00a0Blackpool\u00a0sunt confec\u021bionate din piele natural\u0103 100%, oferind un echilibru perfect \u00eentre stil \u0219i confort. Talpa\u00a0extra light\u00a0de 4 cm \u00een fa\u021b\u0103 \u0219i 6","og_url":"https:\/\/exclusives.ro\/en\/product\/ghete-blackpool\/","og_site_name":"Exclusives","article_modified_time":"2026-04-14T06:58:35+00:00","og_image":[{"width":1366,"height":2048,"url":"https:\/\/exclusives.ro\/wp-content\/uploads\/2025\/10\/Exclusives-149-1.jpg","type":"image\/jpeg"}],"twitter_card":"summary_large_image","twitter_misc":{"Est. reading time":"1 minute"},"schema":{"@context":"https:\/\/schema.org","@graph":[{"@type":"WebPage","@id":"https:\/\/exclusives.ro\/produs\/ghete-blackpool\/","url":"https:\/\/exclusives.ro\/produs\/ghete-blackpool\/","name":"Ghete - Blackpool - Exclusives","isPartOf":{"@id":"https:\/\/exclusives.ro\/#website"},"primaryImageOfPage":{"@id":"https:\/\/exclusives.ro\/produs\/ghete-blackpool\/#primaryimage"},"image":{"@id":"https:\/\/exclusives.ro\/produs\/ghete-blackpool\/#primaryimage"},"thumbnailUrl":"https:\/\/exclusives.ro\/wp-content\/uploads\/2025\/10\/Exclusives-149-1.jpg","datePublished":"2025-10-14T21:10:50+00:00","dateModified":"2026-04-14T06:58:35+00:00","description":"Ghetele\u00a0Blackpool\u00a0sunt confec\u021bionate din piele natural\u0103 100%, oferind un echilibru perfect \u00eentre stil \u0219i confort. Talpa\u00a0extra light\u00a0de 4 cm \u00een fa\u021b\u0103 \u0219i 6","breadcrumb":{"@id":"https:\/\/exclusives.ro\/produs\/ghete-blackpool\/#breadcrumb"},"inLanguage":"en-US","potentialAction":[{"@type":"ReadAction","target":["https:\/\/exclusives.ro\/produs\/ghete-blackpool\/"]}]},{"@type":"ImageObject","inLanguage":"en-US","@id":"https:\/\/exclusives.ro\/produs\/ghete-blackpool\/#primaryimage","url":"https:\/\/exclusives.ro\/wp-content\/uploads\/2025\/10\/Exclusives-149-1.jpg","contentUrl":"https:\/\/exclusives.ro\/wp-content\/uploads\/2025\/10\/Exclusives-149-1.jpg","width":1366,"height":2048},{"@type":"BreadcrumbList","@id":"https:\/\/exclusives.ro\/produs\/ghete-blackpool\/#breadcrumb","itemListElement":[{"@type":"ListItem","position":1,"name":"Home","item":"https:\/\/exclusives.ro\/"},{"@type":"ListItem","position":2,"name":"Pantofi","item":"https:\/\/exclusives.ro\/shop\/"},{"@type":"ListItem","position":3,"name":"Ghete &#8211; Blackpool"}]},{"@type":"WebSite","@id":"https:\/\/exclusives.ro\/#website","url":"https:\/\/exclusives.ro\/","name":"Exclusives","description":"","potentialAction":[{"@type":"SearchAction","target":{"@type":"EntryPoint","urlTemplate":"https:\/\/exclusives.ro\/?s={search_term_string}"},"query-input":{"@type":"PropertyValueSpecification","valueRequired":true,"valueName":"search_term_string"}}],"inLanguage":"en-US"}]}},"jetpack_sharing_enabled":true,"_links":{"self":[{"href":"https:\/\/exclusives.ro\/en\/wp-json\/wp\/v2\/product\/35583","targetHints":{"allow":["GET"]}}],"collection":[{"href":"https:\/\/exclusives.ro\/en\/wp-json\/wp\/v2\/product"}],"about":[{"href":"https:\/\/exclusives.ro\/en\/wp-json\/wp\/v2\/types\/product"}],"replies":[{"embeddable":true,"href":"https:\/\/exclusives.ro\/en\/wp-json\/wp\/v2\/comments?post=35583"}],"version-history":[{"count":1,"href":"https:\/\/exclusives.ro\/en\/wp-json\/wp\/v2\/product\/35583\/revisions"}],"predecessor-version":[{"id":617033,"href":"https:\/\/exclusives.ro\/en\/wp-json\/wp\/v2\/product\/35583\/revisions\/617033"}],"wp:featuredmedia":[{"embeddable":true,"href":"https:\/\/exclusives.ro\/en\/wp-json\/wp\/v2\/media\/616985"}],"wp:attachment":[{"href":"https:\/\/exclusives.ro\/en\/wp-json\/wp\/v2\/media?parent=35583"}],"wp:term":[{"taxonomy":"product_brand","embeddable":true,"href":"https:\/\/exclusives.ro\/en\/wp-json\/wp\/v2\/product_brand?post=35583"},{"taxonomy":"product_cat","embeddable":true,"href":"https:\/\/exclusives.ro\/en\/wp-json\/wp\/v2\/product_cat?post=35583"},{"taxonomy":"product_tag","embeddable":true,"href":"https:\/\/exclusives.ro\/en\/wp-json\/wp\/v2\/product_tag?post=35583"}],"curies":[{"name":"wp","href":"https:\/\/api.w.org\/{rel}","templated":true}]}}