{"id":35949,"date":"2025-10-14T21:55:38","date_gmt":"2025-10-14T21:55:38","guid":{"rendered":"https:\/\/exclusives.fastapp.ro\/?post_type=product&#038;p=35949"},"modified":"2026-04-15T07:30:07","modified_gmt":"2026-04-15T07:30:07","slug":"sandale-glitter-mania","status":"publish","type":"product","link":"https:\/\/exclusives.ro\/en\/product\/sandale-glitter-mania\/","title":{"rendered":"Sandale &#8211; Glitter Mania"},"content":{"rendered":"<p data-start=\"0\" data-end=\"239\">Sandalele Glitter Mania \u2013 sunt alegerea perfect\u0103 pentru apari\u021bii spectaculoase, unde fiecare pas atrage privirile. Cu un design elegant \u0219i o textur\u0103 str\u0103lucitoare, acest model \u00eembin\u0103 rafinamentul clasic cu un plus de glam modern.<\/p>\n<p data-start=\"241\" data-end=\"514\">Realizate din materiale cu efect glitter intens \u0219i finisate cu interior din piele natural\u0103, sandalele ofer\u0103 confort chiar \u0219i \u00een cele mai lungi seri. Bareta fin\u0103 \u0219i tocul gros, stabil, creeaz\u0103 un echilibru ideal \u00eentre stil \u0219i sus\u021binere, oferindu-\u021bi siguran\u021b\u0103 la fiecare pas.<\/p>\n<ul data-start=\"516\" data-end=\"801\">\n<li data-section-id=\"15yz7us\" data-start=\"516\" data-end=\"573\">Exterior cu efect glitter, pentru un look str\u0103lucitor<\/li>\n<li data-section-id=\"1sultyy\" data-start=\"574\" data-end=\"627\">Interior din piele natural\u0103 pentru confort sporit<\/li>\n<li data-section-id=\"1prkwu8\" data-start=\"628\" data-end=\"663\">Toc gros, stabil<\/li>\n<li data-section-id=\"o30bg6\" data-start=\"664\" data-end=\"717\">Barete elegante pentru sus\u021binere \u0219i fixare optim\u0103<\/li>\n<li data-section-id=\"1wr9dws\" data-start=\"718\" data-end=\"776\">Design sofisticat, potrivit pentru evenimente speciale<\/li>\n<li data-section-id=\"beorua\" data-start=\"777\" data-end=\"801\">Fabrica\u021bi \u00een Rom\u00e2nia<\/li>\n<\/ul>\n<p data-start=\"803\" data-end=\"966\" data-is-last-node=\"\" data-is-only-node=\"\">Sandalele Glitter Mania sunt perfecte pentru petreceri, evenimente sau ocazii \u00een care vrei s\u0103 ie\u0219i \u00een eviden\u021b\u0103 \u0219i s\u0103 adaugi un plus de str\u0103lucire \u021binutelor tale. \u2728<\/p>\n<p>Toc &#8211; 5 sau 10 cm<\/p>\n<p><u><em><strong>PRODUS FABRICAT IN ROMANIA!<\/strong><\/em><\/u><\/p>\n<p>Marimi disponibile: 35, 36 , 37 , 38 , 39.<\/p>","protected":false},"excerpt":{"rendered":"<p>Sandalele Glitter Mania \u2013 sunt alegerea perfect\u0103 pentru apari\u021bii spectaculoase, unde fiecare pas atrage privirile. Cu un design elegant \u0219i<\/p>","protected":false},"featured_media":36815,"comment_status":"open","ping_status":"closed","template":"","meta":[],"product_brand":[252],"product_cat":[30],"product_tag":[],"class_list":{"0":"post-35949","1":"product","2":"type-product","3":"status-publish","4":"has-post-thumbnail","6":"product_brand-exclusives","7":"product_cat-sandale","9":"first","10":"instock","11":"shipping-taxable","12":"purchasable","13":"product-type-variable","14":"has-default-attributes"},"yoast_head":"<!-- This site is optimized with the Yoast SEO plugin v27.4 - https:\/\/yoast.com\/product\/yoast-seo-wordpress\/ -->\n<title>Sandale - Glitter Mania - Exclusives<\/title>\n<meta name=\"description\" content=\"Sandalele Glitter Mania \u2013 sunt alegerea perfect\u0103 pentru apari\u021bii spectaculoase, unde fiecare pas atrage privirile. Cu un design elegant \u0219i o textur\u0103\" \/>\n<meta name=\"robots\" content=\"noindex, follow, max-snippet:-1, max-image-preview:large, max-video-preview:-1\" \/>\n<meta property=\"og:locale\" content=\"en_US\" \/>\n<meta property=\"og:type\" content=\"article\" \/>\n<meta property=\"og:title\" content=\"Sandale - Glitter Mania - Exclusives\" \/>\n<meta property=\"og:description\" content=\"Sandalele Glitter Mania \u2013 sunt alegerea perfect\u0103 pentru apari\u021bii spectaculoase, unde fiecare pas atrage privirile. Cu un design elegant \u0219i o textur\u0103\" \/>\n<meta property=\"og:url\" content=\"https:\/\/exclusives.ro\/en\/product\/sandale-glitter-mania\/\" \/>\n<meta property=\"og:site_name\" content=\"Exclusives\" \/>\n<meta property=\"article:modified_time\" content=\"2026-04-15T07:30:07+00:00\" \/>\n<meta property=\"og:image\" content=\"https:\/\/exclusives.ro\/wp-content\/uploads\/2025\/10\/SRB04234.jpg\" \/>\n\t<meta property=\"og:image:width\" content=\"1366\" \/>\n\t<meta property=\"og:image:height\" content=\"2048\" \/>\n\t<meta property=\"og:image:type\" content=\"image\/jpeg\" \/>\n<meta name=\"twitter:card\" content=\"summary_large_image\" \/>\n<meta name=\"twitter:label1\" content=\"Est. reading time\" \/>\n\t<meta name=\"twitter:data1\" content=\"1 minute\" \/>\n<script type=\"application\/ld+json\" class=\"yoast-schema-graph\">{\"@context\":\"https:\\\/\\\/schema.org\",\"@graph\":[{\"@type\":\"WebPage\",\"@id\":\"https:\\\/\\\/exclusives.ro\\\/produs\\\/sandale-glitter-mania\\\/\",\"url\":\"https:\\\/\\\/exclusives.ro\\\/produs\\\/sandale-glitter-mania\\\/\",\"name\":\"Sandale - Glitter Mania - Exclusives\",\"isPartOf\":{\"@id\":\"https:\\\/\\\/exclusives.ro\\\/#website\"},\"primaryImageOfPage\":{\"@id\":\"https:\\\/\\\/exclusives.ro\\\/produs\\\/sandale-glitter-mania\\\/#primaryimage\"},\"image\":{\"@id\":\"https:\\\/\\\/exclusives.ro\\\/produs\\\/sandale-glitter-mania\\\/#primaryimage\"},\"thumbnailUrl\":\"https:\\\/\\\/exclusives.ro\\\/wp-content\\\/uploads\\\/2025\\\/10\\\/SRB04234.jpg\",\"datePublished\":\"2025-10-14T21:55:38+00:00\",\"dateModified\":\"2026-04-15T07:30:07+00:00\",\"description\":\"Sandalele Glitter Mania \u2013 sunt alegerea perfect\u0103 pentru apari\u021bii spectaculoase, unde fiecare pas atrage privirile. Cu un design elegant \u0219i o textur\u0103\",\"breadcrumb\":{\"@id\":\"https:\\\/\\\/exclusives.ro\\\/produs\\\/sandale-glitter-mania\\\/#breadcrumb\"},\"inLanguage\":\"en-US\",\"potentialAction\":[{\"@type\":\"ReadAction\",\"target\":[\"https:\\\/\\\/exclusives.ro\\\/produs\\\/sandale-glitter-mania\\\/\"]}]},{\"@type\":\"ImageObject\",\"inLanguage\":\"en-US\",\"@id\":\"https:\\\/\\\/exclusives.ro\\\/produs\\\/sandale-glitter-mania\\\/#primaryimage\",\"url\":\"https:\\\/\\\/exclusives.ro\\\/wp-content\\\/uploads\\\/2025\\\/10\\\/SRB04234.jpg\",\"contentUrl\":\"https:\\\/\\\/exclusives.ro\\\/wp-content\\\/uploads\\\/2025\\\/10\\\/SRB04234.jpg\",\"width\":1366,\"height\":2048},{\"@type\":\"BreadcrumbList\",\"@id\":\"https:\\\/\\\/exclusives.ro\\\/produs\\\/sandale-glitter-mania\\\/#breadcrumb\",\"itemListElement\":[{\"@type\":\"ListItem\",\"position\":1,\"name\":\"Home\",\"item\":\"https:\\\/\\\/exclusives.ro\\\/\"},{\"@type\":\"ListItem\",\"position\":2,\"name\":\"Pantofi\",\"item\":\"https:\\\/\\\/exclusives.ro\\\/shop\\\/\"},{\"@type\":\"ListItem\",\"position\":3,\"name\":\"Sandale &#8211; Glitter Mania\"}]},{\"@type\":\"WebSite\",\"@id\":\"https:\\\/\\\/exclusives.ro\\\/#website\",\"url\":\"https:\\\/\\\/exclusives.ro\\\/\",\"name\":\"Exclusives\",\"description\":\"\",\"potentialAction\":[{\"@type\":\"SearchAction\",\"target\":{\"@type\":\"EntryPoint\",\"urlTemplate\":\"https:\\\/\\\/exclusives.ro\\\/?s={search_term_string}\"},\"query-input\":{\"@type\":\"PropertyValueSpecification\",\"valueRequired\":true,\"valueName\":\"search_term_string\"}}],\"inLanguage\":\"en-US\"}]}<\/script>\n<!-- \/ Yoast SEO plugin. -->","yoast_head_json":{"title":"Sandale - Glitter Mania - Exclusives","description":"Sandalele Glitter Mania \u2013 sunt alegerea perfect\u0103 pentru apari\u021bii spectaculoase, unde fiecare pas atrage privirile. Cu un design elegant \u0219i o textur\u0103","robots":{"index":"noindex","follow":"follow","max-snippet":"max-snippet:-1","max-image-preview":"max-image-preview:large","max-video-preview":"max-video-preview:-1"},"og_locale":"en_US","og_type":"article","og_title":"Sandale - Glitter Mania - Exclusives","og_description":"Sandalele Glitter Mania \u2013 sunt alegerea perfect\u0103 pentru apari\u021bii spectaculoase, unde fiecare pas atrage privirile. Cu un design elegant \u0219i o textur\u0103","og_url":"https:\/\/exclusives.ro\/en\/product\/sandale-glitter-mania\/","og_site_name":"Exclusives","article_modified_time":"2026-04-15T07:30:07+00:00","og_image":[{"width":1366,"height":2048,"url":"https:\/\/exclusives.ro\/wp-content\/uploads\/2025\/10\/SRB04234.jpg","type":"image\/jpeg"}],"twitter_card":"summary_large_image","twitter_misc":{"Est. reading time":"1 minute"},"schema":{"@context":"https:\/\/schema.org","@graph":[{"@type":"WebPage","@id":"https:\/\/exclusives.ro\/produs\/sandale-glitter-mania\/","url":"https:\/\/exclusives.ro\/produs\/sandale-glitter-mania\/","name":"Sandale - Glitter Mania - Exclusives","isPartOf":{"@id":"https:\/\/exclusives.ro\/#website"},"primaryImageOfPage":{"@id":"https:\/\/exclusives.ro\/produs\/sandale-glitter-mania\/#primaryimage"},"image":{"@id":"https:\/\/exclusives.ro\/produs\/sandale-glitter-mania\/#primaryimage"},"thumbnailUrl":"https:\/\/exclusives.ro\/wp-content\/uploads\/2025\/10\/SRB04234.jpg","datePublished":"2025-10-14T21:55:38+00:00","dateModified":"2026-04-15T07:30:07+00:00","description":"Sandalele Glitter Mania \u2013 sunt alegerea perfect\u0103 pentru apari\u021bii spectaculoase, unde fiecare pas atrage privirile. Cu un design elegant \u0219i o textur\u0103","breadcrumb":{"@id":"https:\/\/exclusives.ro\/produs\/sandale-glitter-mania\/#breadcrumb"},"inLanguage":"en-US","potentialAction":[{"@type":"ReadAction","target":["https:\/\/exclusives.ro\/produs\/sandale-glitter-mania\/"]}]},{"@type":"ImageObject","inLanguage":"en-US","@id":"https:\/\/exclusives.ro\/produs\/sandale-glitter-mania\/#primaryimage","url":"https:\/\/exclusives.ro\/wp-content\/uploads\/2025\/10\/SRB04234.jpg","contentUrl":"https:\/\/exclusives.ro\/wp-content\/uploads\/2025\/10\/SRB04234.jpg","width":1366,"height":2048},{"@type":"BreadcrumbList","@id":"https:\/\/exclusives.ro\/produs\/sandale-glitter-mania\/#breadcrumb","itemListElement":[{"@type":"ListItem","position":1,"name":"Home","item":"https:\/\/exclusives.ro\/"},{"@type":"ListItem","position":2,"name":"Pantofi","item":"https:\/\/exclusives.ro\/shop\/"},{"@type":"ListItem","position":3,"name":"Sandale &#8211; Glitter Mania"}]},{"@type":"WebSite","@id":"https:\/\/exclusives.ro\/#website","url":"https:\/\/exclusives.ro\/","name":"Exclusives","description":"","potentialAction":[{"@type":"SearchAction","target":{"@type":"EntryPoint","urlTemplate":"https:\/\/exclusives.ro\/?s={search_term_string}"},"query-input":{"@type":"PropertyValueSpecification","valueRequired":true,"valueName":"search_term_string"}}],"inLanguage":"en-US"}]}},"jetpack_sharing_enabled":true,"_links":{"self":[{"href":"https:\/\/exclusives.ro\/en\/wp-json\/wp\/v2\/product\/35949","targetHints":{"allow":["GET"]}}],"collection":[{"href":"https:\/\/exclusives.ro\/en\/wp-json\/wp\/v2\/product"}],"about":[{"href":"https:\/\/exclusives.ro\/en\/wp-json\/wp\/v2\/types\/product"}],"replies":[{"embeddable":true,"href":"https:\/\/exclusives.ro\/en\/wp-json\/wp\/v2\/comments?post=35949"}],"version-history":[{"count":2,"href":"https:\/\/exclusives.ro\/en\/wp-json\/wp\/v2\/product\/35949\/revisions"}],"predecessor-version":[{"id":617547,"href":"https:\/\/exclusives.ro\/en\/wp-json\/wp\/v2\/product\/35949\/revisions\/617547"}],"wp:featuredmedia":[{"embeddable":true,"href":"https:\/\/exclusives.ro\/en\/wp-json\/wp\/v2\/media\/36815"}],"wp:attachment":[{"href":"https:\/\/exclusives.ro\/en\/wp-json\/wp\/v2\/media?parent=35949"}],"wp:term":[{"taxonomy":"product_brand","embeddable":true,"href":"https:\/\/exclusives.ro\/en\/wp-json\/wp\/v2\/product_brand?post=35949"},{"taxonomy":"product_cat","embeddable":true,"href":"https:\/\/exclusives.ro\/en\/wp-json\/wp\/v2\/product_cat?post=35949"},{"taxonomy":"product_tag","embeddable":true,"href":"https:\/\/exclusives.ro\/en\/wp-json\/wp\/v2\/product_tag?post=35949"}],"curies":[{"name":"wp","href":"https:\/\/api.w.org\/{rel}","templated":true}]}}