{"id":36191,"date":"2025-10-27T10:50:24","date_gmt":"2025-10-27T10:50:24","guid":{"rendered":"https:\/\/exclusives.fastapp.ro\/?post_type=product&#038;p=36191"},"modified":"2026-03-26T12:10:51","modified_gmt":"2026-03-26T12:10:51","slug":"sneakersi-adore","status":"publish","type":"product","link":"https:\/\/exclusives.ro\/en\/product\/sneakersi-adore\/","title":{"rendered":"Sneakersi &#8211; Adore"},"content":{"rendered":"<p data-start=\"98\" data-end=\"326\">Sneakers Adore sunt crea\u021bi pentru cei care nu caut\u0103 doar confort, ci \u0219i un design care iese din tipare. Cu o siluet\u0103 neconven\u021bional\u0103 \u0219i detalii inspirate din zona fashion-tech, acest model atrage prin fiecare linie \u0219i propor\u021bie.<\/p>\n<p data-start=\"328\" data-end=\"618\">Combina\u021bia dintre piele natural\u0103 \u0219i elemente func\u021bionale precum \u0219ireturile elastice \u0219i sistemul de prindere ofer\u0103 at\u00e2t un look distinct, c\u00e2t \u0219i o adaptabilitate excelent\u0103 pe picior. Talpa sculptural\u0103 completeaz\u0103 designul cu un efect vizual puternic, dar \u0219i cu un plus de confort \u00een purtare.<\/p>\n<ul data-start=\"620\" data-end=\"895\">\n<li data-section-id=\"10354xc\" data-start=\"620\" data-end=\"662\">100% piele natural\u0103 + inser\u021bii tehnice<\/li>\n<li data-section-id=\"9kkyav\" data-start=\"663\" data-end=\"728\">Sistem de \u00eenchidere cu \u0219ireturi elastice pentru fixare rapid\u0103<\/li>\n<li data-section-id=\"17nzkur\" data-start=\"729\" data-end=\"771\">Talp\u0103 sculptural\u0103, u\u0219oar\u0103 \u0219i flexibil\u0103<\/li>\n<li data-section-id=\"18ca9bc\" data-start=\"772\" data-end=\"821\">Design avangardist, cu influen\u021be fashion-tech<\/li>\n<li data-section-id=\"lj09h6\" data-start=\"822\" data-end=\"870\">Construc\u021bie ergonomic\u0103 pentru confort zilnic<\/li>\n<li data-section-id=\"beorua\" data-start=\"871\" data-end=\"895\">Fabrica\u021bi \u00een Rom\u00e2nia<\/li>\n<\/ul>\n<p data-start=\"897\" data-end=\"1091\">Sneakers Adore sunt alegerea perfect\u0103 pentru un stil curajos \u0219i contemporan. Fie c\u0103 \u00eei por\u021bi ca pies\u0103 statement sau \u00eei integrezi \u00eentr-un outfit minimalist, vor transforma instant orice apari\u021bie.<\/p>\n<p><u><em><strong>PRODUS FABRICAT IN ROMANIA!<\/strong><\/em><\/u><\/p>\n<p>Marimi disponibile:\u00a0 \u00a036 , 37 , 38 , 39, 40<\/p>\n<p><strong><i>TEREMEN DE REALIZARE 12-14\u00a0ZILE LUCRATOARE<\/i><\/strong><\/p>","protected":false},"excerpt":{"rendered":"<p>Sneakers Adore sunt crea\u021bi pentru cei care nu caut\u0103 doar confort, ci \u0219i un design care iese din tipare. Cu<\/p>","protected":false},"featured_media":616487,"comment_status":"open","ping_status":"closed","template":"","meta":[],"product_brand":[252],"product_cat":[28],"product_tag":[],"class_list":{"0":"post-36191","1":"product","2":"type-product","3":"status-publish","4":"has-post-thumbnail","6":"product_brand-exclusives","7":"product_cat-sneakersi-tenesi","9":"first","10":"instock","11":"shipping-taxable","12":"purchasable","13":"product-type-variable","14":"has-default-attributes"},"yoast_head":"<!-- This site is optimized with the Yoast SEO plugin v27.4 - https:\/\/yoast.com\/product\/yoast-seo-wordpress\/ -->\n<title>Sneakersi - Adore - Exclusives<\/title>\n<meta name=\"description\" content=\"Sneakers Adore sunt crea\u021bi pentru cei care nu caut\u0103 doar confort, ci \u0219i un design care iese din tipare. Cu o siluet\u0103 neconven\u021bional\u0103 \u0219i detalii inspirate\" \/>\n<meta name=\"robots\" content=\"noindex, follow, max-snippet:-1, max-image-preview:large, max-video-preview:-1\" \/>\n<meta property=\"og:locale\" content=\"en_US\" \/>\n<meta property=\"og:type\" content=\"article\" \/>\n<meta property=\"og:title\" content=\"Sneakersi - Adore - Exclusives\" \/>\n<meta property=\"og:description\" content=\"Sneakers Adore sunt crea\u021bi pentru cei care nu caut\u0103 doar confort, ci \u0219i un design care iese din tipare. Cu o siluet\u0103 neconven\u021bional\u0103 \u0219i detalii inspirate\" \/>\n<meta property=\"og:url\" content=\"https:\/\/exclusives.ro\/en\/product\/sneakersi-adore\/\" \/>\n<meta property=\"og:site_name\" content=\"Exclusives\" \/>\n<meta property=\"article:modified_time\" content=\"2026-03-26T12:10:51+00:00\" \/>\n<meta property=\"og:image\" content=\"https:\/\/exclusives.ro\/wp-content\/uploads\/2025\/10\/SRB07723-e1774526927832.jpg\" \/>\n\t<meta property=\"og:image:width\" content=\"1366\" \/>\n\t<meta property=\"og:image:height\" content=\"2048\" \/>\n\t<meta property=\"og:image:type\" content=\"image\/jpeg\" \/>\n<meta name=\"twitter:card\" content=\"summary_large_image\" \/>\n<meta name=\"twitter:label1\" content=\"Est. reading time\" \/>\n\t<meta name=\"twitter:data1\" content=\"1 minute\" \/>\n<script type=\"application\/ld+json\" class=\"yoast-schema-graph\">{\"@context\":\"https:\\\/\\\/schema.org\",\"@graph\":[{\"@type\":\"WebPage\",\"@id\":\"https:\\\/\\\/exclusives.ro\\\/produs\\\/sneakersi-adore\\\/\",\"url\":\"https:\\\/\\\/exclusives.ro\\\/produs\\\/sneakersi-adore\\\/\",\"name\":\"Sneakersi - Adore - Exclusives\",\"isPartOf\":{\"@id\":\"https:\\\/\\\/exclusives.ro\\\/#website\"},\"primaryImageOfPage\":{\"@id\":\"https:\\\/\\\/exclusives.ro\\\/produs\\\/sneakersi-adore\\\/#primaryimage\"},\"image\":{\"@id\":\"https:\\\/\\\/exclusives.ro\\\/produs\\\/sneakersi-adore\\\/#primaryimage\"},\"thumbnailUrl\":\"https:\\\/\\\/exclusives.ro\\\/wp-content\\\/uploads\\\/2025\\\/10\\\/SRB07723-e1774526927832.jpg\",\"datePublished\":\"2025-10-27T10:50:24+00:00\",\"dateModified\":\"2026-03-26T12:10:51+00:00\",\"description\":\"Sneakers Adore sunt crea\u021bi pentru cei care nu caut\u0103 doar confort, ci \u0219i un design care iese din tipare. Cu o siluet\u0103 neconven\u021bional\u0103 \u0219i detalii inspirate\",\"breadcrumb\":{\"@id\":\"https:\\\/\\\/exclusives.ro\\\/produs\\\/sneakersi-adore\\\/#breadcrumb\"},\"inLanguage\":\"en-US\",\"potentialAction\":[{\"@type\":\"ReadAction\",\"target\":[\"https:\\\/\\\/exclusives.ro\\\/produs\\\/sneakersi-adore\\\/\"]}]},{\"@type\":\"ImageObject\",\"inLanguage\":\"en-US\",\"@id\":\"https:\\\/\\\/exclusives.ro\\\/produs\\\/sneakersi-adore\\\/#primaryimage\",\"url\":\"https:\\\/\\\/exclusives.ro\\\/wp-content\\\/uploads\\\/2025\\\/10\\\/SRB07723-e1774526927832.jpg\",\"contentUrl\":\"https:\\\/\\\/exclusives.ro\\\/wp-content\\\/uploads\\\/2025\\\/10\\\/SRB07723-e1774526927832.jpg\",\"width\":1366,\"height\":2048},{\"@type\":\"BreadcrumbList\",\"@id\":\"https:\\\/\\\/exclusives.ro\\\/produs\\\/sneakersi-adore\\\/#breadcrumb\",\"itemListElement\":[{\"@type\":\"ListItem\",\"position\":1,\"name\":\"Home\",\"item\":\"https:\\\/\\\/exclusives.ro\\\/\"},{\"@type\":\"ListItem\",\"position\":2,\"name\":\"Pantofi\",\"item\":\"https:\\\/\\\/exclusives.ro\\\/shop\\\/\"},{\"@type\":\"ListItem\",\"position\":3,\"name\":\"Sneakersi &#8211; Adore\"}]},{\"@type\":\"WebSite\",\"@id\":\"https:\\\/\\\/exclusives.ro\\\/#website\",\"url\":\"https:\\\/\\\/exclusives.ro\\\/\",\"name\":\"Exclusives\",\"description\":\"\",\"potentialAction\":[{\"@type\":\"SearchAction\",\"target\":{\"@type\":\"EntryPoint\",\"urlTemplate\":\"https:\\\/\\\/exclusives.ro\\\/?s={search_term_string}\"},\"query-input\":{\"@type\":\"PropertyValueSpecification\",\"valueRequired\":true,\"valueName\":\"search_term_string\"}}],\"inLanguage\":\"en-US\"}]}<\/script>\n<!-- \/ Yoast SEO plugin. -->","yoast_head_json":{"title":"Sneakersi - Adore - Exclusives","description":"Sneakers Adore sunt crea\u021bi pentru cei care nu caut\u0103 doar confort, ci \u0219i un design care iese din tipare. Cu o siluet\u0103 neconven\u021bional\u0103 \u0219i detalii inspirate","robots":{"index":"noindex","follow":"follow","max-snippet":"max-snippet:-1","max-image-preview":"max-image-preview:large","max-video-preview":"max-video-preview:-1"},"og_locale":"en_US","og_type":"article","og_title":"Sneakersi - Adore - Exclusives","og_description":"Sneakers Adore sunt crea\u021bi pentru cei care nu caut\u0103 doar confort, ci \u0219i un design care iese din tipare. Cu o siluet\u0103 neconven\u021bional\u0103 \u0219i detalii inspirate","og_url":"https:\/\/exclusives.ro\/en\/product\/sneakersi-adore\/","og_site_name":"Exclusives","article_modified_time":"2026-03-26T12:10:51+00:00","og_image":[{"width":1366,"height":2048,"url":"https:\/\/exclusives.ro\/wp-content\/uploads\/2025\/10\/SRB07723-e1774526927832.jpg","type":"image\/jpeg"}],"twitter_card":"summary_large_image","twitter_misc":{"Est. reading time":"1 minute"},"schema":{"@context":"https:\/\/schema.org","@graph":[{"@type":"WebPage","@id":"https:\/\/exclusives.ro\/produs\/sneakersi-adore\/","url":"https:\/\/exclusives.ro\/produs\/sneakersi-adore\/","name":"Sneakersi - Adore - Exclusives","isPartOf":{"@id":"https:\/\/exclusives.ro\/#website"},"primaryImageOfPage":{"@id":"https:\/\/exclusives.ro\/produs\/sneakersi-adore\/#primaryimage"},"image":{"@id":"https:\/\/exclusives.ro\/produs\/sneakersi-adore\/#primaryimage"},"thumbnailUrl":"https:\/\/exclusives.ro\/wp-content\/uploads\/2025\/10\/SRB07723-e1774526927832.jpg","datePublished":"2025-10-27T10:50:24+00:00","dateModified":"2026-03-26T12:10:51+00:00","description":"Sneakers Adore sunt crea\u021bi pentru cei care nu caut\u0103 doar confort, ci \u0219i un design care iese din tipare. Cu o siluet\u0103 neconven\u021bional\u0103 \u0219i detalii inspirate","breadcrumb":{"@id":"https:\/\/exclusives.ro\/produs\/sneakersi-adore\/#breadcrumb"},"inLanguage":"en-US","potentialAction":[{"@type":"ReadAction","target":["https:\/\/exclusives.ro\/produs\/sneakersi-adore\/"]}]},{"@type":"ImageObject","inLanguage":"en-US","@id":"https:\/\/exclusives.ro\/produs\/sneakersi-adore\/#primaryimage","url":"https:\/\/exclusives.ro\/wp-content\/uploads\/2025\/10\/SRB07723-e1774526927832.jpg","contentUrl":"https:\/\/exclusives.ro\/wp-content\/uploads\/2025\/10\/SRB07723-e1774526927832.jpg","width":1366,"height":2048},{"@type":"BreadcrumbList","@id":"https:\/\/exclusives.ro\/produs\/sneakersi-adore\/#breadcrumb","itemListElement":[{"@type":"ListItem","position":1,"name":"Home","item":"https:\/\/exclusives.ro\/"},{"@type":"ListItem","position":2,"name":"Pantofi","item":"https:\/\/exclusives.ro\/shop\/"},{"@type":"ListItem","position":3,"name":"Sneakersi &#8211; Adore"}]},{"@type":"WebSite","@id":"https:\/\/exclusives.ro\/#website","url":"https:\/\/exclusives.ro\/","name":"Exclusives","description":"","potentialAction":[{"@type":"SearchAction","target":{"@type":"EntryPoint","urlTemplate":"https:\/\/exclusives.ro\/?s={search_term_string}"},"query-input":{"@type":"PropertyValueSpecification","valueRequired":true,"valueName":"search_term_string"}}],"inLanguage":"en-US"}]}},"jetpack_sharing_enabled":true,"_links":{"self":[{"href":"https:\/\/exclusives.ro\/en\/wp-json\/wp\/v2\/product\/36191","targetHints":{"allow":["GET"]}}],"collection":[{"href":"https:\/\/exclusives.ro\/en\/wp-json\/wp\/v2\/product"}],"about":[{"href":"https:\/\/exclusives.ro\/en\/wp-json\/wp\/v2\/types\/product"}],"replies":[{"embeddable":true,"href":"https:\/\/exclusives.ro\/en\/wp-json\/wp\/v2\/comments?post=36191"}],"version-history":[{"count":2,"href":"https:\/\/exclusives.ro\/en\/wp-json\/wp\/v2\/product\/36191\/revisions"}],"predecessor-version":[{"id":616493,"href":"https:\/\/exclusives.ro\/en\/wp-json\/wp\/v2\/product\/36191\/revisions\/616493"}],"wp:featuredmedia":[{"embeddable":true,"href":"https:\/\/exclusives.ro\/en\/wp-json\/wp\/v2\/media\/616487"}],"wp:attachment":[{"href":"https:\/\/exclusives.ro\/en\/wp-json\/wp\/v2\/media?parent=36191"}],"wp:term":[{"taxonomy":"product_brand","embeddable":true,"href":"https:\/\/exclusives.ro\/en\/wp-json\/wp\/v2\/product_brand?post=36191"},{"taxonomy":"product_cat","embeddable":true,"href":"https:\/\/exclusives.ro\/en\/wp-json\/wp\/v2\/product_cat?post=36191"},{"taxonomy":"product_tag","embeddable":true,"href":"https:\/\/exclusives.ro\/en\/wp-json\/wp\/v2\/product_tag?post=36191"}],"curies":[{"name":"wp","href":"https:\/\/api.w.org\/{rel}","templated":true}]}}