{"id":36193,"date":"2025-10-27T10:50:42","date_gmt":"2025-10-27T10:50:42","guid":{"rendered":"https:\/\/exclusives.fastapp.ro\/?post_type=product&#038;p=36193"},"modified":"2026-03-26T12:29:39","modified_gmt":"2026-03-26T12:29:39","slug":"sneakersi-sweet","status":"publish","type":"product","link":"https:\/\/exclusives.ro\/en\/product\/sneakersi-sweet\/","title":{"rendered":"Sneakersi &#8211; Sweet"},"content":{"rendered":"<p data-start=\"108\" data-end=\"306\">Sneakers Sweet aduc un echilibru subtil \u00eentre confort, feminitate \u0219i design contemporan. Cu o siluet\u0103 delicat\u0103 \u0219i detalii fluide, acest model este g\u00e2ndit pentru un stil relaxat, dar atent construit.<\/p>\n<p data-start=\"308\" data-end=\"566\">Realiza\u021bi din piele natural\u0103 \u0219i completa\u021bi de elemente elastice care \u00eembrac\u0103 piciorul cu u\u0219urin\u021b\u0103, Sweet ofer\u0103 o purtare intuitiv\u0103 \u0219i confortabil\u0103. Talpa u\u0219or sculptat\u0103 adaug\u0103 un accent modern, transform\u00e2nd un design minimalist \u00eentr-o pies\u0103 cu personalitate.<\/p>\n<ul data-start=\"568\" data-end=\"823\">\n<li data-section-id=\"9yg55n\" data-start=\"568\" data-end=\"591\">100% piele natural\u0103<\/li>\n<li data-section-id=\"qa96ec\" data-start=\"592\" data-end=\"638\">Inser\u021bii elastice pentru fixare \u0219i confort<\/li>\n<li data-section-id=\"hurcds\" data-start=\"639\" data-end=\"684\">Talp\u0103 u\u0219oar\u0103, flexibil\u0103, cu design modern<\/li>\n<li data-section-id=\"jfov0r\" data-start=\"685\" data-end=\"742\">Construc\u021bie ergonomic\u0103, ideal\u0103 pentru purtare zilnic\u0103<\/li>\n<li data-section-id=\"ew8ebx\" data-start=\"743\" data-end=\"798\">Design feminin, minimalist, cu accente contemporane<\/li>\n<li data-section-id=\"beorua\" data-start=\"799\" data-end=\"823\">Fabrica\u021bi \u00een Rom\u00e2nia<\/li>\n<\/ul>\n<p data-start=\"825\" data-end=\"1037\">Sneakers Sweet sunt alegerea perfect\u0103 pentru un stil effortless, cu o not\u0103 modern\u0103. Se potrivesc at\u00e2t \u00een \u021binute casual, c\u00e2t \u0219i \u00een combina\u021bii mai soft \u0219i feminine, devenind rapid o pies\u0103 versatil\u0103 \u00een garderoba ta.<\/p>\n<p><u><em><strong>PRODUS FABRICAT IN ROMANIA!<\/strong><\/em><\/u><\/p>\n<p>Marimi disponibile:\u00a0 \u00a036 , 37 , 38 , 39, 40<\/p>\n<p><strong><i>TEREMEN DE REALIZARE 12-14\u00a0ZILE LUCRATOARE<\/i><\/strong><\/p>","protected":false},"excerpt":{"rendered":"<p>Sneakers Sweet aduc un echilibru subtil \u00eentre confort, feminitate \u0219i design contemporan. Cu o siluet\u0103 delicat\u0103 \u0219i detalii fluide, acest<\/p>","protected":false},"featured_media":616504,"comment_status":"open","ping_status":"closed","template":"","meta":[],"product_brand":[252],"product_cat":[28],"product_tag":[],"class_list":{"0":"post-36193","1":"product","2":"type-product","3":"status-publish","4":"has-post-thumbnail","6":"product_brand-exclusives","7":"product_cat-sneakersi-tenesi","9":"first","10":"instock","11":"shipping-taxable","12":"purchasable","13":"product-type-variable","14":"has-default-attributes"},"yoast_head":"<!-- This site is optimized with the Yoast SEO plugin v27.4 - https:\/\/yoast.com\/product\/yoast-seo-wordpress\/ -->\n<title>Sneakersi - Sweet - Exclusives<\/title>\n<meta name=\"description\" content=\"Sneakers Sweet aduc un echilibru subtil \u00eentre confort, feminitate \u0219i design contemporan. Cu o siluet\u0103 delicat\u0103 \u0219i detalii fluide, acest model este g\u00e2ndit\" \/>\n<meta name=\"robots\" content=\"noindex, follow, max-snippet:-1, max-image-preview:large, max-video-preview:-1\" \/>\n<meta property=\"og:locale\" content=\"en_US\" \/>\n<meta property=\"og:type\" content=\"article\" \/>\n<meta property=\"og:title\" content=\"Sneakersi - Sweet - Exclusives\" \/>\n<meta property=\"og:description\" content=\"Sneakers Sweet aduc un echilibru subtil \u00eentre confort, feminitate \u0219i design contemporan. Cu o siluet\u0103 delicat\u0103 \u0219i detalii fluide, acest model este g\u00e2ndit\" \/>\n<meta property=\"og:url\" content=\"https:\/\/exclusives.ro\/en\/product\/sneakersi-sweet\/\" \/>\n<meta property=\"og:site_name\" content=\"Exclusives\" \/>\n<meta property=\"article:modified_time\" content=\"2026-03-26T12:29:39+00:00\" \/>\n<meta property=\"og:image\" content=\"https:\/\/exclusives.ro\/wp-content\/uploads\/2025\/10\/SRB00358.jpg\" \/>\n\t<meta property=\"og:image:width\" content=\"1366\" \/>\n\t<meta property=\"og:image:height\" content=\"2048\" \/>\n\t<meta property=\"og:image:type\" content=\"image\/jpeg\" \/>\n<meta name=\"twitter:card\" content=\"summary_large_image\" \/>\n<meta name=\"twitter:label1\" content=\"Est. reading time\" \/>\n\t<meta name=\"twitter:data1\" content=\"1 minute\" \/>\n<script type=\"application\/ld+json\" class=\"yoast-schema-graph\">{\"@context\":\"https:\\\/\\\/schema.org\",\"@graph\":[{\"@type\":\"WebPage\",\"@id\":\"https:\\\/\\\/exclusives.ro\\\/produs\\\/sneakersi-sweet\\\/\",\"url\":\"https:\\\/\\\/exclusives.ro\\\/produs\\\/sneakersi-sweet\\\/\",\"name\":\"Sneakersi - Sweet - Exclusives\",\"isPartOf\":{\"@id\":\"https:\\\/\\\/exclusives.ro\\\/#website\"},\"primaryImageOfPage\":{\"@id\":\"https:\\\/\\\/exclusives.ro\\\/produs\\\/sneakersi-sweet\\\/#primaryimage\"},\"image\":{\"@id\":\"https:\\\/\\\/exclusives.ro\\\/produs\\\/sneakersi-sweet\\\/#primaryimage\"},\"thumbnailUrl\":\"https:\\\/\\\/exclusives.ro\\\/wp-content\\\/uploads\\\/2025\\\/10\\\/SRB00358.jpg\",\"datePublished\":\"2025-10-27T10:50:42+00:00\",\"dateModified\":\"2026-03-26T12:29:39+00:00\",\"description\":\"Sneakers Sweet aduc un echilibru subtil \u00eentre confort, feminitate \u0219i design contemporan. Cu o siluet\u0103 delicat\u0103 \u0219i detalii fluide, acest model este g\u00e2ndit\",\"breadcrumb\":{\"@id\":\"https:\\\/\\\/exclusives.ro\\\/produs\\\/sneakersi-sweet\\\/#breadcrumb\"},\"inLanguage\":\"en-US\",\"potentialAction\":[{\"@type\":\"ReadAction\",\"target\":[\"https:\\\/\\\/exclusives.ro\\\/produs\\\/sneakersi-sweet\\\/\"]}]},{\"@type\":\"ImageObject\",\"inLanguage\":\"en-US\",\"@id\":\"https:\\\/\\\/exclusives.ro\\\/produs\\\/sneakersi-sweet\\\/#primaryimage\",\"url\":\"https:\\\/\\\/exclusives.ro\\\/wp-content\\\/uploads\\\/2025\\\/10\\\/SRB00358.jpg\",\"contentUrl\":\"https:\\\/\\\/exclusives.ro\\\/wp-content\\\/uploads\\\/2025\\\/10\\\/SRB00358.jpg\",\"width\":1366,\"height\":2048},{\"@type\":\"BreadcrumbList\",\"@id\":\"https:\\\/\\\/exclusives.ro\\\/produs\\\/sneakersi-sweet\\\/#breadcrumb\",\"itemListElement\":[{\"@type\":\"ListItem\",\"position\":1,\"name\":\"Home\",\"item\":\"https:\\\/\\\/exclusives.ro\\\/\"},{\"@type\":\"ListItem\",\"position\":2,\"name\":\"Pantofi\",\"item\":\"https:\\\/\\\/exclusives.ro\\\/shop\\\/\"},{\"@type\":\"ListItem\",\"position\":3,\"name\":\"Sneakersi &#8211; Sweet\"}]},{\"@type\":\"WebSite\",\"@id\":\"https:\\\/\\\/exclusives.ro\\\/#website\",\"url\":\"https:\\\/\\\/exclusives.ro\\\/\",\"name\":\"Exclusives\",\"description\":\"\",\"potentialAction\":[{\"@type\":\"SearchAction\",\"target\":{\"@type\":\"EntryPoint\",\"urlTemplate\":\"https:\\\/\\\/exclusives.ro\\\/?s={search_term_string}\"},\"query-input\":{\"@type\":\"PropertyValueSpecification\",\"valueRequired\":true,\"valueName\":\"search_term_string\"}}],\"inLanguage\":\"en-US\"}]}<\/script>\n<!-- \/ Yoast SEO plugin. -->","yoast_head_json":{"title":"Sneakersi - Sweet - Exclusives","description":"Sneakers Sweet aduc un echilibru subtil \u00eentre confort, feminitate \u0219i design contemporan. Cu o siluet\u0103 delicat\u0103 \u0219i detalii fluide, acest model este g\u00e2ndit","robots":{"index":"noindex","follow":"follow","max-snippet":"max-snippet:-1","max-image-preview":"max-image-preview:large","max-video-preview":"max-video-preview:-1"},"og_locale":"en_US","og_type":"article","og_title":"Sneakersi - Sweet - Exclusives","og_description":"Sneakers Sweet aduc un echilibru subtil \u00eentre confort, feminitate \u0219i design contemporan. Cu o siluet\u0103 delicat\u0103 \u0219i detalii fluide, acest model este g\u00e2ndit","og_url":"https:\/\/exclusives.ro\/en\/product\/sneakersi-sweet\/","og_site_name":"Exclusives","article_modified_time":"2026-03-26T12:29:39+00:00","og_image":[{"width":1366,"height":2048,"url":"https:\/\/exclusives.ro\/wp-content\/uploads\/2025\/10\/SRB00358.jpg","type":"image\/jpeg"}],"twitter_card":"summary_large_image","twitter_misc":{"Est. reading time":"1 minute"},"schema":{"@context":"https:\/\/schema.org","@graph":[{"@type":"WebPage","@id":"https:\/\/exclusives.ro\/produs\/sneakersi-sweet\/","url":"https:\/\/exclusives.ro\/produs\/sneakersi-sweet\/","name":"Sneakersi - Sweet - Exclusives","isPartOf":{"@id":"https:\/\/exclusives.ro\/#website"},"primaryImageOfPage":{"@id":"https:\/\/exclusives.ro\/produs\/sneakersi-sweet\/#primaryimage"},"image":{"@id":"https:\/\/exclusives.ro\/produs\/sneakersi-sweet\/#primaryimage"},"thumbnailUrl":"https:\/\/exclusives.ro\/wp-content\/uploads\/2025\/10\/SRB00358.jpg","datePublished":"2025-10-27T10:50:42+00:00","dateModified":"2026-03-26T12:29:39+00:00","description":"Sneakers Sweet aduc un echilibru subtil \u00eentre confort, feminitate \u0219i design contemporan. Cu o siluet\u0103 delicat\u0103 \u0219i detalii fluide, acest model este g\u00e2ndit","breadcrumb":{"@id":"https:\/\/exclusives.ro\/produs\/sneakersi-sweet\/#breadcrumb"},"inLanguage":"en-US","potentialAction":[{"@type":"ReadAction","target":["https:\/\/exclusives.ro\/produs\/sneakersi-sweet\/"]}]},{"@type":"ImageObject","inLanguage":"en-US","@id":"https:\/\/exclusives.ro\/produs\/sneakersi-sweet\/#primaryimage","url":"https:\/\/exclusives.ro\/wp-content\/uploads\/2025\/10\/SRB00358.jpg","contentUrl":"https:\/\/exclusives.ro\/wp-content\/uploads\/2025\/10\/SRB00358.jpg","width":1366,"height":2048},{"@type":"BreadcrumbList","@id":"https:\/\/exclusives.ro\/produs\/sneakersi-sweet\/#breadcrumb","itemListElement":[{"@type":"ListItem","position":1,"name":"Home","item":"https:\/\/exclusives.ro\/"},{"@type":"ListItem","position":2,"name":"Pantofi","item":"https:\/\/exclusives.ro\/shop\/"},{"@type":"ListItem","position":3,"name":"Sneakersi &#8211; Sweet"}]},{"@type":"WebSite","@id":"https:\/\/exclusives.ro\/#website","url":"https:\/\/exclusives.ro\/","name":"Exclusives","description":"","potentialAction":[{"@type":"SearchAction","target":{"@type":"EntryPoint","urlTemplate":"https:\/\/exclusives.ro\/?s={search_term_string}"},"query-input":{"@type":"PropertyValueSpecification","valueRequired":true,"valueName":"search_term_string"}}],"inLanguage":"en-US"}]}},"jetpack_sharing_enabled":true,"_links":{"self":[{"href":"https:\/\/exclusives.ro\/en\/wp-json\/wp\/v2\/product\/36193","targetHints":{"allow":["GET"]}}],"collection":[{"href":"https:\/\/exclusives.ro\/en\/wp-json\/wp\/v2\/product"}],"about":[{"href":"https:\/\/exclusives.ro\/en\/wp-json\/wp\/v2\/types\/product"}],"replies":[{"embeddable":true,"href":"https:\/\/exclusives.ro\/en\/wp-json\/wp\/v2\/comments?post=36193"}],"version-history":[{"count":2,"href":"https:\/\/exclusives.ro\/en\/wp-json\/wp\/v2\/product\/36193\/revisions"}],"predecessor-version":[{"id":616510,"href":"https:\/\/exclusives.ro\/en\/wp-json\/wp\/v2\/product\/36193\/revisions\/616510"}],"wp:featuredmedia":[{"embeddable":true,"href":"https:\/\/exclusives.ro\/en\/wp-json\/wp\/v2\/media\/616504"}],"wp:attachment":[{"href":"https:\/\/exclusives.ro\/en\/wp-json\/wp\/v2\/media?parent=36193"}],"wp:term":[{"taxonomy":"product_brand","embeddable":true,"href":"https:\/\/exclusives.ro\/en\/wp-json\/wp\/v2\/product_brand?post=36193"},{"taxonomy":"product_cat","embeddable":true,"href":"https:\/\/exclusives.ro\/en\/wp-json\/wp\/v2\/product_cat?post=36193"},{"taxonomy":"product_tag","embeddable":true,"href":"https:\/\/exclusives.ro\/en\/wp-json\/wp\/v2\/product_tag?post=36193"}],"curies":[{"name":"wp","href":"https:\/\/api.w.org\/{rel}","templated":true}]}}