{"id":36689,"date":"2025-10-27T12:23:23","date_gmt":"2025-10-27T12:23:23","guid":{"rendered":"https:\/\/exclusives.fastapp.ro\/?post_type=product&#038;p=36689"},"modified":"2026-04-15T08:30:32","modified_gmt":"2026-04-15T08:30:32","slug":"sandale-ruffles","status":"publish","type":"product","link":"https:\/\/exclusives.ro\/en\/product\/sandale-ruffles\/","title":{"rendered":"Sandale &#8211; Ruffles"},"content":{"rendered":"<p data-start=\"97\" data-end=\"324\">Sandalele Ruffles sunt expresia feminit\u0103\u021bii juc\u0103u\u0219e, reinterpretat\u0103 \u00eentr-un design modern \u0219i elegant. Detaliul central \u2013 volanele delicate \u2013 adaug\u0103 un aer romantic \u0219i sofisticat, transform\u00e2nd orice apari\u021bie \u00eentr-una memorabil\u0103.<\/p>\n<p data-start=\"326\" data-end=\"602\">Realizate din piele natural\u0103 \u0219i finisate cu aten\u021bie la fiecare detaliu, sandalele ofer\u0103 confort \u0219i stabilitate datorit\u0103 tocului mediu, ideal pentru purtare \u00eendelungat\u0103. Bareta fin\u0103 pe glezn\u0103 asigur\u0103 fixare perfect\u0103, complet\u00e2nd un look echilibrat \u00eentre stil \u0219i func\u021bionalitate.<\/p>\n<ul data-start=\"604\" data-end=\"890\">\n<li data-section-id=\"9yg55n\" data-start=\"604\" data-end=\"627\">100% piele natural\u0103<\/li>\n<li data-section-id=\"1cdxouh\" data-start=\"628\" data-end=\"675\">Design feminin, cu detaliu ruffles (volane)<\/li>\n<li data-section-id=\"1k4y130\" data-start=\"676\" data-end=\"703\">Toc gros, stabil \u2013 5 cm<\/li>\n<li data-section-id=\"1f1kvif\" data-start=\"704\" data-end=\"747\">Barete elegante pentru sus\u021binere optim\u0103<\/li>\n<li data-section-id=\"1383gu9\" data-start=\"748\" data-end=\"805\">Confort ridicat pentru purtare zilnic\u0103 sau evenimente<\/li>\n<li data-section-id=\"1wgx705\" data-start=\"806\" data-end=\"865\">Disponibile \u00een mai multe variante de culoare \u0219i textur\u0103<\/li>\n<li data-section-id=\"beorua\" data-start=\"866\" data-end=\"890\">Fabrica\u021bi \u00een Rom\u00e2nia<\/li>\n<\/ul>\n<p data-start=\"892\" data-end=\"1053\">Sandalele Ruffles sunt alegerea perfect\u0103 pentru \u021binute de var\u0103, evenimente sau seri speciale, ad\u0103ug\u00e2nd un plus de rafinament \u0219i personalitate fiec\u0103rui outfit. \ud83d\udcab<\/p>\n<p><strong><i>ATENTIE! Acest produs se realizeaza\u00a0doar la comanda!<\/i><\/strong><\/p>\n<p><strong><i>Timp de realizare 12-14\u00a0zile lucratoare!<\/i><\/strong><\/p>\n<p>Toc 5cm<\/p>\n<p><u><em><strong>PRODUS FABRICAT IN ROMANIA!<\/strong><\/em><\/u><\/p>\n<p>Marimi disponibile: 35, 36 , 37 , 38 , 39, 40<\/p>","protected":false},"excerpt":{"rendered":"<p>Sandalele Ruffles sunt expresia feminit\u0103\u021bii juc\u0103u\u0219e, reinterpretat\u0103 \u00eentr-un design modern \u0219i elegant. Detaliul central \u2013 volanele delicate \u2013 adaug\u0103 un<\/p>","protected":false},"featured_media":36803,"comment_status":"open","ping_status":"closed","template":"","meta":[],"product_brand":[252],"product_cat":[30],"product_tag":[],"class_list":{"0":"post-36689","1":"product","2":"type-product","3":"status-publish","4":"has-post-thumbnail","6":"product_brand-exclusives","7":"product_cat-sandale","9":"first","10":"instock","11":"shipping-taxable","12":"purchasable","13":"product-type-variable","14":"has-default-attributes"},"yoast_head":"<!-- This site is optimized with the Yoast SEO plugin v27.4 - https:\/\/yoast.com\/product\/yoast-seo-wordpress\/ -->\n<title>Sandale - Ruffles - Exclusives<\/title>\n<meta name=\"description\" content=\"Sandalele Ruffles sunt expresia feminit\u0103\u021bii juc\u0103u\u0219e, reinterpretat\u0103 \u00eentr-un design modern \u0219i elegant. Detaliul central \u2013 volanele delicate \u2013 adaug\u0103 un aer\" \/>\n<meta name=\"robots\" content=\"noindex, follow, max-snippet:-1, max-image-preview:large, max-video-preview:-1\" \/>\n<meta property=\"og:locale\" content=\"en_US\" \/>\n<meta property=\"og:type\" content=\"article\" \/>\n<meta property=\"og:title\" content=\"Sandale - Ruffles - Exclusives\" \/>\n<meta property=\"og:description\" content=\"Sandalele Ruffles sunt expresia feminit\u0103\u021bii juc\u0103u\u0219e, reinterpretat\u0103 \u00eentr-un design modern \u0219i elegant. Detaliul central \u2013 volanele delicate \u2013 adaug\u0103 un aer\" \/>\n<meta property=\"og:url\" content=\"https:\/\/exclusives.ro\/en\/product\/sandale-ruffles\/\" \/>\n<meta property=\"og:site_name\" content=\"Exclusives\" \/>\n<meta property=\"article:modified_time\" content=\"2026-04-15T08:30:32+00:00\" \/>\n<meta property=\"og:image\" content=\"https:\/\/exclusives.ro\/wp-content\/uploads\/2025\/10\/SRB04201.jpg\" \/>\n\t<meta property=\"og:image:width\" content=\"1366\" \/>\n\t<meta property=\"og:image:height\" content=\"2048\" \/>\n\t<meta property=\"og:image:type\" content=\"image\/jpeg\" \/>\n<meta name=\"twitter:card\" content=\"summary_large_image\" \/>\n<meta name=\"twitter:label1\" content=\"Est. reading time\" \/>\n\t<meta name=\"twitter:data1\" content=\"1 minute\" \/>\n<script type=\"application\/ld+json\" class=\"yoast-schema-graph\">{\"@context\":\"https:\\\/\\\/schema.org\",\"@graph\":[{\"@type\":\"WebPage\",\"@id\":\"https:\\\/\\\/exclusives.ro\\\/produs\\\/sandale-ruffles\\\/\",\"url\":\"https:\\\/\\\/exclusives.ro\\\/produs\\\/sandale-ruffles\\\/\",\"name\":\"Sandale - Ruffles - Exclusives\",\"isPartOf\":{\"@id\":\"https:\\\/\\\/exclusives.ro\\\/#website\"},\"primaryImageOfPage\":{\"@id\":\"https:\\\/\\\/exclusives.ro\\\/produs\\\/sandale-ruffles\\\/#primaryimage\"},\"image\":{\"@id\":\"https:\\\/\\\/exclusives.ro\\\/produs\\\/sandale-ruffles\\\/#primaryimage\"},\"thumbnailUrl\":\"https:\\\/\\\/exclusives.ro\\\/wp-content\\\/uploads\\\/2025\\\/10\\\/SRB04201.jpg\",\"datePublished\":\"2025-10-27T12:23:23+00:00\",\"dateModified\":\"2026-04-15T08:30:32+00:00\",\"description\":\"Sandalele Ruffles sunt expresia feminit\u0103\u021bii juc\u0103u\u0219e, reinterpretat\u0103 \u00eentr-un design modern \u0219i elegant. Detaliul central \u2013 volanele delicate \u2013 adaug\u0103 un aer\",\"breadcrumb\":{\"@id\":\"https:\\\/\\\/exclusives.ro\\\/produs\\\/sandale-ruffles\\\/#breadcrumb\"},\"inLanguage\":\"en-US\",\"potentialAction\":[{\"@type\":\"ReadAction\",\"target\":[\"https:\\\/\\\/exclusives.ro\\\/produs\\\/sandale-ruffles\\\/\"]}]},{\"@type\":\"ImageObject\",\"inLanguage\":\"en-US\",\"@id\":\"https:\\\/\\\/exclusives.ro\\\/produs\\\/sandale-ruffles\\\/#primaryimage\",\"url\":\"https:\\\/\\\/exclusives.ro\\\/wp-content\\\/uploads\\\/2025\\\/10\\\/SRB04201.jpg\",\"contentUrl\":\"https:\\\/\\\/exclusives.ro\\\/wp-content\\\/uploads\\\/2025\\\/10\\\/SRB04201.jpg\",\"width\":1366,\"height\":2048},{\"@type\":\"BreadcrumbList\",\"@id\":\"https:\\\/\\\/exclusives.ro\\\/produs\\\/sandale-ruffles\\\/#breadcrumb\",\"itemListElement\":[{\"@type\":\"ListItem\",\"position\":1,\"name\":\"Home\",\"item\":\"https:\\\/\\\/exclusives.ro\\\/\"},{\"@type\":\"ListItem\",\"position\":2,\"name\":\"Pantofi\",\"item\":\"https:\\\/\\\/exclusives.ro\\\/shop\\\/\"},{\"@type\":\"ListItem\",\"position\":3,\"name\":\"Sandale &#8211; Ruffles\"}]},{\"@type\":\"WebSite\",\"@id\":\"https:\\\/\\\/exclusives.ro\\\/#website\",\"url\":\"https:\\\/\\\/exclusives.ro\\\/\",\"name\":\"Exclusives\",\"description\":\"\",\"potentialAction\":[{\"@type\":\"SearchAction\",\"target\":{\"@type\":\"EntryPoint\",\"urlTemplate\":\"https:\\\/\\\/exclusives.ro\\\/?s={search_term_string}\"},\"query-input\":{\"@type\":\"PropertyValueSpecification\",\"valueRequired\":true,\"valueName\":\"search_term_string\"}}],\"inLanguage\":\"en-US\"}]}<\/script>\n<!-- \/ Yoast SEO plugin. -->","yoast_head_json":{"title":"Sandale - Ruffles - Exclusives","description":"Sandalele Ruffles sunt expresia feminit\u0103\u021bii juc\u0103u\u0219e, reinterpretat\u0103 \u00eentr-un design modern \u0219i elegant. Detaliul central \u2013 volanele delicate \u2013 adaug\u0103 un aer","robots":{"index":"noindex","follow":"follow","max-snippet":"max-snippet:-1","max-image-preview":"max-image-preview:large","max-video-preview":"max-video-preview:-1"},"og_locale":"en_US","og_type":"article","og_title":"Sandale - Ruffles - Exclusives","og_description":"Sandalele Ruffles sunt expresia feminit\u0103\u021bii juc\u0103u\u0219e, reinterpretat\u0103 \u00eentr-un design modern \u0219i elegant. Detaliul central \u2013 volanele delicate \u2013 adaug\u0103 un aer","og_url":"https:\/\/exclusives.ro\/en\/product\/sandale-ruffles\/","og_site_name":"Exclusives","article_modified_time":"2026-04-15T08:30:32+00:00","og_image":[{"width":1366,"height":2048,"url":"https:\/\/exclusives.ro\/wp-content\/uploads\/2025\/10\/SRB04201.jpg","type":"image\/jpeg"}],"twitter_card":"summary_large_image","twitter_misc":{"Est. reading time":"1 minute"},"schema":{"@context":"https:\/\/schema.org","@graph":[{"@type":"WebPage","@id":"https:\/\/exclusives.ro\/produs\/sandale-ruffles\/","url":"https:\/\/exclusives.ro\/produs\/sandale-ruffles\/","name":"Sandale - Ruffles - Exclusives","isPartOf":{"@id":"https:\/\/exclusives.ro\/#website"},"primaryImageOfPage":{"@id":"https:\/\/exclusives.ro\/produs\/sandale-ruffles\/#primaryimage"},"image":{"@id":"https:\/\/exclusives.ro\/produs\/sandale-ruffles\/#primaryimage"},"thumbnailUrl":"https:\/\/exclusives.ro\/wp-content\/uploads\/2025\/10\/SRB04201.jpg","datePublished":"2025-10-27T12:23:23+00:00","dateModified":"2026-04-15T08:30:32+00:00","description":"Sandalele Ruffles sunt expresia feminit\u0103\u021bii juc\u0103u\u0219e, reinterpretat\u0103 \u00eentr-un design modern \u0219i elegant. Detaliul central \u2013 volanele delicate \u2013 adaug\u0103 un aer","breadcrumb":{"@id":"https:\/\/exclusives.ro\/produs\/sandale-ruffles\/#breadcrumb"},"inLanguage":"en-US","potentialAction":[{"@type":"ReadAction","target":["https:\/\/exclusives.ro\/produs\/sandale-ruffles\/"]}]},{"@type":"ImageObject","inLanguage":"en-US","@id":"https:\/\/exclusives.ro\/produs\/sandale-ruffles\/#primaryimage","url":"https:\/\/exclusives.ro\/wp-content\/uploads\/2025\/10\/SRB04201.jpg","contentUrl":"https:\/\/exclusives.ro\/wp-content\/uploads\/2025\/10\/SRB04201.jpg","width":1366,"height":2048},{"@type":"BreadcrumbList","@id":"https:\/\/exclusives.ro\/produs\/sandale-ruffles\/#breadcrumb","itemListElement":[{"@type":"ListItem","position":1,"name":"Home","item":"https:\/\/exclusives.ro\/"},{"@type":"ListItem","position":2,"name":"Pantofi","item":"https:\/\/exclusives.ro\/shop\/"},{"@type":"ListItem","position":3,"name":"Sandale &#8211; Ruffles"}]},{"@type":"WebSite","@id":"https:\/\/exclusives.ro\/#website","url":"https:\/\/exclusives.ro\/","name":"Exclusives","description":"","potentialAction":[{"@type":"SearchAction","target":{"@type":"EntryPoint","urlTemplate":"https:\/\/exclusives.ro\/?s={search_term_string}"},"query-input":{"@type":"PropertyValueSpecification","valueRequired":true,"valueName":"search_term_string"}}],"inLanguage":"en-US"}]}},"jetpack_sharing_enabled":true,"_links":{"self":[{"href":"https:\/\/exclusives.ro\/en\/wp-json\/wp\/v2\/product\/36689","targetHints":{"allow":["GET"]}}],"collection":[{"href":"https:\/\/exclusives.ro\/en\/wp-json\/wp\/v2\/product"}],"about":[{"href":"https:\/\/exclusives.ro\/en\/wp-json\/wp\/v2\/types\/product"}],"replies":[{"embeddable":true,"href":"https:\/\/exclusives.ro\/en\/wp-json\/wp\/v2\/comments?post=36689"}],"version-history":[{"count":2,"href":"https:\/\/exclusives.ro\/en\/wp-json\/wp\/v2\/product\/36689\/revisions"}],"predecessor-version":[{"id":617574,"href":"https:\/\/exclusives.ro\/en\/wp-json\/wp\/v2\/product\/36689\/revisions\/617574"}],"wp:featuredmedia":[{"embeddable":true,"href":"https:\/\/exclusives.ro\/en\/wp-json\/wp\/v2\/media\/36803"}],"wp:attachment":[{"href":"https:\/\/exclusives.ro\/en\/wp-json\/wp\/v2\/media?parent=36689"}],"wp:term":[{"taxonomy":"product_brand","embeddable":true,"href":"https:\/\/exclusives.ro\/en\/wp-json\/wp\/v2\/product_brand?post=36689"},{"taxonomy":"product_cat","embeddable":true,"href":"https:\/\/exclusives.ro\/en\/wp-json\/wp\/v2\/product_cat?post=36689"},{"taxonomy":"product_tag","embeddable":true,"href":"https:\/\/exclusives.ro\/en\/wp-json\/wp\/v2\/product_tag?post=36689"}],"curies":[{"name":"wp","href":"https:\/\/api.w.org\/{rel}","templated":true}]}}