{"id":447443,"date":"2026-02-10T14:29:58","date_gmt":"2026-02-10T14:29:58","guid":{"rendered":"https:\/\/exclusives.ro\/produs\/ghete-pure\/"},"modified":"2026-04-16T09:36:52","modified_gmt":"2026-04-16T09:36:52","slug":"ghete-pure","status":"publish","type":"product","link":"https:\/\/exclusives.ro\/en\/product\/ghete-pure\/","title":{"rendered":"Ghete &#8211; Pure"},"content":{"rendered":"<p>Linii curate, echilibru perfect \u0219i elegan\u021b\u0103 contemporan\u0103 \u2013 ghetele Pure sunt expresia minimalismului modern, reinterpretat \u00eentr-o form\u0103 puternic\u0103 \u0219i sofisticat\u0103. Designul lor structurat, completat de detalii discrete cu catarame, ofer\u0103 un aer architectural \u0219i o prezen\u021b\u0103 rafinat\u0103 \u00een orice \u021binut\u0103.<\/p>\n<p>100% piele natural\u0103 premium, cu finisaj neted \u0219i elegant<\/p>\n<p>Lucrate manual cu aten\u021bie la fiecare detaliu<\/p>\n<p>Catarame metalice subtile, pentru un accent modern \u0219i func\u021bional<\/p>\n<p>Talp\u0103 chunky confortabil\u0103, ideal\u0103 pentru purtare zilnic\u0103<\/p>\n<p>Design minimalist, cu influen\u021be urban-luxury<\/p>\n<p>Fabricate \u00een Rom\u00e2nia<\/p>\n<p>Ghetele Pure sunt alegerea perfect\u0103 pentru cei care apreciaz\u0103 simplitatea sofisticat\u0103 \u0219i piesele statement f\u0103r\u0103 exces. Se potrivesc natural \u00een garderoba contemporan\u0103, complet\u00e2nd at\u00e2t outfituri monocrome, c\u00e2t \u0219i combina\u021bii smart-casual, cu o elegan\u021b\u0103 t\u0103cut\u0103 \u0219i sigur\u0103.<\/p>\n<p>PRODUS FABRICAT IN ROMANIA!<\/p>\n<p>Marimi disponibile: 36 , 37 , 38 , 39, 40<\/p>\n<p>TERMEN DE REALIZARE 12-14 ZILE LUCRATOARE<\/p>","protected":false},"excerpt":{"rendered":"<p>Linii curate, echilibru perfect \u0219i elegan\u021b\u0103 contemporan\u0103 \u2013 ghetele Pure sunt expresia minimalismului modern, reinterpretat \u00eentr-o form\u0103 puternic\u0103 \u0219i sofisticat\u0103.<\/p>","protected":false},"featured_media":615386,"comment_status":"open","ping_status":"closed","template":"","meta":[],"product_brand":[252],"product_cat":[20],"product_tag":[],"class_list":{"0":"post-447443","1":"product","2":"type-product","3":"status-publish","4":"has-post-thumbnail","6":"product_brand-exclusives","7":"product_cat-bocanci-ghete","9":"first","10":"instock","11":"shipping-taxable","12":"purchasable","13":"product-type-variable"},"yoast_head":"<!-- This site is optimized with the Yoast SEO plugin v27.4 - https:\/\/yoast.com\/product\/yoast-seo-wordpress\/ -->\n<title>Ghete - Pure - Exclusives<\/title>\n<meta name=\"description\" content=\"Linii curate, echilibru perfect \u0219i elegan\u021b\u0103 contemporan\u0103 \u2013 ghetele Pure sunt expresia minimalismului modern, reinterpretat \u00eentr-o form\u0103 puternic\u0103 \u0219i\" \/>\n<meta name=\"robots\" content=\"noindex, follow, max-snippet:-1, max-image-preview:large, max-video-preview:-1\" \/>\n<meta property=\"og:locale\" content=\"en_US\" \/>\n<meta property=\"og:type\" content=\"article\" \/>\n<meta property=\"og:title\" content=\"Ghete - Pure - Exclusives\" \/>\n<meta property=\"og:description\" content=\"Linii curate, echilibru perfect \u0219i elegan\u021b\u0103 contemporan\u0103 \u2013 ghetele Pure sunt expresia minimalismului modern, reinterpretat \u00eentr-o form\u0103 puternic\u0103 \u0219i\" \/>\n<meta property=\"og:url\" content=\"https:\/\/exclusives.ro\/en\/product\/ghete-pure\/\" \/>\n<meta property=\"og:site_name\" content=\"Exclusives\" \/>\n<meta property=\"article:modified_time\" content=\"2026-04-16T09:36:52+00:00\" \/>\n<meta property=\"og:image\" content=\"https:\/\/exclusives.ro\/wp-content\/uploads\/2026\/02\/FS_16320.jpg\" \/>\n\t<meta property=\"og:image:width\" content=\"1366\" \/>\n\t<meta property=\"og:image:height\" content=\"2048\" \/>\n\t<meta property=\"og:image:type\" content=\"image\/jpeg\" \/>\n<meta name=\"twitter:card\" content=\"summary_large_image\" \/>\n<meta name=\"twitter:label1\" content=\"Est. reading time\" \/>\n\t<meta name=\"twitter:data1\" content=\"1 minute\" \/>\n<script type=\"application\/ld+json\" class=\"yoast-schema-graph\">{\"@context\":\"https:\\\/\\\/schema.org\",\"@graph\":[{\"@type\":\"WebPage\",\"@id\":\"https:\\\/\\\/exclusives.ro\\\/produs\\\/ghete-pure\\\/\",\"url\":\"https:\\\/\\\/exclusives.ro\\\/produs\\\/ghete-pure\\\/\",\"name\":\"Ghete - Pure - Exclusives\",\"isPartOf\":{\"@id\":\"https:\\\/\\\/exclusives.ro\\\/#website\"},\"primaryImageOfPage\":{\"@id\":\"https:\\\/\\\/exclusives.ro\\\/produs\\\/ghete-pure\\\/#primaryimage\"},\"image\":{\"@id\":\"https:\\\/\\\/exclusives.ro\\\/produs\\\/ghete-pure\\\/#primaryimage\"},\"thumbnailUrl\":\"https:\\\/\\\/exclusives.ro\\\/wp-content\\\/uploads\\\/2026\\\/02\\\/FS_16320.jpg\",\"datePublished\":\"2026-02-10T14:29:58+00:00\",\"dateModified\":\"2026-04-16T09:36:52+00:00\",\"description\":\"Linii curate, echilibru perfect \u0219i elegan\u021b\u0103 contemporan\u0103 \u2013 ghetele Pure sunt expresia minimalismului modern, reinterpretat \u00eentr-o form\u0103 puternic\u0103 \u0219i\",\"breadcrumb\":{\"@id\":\"https:\\\/\\\/exclusives.ro\\\/produs\\\/ghete-pure\\\/#breadcrumb\"},\"inLanguage\":\"en-US\",\"potentialAction\":[{\"@type\":\"ReadAction\",\"target\":[\"https:\\\/\\\/exclusives.ro\\\/produs\\\/ghete-pure\\\/\"]}]},{\"@type\":\"ImageObject\",\"inLanguage\":\"en-US\",\"@id\":\"https:\\\/\\\/exclusives.ro\\\/produs\\\/ghete-pure\\\/#primaryimage\",\"url\":\"https:\\\/\\\/exclusives.ro\\\/wp-content\\\/uploads\\\/2026\\\/02\\\/FS_16320.jpg\",\"contentUrl\":\"https:\\\/\\\/exclusives.ro\\\/wp-content\\\/uploads\\\/2026\\\/02\\\/FS_16320.jpg\",\"width\":1366,\"height\":2048},{\"@type\":\"BreadcrumbList\",\"@id\":\"https:\\\/\\\/exclusives.ro\\\/produs\\\/ghete-pure\\\/#breadcrumb\",\"itemListElement\":[{\"@type\":\"ListItem\",\"position\":1,\"name\":\"Home\",\"item\":\"https:\\\/\\\/exclusives.ro\\\/\"},{\"@type\":\"ListItem\",\"position\":2,\"name\":\"Pantofi\",\"item\":\"https:\\\/\\\/exclusives.ro\\\/shop\\\/\"},{\"@type\":\"ListItem\",\"position\":3,\"name\":\"Ghete &#8211; Pure\"}]},{\"@type\":\"WebSite\",\"@id\":\"https:\\\/\\\/exclusives.ro\\\/#website\",\"url\":\"https:\\\/\\\/exclusives.ro\\\/\",\"name\":\"Exclusives\",\"description\":\"\",\"potentialAction\":[{\"@type\":\"SearchAction\",\"target\":{\"@type\":\"EntryPoint\",\"urlTemplate\":\"https:\\\/\\\/exclusives.ro\\\/?s={search_term_string}\"},\"query-input\":{\"@type\":\"PropertyValueSpecification\",\"valueRequired\":true,\"valueName\":\"search_term_string\"}}],\"inLanguage\":\"en-US\"}]}<\/script>\n<!-- \/ Yoast SEO plugin. -->","yoast_head_json":{"title":"Ghete - Pure - Exclusives","description":"Linii curate, echilibru perfect \u0219i elegan\u021b\u0103 contemporan\u0103 \u2013 ghetele Pure sunt expresia minimalismului modern, reinterpretat \u00eentr-o form\u0103 puternic\u0103 \u0219i","robots":{"index":"noindex","follow":"follow","max-snippet":"max-snippet:-1","max-image-preview":"max-image-preview:large","max-video-preview":"max-video-preview:-1"},"og_locale":"en_US","og_type":"article","og_title":"Ghete - Pure - Exclusives","og_description":"Linii curate, echilibru perfect \u0219i elegan\u021b\u0103 contemporan\u0103 \u2013 ghetele Pure sunt expresia minimalismului modern, reinterpretat \u00eentr-o form\u0103 puternic\u0103 \u0219i","og_url":"https:\/\/exclusives.ro\/en\/product\/ghete-pure\/","og_site_name":"Exclusives","article_modified_time":"2026-04-16T09:36:52+00:00","og_image":[{"width":1366,"height":2048,"url":"https:\/\/exclusives.ro\/wp-content\/uploads\/2026\/02\/FS_16320.jpg","type":"image\/jpeg"}],"twitter_card":"summary_large_image","twitter_misc":{"Est. reading time":"1 minute"},"schema":{"@context":"https:\/\/schema.org","@graph":[{"@type":"WebPage","@id":"https:\/\/exclusives.ro\/produs\/ghete-pure\/","url":"https:\/\/exclusives.ro\/produs\/ghete-pure\/","name":"Ghete - Pure - Exclusives","isPartOf":{"@id":"https:\/\/exclusives.ro\/#website"},"primaryImageOfPage":{"@id":"https:\/\/exclusives.ro\/produs\/ghete-pure\/#primaryimage"},"image":{"@id":"https:\/\/exclusives.ro\/produs\/ghete-pure\/#primaryimage"},"thumbnailUrl":"https:\/\/exclusives.ro\/wp-content\/uploads\/2026\/02\/FS_16320.jpg","datePublished":"2026-02-10T14:29:58+00:00","dateModified":"2026-04-16T09:36:52+00:00","description":"Linii curate, echilibru perfect \u0219i elegan\u021b\u0103 contemporan\u0103 \u2013 ghetele Pure sunt expresia minimalismului modern, reinterpretat \u00eentr-o form\u0103 puternic\u0103 \u0219i","breadcrumb":{"@id":"https:\/\/exclusives.ro\/produs\/ghete-pure\/#breadcrumb"},"inLanguage":"en-US","potentialAction":[{"@type":"ReadAction","target":["https:\/\/exclusives.ro\/produs\/ghete-pure\/"]}]},{"@type":"ImageObject","inLanguage":"en-US","@id":"https:\/\/exclusives.ro\/produs\/ghete-pure\/#primaryimage","url":"https:\/\/exclusives.ro\/wp-content\/uploads\/2026\/02\/FS_16320.jpg","contentUrl":"https:\/\/exclusives.ro\/wp-content\/uploads\/2026\/02\/FS_16320.jpg","width":1366,"height":2048},{"@type":"BreadcrumbList","@id":"https:\/\/exclusives.ro\/produs\/ghete-pure\/#breadcrumb","itemListElement":[{"@type":"ListItem","position":1,"name":"Home","item":"https:\/\/exclusives.ro\/"},{"@type":"ListItem","position":2,"name":"Pantofi","item":"https:\/\/exclusives.ro\/shop\/"},{"@type":"ListItem","position":3,"name":"Ghete &#8211; Pure"}]},{"@type":"WebSite","@id":"https:\/\/exclusives.ro\/#website","url":"https:\/\/exclusives.ro\/","name":"Exclusives","description":"","potentialAction":[{"@type":"SearchAction","target":{"@type":"EntryPoint","urlTemplate":"https:\/\/exclusives.ro\/?s={search_term_string}"},"query-input":{"@type":"PropertyValueSpecification","valueRequired":true,"valueName":"search_term_string"}}],"inLanguage":"en-US"}]}},"jetpack_sharing_enabled":true,"_links":{"self":[{"href":"https:\/\/exclusives.ro\/en\/wp-json\/wp\/v2\/product\/447443","targetHints":{"allow":["GET"]}}],"collection":[{"href":"https:\/\/exclusives.ro\/en\/wp-json\/wp\/v2\/product"}],"about":[{"href":"https:\/\/exclusives.ro\/en\/wp-json\/wp\/v2\/types\/product"}],"replies":[{"embeddable":true,"href":"https:\/\/exclusives.ro\/en\/wp-json\/wp\/v2\/comments?post=447443"}],"version-history":[{"count":1,"href":"https:\/\/exclusives.ro\/en\/wp-json\/wp\/v2\/product\/447443\/revisions"}],"predecessor-version":[{"id":615403,"href":"https:\/\/exclusives.ro\/en\/wp-json\/wp\/v2\/product\/447443\/revisions\/615403"}],"wp:featuredmedia":[{"embeddable":true,"href":"https:\/\/exclusives.ro\/en\/wp-json\/wp\/v2\/media\/615386"}],"wp:attachment":[{"href":"https:\/\/exclusives.ro\/en\/wp-json\/wp\/v2\/media?parent=447443"}],"wp:term":[{"taxonomy":"product_brand","embeddable":true,"href":"https:\/\/exclusives.ro\/en\/wp-json\/wp\/v2\/product_brand?post=447443"},{"taxonomy":"product_cat","embeddable":true,"href":"https:\/\/exclusives.ro\/en\/wp-json\/wp\/v2\/product_cat?post=447443"},{"taxonomy":"product_tag","embeddable":true,"href":"https:\/\/exclusives.ro\/en\/wp-json\/wp\/v2\/product_tag?post=447443"}],"curies":[{"name":"wp","href":"https:\/\/api.w.org\/{rel}","templated":true}]}}