{"id":447652,"date":"2026-02-12T11:59:20","date_gmt":"2026-02-12T11:59:20","guid":{"rendered":"https:\/\/exclusives.ro\/?post_type=product&#038;p=447652"},"modified":"2026-04-16T09:26:43","modified_gmt":"2026-04-16T09:26:43","slug":"ghete-atlas-short-premium-black","status":"publish","type":"product","link":"https:\/\/exclusives.ro\/en\/product\/ghete-atlas-short-premium-black\/","title":{"rendered":"Ghete &#8211; Atlas Short"},"content":{"rendered":"<p data-start=\"249\" data-end=\"564\">Minimaliste, solide \u0219i extrem de confortabile, aceste ghete sunt create pentru purtare zilnic\u0103, f\u0103r\u0103 compromis \u00eentre stil \u0219i func\u021bionalitate. Designul curat este pus \u00een valoare de\u00a0<strong data-start=\"429\" data-end=\"473\">pielea natural\u0103 cu textur\u0103 fin granulat\u0103<\/strong>, care ofer\u0103 durabilitate \u0219i un aspect premium, u\u0219or de integrat \u00een orice garderob\u0103 urban\u0103.<\/p>\n<p data-start=\"566\" data-end=\"860\">Modelul este construit pe un\u00a0<strong data-start=\"595\" data-end=\"616\">calapod ergonomic<\/strong>, g\u00e2ndit pentru confort real \u0219i stabilitate, iar\u00a0<strong data-start=\"665\" data-end=\"708\">talpa groas\u0103, u\u0219oar\u0103 \u0219i bine amortizat\u0103<\/strong>\u00a0sus\u021bine piciorul pe tot parcursul zilei. Sistemul de \u00eenchidere combin\u0103 \u0219iretul clasic cu fermoar lateral, pentru o \u00eenc\u0103l\u021bare rapid\u0103 \u0219i ajustare optim\u0103.<\/p>\n<h4 data-start=\"862\" data-end=\"875\">Detalii:<\/h4>\n<ul data-start=\"876\" data-end=\"1114\">\n<li data-start=\"876\" data-end=\"907\">\n<p data-start=\"878\" data-end=\"907\">100% piele natural\u0103 premium<\/p>\n<\/li>\n<li data-start=\"908\" data-end=\"951\">\n<p data-start=\"910\" data-end=\"951\">Talp\u0103 groas\u0103, modern\u0103, cu aderen\u021b\u0103 bun\u0103<\/p>\n<\/li>\n<li data-start=\"952\" data-end=\"999\">\n<p data-start=\"954\" data-end=\"999\">Calapod comod, potrivire\u00a0<strong data-start=\"979\" data-end=\"997\">num\u0103r pe num\u0103r<\/strong><\/p>\n<\/li>\n<li data-start=\"1000\" data-end=\"1041\">\n<p data-start=\"1002\" data-end=\"1041\">\u00cenchidere cu \u0219iret \u0219i fermoar lateral<\/p>\n<\/li>\n<li data-start=\"1042\" data-end=\"1091\">\n<p data-start=\"1044\" data-end=\"1091\">Lucrate manual, cu aten\u021bie la fiecare detaliu<\/p>\n<\/li>\n<li data-start=\"1092\" data-end=\"1114\">\n<p data-start=\"1094\" data-end=\"1114\">Fabricate \u00een Rom\u00e2nia<\/p>\n<\/li>\n<\/ul>\n<p>&nbsp;<\/p>\n<p data-start=\"1116\" data-end=\"1346\">Versatile \u0219i atemporale, aceste ghete completeaz\u0103 perfect \u021binute casual, urban sau smart-casual. Sunt alegerea ideal\u0103 pentru cei care caut\u0103\u00a0<strong data-start=\"1256\" data-end=\"1314\">un design curat, confort autentic \u0219i calitate durabil\u0103<\/strong>, \u00eentr-un produs realizat local.<\/p>\n<p><u><em><strong>PRODUS FABRICAT IN ROMANIA!<\/strong><\/em><\/u><\/p>\n<p>Marimi disponibile:\u00a0 36 , 37 , 38 , 39, 40<\/p>\n<p><strong><i>TERMEN DE REALIZARE 12-14 ZILE LUCRATOARE<br \/>\n<\/i><\/strong><\/p>","protected":false},"excerpt":{"rendered":"<p>Minimaliste, solide \u0219i extrem de confortabile, aceste ghete sunt create pentru purtare zilnic\u0103, f\u0103r\u0103 compromis \u00eentre stil \u0219i func\u021bionalitate. Designul<\/p>","protected":false},"featured_media":447670,"comment_status":"open","ping_status":"closed","template":"","meta":[],"product_brand":[252],"product_cat":[20],"product_tag":[],"class_list":{"0":"post-447652","1":"product","2":"type-product","3":"status-publish","4":"has-post-thumbnail","6":"product_brand-exclusives","7":"product_cat-bocanci-ghete","9":"first","10":"instock","11":"shipping-taxable","12":"purchasable","13":"product-type-variable","14":"has-default-attributes"},"yoast_head":"<!-- This site is optimized with the Yoast SEO plugin v27.4 - https:\/\/yoast.com\/product\/yoast-seo-wordpress\/ -->\n<title>Ghete - Atlas Short - Exclusives<\/title>\n<meta name=\"description\" content=\"Minimaliste, solide \u0219i extrem de confortabile, aceste ghete sunt create pentru purtare zilnic\u0103, f\u0103r\u0103 compromis \u00eentre stil \u0219i func\u021bionalitate. Designul\" \/>\n<meta name=\"robots\" content=\"noindex, follow, max-snippet:-1, max-image-preview:large, max-video-preview:-1\" \/>\n<meta property=\"og:locale\" content=\"en_US\" \/>\n<meta property=\"og:type\" content=\"article\" \/>\n<meta property=\"og:title\" content=\"Ghete - Atlas Short - Exclusives\" \/>\n<meta property=\"og:description\" content=\"Minimaliste, solide \u0219i extrem de confortabile, aceste ghete sunt create pentru purtare zilnic\u0103, f\u0103r\u0103 compromis \u00eentre stil \u0219i func\u021bionalitate. Designul\" \/>\n<meta property=\"og:url\" content=\"https:\/\/exclusives.ro\/en\/product\/ghete-atlas-short-premium-black\/\" \/>\n<meta property=\"og:site_name\" content=\"Exclusives\" \/>\n<meta property=\"article:modified_time\" content=\"2026-04-16T09:26:43+00:00\" \/>\n<meta property=\"og:image\" content=\"https:\/\/exclusives.ro\/wp-content\/uploads\/2026\/02\/exemshekv-85.jpg\" \/>\n\t<meta property=\"og:image:width\" content=\"1365\" \/>\n\t<meta property=\"og:image:height\" content=\"2048\" \/>\n\t<meta property=\"og:image:type\" content=\"image\/jpeg\" \/>\n<meta name=\"twitter:card\" content=\"summary_large_image\" \/>\n<meta name=\"twitter:label1\" content=\"Est. reading time\" \/>\n\t<meta name=\"twitter:data1\" content=\"1 minute\" \/>\n<script type=\"application\/ld+json\" class=\"yoast-schema-graph\">{\"@context\":\"https:\\\/\\\/schema.org\",\"@graph\":[{\"@type\":\"WebPage\",\"@id\":\"https:\\\/\\\/exclusives.ro\\\/produs\\\/ghete-atlas-short-premium-black\\\/\",\"url\":\"https:\\\/\\\/exclusives.ro\\\/produs\\\/ghete-atlas-short-premium-black\\\/\",\"name\":\"Ghete - Atlas Short - Exclusives\",\"isPartOf\":{\"@id\":\"https:\\\/\\\/exclusives.ro\\\/#website\"},\"primaryImageOfPage\":{\"@id\":\"https:\\\/\\\/exclusives.ro\\\/produs\\\/ghete-atlas-short-premium-black\\\/#primaryimage\"},\"image\":{\"@id\":\"https:\\\/\\\/exclusives.ro\\\/produs\\\/ghete-atlas-short-premium-black\\\/#primaryimage\"},\"thumbnailUrl\":\"https:\\\/\\\/exclusives.ro\\\/wp-content\\\/uploads\\\/2026\\\/02\\\/exemshekv-85.jpg\",\"datePublished\":\"2026-02-12T11:59:20+00:00\",\"dateModified\":\"2026-04-16T09:26:43+00:00\",\"description\":\"Minimaliste, solide \u0219i extrem de confortabile, aceste ghete sunt create pentru purtare zilnic\u0103, f\u0103r\u0103 compromis \u00eentre stil \u0219i func\u021bionalitate. Designul\",\"breadcrumb\":{\"@id\":\"https:\\\/\\\/exclusives.ro\\\/produs\\\/ghete-atlas-short-premium-black\\\/#breadcrumb\"},\"inLanguage\":\"en-US\",\"potentialAction\":[{\"@type\":\"ReadAction\",\"target\":[\"https:\\\/\\\/exclusives.ro\\\/produs\\\/ghete-atlas-short-premium-black\\\/\"]}]},{\"@type\":\"ImageObject\",\"inLanguage\":\"en-US\",\"@id\":\"https:\\\/\\\/exclusives.ro\\\/produs\\\/ghete-atlas-short-premium-black\\\/#primaryimage\",\"url\":\"https:\\\/\\\/exclusives.ro\\\/wp-content\\\/uploads\\\/2026\\\/02\\\/exemshekv-85.jpg\",\"contentUrl\":\"https:\\\/\\\/exclusives.ro\\\/wp-content\\\/uploads\\\/2026\\\/02\\\/exemshekv-85.jpg\",\"width\":1365,\"height\":2048},{\"@type\":\"BreadcrumbList\",\"@id\":\"https:\\\/\\\/exclusives.ro\\\/produs\\\/ghete-atlas-short-premium-black\\\/#breadcrumb\",\"itemListElement\":[{\"@type\":\"ListItem\",\"position\":1,\"name\":\"Home\",\"item\":\"https:\\\/\\\/exclusives.ro\\\/\"},{\"@type\":\"ListItem\",\"position\":2,\"name\":\"Pantofi\",\"item\":\"https:\\\/\\\/exclusives.ro\\\/shop\\\/\"},{\"@type\":\"ListItem\",\"position\":3,\"name\":\"Ghete &#8211; Atlas Short\"}]},{\"@type\":\"WebSite\",\"@id\":\"https:\\\/\\\/exclusives.ro\\\/#website\",\"url\":\"https:\\\/\\\/exclusives.ro\\\/\",\"name\":\"Exclusives\",\"description\":\"\",\"potentialAction\":[{\"@type\":\"SearchAction\",\"target\":{\"@type\":\"EntryPoint\",\"urlTemplate\":\"https:\\\/\\\/exclusives.ro\\\/?s={search_term_string}\"},\"query-input\":{\"@type\":\"PropertyValueSpecification\",\"valueRequired\":true,\"valueName\":\"search_term_string\"}}],\"inLanguage\":\"en-US\"}]}<\/script>\n<!-- \/ Yoast SEO plugin. -->","yoast_head_json":{"title":"Ghete - Atlas Short - Exclusives","description":"Minimaliste, solide \u0219i extrem de confortabile, aceste ghete sunt create pentru purtare zilnic\u0103, f\u0103r\u0103 compromis \u00eentre stil \u0219i func\u021bionalitate. Designul","robots":{"index":"noindex","follow":"follow","max-snippet":"max-snippet:-1","max-image-preview":"max-image-preview:large","max-video-preview":"max-video-preview:-1"},"og_locale":"en_US","og_type":"article","og_title":"Ghete - Atlas Short - Exclusives","og_description":"Minimaliste, solide \u0219i extrem de confortabile, aceste ghete sunt create pentru purtare zilnic\u0103, f\u0103r\u0103 compromis \u00eentre stil \u0219i func\u021bionalitate. Designul","og_url":"https:\/\/exclusives.ro\/en\/product\/ghete-atlas-short-premium-black\/","og_site_name":"Exclusives","article_modified_time":"2026-04-16T09:26:43+00:00","og_image":[{"width":1365,"height":2048,"url":"https:\/\/exclusives.ro\/wp-content\/uploads\/2026\/02\/exemshekv-85.jpg","type":"image\/jpeg"}],"twitter_card":"summary_large_image","twitter_misc":{"Est. reading time":"1 minute"},"schema":{"@context":"https:\/\/schema.org","@graph":[{"@type":"WebPage","@id":"https:\/\/exclusives.ro\/produs\/ghete-atlas-short-premium-black\/","url":"https:\/\/exclusives.ro\/produs\/ghete-atlas-short-premium-black\/","name":"Ghete - Atlas Short - Exclusives","isPartOf":{"@id":"https:\/\/exclusives.ro\/#website"},"primaryImageOfPage":{"@id":"https:\/\/exclusives.ro\/produs\/ghete-atlas-short-premium-black\/#primaryimage"},"image":{"@id":"https:\/\/exclusives.ro\/produs\/ghete-atlas-short-premium-black\/#primaryimage"},"thumbnailUrl":"https:\/\/exclusives.ro\/wp-content\/uploads\/2026\/02\/exemshekv-85.jpg","datePublished":"2026-02-12T11:59:20+00:00","dateModified":"2026-04-16T09:26:43+00:00","description":"Minimaliste, solide \u0219i extrem de confortabile, aceste ghete sunt create pentru purtare zilnic\u0103, f\u0103r\u0103 compromis \u00eentre stil \u0219i func\u021bionalitate. Designul","breadcrumb":{"@id":"https:\/\/exclusives.ro\/produs\/ghete-atlas-short-premium-black\/#breadcrumb"},"inLanguage":"en-US","potentialAction":[{"@type":"ReadAction","target":["https:\/\/exclusives.ro\/produs\/ghete-atlas-short-premium-black\/"]}]},{"@type":"ImageObject","inLanguage":"en-US","@id":"https:\/\/exclusives.ro\/produs\/ghete-atlas-short-premium-black\/#primaryimage","url":"https:\/\/exclusives.ro\/wp-content\/uploads\/2026\/02\/exemshekv-85.jpg","contentUrl":"https:\/\/exclusives.ro\/wp-content\/uploads\/2026\/02\/exemshekv-85.jpg","width":1365,"height":2048},{"@type":"BreadcrumbList","@id":"https:\/\/exclusives.ro\/produs\/ghete-atlas-short-premium-black\/#breadcrumb","itemListElement":[{"@type":"ListItem","position":1,"name":"Home","item":"https:\/\/exclusives.ro\/"},{"@type":"ListItem","position":2,"name":"Pantofi","item":"https:\/\/exclusives.ro\/shop\/"},{"@type":"ListItem","position":3,"name":"Ghete &#8211; Atlas Short"}]},{"@type":"WebSite","@id":"https:\/\/exclusives.ro\/#website","url":"https:\/\/exclusives.ro\/","name":"Exclusives","description":"","potentialAction":[{"@type":"SearchAction","target":{"@type":"EntryPoint","urlTemplate":"https:\/\/exclusives.ro\/?s={search_term_string}"},"query-input":{"@type":"PropertyValueSpecification","valueRequired":true,"valueName":"search_term_string"}}],"inLanguage":"en-US"}]}},"jetpack_sharing_enabled":true,"_links":{"self":[{"href":"https:\/\/exclusives.ro\/en\/wp-json\/wp\/v2\/product\/447652","targetHints":{"allow":["GET"]}}],"collection":[{"href":"https:\/\/exclusives.ro\/en\/wp-json\/wp\/v2\/product"}],"about":[{"href":"https:\/\/exclusives.ro\/en\/wp-json\/wp\/v2\/types\/product"}],"replies":[{"embeddable":true,"href":"https:\/\/exclusives.ro\/en\/wp-json\/wp\/v2\/comments?post=447652"}],"version-history":[{"count":3,"href":"https:\/\/exclusives.ro\/en\/wp-json\/wp\/v2\/product\/447652\/revisions"}],"predecessor-version":[{"id":447706,"href":"https:\/\/exclusives.ro\/en\/wp-json\/wp\/v2\/product\/447652\/revisions\/447706"}],"wp:featuredmedia":[{"embeddable":true,"href":"https:\/\/exclusives.ro\/en\/wp-json\/wp\/v2\/media\/447670"}],"wp:attachment":[{"href":"https:\/\/exclusives.ro\/en\/wp-json\/wp\/v2\/media?parent=447652"}],"wp:term":[{"taxonomy":"product_brand","embeddable":true,"href":"https:\/\/exclusives.ro\/en\/wp-json\/wp\/v2\/product_brand?post=447652"},{"taxonomy":"product_cat","embeddable":true,"href":"https:\/\/exclusives.ro\/en\/wp-json\/wp\/v2\/product_cat?post=447652"},{"taxonomy":"product_tag","embeddable":true,"href":"https:\/\/exclusives.ro\/en\/wp-json\/wp\/v2\/product_tag?post=447652"}],"curies":[{"name":"wp","href":"https:\/\/api.w.org\/{rel}","templated":true}]}}