{"id":615287,"date":"2026-03-23T09:42:44","date_gmt":"2026-03-23T09:42:44","guid":{"rendered":"https:\/\/exclusives.ro\/?post_type=product&#038;p=615287"},"modified":"2026-04-14T07:46:12","modified_gmt":"2026-04-14T07:46:12","slug":"pantofi-accent","status":"publish","type":"product","link":"https:\/\/exclusives.ro\/en\/product\/pantofi-accent\/","title":{"rendered":"Pantofi &#8211; Accent"},"content":{"rendered":"<p data-start=\"207\" data-end=\"499\">Echilibru clasic, reinterpretat printr-un detaliu contemporan \u2013 pantofii\u00a0<strong data-start=\"280\" data-end=\"290\">Accent<\/strong>\u00a0aduc o not\u0103 subtil\u0103 de personalitate unei siluete curate \u0219i bine definite. Designul minimalist este completat de elemente metalice discrete, care adaug\u0103 profunzime \u0219i un caracter modern f\u0103r\u0103 a \u00eenc\u0103rca vizual.<\/p>\n<ul data-start=\"501\" data-end=\"868\">\n<li data-start=\"501\" data-end=\"565\">\n<p data-start=\"503\" data-end=\"565\"><strong data-start=\"503\" data-end=\"534\">100% piele natural\u0103 premium<\/strong>, cu finisaj neted \u0219i elegant<\/p>\n<\/li>\n<li data-start=\"566\" data-end=\"618\">\n<p data-start=\"568\" data-end=\"618\"><strong data-start=\"568\" data-end=\"616\">Lucrate manual cu aten\u021bie la fiecare detaliu<\/strong><\/p>\n<\/li>\n<li data-start=\"619\" data-end=\"682\">\n<p data-start=\"621\" data-end=\"682\"><strong data-start=\"621\" data-end=\"652\">Accente metalice decorative<\/strong>, pentru un contrast rafinat<\/p>\n<\/li>\n<li data-start=\"683\" data-end=\"762\">\n<p data-start=\"685\" data-end=\"762\"><strong data-start=\"685\" data-end=\"726\">Talp\u0103 groas\u0103, stabil\u0103 \u0219i confortabil\u0103<\/strong>, potrivit\u0103 pentru purtare zilnic\u0103<\/p>\n<\/li>\n<li data-start=\"763\" data-end=\"841\">\n<p data-start=\"765\" data-end=\"841\"><strong data-start=\"765\" data-end=\"787\">Design contemporan<\/strong>, u\u0219or de integrat \u00een \u021binute casual sau smart-casual<\/p>\n<\/li>\n<li data-start=\"842\" data-end=\"868\">\n<p data-start=\"844\" data-end=\"868\"><strong data-start=\"844\" data-end=\"868\">Fabrica\u021bi \u00een Rom\u00e2nia<\/strong><\/p>\n<\/li>\n<\/ul>\n<p>&nbsp;<\/p>\n<p data-start=\"870\" data-end=\"1074\">Pantofii\u00a0<strong data-start=\"879\" data-end=\"889\">Accent<\/strong>\u00a0sunt crea\u021bi pentru cei care apreciaz\u0103 simplitatea cu inten\u021bie. O pies\u0103 versatil\u0103, care completeaz\u0103 natural garderoba modern\u0103 \u0219i aduce acel detaliu discret ce transform\u0103 orice apari\u021bie.<\/p>\n<p>&nbsp;<\/p>\n<p>&nbsp;<\/p>\n<p><u><em><strong>PRODUS FABRICAT IN ROMANIA!<\/strong><\/em><\/u><\/p>\n<p>Marimi disponibile:\u00a0 35, 36 , 37 , 38 , 39, 40<\/p>\n<p><strong><i>TERMEN DE REALIZARE\u00a08-14 ZILE LUCRATOARE<\/i><\/strong><\/p>","protected":false},"excerpt":{"rendered":"<p>Echilibru clasic, reinterpretat printr-un detaliu contemporan \u2013 pantofii\u00a0Accent\u00a0aduc o not\u0103 subtil\u0103 de personalitate unei siluete curate \u0219i bine definite. Designul<\/p>","protected":false},"featured_media":615289,"comment_status":"open","ping_status":"closed","template":"","meta":[],"product_brand":[252],"product_cat":[27],"product_tag":[],"class_list":{"0":"post-615287","1":"product","2":"type-product","3":"status-publish","4":"has-post-thumbnail","6":"product_brand-exclusives","7":"product_cat-pantofi-casual","9":"first","10":"instock","11":"shipping-taxable","12":"purchasable","13":"product-type-variable"},"yoast_head":"<!-- This site is optimized with the Yoast SEO plugin v27.4 - https:\/\/yoast.com\/product\/yoast-seo-wordpress\/ -->\n<title>Pantofi - Accent - Exclusives<\/title>\n<meta name=\"description\" content=\"Echilibru clasic, reinterpretat printr-un detaliu contemporan \u2013 pantofii\u00a0Accent\u00a0aduc o not\u0103 subtil\u0103 de personalitate unei siluete curate \u0219i bine definite.\" \/>\n<meta name=\"robots\" content=\"noindex, follow, max-snippet:-1, max-image-preview:large, max-video-preview:-1\" \/>\n<meta property=\"og:locale\" content=\"en_US\" \/>\n<meta property=\"og:type\" content=\"article\" \/>\n<meta property=\"og:title\" content=\"Pantofi - Accent - Exclusives\" \/>\n<meta property=\"og:description\" content=\"Echilibru clasic, reinterpretat printr-un detaliu contemporan \u2013 pantofii\u00a0Accent\u00a0aduc o not\u0103 subtil\u0103 de personalitate unei siluete curate \u0219i bine definite.\" \/>\n<meta property=\"og:url\" content=\"https:\/\/exclusives.ro\/en\/product\/pantofi-accent\/\" \/>\n<meta property=\"og:site_name\" content=\"Exclusives\" \/>\n<meta property=\"article:modified_time\" content=\"2026-04-14T07:46:12+00:00\" \/>\n<meta property=\"og:image\" content=\"https:\/\/exclusives.ro\/wp-content\/uploads\/2026\/03\/FS_16581.jpg\" \/>\n\t<meta property=\"og:image:width\" content=\"1366\" \/>\n\t<meta property=\"og:image:height\" content=\"2048\" \/>\n\t<meta property=\"og:image:type\" content=\"image\/jpeg\" \/>\n<meta name=\"twitter:card\" content=\"summary_large_image\" \/>\n<meta name=\"twitter:label1\" content=\"Est. reading time\" \/>\n\t<meta name=\"twitter:data1\" content=\"1 minute\" \/>\n<script type=\"application\/ld+json\" class=\"yoast-schema-graph\">{\"@context\":\"https:\\\/\\\/schema.org\",\"@graph\":[{\"@type\":\"WebPage\",\"@id\":\"https:\\\/\\\/exclusives.ro\\\/produs\\\/pantofi-accent\\\/\",\"url\":\"https:\\\/\\\/exclusives.ro\\\/produs\\\/pantofi-accent\\\/\",\"name\":\"Pantofi - Accent - Exclusives\",\"isPartOf\":{\"@id\":\"https:\\\/\\\/exclusives.ro\\\/#website\"},\"primaryImageOfPage\":{\"@id\":\"https:\\\/\\\/exclusives.ro\\\/produs\\\/pantofi-accent\\\/#primaryimage\"},\"image\":{\"@id\":\"https:\\\/\\\/exclusives.ro\\\/produs\\\/pantofi-accent\\\/#primaryimage\"},\"thumbnailUrl\":\"https:\\\/\\\/exclusives.ro\\\/wp-content\\\/uploads\\\/2026\\\/03\\\/FS_16581.jpg\",\"datePublished\":\"2026-03-23T09:42:44+00:00\",\"dateModified\":\"2026-04-14T07:46:12+00:00\",\"description\":\"Echilibru clasic, reinterpretat printr-un detaliu contemporan \u2013 pantofii\u00a0Accent\u00a0aduc o not\u0103 subtil\u0103 de personalitate unei siluete curate \u0219i bine definite.\",\"breadcrumb\":{\"@id\":\"https:\\\/\\\/exclusives.ro\\\/produs\\\/pantofi-accent\\\/#breadcrumb\"},\"inLanguage\":\"en-US\",\"potentialAction\":[{\"@type\":\"ReadAction\",\"target\":[\"https:\\\/\\\/exclusives.ro\\\/produs\\\/pantofi-accent\\\/\"]}]},{\"@type\":\"ImageObject\",\"inLanguage\":\"en-US\",\"@id\":\"https:\\\/\\\/exclusives.ro\\\/produs\\\/pantofi-accent\\\/#primaryimage\",\"url\":\"https:\\\/\\\/exclusives.ro\\\/wp-content\\\/uploads\\\/2026\\\/03\\\/FS_16581.jpg\",\"contentUrl\":\"https:\\\/\\\/exclusives.ro\\\/wp-content\\\/uploads\\\/2026\\\/03\\\/FS_16581.jpg\",\"width\":1366,\"height\":2048},{\"@type\":\"BreadcrumbList\",\"@id\":\"https:\\\/\\\/exclusives.ro\\\/produs\\\/pantofi-accent\\\/#breadcrumb\",\"itemListElement\":[{\"@type\":\"ListItem\",\"position\":1,\"name\":\"Home\",\"item\":\"https:\\\/\\\/exclusives.ro\\\/\"},{\"@type\":\"ListItem\",\"position\":2,\"name\":\"Pantofi\",\"item\":\"https:\\\/\\\/exclusives.ro\\\/shop\\\/\"},{\"@type\":\"ListItem\",\"position\":3,\"name\":\"Pantofi &#8211; Accent\"}]},{\"@type\":\"WebSite\",\"@id\":\"https:\\\/\\\/exclusives.ro\\\/#website\",\"url\":\"https:\\\/\\\/exclusives.ro\\\/\",\"name\":\"Exclusives\",\"description\":\"\",\"potentialAction\":[{\"@type\":\"SearchAction\",\"target\":{\"@type\":\"EntryPoint\",\"urlTemplate\":\"https:\\\/\\\/exclusives.ro\\\/?s={search_term_string}\"},\"query-input\":{\"@type\":\"PropertyValueSpecification\",\"valueRequired\":true,\"valueName\":\"search_term_string\"}}],\"inLanguage\":\"en-US\"}]}<\/script>\n<!-- \/ Yoast SEO plugin. -->","yoast_head_json":{"title":"Pantofi - Accent - Exclusives","description":"Echilibru clasic, reinterpretat printr-un detaliu contemporan \u2013 pantofii\u00a0Accent\u00a0aduc o not\u0103 subtil\u0103 de personalitate unei siluete curate \u0219i bine definite.","robots":{"index":"noindex","follow":"follow","max-snippet":"max-snippet:-1","max-image-preview":"max-image-preview:large","max-video-preview":"max-video-preview:-1"},"og_locale":"en_US","og_type":"article","og_title":"Pantofi - Accent - Exclusives","og_description":"Echilibru clasic, reinterpretat printr-un detaliu contemporan \u2013 pantofii\u00a0Accent\u00a0aduc o not\u0103 subtil\u0103 de personalitate unei siluete curate \u0219i bine definite.","og_url":"https:\/\/exclusives.ro\/en\/product\/pantofi-accent\/","og_site_name":"Exclusives","article_modified_time":"2026-04-14T07:46:12+00:00","og_image":[{"width":1366,"height":2048,"url":"https:\/\/exclusives.ro\/wp-content\/uploads\/2026\/03\/FS_16581.jpg","type":"image\/jpeg"}],"twitter_card":"summary_large_image","twitter_misc":{"Est. reading time":"1 minute"},"schema":{"@context":"https:\/\/schema.org","@graph":[{"@type":"WebPage","@id":"https:\/\/exclusives.ro\/produs\/pantofi-accent\/","url":"https:\/\/exclusives.ro\/produs\/pantofi-accent\/","name":"Pantofi - Accent - Exclusives","isPartOf":{"@id":"https:\/\/exclusives.ro\/#website"},"primaryImageOfPage":{"@id":"https:\/\/exclusives.ro\/produs\/pantofi-accent\/#primaryimage"},"image":{"@id":"https:\/\/exclusives.ro\/produs\/pantofi-accent\/#primaryimage"},"thumbnailUrl":"https:\/\/exclusives.ro\/wp-content\/uploads\/2026\/03\/FS_16581.jpg","datePublished":"2026-03-23T09:42:44+00:00","dateModified":"2026-04-14T07:46:12+00:00","description":"Echilibru clasic, reinterpretat printr-un detaliu contemporan \u2013 pantofii\u00a0Accent\u00a0aduc o not\u0103 subtil\u0103 de personalitate unei siluete curate \u0219i bine definite.","breadcrumb":{"@id":"https:\/\/exclusives.ro\/produs\/pantofi-accent\/#breadcrumb"},"inLanguage":"en-US","potentialAction":[{"@type":"ReadAction","target":["https:\/\/exclusives.ro\/produs\/pantofi-accent\/"]}]},{"@type":"ImageObject","inLanguage":"en-US","@id":"https:\/\/exclusives.ro\/produs\/pantofi-accent\/#primaryimage","url":"https:\/\/exclusives.ro\/wp-content\/uploads\/2026\/03\/FS_16581.jpg","contentUrl":"https:\/\/exclusives.ro\/wp-content\/uploads\/2026\/03\/FS_16581.jpg","width":1366,"height":2048},{"@type":"BreadcrumbList","@id":"https:\/\/exclusives.ro\/produs\/pantofi-accent\/#breadcrumb","itemListElement":[{"@type":"ListItem","position":1,"name":"Home","item":"https:\/\/exclusives.ro\/"},{"@type":"ListItem","position":2,"name":"Pantofi","item":"https:\/\/exclusives.ro\/shop\/"},{"@type":"ListItem","position":3,"name":"Pantofi &#8211; Accent"}]},{"@type":"WebSite","@id":"https:\/\/exclusives.ro\/#website","url":"https:\/\/exclusives.ro\/","name":"Exclusives","description":"","potentialAction":[{"@type":"SearchAction","target":{"@type":"EntryPoint","urlTemplate":"https:\/\/exclusives.ro\/?s={search_term_string}"},"query-input":{"@type":"PropertyValueSpecification","valueRequired":true,"valueName":"search_term_string"}}],"inLanguage":"en-US"}]}},"jetpack_sharing_enabled":true,"_links":{"self":[{"href":"https:\/\/exclusives.ro\/en\/wp-json\/wp\/v2\/product\/615287","targetHints":{"allow":["GET"]}}],"collection":[{"href":"https:\/\/exclusives.ro\/en\/wp-json\/wp\/v2\/product"}],"about":[{"href":"https:\/\/exclusives.ro\/en\/wp-json\/wp\/v2\/types\/product"}],"replies":[{"embeddable":true,"href":"https:\/\/exclusives.ro\/en\/wp-json\/wp\/v2\/comments?post=615287"}],"version-history":[{"count":1,"href":"https:\/\/exclusives.ro\/en\/wp-json\/wp\/v2\/product\/615287\/revisions"}],"predecessor-version":[{"id":615292,"href":"https:\/\/exclusives.ro\/en\/wp-json\/wp\/v2\/product\/615287\/revisions\/615292"}],"wp:featuredmedia":[{"embeddable":true,"href":"https:\/\/exclusives.ro\/en\/wp-json\/wp\/v2\/media\/615289"}],"wp:attachment":[{"href":"https:\/\/exclusives.ro\/en\/wp-json\/wp\/v2\/media?parent=615287"}],"wp:term":[{"taxonomy":"product_brand","embeddable":true,"href":"https:\/\/exclusives.ro\/en\/wp-json\/wp\/v2\/product_brand?post=615287"},{"taxonomy":"product_cat","embeddable":true,"href":"https:\/\/exclusives.ro\/en\/wp-json\/wp\/v2\/product_cat?post=615287"},{"taxonomy":"product_tag","embeddable":true,"href":"https:\/\/exclusives.ro\/en\/wp-json\/wp\/v2\/product_tag?post=615287"}],"curies":[{"name":"wp","href":"https:\/\/api.w.org\/{rel}","templated":true}]}}