{"id":615299,"date":"2026-03-23T10:06:40","date_gmt":"2026-03-23T10:06:40","guid":{"rendered":"https:\/\/exclusives.ro\/?post_type=product&#038;p=615299"},"modified":"2026-04-16T06:21:51","modified_gmt":"2026-04-16T06:21:51","slug":"pantofi-flow","status":"publish","type":"product","link":"https:\/\/exclusives.ro\/en\/product\/pantofi-flow\/","title":{"rendered":"Pantofi &#8211; Flow"},"content":{"rendered":"<p data-start=\"220\" data-end=\"474\">Fluiditate, confort \u0219i design contemporan \u2013 pantofii\u00a0<strong data-start=\"273\" data-end=\"281\">Flow<\/strong>\u00a0sunt crea\u021bi pentru mi\u0219care natural\u0103 \u0219i stil f\u0103r\u0103 efort. Silueta deschis\u0103, combinat\u0103 cu liniile curate \u0219i talpa solid\u0103, ofer\u0103 un echilibru perfect \u00eentre func\u021bionalitate \u0219i estetic\u0103 minimalist\u0103.<\/p>\n<ul data-start=\"476\" data-end=\"810\">\n<li data-start=\"476\" data-end=\"540\">\n<p data-start=\"478\" data-end=\"540\"><strong data-start=\"478\" data-end=\"509\">100% piele natural\u0103 premium<\/strong>, cu textur\u0103 moale \u0219i pl\u0103cut\u0103<\/p>\n<\/li>\n<li data-start=\"541\" data-end=\"593\">\n<p data-start=\"543\" data-end=\"593\"><strong data-start=\"543\" data-end=\"591\">Lucra\u021bi manual cu aten\u021bie la fiecare detaliu<\/strong><\/p>\n<\/li>\n<li data-start=\"594\" data-end=\"665\">\n<p data-start=\"596\" data-end=\"665\"><strong data-start=\"596\" data-end=\"616\">Design open-back<\/strong>, pentru libertate de mi\u0219care \u0219i confort sporit<\/p>\n<\/li>\n<li data-start=\"666\" data-end=\"729\">\n<p data-start=\"668\" data-end=\"729\"><strong data-start=\"668\" data-end=\"696\">Talp\u0103 groas\u0103, ergonomic\u0103<\/strong>, ideal\u0103 pentru purtare zilnic\u0103<\/p>\n<\/li>\n<li data-start=\"730\" data-end=\"783\">\n<p data-start=\"732\" data-end=\"783\"><strong data-start=\"732\" data-end=\"756\">Estetic\u0103 minimalist\u0103<\/strong>, cu accente contemporane<\/p>\n<\/li>\n<li data-start=\"784\" data-end=\"810\">\n<p data-start=\"786\" data-end=\"810\"><strong data-start=\"786\" data-end=\"810\">Fabrica\u021bi \u00een Rom\u00e2nia<\/strong><\/p>\n<\/li>\n<\/ul>\n<p>&nbsp;<\/p>\n<p data-start=\"812\" data-end=\"1029\">Pantofii\u00a0<strong data-start=\"821\" data-end=\"829\">Flow<\/strong>\u00a0se integreaz\u0103 perfect \u00een garderoba urban\u0103 modern\u0103, fiind ideali pentru zilele active \u0219i \u021binutele relaxate, dar bine definite. O pies\u0103 versatil\u0103, g\u00e2ndit\u0103 pentru un stil de via\u021b\u0103 dinamic \u0219i echilibrat.<\/p>\n<p>&nbsp;<\/p>\n<p>&nbsp;<\/p>\n<p><u><em><strong>PRODUS FABRICAT IN ROMANIA!<\/strong><\/em><\/u><\/p>\n<p>Marimi disponibile:\u00a0 35, 36 , 37 , 38 , 39, 40<\/p>\n<p><strong><i>TERMEN DE REALIZARE\u00a08-14 ZILE LUCRATOARE<\/i><\/strong><\/p>","protected":false},"excerpt":{"rendered":"<p>Fluiditate, confort \u0219i design contemporan \u2013 pantofii\u00a0Flow\u00a0sunt crea\u021bi pentru mi\u0219care natural\u0103 \u0219i stil f\u0103r\u0103 efort. Silueta deschis\u0103, combinat\u0103 cu liniile<\/p>","protected":false},"featured_media":615336,"comment_status":"open","ping_status":"closed","template":"","meta":[],"product_brand":[252],"product_cat":[27],"product_tag":[],"class_list":{"0":"post-615299","1":"product","2":"type-product","3":"status-publish","4":"has-post-thumbnail","6":"product_brand-exclusives","7":"product_cat-pantofi-casual","9":"first","10":"instock","11":"shipping-taxable","12":"purchasable","13":"product-type-variable"},"yoast_head":"<!-- This site is optimized with the Yoast SEO plugin v27.4 - https:\/\/yoast.com\/product\/yoast-seo-wordpress\/ -->\n<title>Pantofi - Flow - Exclusives<\/title>\n<meta name=\"description\" content=\"Fluiditate, confort \u0219i design contemporan \u2013 pantofii\u00a0Flow\u00a0sunt crea\u021bi pentru mi\u0219care natural\u0103 \u0219i stil f\u0103r\u0103 efort. Silueta deschis\u0103, combinat\u0103 cu liniile\" \/>\n<meta name=\"robots\" content=\"noindex, follow, max-snippet:-1, max-image-preview:large, max-video-preview:-1\" \/>\n<meta property=\"og:locale\" content=\"en_US\" \/>\n<meta property=\"og:type\" content=\"article\" \/>\n<meta property=\"og:title\" content=\"Pantofi - Flow - Exclusives\" \/>\n<meta property=\"og:description\" content=\"Fluiditate, confort \u0219i design contemporan \u2013 pantofii\u00a0Flow\u00a0sunt crea\u021bi pentru mi\u0219care natural\u0103 \u0219i stil f\u0103r\u0103 efort. Silueta deschis\u0103, combinat\u0103 cu liniile\" \/>\n<meta property=\"og:url\" content=\"https:\/\/exclusives.ro\/en\/product\/pantofi-flow\/\" \/>\n<meta property=\"og:site_name\" content=\"Exclusives\" \/>\n<meta property=\"article:modified_time\" content=\"2026-04-16T06:21:51+00:00\" \/>\n<meta property=\"og:image\" content=\"https:\/\/exclusives.ro\/wp-content\/uploads\/2026\/03\/FS_16573.jpg\" \/>\n\t<meta property=\"og:image:width\" content=\"1366\" \/>\n\t<meta property=\"og:image:height\" content=\"2048\" \/>\n\t<meta property=\"og:image:type\" content=\"image\/jpeg\" \/>\n<meta name=\"twitter:card\" content=\"summary_large_image\" \/>\n<meta name=\"twitter:label1\" content=\"Est. reading time\" \/>\n\t<meta name=\"twitter:data1\" content=\"1 minute\" \/>\n<script type=\"application\/ld+json\" class=\"yoast-schema-graph\">{\"@context\":\"https:\\\/\\\/schema.org\",\"@graph\":[{\"@type\":\"WebPage\",\"@id\":\"https:\\\/\\\/exclusives.ro\\\/produs\\\/pantofi-flow\\\/\",\"url\":\"https:\\\/\\\/exclusives.ro\\\/produs\\\/pantofi-flow\\\/\",\"name\":\"Pantofi - Flow - Exclusives\",\"isPartOf\":{\"@id\":\"https:\\\/\\\/exclusives.ro\\\/#website\"},\"primaryImageOfPage\":{\"@id\":\"https:\\\/\\\/exclusives.ro\\\/produs\\\/pantofi-flow\\\/#primaryimage\"},\"image\":{\"@id\":\"https:\\\/\\\/exclusives.ro\\\/produs\\\/pantofi-flow\\\/#primaryimage\"},\"thumbnailUrl\":\"https:\\\/\\\/exclusives.ro\\\/wp-content\\\/uploads\\\/2026\\\/03\\\/FS_16573.jpg\",\"datePublished\":\"2026-03-23T10:06:40+00:00\",\"dateModified\":\"2026-04-16T06:21:51+00:00\",\"description\":\"Fluiditate, confort \u0219i design contemporan \u2013 pantofii\u00a0Flow\u00a0sunt crea\u021bi pentru mi\u0219care natural\u0103 \u0219i stil f\u0103r\u0103 efort. Silueta deschis\u0103, combinat\u0103 cu liniile\",\"breadcrumb\":{\"@id\":\"https:\\\/\\\/exclusives.ro\\\/produs\\\/pantofi-flow\\\/#breadcrumb\"},\"inLanguage\":\"en-US\",\"potentialAction\":[{\"@type\":\"ReadAction\",\"target\":[\"https:\\\/\\\/exclusives.ro\\\/produs\\\/pantofi-flow\\\/\"]}]},{\"@type\":\"ImageObject\",\"inLanguage\":\"en-US\",\"@id\":\"https:\\\/\\\/exclusives.ro\\\/produs\\\/pantofi-flow\\\/#primaryimage\",\"url\":\"https:\\\/\\\/exclusives.ro\\\/wp-content\\\/uploads\\\/2026\\\/03\\\/FS_16573.jpg\",\"contentUrl\":\"https:\\\/\\\/exclusives.ro\\\/wp-content\\\/uploads\\\/2026\\\/03\\\/FS_16573.jpg\",\"width\":1366,\"height\":2048},{\"@type\":\"BreadcrumbList\",\"@id\":\"https:\\\/\\\/exclusives.ro\\\/produs\\\/pantofi-flow\\\/#breadcrumb\",\"itemListElement\":[{\"@type\":\"ListItem\",\"position\":1,\"name\":\"Home\",\"item\":\"https:\\\/\\\/exclusives.ro\\\/\"},{\"@type\":\"ListItem\",\"position\":2,\"name\":\"Pantofi\",\"item\":\"https:\\\/\\\/exclusives.ro\\\/shop\\\/\"},{\"@type\":\"ListItem\",\"position\":3,\"name\":\"Pantofi &#8211; Flow\"}]},{\"@type\":\"WebSite\",\"@id\":\"https:\\\/\\\/exclusives.ro\\\/#website\",\"url\":\"https:\\\/\\\/exclusives.ro\\\/\",\"name\":\"Exclusives\",\"description\":\"\",\"potentialAction\":[{\"@type\":\"SearchAction\",\"target\":{\"@type\":\"EntryPoint\",\"urlTemplate\":\"https:\\\/\\\/exclusives.ro\\\/?s={search_term_string}\"},\"query-input\":{\"@type\":\"PropertyValueSpecification\",\"valueRequired\":true,\"valueName\":\"search_term_string\"}}],\"inLanguage\":\"en-US\"}]}<\/script>\n<!-- \/ Yoast SEO plugin. -->","yoast_head_json":{"title":"Pantofi - Flow - Exclusives","description":"Fluiditate, confort \u0219i design contemporan \u2013 pantofii\u00a0Flow\u00a0sunt crea\u021bi pentru mi\u0219care natural\u0103 \u0219i stil f\u0103r\u0103 efort. Silueta deschis\u0103, combinat\u0103 cu liniile","robots":{"index":"noindex","follow":"follow","max-snippet":"max-snippet:-1","max-image-preview":"max-image-preview:large","max-video-preview":"max-video-preview:-1"},"og_locale":"en_US","og_type":"article","og_title":"Pantofi - Flow - Exclusives","og_description":"Fluiditate, confort \u0219i design contemporan \u2013 pantofii\u00a0Flow\u00a0sunt crea\u021bi pentru mi\u0219care natural\u0103 \u0219i stil f\u0103r\u0103 efort. Silueta deschis\u0103, combinat\u0103 cu liniile","og_url":"https:\/\/exclusives.ro\/en\/product\/pantofi-flow\/","og_site_name":"Exclusives","article_modified_time":"2026-04-16T06:21:51+00:00","og_image":[{"width":1366,"height":2048,"url":"https:\/\/exclusives.ro\/wp-content\/uploads\/2026\/03\/FS_16573.jpg","type":"image\/jpeg"}],"twitter_card":"summary_large_image","twitter_misc":{"Est. reading time":"1 minute"},"schema":{"@context":"https:\/\/schema.org","@graph":[{"@type":"WebPage","@id":"https:\/\/exclusives.ro\/produs\/pantofi-flow\/","url":"https:\/\/exclusives.ro\/produs\/pantofi-flow\/","name":"Pantofi - Flow - Exclusives","isPartOf":{"@id":"https:\/\/exclusives.ro\/#website"},"primaryImageOfPage":{"@id":"https:\/\/exclusives.ro\/produs\/pantofi-flow\/#primaryimage"},"image":{"@id":"https:\/\/exclusives.ro\/produs\/pantofi-flow\/#primaryimage"},"thumbnailUrl":"https:\/\/exclusives.ro\/wp-content\/uploads\/2026\/03\/FS_16573.jpg","datePublished":"2026-03-23T10:06:40+00:00","dateModified":"2026-04-16T06:21:51+00:00","description":"Fluiditate, confort \u0219i design contemporan \u2013 pantofii\u00a0Flow\u00a0sunt crea\u021bi pentru mi\u0219care natural\u0103 \u0219i stil f\u0103r\u0103 efort. Silueta deschis\u0103, combinat\u0103 cu liniile","breadcrumb":{"@id":"https:\/\/exclusives.ro\/produs\/pantofi-flow\/#breadcrumb"},"inLanguage":"en-US","potentialAction":[{"@type":"ReadAction","target":["https:\/\/exclusives.ro\/produs\/pantofi-flow\/"]}]},{"@type":"ImageObject","inLanguage":"en-US","@id":"https:\/\/exclusives.ro\/produs\/pantofi-flow\/#primaryimage","url":"https:\/\/exclusives.ro\/wp-content\/uploads\/2026\/03\/FS_16573.jpg","contentUrl":"https:\/\/exclusives.ro\/wp-content\/uploads\/2026\/03\/FS_16573.jpg","width":1366,"height":2048},{"@type":"BreadcrumbList","@id":"https:\/\/exclusives.ro\/produs\/pantofi-flow\/#breadcrumb","itemListElement":[{"@type":"ListItem","position":1,"name":"Home","item":"https:\/\/exclusives.ro\/"},{"@type":"ListItem","position":2,"name":"Pantofi","item":"https:\/\/exclusives.ro\/shop\/"},{"@type":"ListItem","position":3,"name":"Pantofi &#8211; Flow"}]},{"@type":"WebSite","@id":"https:\/\/exclusives.ro\/#website","url":"https:\/\/exclusives.ro\/","name":"Exclusives","description":"","potentialAction":[{"@type":"SearchAction","target":{"@type":"EntryPoint","urlTemplate":"https:\/\/exclusives.ro\/?s={search_term_string}"},"query-input":{"@type":"PropertyValueSpecification","valueRequired":true,"valueName":"search_term_string"}}],"inLanguage":"en-US"}]}},"jetpack_sharing_enabled":true,"_links":{"self":[{"href":"https:\/\/exclusives.ro\/en\/wp-json\/wp\/v2\/product\/615299","targetHints":{"allow":["GET"]}}],"collection":[{"href":"https:\/\/exclusives.ro\/en\/wp-json\/wp\/v2\/product"}],"about":[{"href":"https:\/\/exclusives.ro\/en\/wp-json\/wp\/v2\/types\/product"}],"replies":[{"embeddable":true,"href":"https:\/\/exclusives.ro\/en\/wp-json\/wp\/v2\/comments?post=615299"}],"version-history":[{"count":1,"href":"https:\/\/exclusives.ro\/en\/wp-json\/wp\/v2\/product\/615299\/revisions"}],"predecessor-version":[{"id":615340,"href":"https:\/\/exclusives.ro\/en\/wp-json\/wp\/v2\/product\/615299\/revisions\/615340"}],"wp:featuredmedia":[{"embeddable":true,"href":"https:\/\/exclusives.ro\/en\/wp-json\/wp\/v2\/media\/615336"}],"wp:attachment":[{"href":"https:\/\/exclusives.ro\/en\/wp-json\/wp\/v2\/media?parent=615299"}],"wp:term":[{"taxonomy":"product_brand","embeddable":true,"href":"https:\/\/exclusives.ro\/en\/wp-json\/wp\/v2\/product_brand?post=615299"},{"taxonomy":"product_cat","embeddable":true,"href":"https:\/\/exclusives.ro\/en\/wp-json\/wp\/v2\/product_cat?post=615299"},{"taxonomy":"product_tag","embeddable":true,"href":"https:\/\/exclusives.ro\/en\/wp-json\/wp\/v2\/product_tag?post=615299"}],"curies":[{"name":"wp","href":"https:\/\/api.w.org\/{rel}","templated":true}]}}