{"id":615341,"date":"2026-03-23T10:19:15","date_gmt":"2026-03-23T10:19:15","guid":{"rendered":"https:\/\/exclusives.ro\/?post_type=product&#038;p=615341"},"modified":"2026-04-16T18:06:50","modified_gmt":"2026-04-16T18:06:50","slug":"mocasini-dune","status":"publish","type":"product","link":"https:\/\/exclusives.ro\/en\/product\/mocasini-dune\/","title":{"rendered":"Mocasini &#8211; Dune"},"content":{"rendered":"<p data-start=\"186\" data-end=\"517\">Elegan\u021b\u0103 relaxat\u0103, texturi premium \u0219i un design contemporan \u2013 toate se \u00eent\u00e2lnesc \u00een mocasinii\u00a0<strong data-start=\"280\" data-end=\"288\">Dune<\/strong>, crea\u021bi pentru cei care apreciaz\u0103 stilul minimalist cu accente statement. Realiza\u021bi din piele \u00eentoars\u0103 fin\u0103 \u0219i completa\u021bi de o talp\u0103 groas\u0103, ace\u0219ti loafers ofer\u0103 confort excep\u021bional \u0219i un aer modern, perfect pentru sezonul cald.<\/p>\n<ul data-start=\"519\" data-end=\"780\">\n<li data-start=\"519\" data-end=\"574\">\n<p data-start=\"521\" data-end=\"574\"><strong data-start=\"521\" data-end=\"553\">100% piele natural\u0103 \u00eentoars\u0103<\/strong>, moale \u0219i rafinat\u0103<\/p>\n<\/li>\n<li data-start=\"575\" data-end=\"627\">\n<p data-start=\"577\" data-end=\"627\"><strong data-start=\"577\" data-end=\"625\">Lucra\u021bi manual cu aten\u021bie la fiecare detaliu<\/strong><\/p>\n<\/li>\n<li data-start=\"628\" data-end=\"686\">\n<p data-start=\"630\" data-end=\"686\"><strong data-start=\"630\" data-end=\"649\">Talp\u0103 platform\u0103<\/strong>\u00a0pentru sus\u021binere \u0219i confort zilnic<\/p>\n<\/li>\n<li data-start=\"687\" data-end=\"753\">\n<p data-start=\"689\" data-end=\"753\"><strong data-start=\"689\" data-end=\"714\">Design clean &amp; modern<\/strong>, ideal pentru \u021binute casual-elegante<\/p>\n<\/li>\n<li data-start=\"754\" data-end=\"780\">\n<p data-start=\"756\" data-end=\"780\"><strong data-start=\"756\" data-end=\"780\">Fabrica\u021bi \u00een Rom\u00e2nia<\/strong><\/p>\n<\/li>\n<\/ul>\n<p>&nbsp;<\/p>\n<p data-start=\"782\" data-end=\"990\">Mocasinii\u00a0<strong data-start=\"792\" data-end=\"800\">Dune<\/strong>\u00a0sunt alegerea perfect\u0103 pentru un look effortless, dar sofisticat. Se potrivesc at\u00e2t cu outfituri urbane, c\u00e2t \u0219i cu apari\u021bii smart-casual, devenind piesa de echilibru dintre confort \u0219i stil.<\/p>\n<p>Inaltimea talpii: 2.5cm in fata si 3.5cm in spate.<\/p>\n<p>&nbsp;<\/p>\n<p>&nbsp;<\/p>\n<p><u><em><strong>PRODUS FABRICAT IN ROMANIA!<\/strong><\/em><\/u><\/p>\n<p>Marimi disponibile:\u00a0 35, 36 , 37 , 38 , 39, 40<\/p>\n<p><strong><i>TERMEN DE REALIZARE\u00a08-14 ZILE LUCRATOARE<\/i><\/strong><\/p>","protected":false},"excerpt":{"rendered":"<p>Elegan\u021b\u0103 relaxat\u0103, texturi premium \u0219i un design contemporan \u2013 toate se \u00eent\u00e2lnesc \u00een mocasinii\u00a0Dune, crea\u021bi pentru cei care apreciaz\u0103 stilul<\/p>","protected":false},"featured_media":615365,"comment_status":"open","ping_status":"closed","template":"","meta":[],"product_brand":[252],"product_cat":[27],"product_tag":[],"class_list":{"0":"post-615341","1":"product","2":"type-product","3":"status-publish","4":"has-post-thumbnail","6":"product_brand-exclusives","7":"product_cat-pantofi-casual","9":"first","10":"instock","11":"shipping-taxable","12":"purchasable","13":"product-type-variable"},"yoast_head":"<!-- This site is optimized with the Yoast SEO plugin v27.4 - https:\/\/yoast.com\/product\/yoast-seo-wordpress\/ -->\n<title>Mocasini - Dune - Exclusives<\/title>\n<meta name=\"description\" content=\"Elegan\u021b\u0103 relaxat\u0103, texturi premium \u0219i un design contemporan \u2013 toate se \u00eent\u00e2lnesc \u00een mocasinii\u00a0Dune, crea\u021bi pentru cei care apreciaz\u0103 stilul minimalist cu\" \/>\n<meta name=\"robots\" content=\"noindex, follow, max-snippet:-1, max-image-preview:large, max-video-preview:-1\" \/>\n<meta property=\"og:locale\" content=\"en_US\" \/>\n<meta property=\"og:type\" content=\"article\" \/>\n<meta property=\"og:title\" content=\"Mocasini - Dune - Exclusives\" \/>\n<meta property=\"og:description\" content=\"Elegan\u021b\u0103 relaxat\u0103, texturi premium \u0219i un design contemporan \u2013 toate se \u00eent\u00e2lnesc \u00een mocasinii\u00a0Dune, crea\u021bi pentru cei care apreciaz\u0103 stilul minimalist cu\" \/>\n<meta property=\"og:url\" content=\"https:\/\/exclusives.ro\/en\/product\/mocasini-dune\/\" \/>\n<meta property=\"og:site_name\" content=\"Exclusives\" \/>\n<meta property=\"article:modified_time\" content=\"2026-04-16T18:06:50+00:00\" \/>\n<meta property=\"og:image\" content=\"https:\/\/exclusives.ro\/wp-content\/uploads\/2026\/03\/hidexe00-12.jpg\" \/>\n\t<meta property=\"og:image:width\" content=\"1365\" \/>\n\t<meta property=\"og:image:height\" content=\"2048\" \/>\n\t<meta property=\"og:image:type\" content=\"image\/jpeg\" \/>\n<meta name=\"twitter:card\" content=\"summary_large_image\" \/>\n<meta name=\"twitter:label1\" content=\"Est. reading time\" \/>\n\t<meta name=\"twitter:data1\" content=\"1 minute\" \/>\n<script type=\"application\/ld+json\" class=\"yoast-schema-graph\">{\"@context\":\"https:\\\/\\\/schema.org\",\"@graph\":[{\"@type\":\"WebPage\",\"@id\":\"https:\\\/\\\/exclusives.ro\\\/produs\\\/mocasini-dune\\\/\",\"url\":\"https:\\\/\\\/exclusives.ro\\\/produs\\\/mocasini-dune\\\/\",\"name\":\"Mocasini - Dune - Exclusives\",\"isPartOf\":{\"@id\":\"https:\\\/\\\/exclusives.ro\\\/#website\"},\"primaryImageOfPage\":{\"@id\":\"https:\\\/\\\/exclusives.ro\\\/produs\\\/mocasini-dune\\\/#primaryimage\"},\"image\":{\"@id\":\"https:\\\/\\\/exclusives.ro\\\/produs\\\/mocasini-dune\\\/#primaryimage\"},\"thumbnailUrl\":\"https:\\\/\\\/exclusives.ro\\\/wp-content\\\/uploads\\\/2026\\\/03\\\/hidexe00-12.jpg\",\"datePublished\":\"2026-03-23T10:19:15+00:00\",\"dateModified\":\"2026-04-16T18:06:50+00:00\",\"description\":\"Elegan\u021b\u0103 relaxat\u0103, texturi premium \u0219i un design contemporan \u2013 toate se \u00eent\u00e2lnesc \u00een mocasinii\u00a0Dune, crea\u021bi pentru cei care apreciaz\u0103 stilul minimalist cu\",\"breadcrumb\":{\"@id\":\"https:\\\/\\\/exclusives.ro\\\/produs\\\/mocasini-dune\\\/#breadcrumb\"},\"inLanguage\":\"en-US\",\"potentialAction\":[{\"@type\":\"ReadAction\",\"target\":[\"https:\\\/\\\/exclusives.ro\\\/produs\\\/mocasini-dune\\\/\"]}]},{\"@type\":\"ImageObject\",\"inLanguage\":\"en-US\",\"@id\":\"https:\\\/\\\/exclusives.ro\\\/produs\\\/mocasini-dune\\\/#primaryimage\",\"url\":\"https:\\\/\\\/exclusives.ro\\\/wp-content\\\/uploads\\\/2026\\\/03\\\/hidexe00-12.jpg\",\"contentUrl\":\"https:\\\/\\\/exclusives.ro\\\/wp-content\\\/uploads\\\/2026\\\/03\\\/hidexe00-12.jpg\",\"width\":1365,\"height\":2048},{\"@type\":\"BreadcrumbList\",\"@id\":\"https:\\\/\\\/exclusives.ro\\\/produs\\\/mocasini-dune\\\/#breadcrumb\",\"itemListElement\":[{\"@type\":\"ListItem\",\"position\":1,\"name\":\"Home\",\"item\":\"https:\\\/\\\/exclusives.ro\\\/\"},{\"@type\":\"ListItem\",\"position\":2,\"name\":\"Pantofi\",\"item\":\"https:\\\/\\\/exclusives.ro\\\/shop\\\/\"},{\"@type\":\"ListItem\",\"position\":3,\"name\":\"Mocasini &#8211; Dune\"}]},{\"@type\":\"WebSite\",\"@id\":\"https:\\\/\\\/exclusives.ro\\\/#website\",\"url\":\"https:\\\/\\\/exclusives.ro\\\/\",\"name\":\"Exclusives\",\"description\":\"\",\"potentialAction\":[{\"@type\":\"SearchAction\",\"target\":{\"@type\":\"EntryPoint\",\"urlTemplate\":\"https:\\\/\\\/exclusives.ro\\\/?s={search_term_string}\"},\"query-input\":{\"@type\":\"PropertyValueSpecification\",\"valueRequired\":true,\"valueName\":\"search_term_string\"}}],\"inLanguage\":\"en-US\"}]}<\/script>\n<!-- \/ Yoast SEO plugin. -->","yoast_head_json":{"title":"Mocasini - Dune - Exclusives","description":"Elegan\u021b\u0103 relaxat\u0103, texturi premium \u0219i un design contemporan \u2013 toate se \u00eent\u00e2lnesc \u00een mocasinii\u00a0Dune, crea\u021bi pentru cei care apreciaz\u0103 stilul minimalist cu","robots":{"index":"noindex","follow":"follow","max-snippet":"max-snippet:-1","max-image-preview":"max-image-preview:large","max-video-preview":"max-video-preview:-1"},"og_locale":"en_US","og_type":"article","og_title":"Mocasini - Dune - Exclusives","og_description":"Elegan\u021b\u0103 relaxat\u0103, texturi premium \u0219i un design contemporan \u2013 toate se \u00eent\u00e2lnesc \u00een mocasinii\u00a0Dune, crea\u021bi pentru cei care apreciaz\u0103 stilul minimalist cu","og_url":"https:\/\/exclusives.ro\/en\/product\/mocasini-dune\/","og_site_name":"Exclusives","article_modified_time":"2026-04-16T18:06:50+00:00","og_image":[{"width":1365,"height":2048,"url":"https:\/\/exclusives.ro\/wp-content\/uploads\/2026\/03\/hidexe00-12.jpg","type":"image\/jpeg"}],"twitter_card":"summary_large_image","twitter_misc":{"Est. reading time":"1 minute"},"schema":{"@context":"https:\/\/schema.org","@graph":[{"@type":"WebPage","@id":"https:\/\/exclusives.ro\/produs\/mocasini-dune\/","url":"https:\/\/exclusives.ro\/produs\/mocasini-dune\/","name":"Mocasini - Dune - Exclusives","isPartOf":{"@id":"https:\/\/exclusives.ro\/#website"},"primaryImageOfPage":{"@id":"https:\/\/exclusives.ro\/produs\/mocasini-dune\/#primaryimage"},"image":{"@id":"https:\/\/exclusives.ro\/produs\/mocasini-dune\/#primaryimage"},"thumbnailUrl":"https:\/\/exclusives.ro\/wp-content\/uploads\/2026\/03\/hidexe00-12.jpg","datePublished":"2026-03-23T10:19:15+00:00","dateModified":"2026-04-16T18:06:50+00:00","description":"Elegan\u021b\u0103 relaxat\u0103, texturi premium \u0219i un design contemporan \u2013 toate se \u00eent\u00e2lnesc \u00een mocasinii\u00a0Dune, crea\u021bi pentru cei care apreciaz\u0103 stilul minimalist cu","breadcrumb":{"@id":"https:\/\/exclusives.ro\/produs\/mocasini-dune\/#breadcrumb"},"inLanguage":"en-US","potentialAction":[{"@type":"ReadAction","target":["https:\/\/exclusives.ro\/produs\/mocasini-dune\/"]}]},{"@type":"ImageObject","inLanguage":"en-US","@id":"https:\/\/exclusives.ro\/produs\/mocasini-dune\/#primaryimage","url":"https:\/\/exclusives.ro\/wp-content\/uploads\/2026\/03\/hidexe00-12.jpg","contentUrl":"https:\/\/exclusives.ro\/wp-content\/uploads\/2026\/03\/hidexe00-12.jpg","width":1365,"height":2048},{"@type":"BreadcrumbList","@id":"https:\/\/exclusives.ro\/produs\/mocasini-dune\/#breadcrumb","itemListElement":[{"@type":"ListItem","position":1,"name":"Home","item":"https:\/\/exclusives.ro\/"},{"@type":"ListItem","position":2,"name":"Pantofi","item":"https:\/\/exclusives.ro\/shop\/"},{"@type":"ListItem","position":3,"name":"Mocasini &#8211; Dune"}]},{"@type":"WebSite","@id":"https:\/\/exclusives.ro\/#website","url":"https:\/\/exclusives.ro\/","name":"Exclusives","description":"","potentialAction":[{"@type":"SearchAction","target":{"@type":"EntryPoint","urlTemplate":"https:\/\/exclusives.ro\/?s={search_term_string}"},"query-input":{"@type":"PropertyValueSpecification","valueRequired":true,"valueName":"search_term_string"}}],"inLanguage":"en-US"}]}},"jetpack_sharing_enabled":true,"_links":{"self":[{"href":"https:\/\/exclusives.ro\/en\/wp-json\/wp\/v2\/product\/615341","targetHints":{"allow":["GET"]}}],"collection":[{"href":"https:\/\/exclusives.ro\/en\/wp-json\/wp\/v2\/product"}],"about":[{"href":"https:\/\/exclusives.ro\/en\/wp-json\/wp\/v2\/types\/product"}],"replies":[{"embeddable":true,"href":"https:\/\/exclusives.ro\/en\/wp-json\/wp\/v2\/comments?post=615341"}],"version-history":[{"count":1,"href":"https:\/\/exclusives.ro\/en\/wp-json\/wp\/v2\/product\/615341\/revisions"}],"predecessor-version":[{"id":615381,"href":"https:\/\/exclusives.ro\/en\/wp-json\/wp\/v2\/product\/615341\/revisions\/615381"}],"wp:featuredmedia":[{"embeddable":true,"href":"https:\/\/exclusives.ro\/en\/wp-json\/wp\/v2\/media\/615365"}],"wp:attachment":[{"href":"https:\/\/exclusives.ro\/en\/wp-json\/wp\/v2\/media?parent=615341"}],"wp:term":[{"taxonomy":"product_brand","embeddable":true,"href":"https:\/\/exclusives.ro\/en\/wp-json\/wp\/v2\/product_brand?post=615341"},{"taxonomy":"product_cat","embeddable":true,"href":"https:\/\/exclusives.ro\/en\/wp-json\/wp\/v2\/product_cat?post=615341"},{"taxonomy":"product_tag","embeddable":true,"href":"https:\/\/exclusives.ro\/en\/wp-json\/wp\/v2\/product_tag?post=615341"}],"curies":[{"name":"wp","href":"https:\/\/api.w.org\/{rel}","templated":true}]}}