{"id":615546,"date":"2026-03-23T18:03:58","date_gmt":"2026-03-23T18:03:58","guid":{"rendered":"https:\/\/exclusives.ro\/?post_type=product&#038;p=615546"},"modified":"2026-04-16T09:34:31","modified_gmt":"2026-04-16T09:34:31","slug":"bocanci-ivy","status":"publish","type":"product","link":"https:\/\/exclusives.ro\/en\/product\/bocanci-ivy\/","title":{"rendered":"Bocanci &#8211; Ivy"},"content":{"rendered":"<p data-start=\"127\" data-end=\"470\"><strong data-start=\"127\" data-end=\"134\">Ivy<\/strong>\u00a0este un model care exprim\u0103 simplitate sofisticat\u0103 \u0219i for\u021b\u0103 feminin\u0103, reinterpret\u00e2nd ghetele clasice \u00eentr-o form\u0103 modern\u0103 \u0219i extrem de versatil\u0103. Realizate din piele natural\u0103 neagr\u0103, cu finisaj neted \u0219i aspect premium, aceste ghete se remarc\u0103 prin liniile curate \u0219i silueta echilibrat\u0103, u\u0219or de integrat \u00een orice garderob\u0103 contemporan\u0103.<\/p>\n<p data-start=\"472\" data-end=\"729\">Designul minimalist este completat de \u0219ireturi discrete \u0219i de talpa chunky cu profil accentuat, care ofer\u0103 stabilitate, confort \u0219i un aer actual. Ivy este alegerea ideal\u0103 pentru femeia care apreciaz\u0103 piesele esen\u021biale, bine construite, cu un stil atemporal.<\/p>\n<p data-start=\"731\" data-end=\"750\"><strong data-start=\"731\" data-end=\"750\">Detalii produs:<\/strong><\/p>\n<ul data-start=\"752\" data-end=\"975\">\n<li data-start=\"752\" data-end=\"795\">\n<p data-start=\"754\" data-end=\"795\">Piele natural\u0103 neagr\u0103, cu finisaj neted<\/p>\n<\/li>\n<li data-start=\"796\" data-end=\"837\">\n<p data-start=\"798\" data-end=\"837\">Design curat, minimalist, cu \u0219ireturi<\/p>\n<\/li>\n<li data-start=\"838\" data-end=\"879\">\n<p data-start=\"840\" data-end=\"879\">Talp\u0103 chunky, stabil\u0103 \u0219i confortabil\u0103<\/p>\n<\/li>\n<li data-start=\"880\" data-end=\"937\">\n<p data-start=\"882\" data-end=\"937\">Construc\u021bie robust\u0103, potrivit\u0103 pentru purtare zilnic\u0103<\/p>\n<\/li>\n<li data-start=\"938\" data-end=\"975\">\n<p data-start=\"940\" data-end=\"975\">Stil urban, versatil \u0219i atemporal<\/p>\n<\/li>\n<\/ul>\n<p>&nbsp;<\/p>\n<p data-start=\"977\" data-end=\"1214\"><strong data-start=\"977\" data-end=\"994\">Cum le por\u021bi:<\/strong><br data-start=\"994\" data-end=\"997\" \/>Poart\u0103-le cu jean\u0219i drep\u021bi, pantaloni din stof\u0103 sau fuste midi pentru un look echilibrat \u0219i modern. Completeaz\u0103 \u021binuta cu un palton drept, un trench clasic sau un pulover oversized pentru un stil relaxat, dar rafinat.<\/p>\n<p>&nbsp;<\/p>\n<p><u><em><strong>PRODUS FABRICAT IN ROMANIA!<\/strong><\/em><\/u><\/p>\n<p>Marimi disponibile:\u00a0 35, 36 , 37 , 38 , 39, 40<\/p>\n<p><strong><i>TERMEN DE REALIZARE 12-14 ZILE LUCRATOARE<\/i><\/strong><\/p>","protected":false},"excerpt":{"rendered":"<p>Ivy\u00a0este un model care exprim\u0103 simplitate sofisticat\u0103 \u0219i for\u021b\u0103 feminin\u0103, reinterpret\u00e2nd ghetele clasice \u00eentr-o form\u0103 modern\u0103 \u0219i extrem de versatil\u0103.<\/p>","protected":false},"featured_media":615563,"comment_status":"open","ping_status":"closed","template":"","meta":[],"product_brand":[252],"product_cat":[20],"product_tag":[],"class_list":{"0":"post-615546","1":"product","2":"type-product","3":"status-publish","4":"has-post-thumbnail","6":"product_brand-exclusives","7":"product_cat-bocanci-ghete","9":"first","10":"instock","11":"sale","12":"shipping-taxable","13":"purchasable","14":"product-type-variable"},"yoast_head":"<!-- This site is optimized with the Yoast SEO plugin v27.4 - https:\/\/yoast.com\/product\/yoast-seo-wordpress\/ -->\n<title>Bocanci - Ivy - Exclusives<\/title>\n<meta name=\"description\" content=\"Ivy\u00a0este un model care exprim\u0103 simplitate sofisticat\u0103 \u0219i for\u021b\u0103 feminin\u0103, reinterpret\u00e2nd ghetele clasice \u00eentr-o form\u0103 modern\u0103 \u0219i extrem de versatil\u0103.\" \/>\n<meta name=\"robots\" content=\"noindex, follow, max-snippet:-1, max-image-preview:large, max-video-preview:-1\" \/>\n<meta property=\"og:locale\" content=\"en_US\" \/>\n<meta property=\"og:type\" content=\"article\" \/>\n<meta property=\"og:title\" content=\"Bocanci - Ivy - Exclusives\" \/>\n<meta property=\"og:description\" content=\"Ivy\u00a0este un model care exprim\u0103 simplitate sofisticat\u0103 \u0219i for\u021b\u0103 feminin\u0103, reinterpret\u00e2nd ghetele clasice \u00eentr-o form\u0103 modern\u0103 \u0219i extrem de versatil\u0103.\" \/>\n<meta property=\"og:url\" content=\"https:\/\/exclusives.ro\/en\/product\/bocanci-ivy\/\" \/>\n<meta property=\"og:site_name\" content=\"Exclusives\" \/>\n<meta property=\"article:modified_time\" content=\"2026-04-16T09:34:31+00:00\" \/>\n<meta property=\"og:image\" content=\"https:\/\/exclusives.ro\/wp-content\/uploads\/2026\/03\/exemshekv-103.jpg\" \/>\n\t<meta property=\"og:image:width\" content=\"1365\" \/>\n\t<meta property=\"og:image:height\" content=\"2048\" \/>\n\t<meta property=\"og:image:type\" content=\"image\/jpeg\" \/>\n<meta name=\"twitter:card\" content=\"summary_large_image\" \/>\n<meta name=\"twitter:label1\" content=\"Est. reading time\" \/>\n\t<meta name=\"twitter:data1\" content=\"1 minute\" \/>\n<script type=\"application\/ld+json\" class=\"yoast-schema-graph\">{\"@context\":\"https:\\\/\\\/schema.org\",\"@graph\":[{\"@type\":\"WebPage\",\"@id\":\"https:\\\/\\\/exclusives.ro\\\/produs\\\/bocanci-ivy\\\/\",\"url\":\"https:\\\/\\\/exclusives.ro\\\/produs\\\/bocanci-ivy\\\/\",\"name\":\"Bocanci - Ivy - Exclusives\",\"isPartOf\":{\"@id\":\"https:\\\/\\\/exclusives.ro\\\/#website\"},\"primaryImageOfPage\":{\"@id\":\"https:\\\/\\\/exclusives.ro\\\/produs\\\/bocanci-ivy\\\/#primaryimage\"},\"image\":{\"@id\":\"https:\\\/\\\/exclusives.ro\\\/produs\\\/bocanci-ivy\\\/#primaryimage\"},\"thumbnailUrl\":\"https:\\\/\\\/exclusives.ro\\\/wp-content\\\/uploads\\\/2026\\\/03\\\/exemshekv-103.jpg\",\"datePublished\":\"2026-03-23T18:03:58+00:00\",\"dateModified\":\"2026-04-16T09:34:31+00:00\",\"description\":\"Ivy\u00a0este un model care exprim\u0103 simplitate sofisticat\u0103 \u0219i for\u021b\u0103 feminin\u0103, reinterpret\u00e2nd ghetele clasice \u00eentr-o form\u0103 modern\u0103 \u0219i extrem de versatil\u0103.\",\"breadcrumb\":{\"@id\":\"https:\\\/\\\/exclusives.ro\\\/produs\\\/bocanci-ivy\\\/#breadcrumb\"},\"inLanguage\":\"en-US\",\"potentialAction\":[{\"@type\":\"ReadAction\",\"target\":[\"https:\\\/\\\/exclusives.ro\\\/produs\\\/bocanci-ivy\\\/\"]}]},{\"@type\":\"ImageObject\",\"inLanguage\":\"en-US\",\"@id\":\"https:\\\/\\\/exclusives.ro\\\/produs\\\/bocanci-ivy\\\/#primaryimage\",\"url\":\"https:\\\/\\\/exclusives.ro\\\/wp-content\\\/uploads\\\/2026\\\/03\\\/exemshekv-103.jpg\",\"contentUrl\":\"https:\\\/\\\/exclusives.ro\\\/wp-content\\\/uploads\\\/2026\\\/03\\\/exemshekv-103.jpg\",\"width\":1365,\"height\":2048},{\"@type\":\"BreadcrumbList\",\"@id\":\"https:\\\/\\\/exclusives.ro\\\/produs\\\/bocanci-ivy\\\/#breadcrumb\",\"itemListElement\":[{\"@type\":\"ListItem\",\"position\":1,\"name\":\"Home\",\"item\":\"https:\\\/\\\/exclusives.ro\\\/\"},{\"@type\":\"ListItem\",\"position\":2,\"name\":\"Pantofi\",\"item\":\"https:\\\/\\\/exclusives.ro\\\/shop\\\/\"},{\"@type\":\"ListItem\",\"position\":3,\"name\":\"Bocanci &#8211; Ivy\"}]},{\"@type\":\"WebSite\",\"@id\":\"https:\\\/\\\/exclusives.ro\\\/#website\",\"url\":\"https:\\\/\\\/exclusives.ro\\\/\",\"name\":\"Exclusives\",\"description\":\"\",\"potentialAction\":[{\"@type\":\"SearchAction\",\"target\":{\"@type\":\"EntryPoint\",\"urlTemplate\":\"https:\\\/\\\/exclusives.ro\\\/?s={search_term_string}\"},\"query-input\":{\"@type\":\"PropertyValueSpecification\",\"valueRequired\":true,\"valueName\":\"search_term_string\"}}],\"inLanguage\":\"en-US\"}]}<\/script>\n<!-- \/ Yoast SEO plugin. -->","yoast_head_json":{"title":"Bocanci - Ivy - Exclusives","description":"Ivy\u00a0este un model care exprim\u0103 simplitate sofisticat\u0103 \u0219i for\u021b\u0103 feminin\u0103, reinterpret\u00e2nd ghetele clasice \u00eentr-o form\u0103 modern\u0103 \u0219i extrem de versatil\u0103.","robots":{"index":"noindex","follow":"follow","max-snippet":"max-snippet:-1","max-image-preview":"max-image-preview:large","max-video-preview":"max-video-preview:-1"},"og_locale":"en_US","og_type":"article","og_title":"Bocanci - Ivy - Exclusives","og_description":"Ivy\u00a0este un model care exprim\u0103 simplitate sofisticat\u0103 \u0219i for\u021b\u0103 feminin\u0103, reinterpret\u00e2nd ghetele clasice \u00eentr-o form\u0103 modern\u0103 \u0219i extrem de versatil\u0103.","og_url":"https:\/\/exclusives.ro\/en\/product\/bocanci-ivy\/","og_site_name":"Exclusives","article_modified_time":"2026-04-16T09:34:31+00:00","og_image":[{"width":1365,"height":2048,"url":"https:\/\/exclusives.ro\/wp-content\/uploads\/2026\/03\/exemshekv-103.jpg","type":"image\/jpeg"}],"twitter_card":"summary_large_image","twitter_misc":{"Est. reading time":"1 minute"},"schema":{"@context":"https:\/\/schema.org","@graph":[{"@type":"WebPage","@id":"https:\/\/exclusives.ro\/produs\/bocanci-ivy\/","url":"https:\/\/exclusives.ro\/produs\/bocanci-ivy\/","name":"Bocanci - Ivy - Exclusives","isPartOf":{"@id":"https:\/\/exclusives.ro\/#website"},"primaryImageOfPage":{"@id":"https:\/\/exclusives.ro\/produs\/bocanci-ivy\/#primaryimage"},"image":{"@id":"https:\/\/exclusives.ro\/produs\/bocanci-ivy\/#primaryimage"},"thumbnailUrl":"https:\/\/exclusives.ro\/wp-content\/uploads\/2026\/03\/exemshekv-103.jpg","datePublished":"2026-03-23T18:03:58+00:00","dateModified":"2026-04-16T09:34:31+00:00","description":"Ivy\u00a0este un model care exprim\u0103 simplitate sofisticat\u0103 \u0219i for\u021b\u0103 feminin\u0103, reinterpret\u00e2nd ghetele clasice \u00eentr-o form\u0103 modern\u0103 \u0219i extrem de versatil\u0103.","breadcrumb":{"@id":"https:\/\/exclusives.ro\/produs\/bocanci-ivy\/#breadcrumb"},"inLanguage":"en-US","potentialAction":[{"@type":"ReadAction","target":["https:\/\/exclusives.ro\/produs\/bocanci-ivy\/"]}]},{"@type":"ImageObject","inLanguage":"en-US","@id":"https:\/\/exclusives.ro\/produs\/bocanci-ivy\/#primaryimage","url":"https:\/\/exclusives.ro\/wp-content\/uploads\/2026\/03\/exemshekv-103.jpg","contentUrl":"https:\/\/exclusives.ro\/wp-content\/uploads\/2026\/03\/exemshekv-103.jpg","width":1365,"height":2048},{"@type":"BreadcrumbList","@id":"https:\/\/exclusives.ro\/produs\/bocanci-ivy\/#breadcrumb","itemListElement":[{"@type":"ListItem","position":1,"name":"Home","item":"https:\/\/exclusives.ro\/"},{"@type":"ListItem","position":2,"name":"Pantofi","item":"https:\/\/exclusives.ro\/shop\/"},{"@type":"ListItem","position":3,"name":"Bocanci &#8211; Ivy"}]},{"@type":"WebSite","@id":"https:\/\/exclusives.ro\/#website","url":"https:\/\/exclusives.ro\/","name":"Exclusives","description":"","potentialAction":[{"@type":"SearchAction","target":{"@type":"EntryPoint","urlTemplate":"https:\/\/exclusives.ro\/?s={search_term_string}"},"query-input":{"@type":"PropertyValueSpecification","valueRequired":true,"valueName":"search_term_string"}}],"inLanguage":"en-US"}]}},"jetpack_sharing_enabled":true,"_links":{"self":[{"href":"https:\/\/exclusives.ro\/en\/wp-json\/wp\/v2\/product\/615546","targetHints":{"allow":["GET"]}}],"collection":[{"href":"https:\/\/exclusives.ro\/en\/wp-json\/wp\/v2\/product"}],"about":[{"href":"https:\/\/exclusives.ro\/en\/wp-json\/wp\/v2\/types\/product"}],"replies":[{"embeddable":true,"href":"https:\/\/exclusives.ro\/en\/wp-json\/wp\/v2\/comments?post=615546"}],"version-history":[{"count":1,"href":"https:\/\/exclusives.ro\/en\/wp-json\/wp\/v2\/product\/615546\/revisions"}],"predecessor-version":[{"id":615567,"href":"https:\/\/exclusives.ro\/en\/wp-json\/wp\/v2\/product\/615546\/revisions\/615567"}],"wp:featuredmedia":[{"embeddable":true,"href":"https:\/\/exclusives.ro\/en\/wp-json\/wp\/v2\/media\/615563"}],"wp:attachment":[{"href":"https:\/\/exclusives.ro\/en\/wp-json\/wp\/v2\/media?parent=615546"}],"wp:term":[{"taxonomy":"product_brand","embeddable":true,"href":"https:\/\/exclusives.ro\/en\/wp-json\/wp\/v2\/product_brand?post=615546"},{"taxonomy":"product_cat","embeddable":true,"href":"https:\/\/exclusives.ro\/en\/wp-json\/wp\/v2\/product_cat?post=615546"},{"taxonomy":"product_tag","embeddable":true,"href":"https:\/\/exclusives.ro\/en\/wp-json\/wp\/v2\/product_tag?post=615546"}],"curies":[{"name":"wp","href":"https:\/\/api.w.org\/{rel}","templated":true}]}}