{"id":615580,"date":"2026-03-23T20:18:12","date_gmt":"2026-03-23T20:18:12","guid":{"rendered":"https:\/\/exclusives.ro\/?post_type=product&#038;p=615580"},"modified":"2026-04-16T09:21:12","modified_gmt":"2026-04-16T09:21:12","slug":"ghete-milli","status":"publish","type":"product","link":"https:\/\/exclusives.ro\/en\/product\/ghete-milli\/","title":{"rendered":"Ghete &#8211; Milli"},"content":{"rendered":"<p data-start=\"159\" data-end=\"453\">O prezen\u021b\u0103 puternic\u0103, aceste ghete definesc stilul\u00a0<strong data-start=\"237\" data-end=\"261\">urban casual feminin<\/strong>\u00a0printr-un design modern, curat \u0219i extrem de versatil. Modelul \u00eembin\u0103 armonios confortul zilnic cu influen\u021be industriale discrete, rezult\u00e2nd o pies\u0103 u\u0219or de integrat \u00een garderoba contemporan\u0103.<\/p>\n<p data-start=\"455\" data-end=\"789\">Realizate din\u00a0<strong data-start=\"469\" data-end=\"510\">piele natural\u0103 <\/strong>, cu textur\u0103 fin\u0103 \u0219i elegant\u0103, ghetele sunt completate de\u00a0<strong data-start=\"568\" data-end=\"599\">fermoarul amplasat la spate<\/strong>, care asigur\u0103 o \u00eenc\u0103l\u021bare rapid\u0103 \u0219i p\u0103streaz\u0103 liniile frontale minimaliste.\u00a0<strong data-start=\"676\" data-end=\"716\">Talpa chunky\u00a0<\/strong>ofer\u0103 stabilitate, confort \u0219i un aer modern, inspirat din stilul urban.<\/p>\n<p data-start=\"791\" data-end=\"910\">Un model echilibrat, ideal pentru purtarea zilnic\u0103, care adaug\u0103 un plus de rafinament chiar \u0219i celor mai simple \u021binute.<\/p>\n<p data-start=\"912\" data-end=\"931\"><strong data-start=\"912\" data-end=\"931\">Detalii produs:<\/strong><\/p>\n<p data-start=\"912\" data-end=\"931\"><strong data-start=\"912\" data-end=\"931\"><br \/>\n<\/strong>Piele natural\u0103<\/p>\n<p data-start=\"912\" data-end=\"931\">Fermoar la spate pentru func\u021bionalitate \u0219i estetic\u0103 curat\u0103<\/p>\n<p data-start=\"912\" data-end=\"931\">Talp\u0103 chunky, u\u0219oar\u0103 \u0219i aderent\u0103<\/p>\n<p data-start=\"912\" data-end=\"931\">Design minimalist cu accente urbane<\/p>\n<p data-start=\"912\" data-end=\"931\">Stil casual feminin, modern \u0219i confortabil<\/p>\n<p data-start=\"912\" data-end=\"931\"><strong data-start=\"1161\" data-end=\"1178\">Cum le por\u021bi:<\/strong><br data-start=\"1178\" data-end=\"1181\" \/>Poart\u0103-le cu blugi slim sau drep\u021bi, pantaloni cropped ori rochii tricotate. Completeaz\u0103 \u021binuta cu un trench fluid, un palton lejer sau un cardigan oversized pentru un look urban, feminin \u0219i relaxat.<\/p>\n<p><strong>Inaltime talpa<\/strong><\/p>\n<p><b>\u00a03cm in fata si 5cm in spate.<\/b><\/p>\n<p>&nbsp;<\/p>\n<p><u><em><strong>PRODUS FABRICAT IN ROMANIA!<\/strong><\/em><\/u><\/p>\n<p>Marimi disponibile:\u00a0 36 , 37 , 38 , 39, 40<\/p>\n<p><strong><i>TERMEN DE REALIZARE 12-14 ZILE LUCRATOARE<\/i><\/strong><\/p>","protected":false},"excerpt":{"rendered":"<p>O prezen\u021b\u0103 puternic\u0103, aceste ghete definesc stilul\u00a0urban casual feminin\u00a0printr-un design modern, curat \u0219i extrem de versatil. Modelul \u00eembin\u0103 armonios confortul<\/p>","protected":false},"featured_media":615596,"comment_status":"open","ping_status":"closed","template":"","meta":[],"product_brand":[252],"product_cat":[20],"product_tag":[],"class_list":{"0":"post-615580","1":"product","2":"type-product","3":"status-publish","4":"has-post-thumbnail","6":"product_brand-exclusives","7":"product_cat-bocanci-ghete","9":"first","10":"instock","11":"shipping-taxable","12":"purchasable","13":"product-type-variable"},"yoast_head":"<!-- This site is optimized with the Yoast SEO plugin v27.4 - https:\/\/yoast.com\/product\/yoast-seo-wordpress\/ -->\n<title>Ghete - Milli - Exclusives<\/title>\n<meta name=\"description\" content=\"O prezen\u021b\u0103 puternic\u0103, aceste ghete definesc stilul\u00a0urban casual feminin\u00a0printr-un design modern, curat \u0219i extrem de versatil. Modelul \u00eembin\u0103 armonios\" \/>\n<meta name=\"robots\" content=\"noindex, follow, max-snippet:-1, max-image-preview:large, max-video-preview:-1\" \/>\n<meta property=\"og:locale\" content=\"en_US\" \/>\n<meta property=\"og:type\" content=\"article\" \/>\n<meta property=\"og:title\" content=\"Ghete - Milli - Exclusives\" \/>\n<meta property=\"og:description\" content=\"O prezen\u021b\u0103 puternic\u0103, aceste ghete definesc stilul\u00a0urban casual feminin\u00a0printr-un design modern, curat \u0219i extrem de versatil. Modelul \u00eembin\u0103 armonios\" \/>\n<meta property=\"og:url\" content=\"https:\/\/exclusives.ro\/en\/product\/ghete-milli\/\" \/>\n<meta property=\"og:site_name\" content=\"Exclusives\" \/>\n<meta property=\"article:modified_time\" content=\"2026-04-16T09:21:12+00:00\" \/>\n<meta property=\"og:image\" content=\"https:\/\/exclusives.ro\/wp-content\/uploads\/2026\/03\/FS_16325.jpg\" \/>\n\t<meta property=\"og:image:width\" content=\"1366\" \/>\n\t<meta property=\"og:image:height\" content=\"2048\" \/>\n\t<meta property=\"og:image:type\" content=\"image\/jpeg\" \/>\n<meta name=\"twitter:card\" content=\"summary_large_image\" \/>\n<meta name=\"twitter:label1\" content=\"Est. reading time\" \/>\n\t<meta name=\"twitter:data1\" content=\"1 minute\" \/>\n<script type=\"application\/ld+json\" class=\"yoast-schema-graph\">{\"@context\":\"https:\\\/\\\/schema.org\",\"@graph\":[{\"@type\":\"WebPage\",\"@id\":\"https:\\\/\\\/exclusives.ro\\\/produs\\\/ghete-milli\\\/\",\"url\":\"https:\\\/\\\/exclusives.ro\\\/produs\\\/ghete-milli\\\/\",\"name\":\"Ghete - Milli - Exclusives\",\"isPartOf\":{\"@id\":\"https:\\\/\\\/exclusives.ro\\\/#website\"},\"primaryImageOfPage\":{\"@id\":\"https:\\\/\\\/exclusives.ro\\\/produs\\\/ghete-milli\\\/#primaryimage\"},\"image\":{\"@id\":\"https:\\\/\\\/exclusives.ro\\\/produs\\\/ghete-milli\\\/#primaryimage\"},\"thumbnailUrl\":\"https:\\\/\\\/exclusives.ro\\\/wp-content\\\/uploads\\\/2026\\\/03\\\/FS_16325.jpg\",\"datePublished\":\"2026-03-23T20:18:12+00:00\",\"dateModified\":\"2026-04-16T09:21:12+00:00\",\"description\":\"O prezen\u021b\u0103 puternic\u0103, aceste ghete definesc stilul\u00a0urban casual feminin\u00a0printr-un design modern, curat \u0219i extrem de versatil. Modelul \u00eembin\u0103 armonios\",\"breadcrumb\":{\"@id\":\"https:\\\/\\\/exclusives.ro\\\/produs\\\/ghete-milli\\\/#breadcrumb\"},\"inLanguage\":\"en-US\",\"potentialAction\":[{\"@type\":\"ReadAction\",\"target\":[\"https:\\\/\\\/exclusives.ro\\\/produs\\\/ghete-milli\\\/\"]}]},{\"@type\":\"ImageObject\",\"inLanguage\":\"en-US\",\"@id\":\"https:\\\/\\\/exclusives.ro\\\/produs\\\/ghete-milli\\\/#primaryimage\",\"url\":\"https:\\\/\\\/exclusives.ro\\\/wp-content\\\/uploads\\\/2026\\\/03\\\/FS_16325.jpg\",\"contentUrl\":\"https:\\\/\\\/exclusives.ro\\\/wp-content\\\/uploads\\\/2026\\\/03\\\/FS_16325.jpg\",\"width\":1366,\"height\":2048},{\"@type\":\"BreadcrumbList\",\"@id\":\"https:\\\/\\\/exclusives.ro\\\/produs\\\/ghete-milli\\\/#breadcrumb\",\"itemListElement\":[{\"@type\":\"ListItem\",\"position\":1,\"name\":\"Home\",\"item\":\"https:\\\/\\\/exclusives.ro\\\/\"},{\"@type\":\"ListItem\",\"position\":2,\"name\":\"Pantofi\",\"item\":\"https:\\\/\\\/exclusives.ro\\\/shop\\\/\"},{\"@type\":\"ListItem\",\"position\":3,\"name\":\"Ghete &#8211; Milli\"}]},{\"@type\":\"WebSite\",\"@id\":\"https:\\\/\\\/exclusives.ro\\\/#website\",\"url\":\"https:\\\/\\\/exclusives.ro\\\/\",\"name\":\"Exclusives\",\"description\":\"\",\"potentialAction\":[{\"@type\":\"SearchAction\",\"target\":{\"@type\":\"EntryPoint\",\"urlTemplate\":\"https:\\\/\\\/exclusives.ro\\\/?s={search_term_string}\"},\"query-input\":{\"@type\":\"PropertyValueSpecification\",\"valueRequired\":true,\"valueName\":\"search_term_string\"}}],\"inLanguage\":\"en-US\"}]}<\/script>\n<!-- \/ Yoast SEO plugin. -->","yoast_head_json":{"title":"Ghete - Milli - Exclusives","description":"O prezen\u021b\u0103 puternic\u0103, aceste ghete definesc stilul\u00a0urban casual feminin\u00a0printr-un design modern, curat \u0219i extrem de versatil. Modelul \u00eembin\u0103 armonios","robots":{"index":"noindex","follow":"follow","max-snippet":"max-snippet:-1","max-image-preview":"max-image-preview:large","max-video-preview":"max-video-preview:-1"},"og_locale":"en_US","og_type":"article","og_title":"Ghete - Milli - Exclusives","og_description":"O prezen\u021b\u0103 puternic\u0103, aceste ghete definesc stilul\u00a0urban casual feminin\u00a0printr-un design modern, curat \u0219i extrem de versatil. Modelul \u00eembin\u0103 armonios","og_url":"https:\/\/exclusives.ro\/en\/product\/ghete-milli\/","og_site_name":"Exclusives","article_modified_time":"2026-04-16T09:21:12+00:00","og_image":[{"width":1366,"height":2048,"url":"https:\/\/exclusives.ro\/wp-content\/uploads\/2026\/03\/FS_16325.jpg","type":"image\/jpeg"}],"twitter_card":"summary_large_image","twitter_misc":{"Est. reading time":"1 minute"},"schema":{"@context":"https:\/\/schema.org","@graph":[{"@type":"WebPage","@id":"https:\/\/exclusives.ro\/produs\/ghete-milli\/","url":"https:\/\/exclusives.ro\/produs\/ghete-milli\/","name":"Ghete - Milli - Exclusives","isPartOf":{"@id":"https:\/\/exclusives.ro\/#website"},"primaryImageOfPage":{"@id":"https:\/\/exclusives.ro\/produs\/ghete-milli\/#primaryimage"},"image":{"@id":"https:\/\/exclusives.ro\/produs\/ghete-milli\/#primaryimage"},"thumbnailUrl":"https:\/\/exclusives.ro\/wp-content\/uploads\/2026\/03\/FS_16325.jpg","datePublished":"2026-03-23T20:18:12+00:00","dateModified":"2026-04-16T09:21:12+00:00","description":"O prezen\u021b\u0103 puternic\u0103, aceste ghete definesc stilul\u00a0urban casual feminin\u00a0printr-un design modern, curat \u0219i extrem de versatil. Modelul \u00eembin\u0103 armonios","breadcrumb":{"@id":"https:\/\/exclusives.ro\/produs\/ghete-milli\/#breadcrumb"},"inLanguage":"en-US","potentialAction":[{"@type":"ReadAction","target":["https:\/\/exclusives.ro\/produs\/ghete-milli\/"]}]},{"@type":"ImageObject","inLanguage":"en-US","@id":"https:\/\/exclusives.ro\/produs\/ghete-milli\/#primaryimage","url":"https:\/\/exclusives.ro\/wp-content\/uploads\/2026\/03\/FS_16325.jpg","contentUrl":"https:\/\/exclusives.ro\/wp-content\/uploads\/2026\/03\/FS_16325.jpg","width":1366,"height":2048},{"@type":"BreadcrumbList","@id":"https:\/\/exclusives.ro\/produs\/ghete-milli\/#breadcrumb","itemListElement":[{"@type":"ListItem","position":1,"name":"Home","item":"https:\/\/exclusives.ro\/"},{"@type":"ListItem","position":2,"name":"Pantofi","item":"https:\/\/exclusives.ro\/shop\/"},{"@type":"ListItem","position":3,"name":"Ghete &#8211; Milli"}]},{"@type":"WebSite","@id":"https:\/\/exclusives.ro\/#website","url":"https:\/\/exclusives.ro\/","name":"Exclusives","description":"","potentialAction":[{"@type":"SearchAction","target":{"@type":"EntryPoint","urlTemplate":"https:\/\/exclusives.ro\/?s={search_term_string}"},"query-input":{"@type":"PropertyValueSpecification","valueRequired":true,"valueName":"search_term_string"}}],"inLanguage":"en-US"}]}},"jetpack_sharing_enabled":true,"_links":{"self":[{"href":"https:\/\/exclusives.ro\/en\/wp-json\/wp\/v2\/product\/615580","targetHints":{"allow":["GET"]}}],"collection":[{"href":"https:\/\/exclusives.ro\/en\/wp-json\/wp\/v2\/product"}],"about":[{"href":"https:\/\/exclusives.ro\/en\/wp-json\/wp\/v2\/types\/product"}],"replies":[{"embeddable":true,"href":"https:\/\/exclusives.ro\/en\/wp-json\/wp\/v2\/comments?post=615580"}],"version-history":[{"count":1,"href":"https:\/\/exclusives.ro\/en\/wp-json\/wp\/v2\/product\/615580\/revisions"}],"predecessor-version":[{"id":615608,"href":"https:\/\/exclusives.ro\/en\/wp-json\/wp\/v2\/product\/615580\/revisions\/615608"}],"wp:featuredmedia":[{"embeddable":true,"href":"https:\/\/exclusives.ro\/en\/wp-json\/wp\/v2\/media\/615596"}],"wp:attachment":[{"href":"https:\/\/exclusives.ro\/en\/wp-json\/wp\/v2\/media?parent=615580"}],"wp:term":[{"taxonomy":"product_brand","embeddable":true,"href":"https:\/\/exclusives.ro\/en\/wp-json\/wp\/v2\/product_brand?post=615580"},{"taxonomy":"product_cat","embeddable":true,"href":"https:\/\/exclusives.ro\/en\/wp-json\/wp\/v2\/product_cat?post=615580"},{"taxonomy":"product_tag","embeddable":true,"href":"https:\/\/exclusives.ro\/en\/wp-json\/wp\/v2\/product_tag?post=615580"}],"curies":[{"name":"wp","href":"https:\/\/api.w.org\/{rel}","templated":true}]}}