{"id":615647,"date":"2026-03-24T13:29:37","date_gmt":"2026-03-24T13:29:37","guid":{"rendered":"https:\/\/exclusives.ro\/?post_type=product&#038;p=615647"},"modified":"2026-04-16T09:23:01","modified_gmt":"2026-04-16T09:23:01","slug":"ghete-twist","status":"publish","type":"product","link":"https:\/\/exclusives.ro\/en\/product\/ghete-twist\/","title":{"rendered":"Ghete &#8211; Twist"},"content":{"rendered":"<p data-start=\"148\" data-end=\"342\">Ghetele\u00a0<strong data-start=\"219\" data-end=\"233\">Twist<\/strong>\u00a0\u00eembin\u0103 designul contemporan cu func\u021bionalitatea modern\u0103, devenind o expresie a stilului puternic \u0219i rafinat.<\/p>\n<p data-start=\"344\" data-end=\"568\">Realizate manual din piele natural\u0103 premium, aceste ghete se remarc\u0103 prin silueta compact\u0103, liniile curate \u0219i detaliul decorativ r\u0103sucit \u00een jurul gleznei, ce adaug\u0103 profunzime vizual\u0103 \u0219i un accent distinct, cu personalitate.<\/p>\n<p data-start=\"570\" data-end=\"786\">Talpa groas\u0103, cu profil robust \u0219i aderen\u021b\u0103 ridicat\u0103, ofer\u0103 stabilitate \u0219i confort sporit pe tot parcursul zilei, iar interiorul c\u0103ptu\u0219it integral cu piele moale asigur\u0103 o experien\u021b\u0103 de purtare pl\u0103cut\u0103 \u0219i echilibrat\u0103.<\/p>\n<p>&nbsp;<\/p>\n<p data-start=\"788\" data-end=\"984\">Versatile \u0219i actuale, ghetele\u00a0<strong data-start=\"818\" data-end=\"832\">Twist<\/strong>\u00a0completeaz\u0103 perfect \u021binute urbane cu influen\u021be masculine, dar \u0219i combina\u021bii casual-elegante \u2014 un model statement, creat pentru un stil sigur \u0219i asumat.<\/p>\n<p>&nbsp;<\/p>\n<p><u><em><strong>PRODUS FABRICAT IN ROMANIA!<\/strong><\/em><\/u><\/p>\n<p>Marimi disponibile:\u00a0 36 , 37 , 38 , 39, 40<\/p>\n<p><strong><i>TERMEN DE REALIZARE 12-14 ZILE LUCRATOARE<\/i><\/strong><\/p>","protected":false},"excerpt":{"rendered":"<p>Ghetele\u00a0Twist\u00a0\u00eembin\u0103 designul contemporan cu func\u021bionalitatea modern\u0103, devenind o expresie a stilului puternic \u0219i rafinat. Realizate manual din piele natural\u0103 premium,<\/p>","protected":false},"featured_media":615669,"comment_status":"open","ping_status":"closed","template":"","meta":[],"product_brand":[252],"product_cat":[20],"product_tag":[],"class_list":{"0":"post-615647","1":"product","2":"type-product","3":"status-publish","4":"has-post-thumbnail","6":"product_brand-exclusives","7":"product_cat-bocanci-ghete","9":"first","10":"instock","11":"shipping-taxable","12":"purchasable","13":"product-type-variable"},"yoast_head":"<!-- This site is optimized with the Yoast SEO plugin v27.4 - https:\/\/yoast.com\/product\/yoast-seo-wordpress\/ -->\n<title>Ghete - Twist - Exclusives<\/title>\n<meta name=\"description\" content=\"Ghetele\u00a0Twist\u00a0\u00eembin\u0103 designul contemporan cu func\u021bionalitatea modern\u0103, devenind o expresie a stilului puternic \u0219i rafinat. Realizate manual din piele\" \/>\n<meta name=\"robots\" content=\"noindex, follow, max-snippet:-1, max-image-preview:large, max-video-preview:-1\" \/>\n<meta property=\"og:locale\" content=\"en_US\" \/>\n<meta property=\"og:type\" content=\"article\" \/>\n<meta property=\"og:title\" content=\"Ghete - Twist - Exclusives\" \/>\n<meta property=\"og:description\" content=\"Ghetele\u00a0Twist\u00a0\u00eembin\u0103 designul contemporan cu func\u021bionalitatea modern\u0103, devenind o expresie a stilului puternic \u0219i rafinat. Realizate manual din piele\" \/>\n<meta property=\"og:url\" content=\"https:\/\/exclusives.ro\/en\/product\/ghete-twist\/\" \/>\n<meta property=\"og:site_name\" content=\"Exclusives\" \/>\n<meta property=\"article:modified_time\" content=\"2026-04-16T09:23:01+00:00\" \/>\n<meta property=\"og:image\" content=\"https:\/\/exclusives.ro\/wp-content\/uploads\/2026\/03\/exemshekv-89.jpg\" \/>\n\t<meta property=\"og:image:width\" content=\"1365\" \/>\n\t<meta property=\"og:image:height\" content=\"2048\" \/>\n\t<meta property=\"og:image:type\" content=\"image\/jpeg\" \/>\n<meta name=\"twitter:card\" content=\"summary_large_image\" \/>\n<meta name=\"twitter:label1\" content=\"Est. reading time\" \/>\n\t<meta name=\"twitter:data1\" content=\"1 minute\" \/>\n<script type=\"application\/ld+json\" class=\"yoast-schema-graph\">{\"@context\":\"https:\\\/\\\/schema.org\",\"@graph\":[{\"@type\":\"WebPage\",\"@id\":\"https:\\\/\\\/exclusives.ro\\\/produs\\\/ghete-twist\\\/\",\"url\":\"https:\\\/\\\/exclusives.ro\\\/produs\\\/ghete-twist\\\/\",\"name\":\"Ghete - Twist - Exclusives\",\"isPartOf\":{\"@id\":\"https:\\\/\\\/exclusives.ro\\\/#website\"},\"primaryImageOfPage\":{\"@id\":\"https:\\\/\\\/exclusives.ro\\\/produs\\\/ghete-twist\\\/#primaryimage\"},\"image\":{\"@id\":\"https:\\\/\\\/exclusives.ro\\\/produs\\\/ghete-twist\\\/#primaryimage\"},\"thumbnailUrl\":\"https:\\\/\\\/exclusives.ro\\\/wp-content\\\/uploads\\\/2026\\\/03\\\/exemshekv-89.jpg\",\"datePublished\":\"2026-03-24T13:29:37+00:00\",\"dateModified\":\"2026-04-16T09:23:01+00:00\",\"description\":\"Ghetele\u00a0Twist\u00a0\u00eembin\u0103 designul contemporan cu func\u021bionalitatea modern\u0103, devenind o expresie a stilului puternic \u0219i rafinat. Realizate manual din piele\",\"breadcrumb\":{\"@id\":\"https:\\\/\\\/exclusives.ro\\\/produs\\\/ghete-twist\\\/#breadcrumb\"},\"inLanguage\":\"en-US\",\"potentialAction\":[{\"@type\":\"ReadAction\",\"target\":[\"https:\\\/\\\/exclusives.ro\\\/produs\\\/ghete-twist\\\/\"]}]},{\"@type\":\"ImageObject\",\"inLanguage\":\"en-US\",\"@id\":\"https:\\\/\\\/exclusives.ro\\\/produs\\\/ghete-twist\\\/#primaryimage\",\"url\":\"https:\\\/\\\/exclusives.ro\\\/wp-content\\\/uploads\\\/2026\\\/03\\\/exemshekv-89.jpg\",\"contentUrl\":\"https:\\\/\\\/exclusives.ro\\\/wp-content\\\/uploads\\\/2026\\\/03\\\/exemshekv-89.jpg\",\"width\":1365,\"height\":2048},{\"@type\":\"BreadcrumbList\",\"@id\":\"https:\\\/\\\/exclusives.ro\\\/produs\\\/ghete-twist\\\/#breadcrumb\",\"itemListElement\":[{\"@type\":\"ListItem\",\"position\":1,\"name\":\"Home\",\"item\":\"https:\\\/\\\/exclusives.ro\\\/\"},{\"@type\":\"ListItem\",\"position\":2,\"name\":\"Pantofi\",\"item\":\"https:\\\/\\\/exclusives.ro\\\/shop\\\/\"},{\"@type\":\"ListItem\",\"position\":3,\"name\":\"Ghete &#8211; Twist\"}]},{\"@type\":\"WebSite\",\"@id\":\"https:\\\/\\\/exclusives.ro\\\/#website\",\"url\":\"https:\\\/\\\/exclusives.ro\\\/\",\"name\":\"Exclusives\",\"description\":\"\",\"potentialAction\":[{\"@type\":\"SearchAction\",\"target\":{\"@type\":\"EntryPoint\",\"urlTemplate\":\"https:\\\/\\\/exclusives.ro\\\/?s={search_term_string}\"},\"query-input\":{\"@type\":\"PropertyValueSpecification\",\"valueRequired\":true,\"valueName\":\"search_term_string\"}}],\"inLanguage\":\"en-US\"}]}<\/script>\n<!-- \/ Yoast SEO plugin. -->","yoast_head_json":{"title":"Ghete - Twist - Exclusives","description":"Ghetele\u00a0Twist\u00a0\u00eembin\u0103 designul contemporan cu func\u021bionalitatea modern\u0103, devenind o expresie a stilului puternic \u0219i rafinat. Realizate manual din piele","robots":{"index":"noindex","follow":"follow","max-snippet":"max-snippet:-1","max-image-preview":"max-image-preview:large","max-video-preview":"max-video-preview:-1"},"og_locale":"en_US","og_type":"article","og_title":"Ghete - Twist - Exclusives","og_description":"Ghetele\u00a0Twist\u00a0\u00eembin\u0103 designul contemporan cu func\u021bionalitatea modern\u0103, devenind o expresie a stilului puternic \u0219i rafinat. Realizate manual din piele","og_url":"https:\/\/exclusives.ro\/en\/product\/ghete-twist\/","og_site_name":"Exclusives","article_modified_time":"2026-04-16T09:23:01+00:00","og_image":[{"width":1365,"height":2048,"url":"https:\/\/exclusives.ro\/wp-content\/uploads\/2026\/03\/exemshekv-89.jpg","type":"image\/jpeg"}],"twitter_card":"summary_large_image","twitter_misc":{"Est. reading time":"1 minute"},"schema":{"@context":"https:\/\/schema.org","@graph":[{"@type":"WebPage","@id":"https:\/\/exclusives.ro\/produs\/ghete-twist\/","url":"https:\/\/exclusives.ro\/produs\/ghete-twist\/","name":"Ghete - Twist - Exclusives","isPartOf":{"@id":"https:\/\/exclusives.ro\/#website"},"primaryImageOfPage":{"@id":"https:\/\/exclusives.ro\/produs\/ghete-twist\/#primaryimage"},"image":{"@id":"https:\/\/exclusives.ro\/produs\/ghete-twist\/#primaryimage"},"thumbnailUrl":"https:\/\/exclusives.ro\/wp-content\/uploads\/2026\/03\/exemshekv-89.jpg","datePublished":"2026-03-24T13:29:37+00:00","dateModified":"2026-04-16T09:23:01+00:00","description":"Ghetele\u00a0Twist\u00a0\u00eembin\u0103 designul contemporan cu func\u021bionalitatea modern\u0103, devenind o expresie a stilului puternic \u0219i rafinat. Realizate manual din piele","breadcrumb":{"@id":"https:\/\/exclusives.ro\/produs\/ghete-twist\/#breadcrumb"},"inLanguage":"en-US","potentialAction":[{"@type":"ReadAction","target":["https:\/\/exclusives.ro\/produs\/ghete-twist\/"]}]},{"@type":"ImageObject","inLanguage":"en-US","@id":"https:\/\/exclusives.ro\/produs\/ghete-twist\/#primaryimage","url":"https:\/\/exclusives.ro\/wp-content\/uploads\/2026\/03\/exemshekv-89.jpg","contentUrl":"https:\/\/exclusives.ro\/wp-content\/uploads\/2026\/03\/exemshekv-89.jpg","width":1365,"height":2048},{"@type":"BreadcrumbList","@id":"https:\/\/exclusives.ro\/produs\/ghete-twist\/#breadcrumb","itemListElement":[{"@type":"ListItem","position":1,"name":"Home","item":"https:\/\/exclusives.ro\/"},{"@type":"ListItem","position":2,"name":"Pantofi","item":"https:\/\/exclusives.ro\/shop\/"},{"@type":"ListItem","position":3,"name":"Ghete &#8211; Twist"}]},{"@type":"WebSite","@id":"https:\/\/exclusives.ro\/#website","url":"https:\/\/exclusives.ro\/","name":"Exclusives","description":"","potentialAction":[{"@type":"SearchAction","target":{"@type":"EntryPoint","urlTemplate":"https:\/\/exclusives.ro\/?s={search_term_string}"},"query-input":{"@type":"PropertyValueSpecification","valueRequired":true,"valueName":"search_term_string"}}],"inLanguage":"en-US"}]}},"jetpack_sharing_enabled":true,"_links":{"self":[{"href":"https:\/\/exclusives.ro\/en\/wp-json\/wp\/v2\/product\/615647","targetHints":{"allow":["GET"]}}],"collection":[{"href":"https:\/\/exclusives.ro\/en\/wp-json\/wp\/v2\/product"}],"about":[{"href":"https:\/\/exclusives.ro\/en\/wp-json\/wp\/v2\/types\/product"}],"replies":[{"embeddable":true,"href":"https:\/\/exclusives.ro\/en\/wp-json\/wp\/v2\/comments?post=615647"}],"version-history":[{"count":2,"href":"https:\/\/exclusives.ro\/en\/wp-json\/wp\/v2\/product\/615647\/revisions"}],"predecessor-version":[{"id":615691,"href":"https:\/\/exclusives.ro\/en\/wp-json\/wp\/v2\/product\/615647\/revisions\/615691"}],"wp:featuredmedia":[{"embeddable":true,"href":"https:\/\/exclusives.ro\/en\/wp-json\/wp\/v2\/media\/615669"}],"wp:attachment":[{"href":"https:\/\/exclusives.ro\/en\/wp-json\/wp\/v2\/media?parent=615647"}],"wp:term":[{"taxonomy":"product_brand","embeddable":true,"href":"https:\/\/exclusives.ro\/en\/wp-json\/wp\/v2\/product_brand?post=615647"},{"taxonomy":"product_cat","embeddable":true,"href":"https:\/\/exclusives.ro\/en\/wp-json\/wp\/v2\/product_cat?post=615647"},{"taxonomy":"product_tag","embeddable":true,"href":"https:\/\/exclusives.ro\/en\/wp-json\/wp\/v2\/product_tag?post=615647"}],"curies":[{"name":"wp","href":"https:\/\/api.w.org\/{rel}","templated":true}]}}