{"id":615690,"date":"2026-03-24T13:35:50","date_gmt":"2026-03-24T13:35:50","guid":{"rendered":"https:\/\/exclusives.ro\/?post_type=product&#038;p=615690"},"modified":"2026-03-24T13:35:52","modified_gmt":"2026-03-24T13:35:52","slug":"ghete-eclipse","status":"publish","type":"product","link":"https:\/\/exclusives.ro\/en\/product\/ghete-eclipse\/","title":{"rendered":"Ghete &#8211; Eclipse"},"content":{"rendered":"<p data-start=\"210\" data-end=\"521\">For\u021b\u0103, atitudine \u0219i design avangardist \u2013 ghetele\u00a0<strong data-start=\"259\" data-end=\"270\">Eclipse<\/strong>\u00a0sunt create pentru cei care iubesc piesele statement \u0219i estetica urban\u0103 cu influen\u021be edgy. Cataramele metalice suprapuse \u0219i detaliile tip harness transform\u0103 acest model \u00eentr-o apari\u021bie impun\u0103toare, cu personalitate puternic\u0103 \u0219i impact vizual imediat.<\/p>\n<ul data-start=\"523\" data-end=\"865\">\n<li data-start=\"523\" data-end=\"578\">\n<p data-start=\"525\" data-end=\"578\"><strong data-start=\"525\" data-end=\"556\">100% piele natural\u0103 premium<\/strong>, cu textur\u0103 robust\u0103<\/p>\n<\/li>\n<li data-start=\"579\" data-end=\"653\">\n<p data-start=\"581\" data-end=\"653\"><strong data-start=\"581\" data-end=\"613\">Catarame metalice decorative<\/strong>, pentru un look arhitectural \u0219i rebel<\/p>\n<\/li>\n<li data-start=\"654\" data-end=\"706\">\n<p data-start=\"656\" data-end=\"706\"><strong data-start=\"656\" data-end=\"704\">Lucrate manual cu aten\u021bie la fiecare detaliu<\/strong><\/p>\n<\/li>\n<li data-start=\"707\" data-end=\"773\">\n<p data-start=\"709\" data-end=\"773\"><strong data-start=\"709\" data-end=\"732\">Talp\u0103 chunky masiv\u0103<\/strong>, pentru confort \u0219i stabilitate zilnic\u0103<\/p>\n<\/li>\n<li data-start=\"774\" data-end=\"838\">\n<p data-start=\"776\" data-end=\"838\"><strong data-start=\"776\" data-end=\"796\">Design statement<\/strong>, inspirat din stilul urban contemporary<\/p>\n<\/li>\n<li data-start=\"839\" data-end=\"865\">\n<p data-start=\"841\" data-end=\"865\"><strong data-start=\"841\" data-end=\"865\">Fabricate \u00een Rom\u00e2nia<\/strong><\/p>\n<\/li>\n<\/ul>\n<p>&nbsp;<\/p>\n<p data-start=\"867\" data-end=\"1107\">Ghetele\u00a0<strong data-start=\"875\" data-end=\"886\">Eclipse<\/strong>\u00a0sunt alegerea perfect\u0103 pentru un stil nonconformist, puternic \u0219i sofisticat. Fie c\u0103 le por\u021bi \u00een \u021binute all-black sau ca pies\u0103 central\u0103 \u00eentr-un outfit minimalist, vor atrage privirile \u0219i vor defini instant orice apari\u021bie.<\/p>\n<p><u><em><strong>PRODUS FABRICAT IN ROMANIA!<\/strong><\/em><\/u><\/p>\n<p>Marimi disponibile:\u00a0 36 , 37 , 38 , 39, 40<\/p>\n<p><strong><i>TERMEN DE REALIZARE 12-14 ZILE LUCRATOARE<\/i><\/strong><\/p>","protected":false},"excerpt":{"rendered":"<p>For\u021b\u0103, atitudine \u0219i design avangardist \u2013 ghetele\u00a0Eclipse\u00a0sunt create pentru cei care iubesc piesele statement \u0219i estetica urban\u0103 cu influen\u021be edgy.<\/p>","protected":false},"featured_media":615697,"comment_status":"open","ping_status":"closed","template":"","meta":[],"product_brand":[252],"product_cat":[20],"product_tag":[],"class_list":{"0":"post-615690","1":"product","2":"type-product","3":"status-publish","4":"has-post-thumbnail","6":"product_brand-exclusives","7":"product_cat-bocanci-ghete","9":"first","10":"instock","11":"shipping-taxable","12":"purchasable","13":"product-type-variable"},"yoast_head":"<!-- This site is optimized with the Yoast SEO plugin v27.4 - https:\/\/yoast.com\/product\/yoast-seo-wordpress\/ -->\n<title>Ghete - Eclipse - Exclusives<\/title>\n<meta name=\"description\" content=\"For\u021b\u0103, atitudine \u0219i design avangardist \u2013 ghetele\u00a0Eclipse\u00a0sunt create pentru cei care iubesc piesele statement \u0219i estetica urban\u0103 cu influen\u021be edgy.\" \/>\n<meta name=\"robots\" content=\"noindex, follow, max-snippet:-1, max-image-preview:large, max-video-preview:-1\" \/>\n<meta property=\"og:locale\" content=\"en_US\" \/>\n<meta property=\"og:type\" content=\"article\" \/>\n<meta property=\"og:title\" content=\"Ghete - Eclipse - Exclusives\" \/>\n<meta property=\"og:description\" content=\"For\u021b\u0103, atitudine \u0219i design avangardist \u2013 ghetele\u00a0Eclipse\u00a0sunt create pentru cei care iubesc piesele statement \u0219i estetica urban\u0103 cu influen\u021be edgy.\" \/>\n<meta property=\"og:url\" content=\"https:\/\/exclusives.ro\/en\/product\/ghete-eclipse\/\" \/>\n<meta property=\"og:site_name\" content=\"Exclusives\" \/>\n<meta property=\"article:modified_time\" content=\"2026-03-24T13:35:52+00:00\" \/>\n<meta property=\"og:image\" content=\"https:\/\/exclusives.ro\/wp-content\/uploads\/2026\/03\/FS_16298.jpg\" \/>\n\t<meta property=\"og:image:width\" content=\"1366\" \/>\n\t<meta property=\"og:image:height\" content=\"2048\" \/>\n\t<meta property=\"og:image:type\" content=\"image\/jpeg\" \/>\n<meta name=\"twitter:card\" content=\"summary_large_image\" \/>\n<meta name=\"twitter:label1\" content=\"Est. reading time\" \/>\n\t<meta name=\"twitter:data1\" content=\"1 minute\" \/>\n<script type=\"application\/ld+json\" class=\"yoast-schema-graph\">{\"@context\":\"https:\\\/\\\/schema.org\",\"@graph\":[{\"@type\":\"WebPage\",\"@id\":\"https:\\\/\\\/exclusives.ro\\\/produs\\\/ghete-eclipse\\\/\",\"url\":\"https:\\\/\\\/exclusives.ro\\\/produs\\\/ghete-eclipse\\\/\",\"name\":\"Ghete - Eclipse - Exclusives\",\"isPartOf\":{\"@id\":\"https:\\\/\\\/exclusives.ro\\\/#website\"},\"primaryImageOfPage\":{\"@id\":\"https:\\\/\\\/exclusives.ro\\\/produs\\\/ghete-eclipse\\\/#primaryimage\"},\"image\":{\"@id\":\"https:\\\/\\\/exclusives.ro\\\/produs\\\/ghete-eclipse\\\/#primaryimage\"},\"thumbnailUrl\":\"https:\\\/\\\/exclusives.ro\\\/wp-content\\\/uploads\\\/2026\\\/03\\\/FS_16298.jpg\",\"datePublished\":\"2026-03-24T13:35:50+00:00\",\"dateModified\":\"2026-03-24T13:35:52+00:00\",\"description\":\"For\u021b\u0103, atitudine \u0219i design avangardist \u2013 ghetele\u00a0Eclipse\u00a0sunt create pentru cei care iubesc piesele statement \u0219i estetica urban\u0103 cu influen\u021be edgy.\",\"breadcrumb\":{\"@id\":\"https:\\\/\\\/exclusives.ro\\\/produs\\\/ghete-eclipse\\\/#breadcrumb\"},\"inLanguage\":\"en-US\",\"potentialAction\":[{\"@type\":\"ReadAction\",\"target\":[\"https:\\\/\\\/exclusives.ro\\\/produs\\\/ghete-eclipse\\\/\"]}]},{\"@type\":\"ImageObject\",\"inLanguage\":\"en-US\",\"@id\":\"https:\\\/\\\/exclusives.ro\\\/produs\\\/ghete-eclipse\\\/#primaryimage\",\"url\":\"https:\\\/\\\/exclusives.ro\\\/wp-content\\\/uploads\\\/2026\\\/03\\\/FS_16298.jpg\",\"contentUrl\":\"https:\\\/\\\/exclusives.ro\\\/wp-content\\\/uploads\\\/2026\\\/03\\\/FS_16298.jpg\",\"width\":1366,\"height\":2048},{\"@type\":\"BreadcrumbList\",\"@id\":\"https:\\\/\\\/exclusives.ro\\\/produs\\\/ghete-eclipse\\\/#breadcrumb\",\"itemListElement\":[{\"@type\":\"ListItem\",\"position\":1,\"name\":\"Home\",\"item\":\"https:\\\/\\\/exclusives.ro\\\/\"},{\"@type\":\"ListItem\",\"position\":2,\"name\":\"Pantofi\",\"item\":\"https:\\\/\\\/exclusives.ro\\\/shop\\\/\"},{\"@type\":\"ListItem\",\"position\":3,\"name\":\"Ghete &#8211; Eclipse\"}]},{\"@type\":\"WebSite\",\"@id\":\"https:\\\/\\\/exclusives.ro\\\/#website\",\"url\":\"https:\\\/\\\/exclusives.ro\\\/\",\"name\":\"Exclusives\",\"description\":\"\",\"potentialAction\":[{\"@type\":\"SearchAction\",\"target\":{\"@type\":\"EntryPoint\",\"urlTemplate\":\"https:\\\/\\\/exclusives.ro\\\/?s={search_term_string}\"},\"query-input\":{\"@type\":\"PropertyValueSpecification\",\"valueRequired\":true,\"valueName\":\"search_term_string\"}}],\"inLanguage\":\"en-US\"}]}<\/script>\n<!-- \/ Yoast SEO plugin. -->","yoast_head_json":{"title":"Ghete - Eclipse - Exclusives","description":"For\u021b\u0103, atitudine \u0219i design avangardist \u2013 ghetele\u00a0Eclipse\u00a0sunt create pentru cei care iubesc piesele statement \u0219i estetica urban\u0103 cu influen\u021be edgy.","robots":{"index":"noindex","follow":"follow","max-snippet":"max-snippet:-1","max-image-preview":"max-image-preview:large","max-video-preview":"max-video-preview:-1"},"og_locale":"en_US","og_type":"article","og_title":"Ghete - Eclipse - Exclusives","og_description":"For\u021b\u0103, atitudine \u0219i design avangardist \u2013 ghetele\u00a0Eclipse\u00a0sunt create pentru cei care iubesc piesele statement \u0219i estetica urban\u0103 cu influen\u021be edgy.","og_url":"https:\/\/exclusives.ro\/en\/product\/ghete-eclipse\/","og_site_name":"Exclusives","article_modified_time":"2026-03-24T13:35:52+00:00","og_image":[{"width":1366,"height":2048,"url":"https:\/\/exclusives.ro\/wp-content\/uploads\/2026\/03\/FS_16298.jpg","type":"image\/jpeg"}],"twitter_card":"summary_large_image","twitter_misc":{"Est. reading time":"1 minute"},"schema":{"@context":"https:\/\/schema.org","@graph":[{"@type":"WebPage","@id":"https:\/\/exclusives.ro\/produs\/ghete-eclipse\/","url":"https:\/\/exclusives.ro\/produs\/ghete-eclipse\/","name":"Ghete - Eclipse - Exclusives","isPartOf":{"@id":"https:\/\/exclusives.ro\/#website"},"primaryImageOfPage":{"@id":"https:\/\/exclusives.ro\/produs\/ghete-eclipse\/#primaryimage"},"image":{"@id":"https:\/\/exclusives.ro\/produs\/ghete-eclipse\/#primaryimage"},"thumbnailUrl":"https:\/\/exclusives.ro\/wp-content\/uploads\/2026\/03\/FS_16298.jpg","datePublished":"2026-03-24T13:35:50+00:00","dateModified":"2026-03-24T13:35:52+00:00","description":"For\u021b\u0103, atitudine \u0219i design avangardist \u2013 ghetele\u00a0Eclipse\u00a0sunt create pentru cei care iubesc piesele statement \u0219i estetica urban\u0103 cu influen\u021be edgy.","breadcrumb":{"@id":"https:\/\/exclusives.ro\/produs\/ghete-eclipse\/#breadcrumb"},"inLanguage":"en-US","potentialAction":[{"@type":"ReadAction","target":["https:\/\/exclusives.ro\/produs\/ghete-eclipse\/"]}]},{"@type":"ImageObject","inLanguage":"en-US","@id":"https:\/\/exclusives.ro\/produs\/ghete-eclipse\/#primaryimage","url":"https:\/\/exclusives.ro\/wp-content\/uploads\/2026\/03\/FS_16298.jpg","contentUrl":"https:\/\/exclusives.ro\/wp-content\/uploads\/2026\/03\/FS_16298.jpg","width":1366,"height":2048},{"@type":"BreadcrumbList","@id":"https:\/\/exclusives.ro\/produs\/ghete-eclipse\/#breadcrumb","itemListElement":[{"@type":"ListItem","position":1,"name":"Home","item":"https:\/\/exclusives.ro\/"},{"@type":"ListItem","position":2,"name":"Pantofi","item":"https:\/\/exclusives.ro\/shop\/"},{"@type":"ListItem","position":3,"name":"Ghete &#8211; Eclipse"}]},{"@type":"WebSite","@id":"https:\/\/exclusives.ro\/#website","url":"https:\/\/exclusives.ro\/","name":"Exclusives","description":"","potentialAction":[{"@type":"SearchAction","target":{"@type":"EntryPoint","urlTemplate":"https:\/\/exclusives.ro\/?s={search_term_string}"},"query-input":{"@type":"PropertyValueSpecification","valueRequired":true,"valueName":"search_term_string"}}],"inLanguage":"en-US"}]}},"jetpack_sharing_enabled":true,"_links":{"self":[{"href":"https:\/\/exclusives.ro\/en\/wp-json\/wp\/v2\/product\/615690","targetHints":{"allow":["GET"]}}],"collection":[{"href":"https:\/\/exclusives.ro\/en\/wp-json\/wp\/v2\/product"}],"about":[{"href":"https:\/\/exclusives.ro\/en\/wp-json\/wp\/v2\/types\/product"}],"replies":[{"embeddable":true,"href":"https:\/\/exclusives.ro\/en\/wp-json\/wp\/v2\/comments?post=615690"}],"version-history":[{"count":1,"href":"https:\/\/exclusives.ro\/en\/wp-json\/wp\/v2\/product\/615690\/revisions"}],"predecessor-version":[{"id":615701,"href":"https:\/\/exclusives.ro\/en\/wp-json\/wp\/v2\/product\/615690\/revisions\/615701"}],"wp:featuredmedia":[{"embeddable":true,"href":"https:\/\/exclusives.ro\/en\/wp-json\/wp\/v2\/media\/615697"}],"wp:attachment":[{"href":"https:\/\/exclusives.ro\/en\/wp-json\/wp\/v2\/media?parent=615690"}],"wp:term":[{"taxonomy":"product_brand","embeddable":true,"href":"https:\/\/exclusives.ro\/en\/wp-json\/wp\/v2\/product_brand?post=615690"},{"taxonomy":"product_cat","embeddable":true,"href":"https:\/\/exclusives.ro\/en\/wp-json\/wp\/v2\/product_cat?post=615690"},{"taxonomy":"product_tag","embeddable":true,"href":"https:\/\/exclusives.ro\/en\/wp-json\/wp\/v2\/product_tag?post=615690"}],"curies":[{"name":"wp","href":"https:\/\/api.w.org\/{rel}","templated":true}]}}