{"id":615702,"date":"2026-03-24T13:40:09","date_gmt":"2026-03-24T13:40:09","guid":{"rendered":"https:\/\/exclusives.ro\/?post_type=product&#038;p=615702"},"modified":"2026-04-16T09:39:28","modified_gmt":"2026-04-16T09:39:28","slug":"ghete-halo","status":"publish","type":"product","link":"https:\/\/exclusives.ro\/en\/product\/ghete-halo\/","title":{"rendered":"Ghete &#8211; Halo"},"content":{"rendered":"<p data-start=\"259\" data-end=\"570\">Minimalism avangardist, forme sculpturale \u0219i confort urban \u2013 ghetele\u00a0<strong data-start=\"328\" data-end=\"336\">Halo<\/strong>\u00a0sunt create pentru cei care apreciaz\u0103 designul contemporan \u00een cea mai pur\u0103 form\u0103. Silueta lor curat\u0103, accentuat\u0103 de liniile verticale elegante, transform\u0103 acest model \u00eentr-o pies\u0103 statement subtil\u0103, perfect\u0103 pentru garderoba modern\u0103.<\/p>\n<ul data-start=\"572\" data-end=\"843\">\n<li data-start=\"572\" data-end=\"629\">\n<p data-start=\"574\" data-end=\"629\"><strong data-start=\"574\" data-end=\"605\">100% piele natural\u0103 premium<\/strong>, cu finisaj catifelat<\/p>\n<\/li>\n<li data-start=\"630\" data-end=\"682\">\n<p data-start=\"632\" data-end=\"682\"><strong data-start=\"632\" data-end=\"680\">Lucrate manual cu aten\u021bie la fiecare detaliu<\/strong><\/p>\n<\/li>\n<li data-start=\"683\" data-end=\"749\">\n<p data-start=\"685\" data-end=\"749\"><strong data-start=\"685\" data-end=\"709\">Talp\u0103 chunky robust\u0103<\/strong>, pentru stabilitate \u0219i confort zilnic<\/p>\n<\/li>\n<li data-start=\"750\" data-end=\"816\">\n<p data-start=\"752\" data-end=\"816\"><strong data-start=\"752\" data-end=\"775\">Design arhitectural<\/strong>, cu linii fluide \u0219i estetica all-black<\/p>\n<\/li>\n<li data-start=\"817\" data-end=\"843\">\n<p data-start=\"819\" data-end=\"843\"><strong data-start=\"819\" data-end=\"843\">Fabricate \u00een Rom\u00e2nia<\/strong><\/p>\n<\/li>\n<\/ul>\n<p>&nbsp;<\/p>\n<p data-start=\"845\" data-end=\"1092\">Ghetele\u00a0<strong data-start=\"853\" data-end=\"861\">Halo<\/strong>\u00a0sunt ideale pentru un stil urban sofisticat, nonconformist \u0219i minimalist. Se integreaz\u0103 perfect \u00een \u021binute monocrome sau \u00een outfituri cu influen\u021be avant-garde, oferind un echilibru perfect \u00eentre func\u021bionalitate \u0219i expresie fashion.<\/p>\n<p>Marimi disponibile:\u00a0 36 , 37 , 38 , 39, 40<\/p>\n<p><strong><i>TERMEN DE REALIZARE 8-14 ZILE LUCRATOARE<\/i><\/strong><\/p>","protected":false},"excerpt":{"rendered":"<p>Minimalism avangardist, forme sculpturale \u0219i confort urban \u2013 ghetele\u00a0Halo\u00a0sunt create pentru cei care apreciaz\u0103 designul contemporan \u00een cea mai pur\u0103<\/p>","protected":false},"featured_media":615709,"comment_status":"open","ping_status":"closed","template":"","meta":[],"product_brand":[252],"product_cat":[20],"product_tag":[],"class_list":{"0":"post-615702","1":"product","2":"type-product","3":"status-publish","4":"has-post-thumbnail","6":"product_brand-exclusives","7":"product_cat-bocanci-ghete","9":"first","10":"instock","11":"sale","12":"shipping-taxable","13":"purchasable","14":"product-type-variable"},"yoast_head":"<!-- This site is optimized with the Yoast SEO plugin v27.4 - https:\/\/yoast.com\/product\/yoast-seo-wordpress\/ -->\n<title>Ghete - Halo - Exclusives<\/title>\n<meta name=\"description\" content=\"Minimalism avangardist, forme sculpturale \u0219i confort urban \u2013 ghetele\u00a0Halo\u00a0sunt create pentru cei care apreciaz\u0103 designul contemporan \u00een cea mai pur\u0103\" \/>\n<meta name=\"robots\" content=\"noindex, follow, max-snippet:-1, max-image-preview:large, max-video-preview:-1\" \/>\n<meta property=\"og:locale\" content=\"en_US\" \/>\n<meta property=\"og:type\" content=\"article\" \/>\n<meta property=\"og:title\" content=\"Ghete - Halo - Exclusives\" \/>\n<meta property=\"og:description\" content=\"Minimalism avangardist, forme sculpturale \u0219i confort urban \u2013 ghetele\u00a0Halo\u00a0sunt create pentru cei care apreciaz\u0103 designul contemporan \u00een cea mai pur\u0103\" \/>\n<meta property=\"og:url\" content=\"https:\/\/exclusives.ro\/en\/product\/ghete-halo\/\" \/>\n<meta property=\"og:site_name\" content=\"Exclusives\" \/>\n<meta property=\"article:modified_time\" content=\"2026-04-16T09:39:28+00:00\" \/>\n<meta property=\"og:image\" content=\"https:\/\/exclusives.ro\/wp-content\/uploads\/2026\/03\/FS_16447.jpg\" \/>\n\t<meta property=\"og:image:width\" content=\"1366\" \/>\n\t<meta property=\"og:image:height\" content=\"2048\" \/>\n\t<meta property=\"og:image:type\" content=\"image\/jpeg\" \/>\n<meta name=\"twitter:card\" content=\"summary_large_image\" \/>\n<meta name=\"twitter:label1\" content=\"Est. reading time\" \/>\n\t<meta name=\"twitter:data1\" content=\"1 minute\" \/>\n<script type=\"application\/ld+json\" class=\"yoast-schema-graph\">{\"@context\":\"https:\\\/\\\/schema.org\",\"@graph\":[{\"@type\":\"WebPage\",\"@id\":\"https:\\\/\\\/exclusives.ro\\\/produs\\\/ghete-halo\\\/\",\"url\":\"https:\\\/\\\/exclusives.ro\\\/produs\\\/ghete-halo\\\/\",\"name\":\"Ghete - Halo - Exclusives\",\"isPartOf\":{\"@id\":\"https:\\\/\\\/exclusives.ro\\\/#website\"},\"primaryImageOfPage\":{\"@id\":\"https:\\\/\\\/exclusives.ro\\\/produs\\\/ghete-halo\\\/#primaryimage\"},\"image\":{\"@id\":\"https:\\\/\\\/exclusives.ro\\\/produs\\\/ghete-halo\\\/#primaryimage\"},\"thumbnailUrl\":\"https:\\\/\\\/exclusives.ro\\\/wp-content\\\/uploads\\\/2026\\\/03\\\/FS_16447.jpg\",\"datePublished\":\"2026-03-24T13:40:09+00:00\",\"dateModified\":\"2026-04-16T09:39:28+00:00\",\"description\":\"Minimalism avangardist, forme sculpturale \u0219i confort urban \u2013 ghetele\u00a0Halo\u00a0sunt create pentru cei care apreciaz\u0103 designul contemporan \u00een cea mai pur\u0103\",\"breadcrumb\":{\"@id\":\"https:\\\/\\\/exclusives.ro\\\/produs\\\/ghete-halo\\\/#breadcrumb\"},\"inLanguage\":\"en-US\",\"potentialAction\":[{\"@type\":\"ReadAction\",\"target\":[\"https:\\\/\\\/exclusives.ro\\\/produs\\\/ghete-halo\\\/\"]}]},{\"@type\":\"ImageObject\",\"inLanguage\":\"en-US\",\"@id\":\"https:\\\/\\\/exclusives.ro\\\/produs\\\/ghete-halo\\\/#primaryimage\",\"url\":\"https:\\\/\\\/exclusives.ro\\\/wp-content\\\/uploads\\\/2026\\\/03\\\/FS_16447.jpg\",\"contentUrl\":\"https:\\\/\\\/exclusives.ro\\\/wp-content\\\/uploads\\\/2026\\\/03\\\/FS_16447.jpg\",\"width\":1366,\"height\":2048},{\"@type\":\"BreadcrumbList\",\"@id\":\"https:\\\/\\\/exclusives.ro\\\/produs\\\/ghete-halo\\\/#breadcrumb\",\"itemListElement\":[{\"@type\":\"ListItem\",\"position\":1,\"name\":\"Home\",\"item\":\"https:\\\/\\\/exclusives.ro\\\/\"},{\"@type\":\"ListItem\",\"position\":2,\"name\":\"Pantofi\",\"item\":\"https:\\\/\\\/exclusives.ro\\\/shop\\\/\"},{\"@type\":\"ListItem\",\"position\":3,\"name\":\"Ghete &#8211; Halo\"}]},{\"@type\":\"WebSite\",\"@id\":\"https:\\\/\\\/exclusives.ro\\\/#website\",\"url\":\"https:\\\/\\\/exclusives.ro\\\/\",\"name\":\"Exclusives\",\"description\":\"\",\"potentialAction\":[{\"@type\":\"SearchAction\",\"target\":{\"@type\":\"EntryPoint\",\"urlTemplate\":\"https:\\\/\\\/exclusives.ro\\\/?s={search_term_string}\"},\"query-input\":{\"@type\":\"PropertyValueSpecification\",\"valueRequired\":true,\"valueName\":\"search_term_string\"}}],\"inLanguage\":\"en-US\"}]}<\/script>\n<!-- \/ Yoast SEO plugin. -->","yoast_head_json":{"title":"Ghete - Halo - Exclusives","description":"Minimalism avangardist, forme sculpturale \u0219i confort urban \u2013 ghetele\u00a0Halo\u00a0sunt create pentru cei care apreciaz\u0103 designul contemporan \u00een cea mai pur\u0103","robots":{"index":"noindex","follow":"follow","max-snippet":"max-snippet:-1","max-image-preview":"max-image-preview:large","max-video-preview":"max-video-preview:-1"},"og_locale":"en_US","og_type":"article","og_title":"Ghete - Halo - Exclusives","og_description":"Minimalism avangardist, forme sculpturale \u0219i confort urban \u2013 ghetele\u00a0Halo\u00a0sunt create pentru cei care apreciaz\u0103 designul contemporan \u00een cea mai pur\u0103","og_url":"https:\/\/exclusives.ro\/en\/product\/ghete-halo\/","og_site_name":"Exclusives","article_modified_time":"2026-04-16T09:39:28+00:00","og_image":[{"width":1366,"height":2048,"url":"https:\/\/exclusives.ro\/wp-content\/uploads\/2026\/03\/FS_16447.jpg","type":"image\/jpeg"}],"twitter_card":"summary_large_image","twitter_misc":{"Est. reading time":"1 minute"},"schema":{"@context":"https:\/\/schema.org","@graph":[{"@type":"WebPage","@id":"https:\/\/exclusives.ro\/produs\/ghete-halo\/","url":"https:\/\/exclusives.ro\/produs\/ghete-halo\/","name":"Ghete - Halo - Exclusives","isPartOf":{"@id":"https:\/\/exclusives.ro\/#website"},"primaryImageOfPage":{"@id":"https:\/\/exclusives.ro\/produs\/ghete-halo\/#primaryimage"},"image":{"@id":"https:\/\/exclusives.ro\/produs\/ghete-halo\/#primaryimage"},"thumbnailUrl":"https:\/\/exclusives.ro\/wp-content\/uploads\/2026\/03\/FS_16447.jpg","datePublished":"2026-03-24T13:40:09+00:00","dateModified":"2026-04-16T09:39:28+00:00","description":"Minimalism avangardist, forme sculpturale \u0219i confort urban \u2013 ghetele\u00a0Halo\u00a0sunt create pentru cei care apreciaz\u0103 designul contemporan \u00een cea mai pur\u0103","breadcrumb":{"@id":"https:\/\/exclusives.ro\/produs\/ghete-halo\/#breadcrumb"},"inLanguage":"en-US","potentialAction":[{"@type":"ReadAction","target":["https:\/\/exclusives.ro\/produs\/ghete-halo\/"]}]},{"@type":"ImageObject","inLanguage":"en-US","@id":"https:\/\/exclusives.ro\/produs\/ghete-halo\/#primaryimage","url":"https:\/\/exclusives.ro\/wp-content\/uploads\/2026\/03\/FS_16447.jpg","contentUrl":"https:\/\/exclusives.ro\/wp-content\/uploads\/2026\/03\/FS_16447.jpg","width":1366,"height":2048},{"@type":"BreadcrumbList","@id":"https:\/\/exclusives.ro\/produs\/ghete-halo\/#breadcrumb","itemListElement":[{"@type":"ListItem","position":1,"name":"Home","item":"https:\/\/exclusives.ro\/"},{"@type":"ListItem","position":2,"name":"Pantofi","item":"https:\/\/exclusives.ro\/shop\/"},{"@type":"ListItem","position":3,"name":"Ghete &#8211; Halo"}]},{"@type":"WebSite","@id":"https:\/\/exclusives.ro\/#website","url":"https:\/\/exclusives.ro\/","name":"Exclusives","description":"","potentialAction":[{"@type":"SearchAction","target":{"@type":"EntryPoint","urlTemplate":"https:\/\/exclusives.ro\/?s={search_term_string}"},"query-input":{"@type":"PropertyValueSpecification","valueRequired":true,"valueName":"search_term_string"}}],"inLanguage":"en-US"}]}},"jetpack_sharing_enabled":true,"_links":{"self":[{"href":"https:\/\/exclusives.ro\/en\/wp-json\/wp\/v2\/product\/615702","targetHints":{"allow":["GET"]}}],"collection":[{"href":"https:\/\/exclusives.ro\/en\/wp-json\/wp\/v2\/product"}],"about":[{"href":"https:\/\/exclusives.ro\/en\/wp-json\/wp\/v2\/types\/product"}],"replies":[{"embeddable":true,"href":"https:\/\/exclusives.ro\/en\/wp-json\/wp\/v2\/comments?post=615702"}],"version-history":[{"count":1,"href":"https:\/\/exclusives.ro\/en\/wp-json\/wp\/v2\/product\/615702\/revisions"}],"predecessor-version":[{"id":615712,"href":"https:\/\/exclusives.ro\/en\/wp-json\/wp\/v2\/product\/615702\/revisions\/615712"}],"wp:featuredmedia":[{"embeddable":true,"href":"https:\/\/exclusives.ro\/en\/wp-json\/wp\/v2\/media\/615709"}],"wp:attachment":[{"href":"https:\/\/exclusives.ro\/en\/wp-json\/wp\/v2\/media?parent=615702"}],"wp:term":[{"taxonomy":"product_brand","embeddable":true,"href":"https:\/\/exclusives.ro\/en\/wp-json\/wp\/v2\/product_brand?post=615702"},{"taxonomy":"product_cat","embeddable":true,"href":"https:\/\/exclusives.ro\/en\/wp-json\/wp\/v2\/product_cat?post=615702"},{"taxonomy":"product_tag","embeddable":true,"href":"https:\/\/exclusives.ro\/en\/wp-json\/wp\/v2\/product_tag?post=615702"}],"curies":[{"name":"wp","href":"https:\/\/api.w.org\/{rel}","templated":true}]}}