{"id":615729,"date":"2026-03-24T17:32:28","date_gmt":"2026-03-24T17:32:28","guid":{"rendered":"https:\/\/exclusives.ro\/?post_type=product&#038;p=615729"},"modified":"2026-04-16T09:33:30","modified_gmt":"2026-04-16T09:33:30","slug":"bocanci-urban-vibe","status":"publish","type":"product","link":"https:\/\/exclusives.ro\/en\/product\/bocanci-urban-vibe\/","title":{"rendered":"Bocanci &#8211; \u00dcrban Vibe"},"content":{"rendered":"<p data-start=\"174\" data-end=\"521\"><strong data-start=\"174\" data-end=\"188\">Urban Vibe<\/strong>\u00a0este un model care \u00eembin\u0103 atitudinea urban\u0103 cu rafinamentul contemporan, redefinind ghetele clasice printr-un design modern \u0219i bine structurat. Realizate din piele natural\u0103 neagr\u0103, cu textur\u0103 fin granulat\u0103, aceste ghete se remarc\u0103 prin silueta robust\u0103, dar echilibrat\u0103, \u0219i prin detaliile func\u021bionale ce adaug\u0103 personalitate \u0219i stil.<\/p>\n<p data-start=\"523\" data-end=\"815\">\u0218ireturile metalice \u0219i fermoarul lateral confer\u0103 un aer actual \u0219i practic, \u00een timp ce talpa chunky accentueaz\u0103 caracterul modern al modelului, oferind confort, stabilitate \u0219i un plus de atitudine. Urban Vibe este alegerea perfect\u0103 pentru femeia care \u00ee\u0219i dore\u0219te un look puternic, dar rafinat.<\/p>\n<p data-start=\"817\" data-end=\"836\"><strong data-start=\"817\" data-end=\"836\">Detalii produs:<\/strong><\/p>\n<ul data-start=\"838\" data-end=\"1078\">\n<li data-start=\"838\" data-end=\"884\">\n<p data-start=\"840\" data-end=\"884\">Piele natural\u0103 neagr\u0103, cu finisaj texturat<\/p>\n<\/li>\n<li data-start=\"885\" data-end=\"931\">\n<p data-start=\"887\" data-end=\"931\">Design urban cu \u0219ireturi \u0219i capse metalice<\/p>\n<\/li>\n<li data-start=\"932\" data-end=\"988\">\n<p data-start=\"934\" data-end=\"988\">\u00cenchidere cu fermoar lateral pentru \u00eenc\u0103l\u021bare rapid\u0103<\/p>\n<\/li>\n<li data-start=\"989\" data-end=\"1030\">\n<p data-start=\"991\" data-end=\"1030\">Talp\u0103 chunky, confortabil\u0103 \u0219i stabil\u0103<\/p>\n<\/li>\n<li data-start=\"1031\" data-end=\"1078\">\n<p data-start=\"1033\" data-end=\"1078\">Stil modern, versatil, cu accente statement<\/p>\n<\/li>\n<\/ul>\n<p>&nbsp;<\/p>\n<p data-start=\"1080\" data-end=\"1343\"><strong data-start=\"1080\" data-end=\"1097\">Cum le por\u021bi:<\/strong><br data-start=\"1097\" data-end=\"1100\" \/>Poart\u0103-le cu pantaloni drep\u021bi sau cargo, fuste midi ori rochii minimaliste pentru un contrast chic. Completeaz\u0103 look-ul cu un palton oversized, o geac\u0103 din piele sau un trench modern pentru o apari\u021bie sigur\u0103, actual\u0103 \u0219i plin\u0103 de personalitate.<\/p>\n<p>&nbsp;<\/p>\n<p><b>E\u0219ti \u00eentre m\u0103rimi?<\/b><\/p>\n<p><b>Atunci comand\u0103 un bran\u021b(t\u0103lpic) &#8211;\u00a0<\/b><a href=\"https:\/\/exclusives.ro\/en\/brant-talpic-memory-foam\/\">Click aici!<\/a><\/p>\n<p><u><em><strong>PRODUS FABRICAT IN ROMANIA!<\/strong><\/em><\/u><\/p>\n<p>Marimi disponibile:\u00a0 35, 36 , 37 , 38 , 39, 40<\/p>\n<p><strong><i>TERMEN DE REALIZARE\u00a012-14 ZILE LUCRATOARE<\/i><\/strong><\/p>","protected":false},"excerpt":{"rendered":"<p>Urban Vibe\u00a0este un model care \u00eembin\u0103 atitudinea urban\u0103 cu rafinamentul contemporan, redefinind ghetele clasice printr-un design modern \u0219i bine structurat.<\/p>","protected":false},"featured_media":615761,"comment_status":"open","ping_status":"closed","template":"","meta":[],"product_brand":[252],"product_cat":[20],"product_tag":[],"class_list":{"0":"post-615729","1":"product","2":"type-product","3":"status-publish","4":"has-post-thumbnail","6":"product_brand-exclusives","7":"product_cat-bocanci-ghete","9":"first","10":"instock","11":"sale","12":"shipping-taxable","13":"purchasable","14":"product-type-variable"},"yoast_head":"<!-- This site is optimized with the Yoast SEO plugin v27.4 - https:\/\/yoast.com\/product\/yoast-seo-wordpress\/ -->\n<title>Bocanci - \u00dcrban Vibe - Exclusives<\/title>\n<meta name=\"description\" content=\"Urban Vibe\u00a0este un model care \u00eembin\u0103 atitudinea urban\u0103 cu rafinamentul contemporan, redefinind ghetele clasice printr-un design modern \u0219i bine structurat.\" \/>\n<meta name=\"robots\" content=\"noindex, follow, max-snippet:-1, max-image-preview:large, max-video-preview:-1\" \/>\n<meta property=\"og:locale\" content=\"en_US\" \/>\n<meta property=\"og:type\" content=\"article\" \/>\n<meta property=\"og:title\" content=\"Bocanci - \u00dcrban Vibe - Exclusives\" \/>\n<meta property=\"og:description\" content=\"Urban Vibe\u00a0este un model care \u00eembin\u0103 atitudinea urban\u0103 cu rafinamentul contemporan, redefinind ghetele clasice printr-un design modern \u0219i bine structurat.\" \/>\n<meta property=\"og:url\" content=\"https:\/\/exclusives.ro\/en\/product\/bocanci-urban-vibe\/\" \/>\n<meta property=\"og:site_name\" content=\"Exclusives\" \/>\n<meta property=\"article:modified_time\" content=\"2026-04-16T09:33:30+00:00\" \/>\n<meta property=\"og:image\" content=\"https:\/\/exclusives.ro\/wp-content\/uploads\/2026\/03\/exemshekv-94.jpg\" \/>\n\t<meta property=\"og:image:width\" content=\"1365\" \/>\n\t<meta property=\"og:image:height\" content=\"2048\" \/>\n\t<meta property=\"og:image:type\" content=\"image\/jpeg\" \/>\n<meta name=\"twitter:card\" content=\"summary_large_image\" \/>\n<meta name=\"twitter:label1\" content=\"Est. reading time\" \/>\n\t<meta name=\"twitter:data1\" content=\"1 minute\" \/>\n<script type=\"application\/ld+json\" class=\"yoast-schema-graph\">{\"@context\":\"https:\\\/\\\/schema.org\",\"@graph\":[{\"@type\":\"WebPage\",\"@id\":\"https:\\\/\\\/exclusives.ro\\\/produs\\\/bocanci-urban-vibe\\\/\",\"url\":\"https:\\\/\\\/exclusives.ro\\\/produs\\\/bocanci-urban-vibe\\\/\",\"name\":\"Bocanci - \u00dcrban Vibe - Exclusives\",\"isPartOf\":{\"@id\":\"https:\\\/\\\/exclusives.ro\\\/#website\"},\"primaryImageOfPage\":{\"@id\":\"https:\\\/\\\/exclusives.ro\\\/produs\\\/bocanci-urban-vibe\\\/#primaryimage\"},\"image\":{\"@id\":\"https:\\\/\\\/exclusives.ro\\\/produs\\\/bocanci-urban-vibe\\\/#primaryimage\"},\"thumbnailUrl\":\"https:\\\/\\\/exclusives.ro\\\/wp-content\\\/uploads\\\/2026\\\/03\\\/exemshekv-94.jpg\",\"datePublished\":\"2026-03-24T17:32:28+00:00\",\"dateModified\":\"2026-04-16T09:33:30+00:00\",\"description\":\"Urban Vibe\u00a0este un model care \u00eembin\u0103 atitudinea urban\u0103 cu rafinamentul contemporan, redefinind ghetele clasice printr-un design modern \u0219i bine structurat.\",\"breadcrumb\":{\"@id\":\"https:\\\/\\\/exclusives.ro\\\/produs\\\/bocanci-urban-vibe\\\/#breadcrumb\"},\"inLanguage\":\"en-US\",\"potentialAction\":[{\"@type\":\"ReadAction\",\"target\":[\"https:\\\/\\\/exclusives.ro\\\/produs\\\/bocanci-urban-vibe\\\/\"]}]},{\"@type\":\"ImageObject\",\"inLanguage\":\"en-US\",\"@id\":\"https:\\\/\\\/exclusives.ro\\\/produs\\\/bocanci-urban-vibe\\\/#primaryimage\",\"url\":\"https:\\\/\\\/exclusives.ro\\\/wp-content\\\/uploads\\\/2026\\\/03\\\/exemshekv-94.jpg\",\"contentUrl\":\"https:\\\/\\\/exclusives.ro\\\/wp-content\\\/uploads\\\/2026\\\/03\\\/exemshekv-94.jpg\",\"width\":1365,\"height\":2048},{\"@type\":\"BreadcrumbList\",\"@id\":\"https:\\\/\\\/exclusives.ro\\\/produs\\\/bocanci-urban-vibe\\\/#breadcrumb\",\"itemListElement\":[{\"@type\":\"ListItem\",\"position\":1,\"name\":\"Home\",\"item\":\"https:\\\/\\\/exclusives.ro\\\/\"},{\"@type\":\"ListItem\",\"position\":2,\"name\":\"Pantofi\",\"item\":\"https:\\\/\\\/exclusives.ro\\\/shop\\\/\"},{\"@type\":\"ListItem\",\"position\":3,\"name\":\"Bocanci &#8211; \u00dcrban Vibe\"}]},{\"@type\":\"WebSite\",\"@id\":\"https:\\\/\\\/exclusives.ro\\\/#website\",\"url\":\"https:\\\/\\\/exclusives.ro\\\/\",\"name\":\"Exclusives\",\"description\":\"\",\"potentialAction\":[{\"@type\":\"SearchAction\",\"target\":{\"@type\":\"EntryPoint\",\"urlTemplate\":\"https:\\\/\\\/exclusives.ro\\\/?s={search_term_string}\"},\"query-input\":{\"@type\":\"PropertyValueSpecification\",\"valueRequired\":true,\"valueName\":\"search_term_string\"}}],\"inLanguage\":\"en-US\"}]}<\/script>\n<!-- \/ Yoast SEO plugin. -->","yoast_head_json":{"title":"Bocanci - \u00dcrban Vibe - Exclusives","description":"Urban Vibe\u00a0este un model care \u00eembin\u0103 atitudinea urban\u0103 cu rafinamentul contemporan, redefinind ghetele clasice printr-un design modern \u0219i bine structurat.","robots":{"index":"noindex","follow":"follow","max-snippet":"max-snippet:-1","max-image-preview":"max-image-preview:large","max-video-preview":"max-video-preview:-1"},"og_locale":"en_US","og_type":"article","og_title":"Bocanci - \u00dcrban Vibe - Exclusives","og_description":"Urban Vibe\u00a0este un model care \u00eembin\u0103 atitudinea urban\u0103 cu rafinamentul contemporan, redefinind ghetele clasice printr-un design modern \u0219i bine structurat.","og_url":"https:\/\/exclusives.ro\/en\/product\/bocanci-urban-vibe\/","og_site_name":"Exclusives","article_modified_time":"2026-04-16T09:33:30+00:00","og_image":[{"width":1365,"height":2048,"url":"https:\/\/exclusives.ro\/wp-content\/uploads\/2026\/03\/exemshekv-94.jpg","type":"image\/jpeg"}],"twitter_card":"summary_large_image","twitter_misc":{"Est. reading time":"1 minute"},"schema":{"@context":"https:\/\/schema.org","@graph":[{"@type":"WebPage","@id":"https:\/\/exclusives.ro\/produs\/bocanci-urban-vibe\/","url":"https:\/\/exclusives.ro\/produs\/bocanci-urban-vibe\/","name":"Bocanci - \u00dcrban Vibe - Exclusives","isPartOf":{"@id":"https:\/\/exclusives.ro\/#website"},"primaryImageOfPage":{"@id":"https:\/\/exclusives.ro\/produs\/bocanci-urban-vibe\/#primaryimage"},"image":{"@id":"https:\/\/exclusives.ro\/produs\/bocanci-urban-vibe\/#primaryimage"},"thumbnailUrl":"https:\/\/exclusives.ro\/wp-content\/uploads\/2026\/03\/exemshekv-94.jpg","datePublished":"2026-03-24T17:32:28+00:00","dateModified":"2026-04-16T09:33:30+00:00","description":"Urban Vibe\u00a0este un model care \u00eembin\u0103 atitudinea urban\u0103 cu rafinamentul contemporan, redefinind ghetele clasice printr-un design modern \u0219i bine structurat.","breadcrumb":{"@id":"https:\/\/exclusives.ro\/produs\/bocanci-urban-vibe\/#breadcrumb"},"inLanguage":"en-US","potentialAction":[{"@type":"ReadAction","target":["https:\/\/exclusives.ro\/produs\/bocanci-urban-vibe\/"]}]},{"@type":"ImageObject","inLanguage":"en-US","@id":"https:\/\/exclusives.ro\/produs\/bocanci-urban-vibe\/#primaryimage","url":"https:\/\/exclusives.ro\/wp-content\/uploads\/2026\/03\/exemshekv-94.jpg","contentUrl":"https:\/\/exclusives.ro\/wp-content\/uploads\/2026\/03\/exemshekv-94.jpg","width":1365,"height":2048},{"@type":"BreadcrumbList","@id":"https:\/\/exclusives.ro\/produs\/bocanci-urban-vibe\/#breadcrumb","itemListElement":[{"@type":"ListItem","position":1,"name":"Home","item":"https:\/\/exclusives.ro\/"},{"@type":"ListItem","position":2,"name":"Pantofi","item":"https:\/\/exclusives.ro\/shop\/"},{"@type":"ListItem","position":3,"name":"Bocanci &#8211; \u00dcrban Vibe"}]},{"@type":"WebSite","@id":"https:\/\/exclusives.ro\/#website","url":"https:\/\/exclusives.ro\/","name":"Exclusives","description":"","potentialAction":[{"@type":"SearchAction","target":{"@type":"EntryPoint","urlTemplate":"https:\/\/exclusives.ro\/?s={search_term_string}"},"query-input":{"@type":"PropertyValueSpecification","valueRequired":true,"valueName":"search_term_string"}}],"inLanguage":"en-US"}]}},"jetpack_sharing_enabled":true,"_links":{"self":[{"href":"https:\/\/exclusives.ro\/en\/wp-json\/wp\/v2\/product\/615729","targetHints":{"allow":["GET"]}}],"collection":[{"href":"https:\/\/exclusives.ro\/en\/wp-json\/wp\/v2\/product"}],"about":[{"href":"https:\/\/exclusives.ro\/en\/wp-json\/wp\/v2\/types\/product"}],"replies":[{"embeddable":true,"href":"https:\/\/exclusives.ro\/en\/wp-json\/wp\/v2\/comments?post=615729"}],"version-history":[{"count":1,"href":"https:\/\/exclusives.ro\/en\/wp-json\/wp\/v2\/product\/615729\/revisions"}],"predecessor-version":[{"id":615769,"href":"https:\/\/exclusives.ro\/en\/wp-json\/wp\/v2\/product\/615729\/revisions\/615769"}],"wp:featuredmedia":[{"embeddable":true,"href":"https:\/\/exclusives.ro\/en\/wp-json\/wp\/v2\/media\/615761"}],"wp:attachment":[{"href":"https:\/\/exclusives.ro\/en\/wp-json\/wp\/v2\/media?parent=615729"}],"wp:term":[{"taxonomy":"product_brand","embeddable":true,"href":"https:\/\/exclusives.ro\/en\/wp-json\/wp\/v2\/product_brand?post=615729"},{"taxonomy":"product_cat","embeddable":true,"href":"https:\/\/exclusives.ro\/en\/wp-json\/wp\/v2\/product_cat?post=615729"},{"taxonomy":"product_tag","embeddable":true,"href":"https:\/\/exclusives.ro\/en\/wp-json\/wp\/v2\/product_tag?post=615729"}],"curies":[{"name":"wp","href":"https:\/\/api.w.org\/{rel}","templated":true}]}}