{"id":615770,"date":"2026-03-24T17:40:22","date_gmt":"2026-03-24T17:40:22","guid":{"rendered":"https:\/\/exclusives.ro\/?post_type=product&#038;p=615770"},"modified":"2026-04-15T11:54:32","modified_gmt":"2026-04-15T11:54:32","slug":"ghete-duomo","status":"publish","type":"product","link":"https:\/\/exclusives.ro\/en\/product\/ghete-duomo\/","title":{"rendered":"Ghete &#8211; Duomo"},"content":{"rendered":"<p data-start=\"380\" data-end=\"780\">Realizate din\u00a0<strong data-start=\"394\" data-end=\"419\">piele natural\u0103<\/strong>, \u00een combina\u021bie de piele neted\u0103 \u0219i piele \u00eentoars\u0103, ghetele DUOMO se eviden\u021biaz\u0103 prin\u00a0<strong data-start=\"504\" data-end=\"537\">talpa chunky cu profil robust<\/strong>, ce ofer\u0103 stabilitate \u0219i un look contemporan, dar \u0219i prin\u00a0<strong data-start=\"596\" data-end=\"629\">cataramele metalice reglabile<\/strong>, ce adaug\u0103 un accent industrial subtil. \u0218ireturile frontale completeaz\u0103 designul, asigur\u00e2nd o potrivire confortabil\u0103 \u0219i sigur\u0103 pe tot parcursul zilei.<\/p>\n<p data-start=\"782\" data-end=\"932\">Versatile \u0219i u\u0219or de integrat \u00een \u021binute diverse, DUOMO este alegerea ideal\u0103 pentru plimb\u0103ri urbane, zile active sau outfituri casual cu personalitate.<\/p>\n<p data-start=\"934\" data-end=\"953\"><strong data-start=\"934\" data-end=\"953\">Detalii produs:<\/strong><\/p>\n<p data-start=\"934\" data-end=\"953\"><strong data-start=\"934\" data-end=\"953\"><br \/>\n<\/strong>-Piele natural\u0103\u00a0 \u2013 piele neted\u0103 &amp; piele \u00eentoars\u0103<\/p>\n<p data-start=\"934\" data-end=\"953\">-Detalii metalice cu finisaj industrial \u2013 catarame reglabile<\/p>\n<p data-start=\"934\" data-end=\"953\">-\u00cenchidere cu \u0219ireturi pentru ajustare optim\u0103<\/p>\n<p data-start=\"934\" data-end=\"953\">-Talp\u0103 chunky, aderent\u0103 \u0219i durabil\u0103<\/p>\n<p data-start=\"934\" data-end=\"953\">-Design urban cu accente industriale, reinterpretat \u00eentr-o not\u0103 feminin\u0103<\/p>\n<p>&nbsp;<\/p>\n<p data-start=\"1241\" data-end=\"1497\"><strong data-start=\"1241\" data-end=\"1258\">Cum le por\u021bi:<\/strong><br data-start=\"1258\" data-end=\"1261\" \/>Poart\u0103-le cu blugi drep\u021bi sau mom jeans, pantaloni cropped ori fuste midi fluide pentru un contrast feminin. Completeaz\u0103 look-ul cu un pulover oversized, o jachet\u0103 scurt\u0103 sau un palton lejer pentru un outfit urban, echilibrat \u0219i actual.<\/p>\n<p><u><em><strong>PRODUS FABRICAT IN ROMANIA!<\/strong><\/em><\/u><\/p>\n<p>Marimi disponibile:\u00a0 35, 36 , 37 , 38 , 39, 40<\/p>\n<p><strong><i>TERMEN DE REALIZARE\u00a012-14 ZILE LUCRATOARE<\/i><\/strong><\/p>\n<p>&nbsp;<\/p>","protected":false},"excerpt":{"rendered":"<p>Realizate din\u00a0piele natural\u0103, \u00een combina\u021bie de piele neted\u0103 \u0219i piele \u00eentoars\u0103, ghetele DUOMO se eviden\u021biaz\u0103 prin\u00a0talpa chunky cu profil robust,<\/p>","protected":false},"featured_media":615788,"comment_status":"open","ping_status":"closed","template":"","meta":[],"product_brand":[252],"product_cat":[20],"product_tag":[],"class_list":{"0":"post-615770","1":"product","2":"type-product","3":"status-publish","4":"has-post-thumbnail","6":"product_brand-exclusives","7":"product_cat-bocanci-ghete","9":"first","10":"instock","11":"shipping-taxable","12":"purchasable","13":"product-type-variable"},"yoast_head":"<!-- This site is optimized with the Yoast SEO plugin v27.4 - https:\/\/yoast.com\/product\/yoast-seo-wordpress\/ -->\n<title>Ghete - Duomo - Exclusives<\/title>\n<meta name=\"description\" content=\"Realizate din\u00a0piele natural\u0103, \u00een combina\u021bie de piele neted\u0103 \u0219i piele \u00eentoars\u0103, ghetele DUOMO se eviden\u021biaz\u0103 prin\u00a0talpa chunky cu profil robust, ce ofer\u0103\" \/>\n<meta name=\"robots\" content=\"noindex, follow, max-snippet:-1, max-image-preview:large, max-video-preview:-1\" \/>\n<meta property=\"og:locale\" content=\"en_US\" \/>\n<meta property=\"og:type\" content=\"article\" \/>\n<meta property=\"og:title\" content=\"Ghete - Duomo - Exclusives\" \/>\n<meta property=\"og:description\" content=\"Realizate din\u00a0piele natural\u0103, \u00een combina\u021bie de piele neted\u0103 \u0219i piele \u00eentoars\u0103, ghetele DUOMO se eviden\u021biaz\u0103 prin\u00a0talpa chunky cu profil robust, ce ofer\u0103\" \/>\n<meta property=\"og:url\" content=\"https:\/\/exclusives.ro\/en\/product\/ghete-duomo\/\" \/>\n<meta property=\"og:site_name\" content=\"Exclusives\" \/>\n<meta property=\"article:modified_time\" content=\"2026-04-15T11:54:32+00:00\" \/>\n<meta property=\"og:image\" content=\"https:\/\/exclusives.ro\/wp-content\/uploads\/2026\/03\/exemshekv-190.jpg\" \/>\n\t<meta property=\"og:image:width\" content=\"1365\" \/>\n\t<meta property=\"og:image:height\" content=\"2048\" \/>\n\t<meta property=\"og:image:type\" content=\"image\/jpeg\" \/>\n<meta name=\"twitter:card\" content=\"summary_large_image\" \/>\n<meta name=\"twitter:label1\" content=\"Est. reading time\" \/>\n\t<meta name=\"twitter:data1\" content=\"1 minute\" \/>\n<script type=\"application\/ld+json\" class=\"yoast-schema-graph\">{\"@context\":\"https:\\\/\\\/schema.org\",\"@graph\":[{\"@type\":\"WebPage\",\"@id\":\"https:\\\/\\\/exclusives.ro\\\/produs\\\/ghete-duomo\\\/\",\"url\":\"https:\\\/\\\/exclusives.ro\\\/produs\\\/ghete-duomo\\\/\",\"name\":\"Ghete - Duomo - Exclusives\",\"isPartOf\":{\"@id\":\"https:\\\/\\\/exclusives.ro\\\/#website\"},\"primaryImageOfPage\":{\"@id\":\"https:\\\/\\\/exclusives.ro\\\/produs\\\/ghete-duomo\\\/#primaryimage\"},\"image\":{\"@id\":\"https:\\\/\\\/exclusives.ro\\\/produs\\\/ghete-duomo\\\/#primaryimage\"},\"thumbnailUrl\":\"https:\\\/\\\/exclusives.ro\\\/wp-content\\\/uploads\\\/2026\\\/03\\\/exemshekv-190.jpg\",\"datePublished\":\"2026-03-24T17:40:22+00:00\",\"dateModified\":\"2026-04-15T11:54:32+00:00\",\"description\":\"Realizate din\u00a0piele natural\u0103, \u00een combina\u021bie de piele neted\u0103 \u0219i piele \u00eentoars\u0103, ghetele DUOMO se eviden\u021biaz\u0103 prin\u00a0talpa chunky cu profil robust, ce ofer\u0103\",\"breadcrumb\":{\"@id\":\"https:\\\/\\\/exclusives.ro\\\/produs\\\/ghete-duomo\\\/#breadcrumb\"},\"inLanguage\":\"en-US\",\"potentialAction\":[{\"@type\":\"ReadAction\",\"target\":[\"https:\\\/\\\/exclusives.ro\\\/produs\\\/ghete-duomo\\\/\"]}]},{\"@type\":\"ImageObject\",\"inLanguage\":\"en-US\",\"@id\":\"https:\\\/\\\/exclusives.ro\\\/produs\\\/ghete-duomo\\\/#primaryimage\",\"url\":\"https:\\\/\\\/exclusives.ro\\\/wp-content\\\/uploads\\\/2026\\\/03\\\/exemshekv-190.jpg\",\"contentUrl\":\"https:\\\/\\\/exclusives.ro\\\/wp-content\\\/uploads\\\/2026\\\/03\\\/exemshekv-190.jpg\",\"width\":1365,\"height\":2048},{\"@type\":\"BreadcrumbList\",\"@id\":\"https:\\\/\\\/exclusives.ro\\\/produs\\\/ghete-duomo\\\/#breadcrumb\",\"itemListElement\":[{\"@type\":\"ListItem\",\"position\":1,\"name\":\"Home\",\"item\":\"https:\\\/\\\/exclusives.ro\\\/\"},{\"@type\":\"ListItem\",\"position\":2,\"name\":\"Pantofi\",\"item\":\"https:\\\/\\\/exclusives.ro\\\/shop\\\/\"},{\"@type\":\"ListItem\",\"position\":3,\"name\":\"Ghete &#8211; Duomo\"}]},{\"@type\":\"WebSite\",\"@id\":\"https:\\\/\\\/exclusives.ro\\\/#website\",\"url\":\"https:\\\/\\\/exclusives.ro\\\/\",\"name\":\"Exclusives\",\"description\":\"\",\"potentialAction\":[{\"@type\":\"SearchAction\",\"target\":{\"@type\":\"EntryPoint\",\"urlTemplate\":\"https:\\\/\\\/exclusives.ro\\\/?s={search_term_string}\"},\"query-input\":{\"@type\":\"PropertyValueSpecification\",\"valueRequired\":true,\"valueName\":\"search_term_string\"}}],\"inLanguage\":\"en-US\"}]}<\/script>\n<!-- \/ Yoast SEO plugin. -->","yoast_head_json":{"title":"Ghete - Duomo - Exclusives","description":"Realizate din\u00a0piele natural\u0103, \u00een combina\u021bie de piele neted\u0103 \u0219i piele \u00eentoars\u0103, ghetele DUOMO se eviden\u021biaz\u0103 prin\u00a0talpa chunky cu profil robust, ce ofer\u0103","robots":{"index":"noindex","follow":"follow","max-snippet":"max-snippet:-1","max-image-preview":"max-image-preview:large","max-video-preview":"max-video-preview:-1"},"og_locale":"en_US","og_type":"article","og_title":"Ghete - Duomo - Exclusives","og_description":"Realizate din\u00a0piele natural\u0103, \u00een combina\u021bie de piele neted\u0103 \u0219i piele \u00eentoars\u0103, ghetele DUOMO se eviden\u021biaz\u0103 prin\u00a0talpa chunky cu profil robust, ce ofer\u0103","og_url":"https:\/\/exclusives.ro\/en\/product\/ghete-duomo\/","og_site_name":"Exclusives","article_modified_time":"2026-04-15T11:54:32+00:00","og_image":[{"width":1365,"height":2048,"url":"https:\/\/exclusives.ro\/wp-content\/uploads\/2026\/03\/exemshekv-190.jpg","type":"image\/jpeg"}],"twitter_card":"summary_large_image","twitter_misc":{"Est. reading time":"1 minute"},"schema":{"@context":"https:\/\/schema.org","@graph":[{"@type":"WebPage","@id":"https:\/\/exclusives.ro\/produs\/ghete-duomo\/","url":"https:\/\/exclusives.ro\/produs\/ghete-duomo\/","name":"Ghete - Duomo - Exclusives","isPartOf":{"@id":"https:\/\/exclusives.ro\/#website"},"primaryImageOfPage":{"@id":"https:\/\/exclusives.ro\/produs\/ghete-duomo\/#primaryimage"},"image":{"@id":"https:\/\/exclusives.ro\/produs\/ghete-duomo\/#primaryimage"},"thumbnailUrl":"https:\/\/exclusives.ro\/wp-content\/uploads\/2026\/03\/exemshekv-190.jpg","datePublished":"2026-03-24T17:40:22+00:00","dateModified":"2026-04-15T11:54:32+00:00","description":"Realizate din\u00a0piele natural\u0103, \u00een combina\u021bie de piele neted\u0103 \u0219i piele \u00eentoars\u0103, ghetele DUOMO se eviden\u021biaz\u0103 prin\u00a0talpa chunky cu profil robust, ce ofer\u0103","breadcrumb":{"@id":"https:\/\/exclusives.ro\/produs\/ghete-duomo\/#breadcrumb"},"inLanguage":"en-US","potentialAction":[{"@type":"ReadAction","target":["https:\/\/exclusives.ro\/produs\/ghete-duomo\/"]}]},{"@type":"ImageObject","inLanguage":"en-US","@id":"https:\/\/exclusives.ro\/produs\/ghete-duomo\/#primaryimage","url":"https:\/\/exclusives.ro\/wp-content\/uploads\/2026\/03\/exemshekv-190.jpg","contentUrl":"https:\/\/exclusives.ro\/wp-content\/uploads\/2026\/03\/exemshekv-190.jpg","width":1365,"height":2048},{"@type":"BreadcrumbList","@id":"https:\/\/exclusives.ro\/produs\/ghete-duomo\/#breadcrumb","itemListElement":[{"@type":"ListItem","position":1,"name":"Home","item":"https:\/\/exclusives.ro\/"},{"@type":"ListItem","position":2,"name":"Pantofi","item":"https:\/\/exclusives.ro\/shop\/"},{"@type":"ListItem","position":3,"name":"Ghete &#8211; Duomo"}]},{"@type":"WebSite","@id":"https:\/\/exclusives.ro\/#website","url":"https:\/\/exclusives.ro\/","name":"Exclusives","description":"","potentialAction":[{"@type":"SearchAction","target":{"@type":"EntryPoint","urlTemplate":"https:\/\/exclusives.ro\/?s={search_term_string}"},"query-input":{"@type":"PropertyValueSpecification","valueRequired":true,"valueName":"search_term_string"}}],"inLanguage":"en-US"}]}},"jetpack_sharing_enabled":true,"_links":{"self":[{"href":"https:\/\/exclusives.ro\/en\/wp-json\/wp\/v2\/product\/615770","targetHints":{"allow":["GET"]}}],"collection":[{"href":"https:\/\/exclusives.ro\/en\/wp-json\/wp\/v2\/product"}],"about":[{"href":"https:\/\/exclusives.ro\/en\/wp-json\/wp\/v2\/types\/product"}],"replies":[{"embeddable":true,"href":"https:\/\/exclusives.ro\/en\/wp-json\/wp\/v2\/comments?post=615770"}],"version-history":[{"count":1,"href":"https:\/\/exclusives.ro\/en\/wp-json\/wp\/v2\/product\/615770\/revisions"}],"predecessor-version":[{"id":615795,"href":"https:\/\/exclusives.ro\/en\/wp-json\/wp\/v2\/product\/615770\/revisions\/615795"}],"wp:featuredmedia":[{"embeddable":true,"href":"https:\/\/exclusives.ro\/en\/wp-json\/wp\/v2\/media\/615788"}],"wp:attachment":[{"href":"https:\/\/exclusives.ro\/en\/wp-json\/wp\/v2\/media?parent=615770"}],"wp:term":[{"taxonomy":"product_brand","embeddable":true,"href":"https:\/\/exclusives.ro\/en\/wp-json\/wp\/v2\/product_brand?post=615770"},{"taxonomy":"product_cat","embeddable":true,"href":"https:\/\/exclusives.ro\/en\/wp-json\/wp\/v2\/product_cat?post=615770"},{"taxonomy":"product_tag","embeddable":true,"href":"https:\/\/exclusives.ro\/en\/wp-json\/wp\/v2\/product_tag?post=615770"}],"curies":[{"name":"wp","href":"https:\/\/api.w.org\/{rel}","templated":true}]}}